{"id":10535,"date":"2025-04-15T15:06:09","date_gmt":"2025-04-15T18:06:09","guid":{"rendered":"https:\/\/tecnovisao.net\/?post_type=product&#038;p=10535"},"modified":"2026-03-09T11:16:18","modified_gmt":"2026-03-09T14:16:18","slug":"snow-pad","status":"publish","type":"product","link":"https:\/\/tecnovisao.net\/es\/produtos\/snow-pad\/","title":{"rendered":"Snow Pad"},"content":{"rendered":"<p>Caracter\u00edsticas:<\/p>\n<ul>\n<li>Amplia\u00e7\u00e3o de 1 a 32x;<\/li>\n<li>Imagem de alta qualidade full HD:<span class=\"Apple-converted-space\">\u00a0 <\/span>perto, distante e self;<\/li>\n<li>Zoom \u00f3tico e foco autom\u00e1tico;<span class=\"Apple-converted-space\">\u00a0<\/span><\/li>\n<li>OCR integrado para leitura (20 idiomas);<\/li>\n<li>Imagem vertical e horizontal;<\/li>\n<li>Possui m\u00e1scara de leitura ajust\u00e1vel;<\/li>\n<li>Contraste com 10 op\u00e7\u00e3o de c\u00f4r;<\/li>\n<li>Gestos personalizados;<\/li>\n<li>Interface intuitiva;<\/li>\n<li>Compat\u00edvel com todos os tipos de iPad, Xiaomi Pad 6 e Xiaomi Pad 6 Pro;<\/li>\n<li>Edi\u00e7\u00e3o de arquivos , op\u00e7\u00e3o de busca e visualiza\u00e7\u00e3o de detalhes;<\/li>\n<li>N\u00e3o acompanha o tablet.<\/li>\n<\/ul>\n<div class=\"epyt-video-wrapper\"><iframe  id=\"_ytid_66169\"  width=\"800\" height=\"450\"  data-origwidth=\"800\" data-origheight=\"450\" src=\"https:\/\/www.youtube.com\/embed\/-7zd9LHWv-I?enablejsapi=1&#038;autoplay=0&#038;cc_load_policy=0&#038;cc_lang_pref=&#038;iv_load_policy=1&#038;loop=0&#038;rel=0&#038;fs=1&#038;playsinline=0&#038;autohide=2&#038;theme=dark&#038;color=red&#038;controls=1&#038;disablekb=0&#038;\" class=\"__youtube_prefs__  epyt-is-override  no-lazyload\" title=\"YouTube player\"  allow=\"fullscreen; accelerometer; autoplay; clipboard-write; encrypted-media; gyroscope; picture-in-picture; web-share\" referrerpolicy=\"strict-origin-when-cross-origin\" allowfullscreen data-no-lazy=\"1\" data-skipgform_ajax_framebjll=\"\"><\/iframe><\/div>","protected":false},"excerpt":{"rendered":"<p>O Snow Pad \u00e9 a nova gera\u00e7\u00e3o de lupa eletr\u00f4nica port\u00e1til compat\u00edvel com o seu pr\u00f3prio tablet. Desenvolvido para pessoas com baixa vis\u00e3o. Seus modos b\u00e1sicos atendem \u00e0s necessidades de todos, enquanto as fun\u00e7\u00f5es avan\u00e7adas \u2014 como tela dividida (visualiza\u00e7\u00e3o de perto e \u00e0 dist\u00e2ncia ao mesmo tempo), visualiza\u00e7\u00e3o detalhada, fun\u00e7\u00e3o localizar e edi\u00e7\u00e3o de arquivos \u2014 tornam o Snow Pad extremamente \u00fatil em diversas situa\u00e7\u00f5es.<\/p>\n<p>Hoje em dia, o tablet faz parte do nosso estilo de vida. Mantenha sua mesa organizada com apenas um dispositivo para baixa vis\u00e3o e realize suas tarefas di\u00e1rias em uma solu\u00e7\u00e3o pr\u00e1tica e completa. Snow Pad \u00e9 a sua melhor escolha!<\/p>","protected":false},"author":2,"featured_media":10537,"template":"","meta":{"site-sidebar-layout":"default","site-content-layout":"","ast-site-content-layout":"default","site-content-style":"default","site-sidebar-style":"default","ast-global-header-display":"","ast-banner-title-visibility":"","ast-main-header-display":"","ast-hfb-above-header-display":"","ast-hfb-below-header-display":"","ast-hfb-mobile-header-display":"","site-post-title":"","ast-breadcrumbs-content":"","ast-featured-img":"","footer-sml-layout":"","ast-disable-related-posts":"","theme-transparent-header-meta":"default","adv-header-id-meta":"","stick-header-meta":"default","header-above-stick-meta":"","header-main-stick-meta":"","header-below-stick-meta":"","astra-migrate-meta-layouts":"set","ast-page-background-enabled":"default","ast-page-background-meta":{"desktop":{"background-color":"","background-image":"","background-repeat":"repeat","background-position":"center center","background-size":"auto","background-attachment":"scroll","background-type":"","background-media":"","overlay-type":"","overlay-color":"","overlay-opacity":"","overlay-gradient":""},"tablet":{"background-color":"","background-image":"","background-repeat":"repeat","background-position":"center center","background-size":"auto","background-attachment":"scroll","background-type":"","background-media":"","overlay-type":"","overlay-color":"","overlay-opacity":"","overlay-gradient":""},"mobile":{"background-color":"","background-image":"","background-repeat":"repeat","background-position":"center center","background-size":"auto","background-attachment":"scroll","background-type":"","background-media":"","overlay-type":"","overlay-color":"","overlay-opacity":"","overlay-gradient":""}},"ast-content-background-meta":{"desktop":{"background-color":"var(--ast-global-color-5)","background-image":"","background-repeat":"repeat","background-position":"center center","background-size":"auto","background-attachment":"scroll","background-type":"","background-media":"","overlay-type":"","overlay-color":"","overlay-opacity":"","overlay-gradient":""},"tablet":{"background-color":"var(--ast-global-color-5)","background-image":"","background-repeat":"repeat","background-position":"center center","background-size":"auto","background-attachment":"scroll","background-type":"","background-media":"","overlay-type":"","overlay-color":"","overlay-opacity":"","overlay-gradient":""},"mobile":{"background-color":"var(--ast-global-color-5)","background-image":"","background-repeat":"repeat","background-position":"center center","background-size":"auto","background-attachment":"scroll","background-type":"","background-media":"","overlay-type":"","overlay-color":"","overlay-opacity":"","overlay-gradient":""}}},"product_brand":[],"product_cat":[28,29],"product_tag":[63,54],"class_list":{"0":"post-10535","1":"product","2":"type-product","3":"status-publish","4":"has-post-thumbnail","6":"product_cat-ampliador","7":"product_cat-lupa-eletronica","8":"product_tag-ampliador_lupa","9":"product_tag-lupa-eletronica","10":"pa_tipo-equipamentos","11":"desktop-align-left","12":"tablet-align-left","13":"mobile-align-left","14":"ast-product-gallery-layout-horizontal","15":"ast-product-gallery-with-no-image","16":"ast-product-tabs-layout-vertical","18":"first","19":"instock","20":"featured","21":"shipping-taxable","22":"product-type-simple"},"yoast_head":"<!-- This site is optimized with the Yoast SEO plugin v27.2 - https:\/\/yoast.com\/product\/yoast-seo-wordpress\/ -->\n<title>Snow Pad - Tecnovis&atilde;o<\/title>\n<meta name=\"robots\" content=\"index, follow, max-snippet:-1, max-image-preview:large, max-video-preview:-1\" \/>\n<link rel=\"canonical\" href=\"https:\/\/tecnovisao.net\/es\/produtos\/snow-pad\/\" \/>\n<meta property=\"og:locale\" content=\"es_ES\" \/>\n<meta property=\"og:type\" content=\"article\" \/>\n<meta property=\"og:title\" content=\"Snow Pad - Tecnovis&atilde;o\" \/>\n<meta property=\"og:description\" content=\"O Snow Pad \u00e9 a nova gera\u00e7\u00e3o de lupa eletr\u00f4nica port\u00e1til compat\u00edvel com o seu pr\u00f3prio tablet. Desenvolvido para pessoas com baixa vis\u00e3o. Seus modos b\u00e1sicos atendem \u00e0s necessidades de todos, enquanto as fun\u00e7\u00f5es avan\u00e7adas \u2014 como tela dividida (visualiza\u00e7\u00e3o de perto e \u00e0 dist\u00e2ncia ao mesmo tempo), visualiza\u00e7\u00e3o detalhada, fun\u00e7\u00e3o localizar e edi\u00e7\u00e3o de arquivos \u2014 tornam o Snow Pad extremamente \u00fatil em diversas situa\u00e7\u00f5es.  Hoje em dia, o tablet faz parte do nosso estilo de vida. Mantenha sua mesa organizada com apenas um dispositivo para baixa vis\u00e3o e realize suas tarefas di\u00e1rias em uma solu\u00e7\u00e3o pr\u00e1tica e completa. Snow Pad \u00e9 a sua melhor escolha!\" \/>\n<meta property=\"og:url\" content=\"https:\/\/tecnovisao.net\/es\/produtos\/snow-pad\/\" \/>\n<meta property=\"og:site_name\" content=\"Tecnovis&atilde;o\" \/>\n<meta property=\"article:publisher\" content=\"https:\/\/facebook.com\/tecnovisao\" \/>\n<meta property=\"article:modified_time\" content=\"2026-03-09T14:16:18+00:00\" \/>\n<meta property=\"og:image\" content=\"https:\/\/tecnovisao.net\/wp-content\/uploads\/2025\/04\/snow-pad.jpg\" \/>\n\t<meta property=\"og:image:width\" content=\"600\" \/>\n\t<meta property=\"og:image:height\" content=\"399\" \/>\n\t<meta property=\"og:image:type\" content=\"image\/jpeg\" \/>\n<meta name=\"twitter:card\" content=\"summary_large_image\" \/>\n<meta name=\"twitter:site\" content=\"@tecnovisao\" \/>\n<script type=\"application\/ld+json\" class=\"yoast-schema-graph\">{\"@context\":\"https:\/\/schema.org\",\"@graph\":[{\"@type\":\"WebPage\",\"@id\":\"https:\/\/tecnovisao.net\/produtos\/snow-pad\/\",\"url\":\"https:\/\/tecnovisao.net\/produtos\/snow-pad\/\",\"name\":\"Snow Pad - Tecnovis&atilde;o\",\"isPartOf\":{\"@id\":\"https:\/\/tecnovisao.net\/#website\"},\"primaryImageOfPage\":{\"@id\":\"https:\/\/tecnovisao.net\/produtos\/snow-pad\/#primaryimage\"},\"image\":{\"@id\":\"https:\/\/tecnovisao.net\/produtos\/snow-pad\/#primaryimage\"},\"thumbnailUrl\":\"https:\/\/i0.wp.com\/tecnovisao.net\/wp-content\/uploads\/2025\/04\/snow-pad.jpg?fit=600%2C399&ssl=1\",\"datePublished\":\"2025-04-15T18:06:09+00:00\",\"dateModified\":\"2026-03-09T14:16:18+00:00\",\"breadcrumb\":{\"@id\":\"https:\/\/tecnovisao.net\/produtos\/snow-pad\/#breadcrumb\"},\"inLanguage\":\"es\",\"potentialAction\":[{\"@type\":\"ReadAction\",\"target\":[\"https:\/\/tecnovisao.net\/produtos\/snow-pad\/\"]}]},{\"@type\":\"ImageObject\",\"inLanguage\":\"es\",\"@id\":\"https:\/\/tecnovisao.net\/produtos\/snow-pad\/#primaryimage\",\"url\":\"https:\/\/i0.wp.com\/tecnovisao.net\/wp-content\/uploads\/2025\/04\/snow-pad.jpg?fit=600%2C399&ssl=1\",\"contentUrl\":\"https:\/\/i0.wp.com\/tecnovisao.net\/wp-content\/uploads\/2025\/04\/snow-pad.jpg?fit=600%2C399&ssl=1\",\"width\":600,\"height\":399,\"caption\":\"Ampliador Snow Pad\"},{\"@type\":\"BreadcrumbList\",\"@id\":\"https:\/\/tecnovisao.net\/produtos\/snow-pad\/#breadcrumb\",\"itemListElement\":[{\"@type\":\"ListItem\",\"position\":1,\"name\":\"In\u00edcio\",\"item\":\"https:\/\/tecnovisao.net\/\"},{\"@type\":\"ListItem\",\"position\":2,\"name\":\"Produtos\",\"item\":\"https:\/\/tecnovisao.net\/produtos\/\"},{\"@type\":\"ListItem\",\"position\":3,\"name\":\"Snow Pad\"}]},{\"@type\":\"WebSite\",\"@id\":\"https:\/\/tecnovisao.net\/#website\",\"url\":\"https:\/\/tecnovisao.net\/\",\"name\":\"Tecnovis&atilde;o\",\"description\":\"Conectando voc\u00ea ao mundo\",\"publisher\":{\"@id\":\"https:\/\/tecnovisao.net\/#organization\"},\"potentialAction\":[{\"@type\":\"SearchAction\",\"target\":{\"@type\":\"EntryPoint\",\"urlTemplate\":\"https:\/\/tecnovisao.net\/?s={search_term_string}\"},\"query-input\":{\"@type\":\"PropertyValueSpecification\",\"valueRequired\":true,\"valueName\":\"search_term_string\"}}],\"inLanguage\":\"es\"},{\"@type\":\"Organization\",\"@id\":\"https:\/\/tecnovisao.net\/#organization\",\"name\":\"Tecnovis\u00e3o\",\"url\":\"https:\/\/tecnovisao.net\/\",\"logo\":{\"@type\":\"ImageObject\",\"inLanguage\":\"es\",\"@id\":\"https:\/\/tecnovisao.net\/#\/schema\/logo\/image\/\",\"url\":\"https:\/\/tecnovisao.net\/wp-content\/uploads\/2021\/01\/logo-site.png\",\"contentUrl\":\"https:\/\/tecnovisao.net\/wp-content\/uploads\/2021\/01\/logo-site.png\",\"width\":356,\"height\":80,\"caption\":\"Tecnovis\u00e3o\"},\"image\":{\"@id\":\"https:\/\/tecnovisao.net\/#\/schema\/logo\/image\/\"},\"sameAs\":[\"https:\/\/facebook.com\/tecnovisao\",\"https:\/\/x.com\/tecnovisao\",\"https:\/\/instagram.com\/tecnovisao\",\"https:\/\/www.linkedin.com\/company\/tecnovisao\/\",\"https:\/\/www.youtube.com\/user\/Tecnovisao\"]}]}<\/script>\n<!-- \/ Yoast SEO plugin. -->","yoast_head_json":{"title":"Snow Pad - Tecnovis&atilde;o","robots":{"index":"index","follow":"follow","max-snippet":"max-snippet:-1","max-image-preview":"max-image-preview:large","max-video-preview":"max-video-preview:-1"},"canonical":"https:\/\/tecnovisao.net\/es\/produtos\/snow-pad\/","og_locale":"es_ES","og_type":"article","og_title":"Snow Pad - Tecnovis&atilde;o","og_description":"O Snow Pad \u00e9 a nova gera\u00e7\u00e3o de lupa eletr\u00f4nica port\u00e1til compat\u00edvel com o seu pr\u00f3prio tablet. Desenvolvido para pessoas com baixa vis\u00e3o. Seus modos b\u00e1sicos atendem \u00e0s necessidades de todos, enquanto as fun\u00e7\u00f5es avan\u00e7adas \u2014 como tela dividida (visualiza\u00e7\u00e3o de perto e \u00e0 dist\u00e2ncia ao mesmo tempo), visualiza\u00e7\u00e3o detalhada, fun\u00e7\u00e3o localizar e edi\u00e7\u00e3o de arquivos \u2014 tornam o Snow Pad extremamente \u00fatil em diversas situa\u00e7\u00f5es.  Hoje em dia, o tablet faz parte do nosso estilo de vida. Mantenha sua mesa organizada com apenas um dispositivo para baixa vis\u00e3o e realize suas tarefas di\u00e1rias em uma solu\u00e7\u00e3o pr\u00e1tica e completa. Snow Pad \u00e9 a sua melhor escolha!","og_url":"https:\/\/tecnovisao.net\/es\/produtos\/snow-pad\/","og_site_name":"Tecnovis&atilde;o","article_publisher":"https:\/\/facebook.com\/tecnovisao","article_modified_time":"2026-03-09T14:16:18+00:00","og_image":[{"width":600,"height":399,"url":"https:\/\/tecnovisao.net\/wp-content\/uploads\/2025\/04\/snow-pad.jpg","type":"image\/jpeg"}],"twitter_card":"summary_large_image","twitter_site":"@tecnovisao","schema":{"@context":"https:\/\/schema.org","@graph":[{"@type":"WebPage","@id":"https:\/\/tecnovisao.net\/produtos\/snow-pad\/","url":"https:\/\/tecnovisao.net\/produtos\/snow-pad\/","name":"Snow Pad - Tecnovis&atilde;o","isPartOf":{"@id":"https:\/\/tecnovisao.net\/#website"},"primaryImageOfPage":{"@id":"https:\/\/tecnovisao.net\/produtos\/snow-pad\/#primaryimage"},"image":{"@id":"https:\/\/tecnovisao.net\/produtos\/snow-pad\/#primaryimage"},"thumbnailUrl":"https:\/\/i0.wp.com\/tecnovisao.net\/wp-content\/uploads\/2025\/04\/snow-pad.jpg?fit=600%2C399&ssl=1","datePublished":"2025-04-15T18:06:09+00:00","dateModified":"2026-03-09T14:16:18+00:00","breadcrumb":{"@id":"https:\/\/tecnovisao.net\/produtos\/snow-pad\/#breadcrumb"},"inLanguage":"es","potentialAction":[{"@type":"ReadAction","target":["https:\/\/tecnovisao.net\/produtos\/snow-pad\/"]}]},{"@type":"ImageObject","inLanguage":"es","@id":"https:\/\/tecnovisao.net\/produtos\/snow-pad\/#primaryimage","url":"https:\/\/i0.wp.com\/tecnovisao.net\/wp-content\/uploads\/2025\/04\/snow-pad.jpg?fit=600%2C399&ssl=1","contentUrl":"https:\/\/i0.wp.com\/tecnovisao.net\/wp-content\/uploads\/2025\/04\/snow-pad.jpg?fit=600%2C399&ssl=1","width":600,"height":399,"caption":"Ampliador Snow Pad"},{"@type":"BreadcrumbList","@id":"https:\/\/tecnovisao.net\/produtos\/snow-pad\/#breadcrumb","itemListElement":[{"@type":"ListItem","position":1,"name":"In\u00edcio","item":"https:\/\/tecnovisao.net\/"},{"@type":"ListItem","position":2,"name":"Produtos","item":"https:\/\/tecnovisao.net\/produtos\/"},{"@type":"ListItem","position":3,"name":"Snow Pad"}]},{"@type":"WebSite","@id":"https:\/\/tecnovisao.net\/#website","url":"https:\/\/tecnovisao.net\/","name":"Tecnovis&atilde;o","description":"Conectando voc\u00ea ao mundo","publisher":{"@id":"https:\/\/tecnovisao.net\/#organization"},"potentialAction":[{"@type":"SearchAction","target":{"@type":"EntryPoint","urlTemplate":"https:\/\/tecnovisao.net\/?s={search_term_string}"},"query-input":{"@type":"PropertyValueSpecification","valueRequired":true,"valueName":"search_term_string"}}],"inLanguage":"es"},{"@type":"Organization","@id":"https:\/\/tecnovisao.net\/#organization","name":"Tecnovis\u00e3o","url":"https:\/\/tecnovisao.net\/","logo":{"@type":"ImageObject","inLanguage":"es","@id":"https:\/\/tecnovisao.net\/#\/schema\/logo\/image\/","url":"https:\/\/tecnovisao.net\/wp-content\/uploads\/2021\/01\/logo-site.png","contentUrl":"https:\/\/tecnovisao.net\/wp-content\/uploads\/2021\/01\/logo-site.png","width":356,"height":80,"caption":"Tecnovis\u00e3o"},"image":{"@id":"https:\/\/tecnovisao.net\/#\/schema\/logo\/image\/"},"sameAs":["https:\/\/facebook.com\/tecnovisao","https:\/\/x.com\/tecnovisao","https:\/\/instagram.com\/tecnovisao","https:\/\/www.linkedin.com\/company\/tecnovisao\/","https:\/\/www.youtube.com\/user\/Tecnovisao"]}]}},"jetpack_sharing_enabled":true,"_links":{"self":[{"href":"https:\/\/tecnovisao.net\/es\/wp-json\/wp\/v2\/product\/10535","targetHints":{"allow":["GET"]}}],"collection":[{"href":"https:\/\/tecnovisao.net\/es\/wp-json\/wp\/v2\/product"}],"about":[{"href":"https:\/\/tecnovisao.net\/es\/wp-json\/wp\/v2\/types\/product"}],"author":[{"embeddable":true,"href":"https:\/\/tecnovisao.net\/es\/wp-json\/wp\/v2\/users\/2"}],"wp:featuredmedia":[{"embeddable":true,"href":"https:\/\/tecnovisao.net\/es\/wp-json\/wp\/v2\/media\/10537"}],"wp:attachment":[{"href":"https:\/\/tecnovisao.net\/es\/wp-json\/wp\/v2\/media?parent=10535"}],"wp:term":[{"taxonomy":"product_brand","embeddable":true,"href":"https:\/\/tecnovisao.net\/es\/wp-json\/wp\/v2\/product_brand?post=10535"},{"taxonomy":"product_cat","embeddable":true,"href":"https:\/\/tecnovisao.net\/es\/wp-json\/wp\/v2\/product_cat?post=10535"},{"taxonomy":"product_tag","embeddable":true,"href":"https:\/\/tecnovisao.net\/es\/wp-json\/wp\/v2\/product_tag?post=10535"}],"curies":[{"name":"wp","href":"https:\/\/api.w.org\/{rel}","templated":true}]}}