{"id":10968,"date":"2025-06-06T11:13:39","date_gmt":"2025-06-06T14:13:39","guid":{"rendered":"https:\/\/tecnovisao.net\/?post_type=product&#038;p=10968"},"modified":"2025-12-08T18:37:18","modified_gmt":"2025-12-08T21:37:18","slug":"seika-studio","status":"publish","type":"product","link":"https:\/\/tecnovisao.net\/es\/produtos\/seika-studio\/","title":{"rendered":"Seika Studio"},"content":{"rendered":"<p>Caracter\u00edsticas:<\/p>\n<ul>\n<li>40 celas Braille e teclas de rota\u00e7\u00e3o;<\/li>\n<li>Teclado QWERTY, teclas de fun\u00e7\u00f5es e joystic;<\/li>\n<li>Processador Intel core i3 11\u00aa gera\u00e7\u00e3o;<\/li>\n<li>16 GB de mem\u00f3ria RAM DDR4 (expans\u00edvel at\u00e9 64 GB;<\/li>\n<li>Armazenamento SSD de 1 TB ou 2 TB;<\/li>\n<li>Sistema operacional Windows 11;<\/li>\n<li>Possui WiFi 6 e Bluetooth 5.1;<\/li>\n<li>Possui porta HDMI e USB tipo-C;<\/li>\n<li>Alto-falantes stereo e entrada para microfone;<\/li>\n<li>Conex\u00e3o com computador Windows, MAC OSx, celular Android e iPhone;<\/li>\n<li>Compat\u00edvel com leitor de tela NVDA, JAWS e SuperNova;<\/li>\n<li>Bateria 8h;<\/li>\n<li>Tamanho: 32 x 19 x 5 cm;<\/li>\n<li>Peso: 1.6 kg.<\/li>\n<\/ul>\n<div class=\"epyt-video-wrapper\"><iframe  id=\"_ytid_44878\"  width=\"800\" height=\"450\"  data-origwidth=\"800\" data-origheight=\"450\" src=\"https:\/\/www.youtube.com\/embed\/T0JlSTNY-QA?enablejsapi=1&#038;autoplay=0&#038;cc_load_policy=0&#038;cc_lang_pref=&#038;iv_load_policy=1&#038;loop=0&#038;rel=0&#038;fs=1&#038;playsinline=0&#038;autohide=2&#038;theme=dark&#038;color=red&#038;controls=1&#038;disablekb=0&#038;\" class=\"__youtube_prefs__  epyt-is-override  no-lazyload\" title=\"YouTube player\"  allow=\"fullscreen; accelerometer; autoplay; clipboard-write; encrypted-media; gyroscope; picture-in-picture; web-share\" referrerpolicy=\"strict-origin-when-cross-origin\" allowfullscreen data-no-lazy=\"1\" data-skipgform_ajax_framebjll=\"\"><\/iframe><\/div>","protected":false},"excerpt":{"rendered":"<p>O Seika Studio \u00e9 um computador Braille port\u00e1til, com uma linha Braille de 40 c\u00e9lulas e teclas de rota\u00e7\u00e3o correspondentes, equipado com teclado QWERTY e teclas de fun\u00e7\u00e3o. Ele integra um poderoso computador interno baseado em processador Intel Core i3 de 11\u00aa gera\u00e7\u00e3o, 16 GB de mem\u00f3ria RAM DDR4 (expans\u00edvel at\u00e9 64 GB) e armazenamento SSD de 1 TB ou 2 TB. O Seika Studio substitui o notebook convencional no uso escolar, profissional e dom\u00e9stico.<\/p>\n<p>A conex\u00e3o sem fio extremamente r\u00e1pida proporciona uma excelente experi\u00eancia em reuni\u00f5es online, gra\u00e7as \u00e0 tecnologia WiFi 6 do Seika Studio. Ele \u00e9 compat\u00edvel com os sistemas operacionais Windows 10\/11 e permite a instala\u00e7\u00e3o de qualquer software, assim como um notebook ou computador de mesa.<\/p>\n<p>O Seika Studio tamb\u00e9m pode funcionar no modo de linha Braille, conectando-se a outros dispositivos como PC, Mac, iPhone, iPad, Android ou tablet, por meio de cabo USB ou Bluetooth.<\/p>","protected":false},"author":2,"featured_media":11090,"template":"","meta":{"site-sidebar-layout":"default","site-content-layout":"","ast-site-content-layout":"default","site-content-style":"default","site-sidebar-style":"default","ast-global-header-display":"","ast-banner-title-visibility":"","ast-main-header-display":"","ast-hfb-above-header-display":"","ast-hfb-below-header-display":"","ast-hfb-mobile-header-display":"","site-post-title":"","ast-breadcrumbs-content":"","ast-featured-img":"","footer-sml-layout":"","ast-disable-related-posts":"","theme-transparent-header-meta":"default","adv-header-id-meta":"","stick-header-meta":"default","header-above-stick-meta":"","header-main-stick-meta":"","header-below-stick-meta":"","astra-migrate-meta-layouts":"set","ast-page-background-enabled":"default","ast-page-background-meta":{"desktop":{"background-color":"","background-image":"","background-repeat":"repeat","background-position":"center center","background-size":"auto","background-attachment":"scroll","background-type":"","background-media":"","overlay-type":"","overlay-color":"","overlay-opacity":"","overlay-gradient":""},"tablet":{"background-color":"","background-image":"","background-repeat":"repeat","background-position":"center center","background-size":"auto","background-attachment":"scroll","background-type":"","background-media":"","overlay-type":"","overlay-color":"","overlay-opacity":"","overlay-gradient":""},"mobile":{"background-color":"","background-image":"","background-repeat":"repeat","background-position":"center center","background-size":"auto","background-attachment":"scroll","background-type":"","background-media":"","overlay-type":"","overlay-color":"","overlay-opacity":"","overlay-gradient":""}},"ast-content-background-meta":{"desktop":{"background-color":"var(--ast-global-color-5)","background-image":"","background-repeat":"repeat","background-position":"center center","background-size":"auto","background-attachment":"scroll","background-type":"","background-media":"","overlay-type":"","overlay-color":"","overlay-opacity":"","overlay-gradient":""},"tablet":{"background-color":"var(--ast-global-color-5)","background-image":"","background-repeat":"repeat","background-position":"center center","background-size":"auto","background-attachment":"scroll","background-type":"","background-media":"","overlay-type":"","overlay-color":"","overlay-opacity":"","overlay-gradient":""},"mobile":{"background-color":"var(--ast-global-color-5)","background-image":"","background-repeat":"repeat","background-position":"center center","background-size":"auto","background-attachment":"scroll","background-type":"","background-media":"","overlay-type":"","overlay-color":"","overlay-opacity":"","overlay-gradient":""}}},"product_brand":[],"product_cat":[18],"product_tag":[223],"class_list":{"0":"post-10968","1":"product","2":"type-product","3":"status-publish","4":"has-post-thumbnail","6":"product_cat-computador-braille","7":"product_tag-computador-braille","8":"pa_tipo-equipamentos","9":"desktop-align-left","10":"tablet-align-left","11":"mobile-align-left","12":"ast-product-gallery-layout-horizontal","13":"ast-product-gallery-with-no-image","14":"ast-product-tabs-layout-vertical","16":"first","17":"instock","18":"shipping-taxable","19":"product-type-simple"},"yoast_head":"<!-- This site is optimized with the Yoast SEO plugin v27.2 - https:\/\/yoast.com\/product\/yoast-seo-wordpress\/ -->\n<title>Seika Studio - Tecnovis&atilde;o<\/title>\n<meta name=\"robots\" content=\"index, follow, max-snippet:-1, max-image-preview:large, max-video-preview:-1\" \/>\n<link rel=\"canonical\" href=\"https:\/\/tecnovisao.net\/es\/produtos\/seika-studio\/\" \/>\n<meta property=\"og:locale\" content=\"es_ES\" \/>\n<meta property=\"og:type\" content=\"article\" \/>\n<meta property=\"og:title\" content=\"Seika Studio - Tecnovis&atilde;o\" \/>\n<meta property=\"og:description\" content=\"O Seika Studio \u00e9 um computador Braille port\u00e1til, com uma linha Braille de 40 c\u00e9lulas e teclas de rota\u00e7\u00e3o correspondentes, equipado com teclado QWERTY e teclas de fun\u00e7\u00e3o. Ele integra um poderoso computador interno baseado em processador Intel Core i3 de 11\u00aa gera\u00e7\u00e3o, 16 GB de mem\u00f3ria RAM DDR4 (expans\u00edvel at\u00e9 64 GB) e armazenamento SSD de 1 TB ou 2 TB. O Seika Studio substitui o notebook convencional no uso escolar, profissional e dom\u00e9stico.  A conex\u00e3o sem fio extremamente r\u00e1pida proporciona uma excelente experi\u00eancia em reuni\u00f5es online, gra\u00e7as \u00e0 tecnologia WiFi 6 do Seika Studio. Ele \u00e9 compat\u00edvel com os sistemas operacionais Windows 10\/11 e permite a instala\u00e7\u00e3o de qualquer software, assim como um notebook ou computador de mesa.  O Seika Studio tamb\u00e9m pode funcionar no modo de linha Braille, conectando-se a outros dispositivos como PC, Mac, iPhone, iPad, Android ou tablet, por meio de cabo USB ou Bluetooth.\" \/>\n<meta property=\"og:url\" content=\"https:\/\/tecnovisao.net\/es\/produtos\/seika-studio\/\" \/>\n<meta property=\"og:site_name\" content=\"Tecnovis&atilde;o\" \/>\n<meta property=\"article:publisher\" content=\"https:\/\/facebook.com\/tecnovisao\" \/>\n<meta property=\"article:modified_time\" content=\"2025-12-08T21:37:18+00:00\" \/>\n<meta property=\"og:image\" content=\"https:\/\/tecnovisao.net\/wp-content\/uploads\/2025\/06\/Studio2.jpg\" \/>\n\t<meta property=\"og:image:width\" content=\"1760\" \/>\n\t<meta property=\"og:image:height\" content=\"1406\" \/>\n\t<meta property=\"og:image:type\" content=\"image\/jpeg\" \/>\n<meta name=\"twitter:card\" content=\"summary_large_image\" \/>\n<meta name=\"twitter:site\" content=\"@tecnovisao\" \/>\n<script type=\"application\/ld+json\" class=\"yoast-schema-graph\">{\"@context\":\"https:\/\/schema.org\",\"@graph\":[{\"@type\":\"WebPage\",\"@id\":\"https:\/\/tecnovisao.net\/produtos\/seika-studio\/\",\"url\":\"https:\/\/tecnovisao.net\/produtos\/seika-studio\/\",\"name\":\"Seika Studio - Tecnovis&atilde;o\",\"isPartOf\":{\"@id\":\"https:\/\/tecnovisao.net\/#website\"},\"primaryImageOfPage\":{\"@id\":\"https:\/\/tecnovisao.net\/produtos\/seika-studio\/#primaryimage\"},\"image\":{\"@id\":\"https:\/\/tecnovisao.net\/produtos\/seika-studio\/#primaryimage\"},\"thumbnailUrl\":\"https:\/\/i0.wp.com\/tecnovisao.net\/wp-content\/uploads\/2025\/06\/Studio2.jpg?fit=1760%2C1406&ssl=1\",\"datePublished\":\"2025-06-06T14:13:39+00:00\",\"dateModified\":\"2025-12-08T21:37:18+00:00\",\"breadcrumb\":{\"@id\":\"https:\/\/tecnovisao.net\/produtos\/seika-studio\/#breadcrumb\"},\"inLanguage\":\"es\",\"potentialAction\":[{\"@type\":\"ReadAction\",\"target\":[\"https:\/\/tecnovisao.net\/produtos\/seika-studio\/\"]}]},{\"@type\":\"ImageObject\",\"inLanguage\":\"es\",\"@id\":\"https:\/\/tecnovisao.net\/produtos\/seika-studio\/#primaryimage\",\"url\":\"https:\/\/i0.wp.com\/tecnovisao.net\/wp-content\/uploads\/2025\/06\/Studio2.jpg?fit=1760%2C1406&ssl=1\",\"contentUrl\":\"https:\/\/i0.wp.com\/tecnovisao.net\/wp-content\/uploads\/2025\/06\/Studio2.jpg?fit=1760%2C1406&ssl=1\",\"width\":1760,\"height\":1406,\"caption\":\"Vis\u00e3o lateral do computador braille Seika Studio\"},{\"@type\":\"BreadcrumbList\",\"@id\":\"https:\/\/tecnovisao.net\/produtos\/seika-studio\/#breadcrumb\",\"itemListElement\":[{\"@type\":\"ListItem\",\"position\":1,\"name\":\"In\u00edcio\",\"item\":\"https:\/\/tecnovisao.net\/\"},{\"@type\":\"ListItem\",\"position\":2,\"name\":\"Produtos\",\"item\":\"https:\/\/tecnovisao.net\/produtos\/\"},{\"@type\":\"ListItem\",\"position\":3,\"name\":\"Seika Studio\"}]},{\"@type\":\"WebSite\",\"@id\":\"https:\/\/tecnovisao.net\/#website\",\"url\":\"https:\/\/tecnovisao.net\/\",\"name\":\"Tecnovis&atilde;o\",\"description\":\"Conectando voc\u00ea ao mundo\",\"publisher\":{\"@id\":\"https:\/\/tecnovisao.net\/#organization\"},\"potentialAction\":[{\"@type\":\"SearchAction\",\"target\":{\"@type\":\"EntryPoint\",\"urlTemplate\":\"https:\/\/tecnovisao.net\/?s={search_term_string}\"},\"query-input\":{\"@type\":\"PropertyValueSpecification\",\"valueRequired\":true,\"valueName\":\"search_term_string\"}}],\"inLanguage\":\"es\"},{\"@type\":\"Organization\",\"@id\":\"https:\/\/tecnovisao.net\/#organization\",\"name\":\"Tecnovis\u00e3o\",\"url\":\"https:\/\/tecnovisao.net\/\",\"logo\":{\"@type\":\"ImageObject\",\"inLanguage\":\"es\",\"@id\":\"https:\/\/tecnovisao.net\/#\/schema\/logo\/image\/\",\"url\":\"https:\/\/tecnovisao.net\/wp-content\/uploads\/2021\/01\/logo-site.png\",\"contentUrl\":\"https:\/\/tecnovisao.net\/wp-content\/uploads\/2021\/01\/logo-site.png\",\"width\":356,\"height\":80,\"caption\":\"Tecnovis\u00e3o\"},\"image\":{\"@id\":\"https:\/\/tecnovisao.net\/#\/schema\/logo\/image\/\"},\"sameAs\":[\"https:\/\/facebook.com\/tecnovisao\",\"https:\/\/x.com\/tecnovisao\",\"https:\/\/instagram.com\/tecnovisao\",\"https:\/\/www.linkedin.com\/company\/tecnovisao\/\",\"https:\/\/www.youtube.com\/user\/Tecnovisao\"]}]}<\/script>\n<!-- \/ Yoast SEO plugin. -->","yoast_head_json":{"title":"Seika Studio - Tecnovis&atilde;o","robots":{"index":"index","follow":"follow","max-snippet":"max-snippet:-1","max-image-preview":"max-image-preview:large","max-video-preview":"max-video-preview:-1"},"canonical":"https:\/\/tecnovisao.net\/es\/produtos\/seika-studio\/","og_locale":"es_ES","og_type":"article","og_title":"Seika Studio - Tecnovis&atilde;o","og_description":"O Seika Studio \u00e9 um computador Braille port\u00e1til, com uma linha Braille de 40 c\u00e9lulas e teclas de rota\u00e7\u00e3o correspondentes, equipado com teclado QWERTY e teclas de fun\u00e7\u00e3o. Ele integra um poderoso computador interno baseado em processador Intel Core i3 de 11\u00aa gera\u00e7\u00e3o, 16 GB de mem\u00f3ria RAM DDR4 (expans\u00edvel at\u00e9 64 GB) e armazenamento SSD de 1 TB ou 2 TB. O Seika Studio substitui o notebook convencional no uso escolar, profissional e dom\u00e9stico.  A conex\u00e3o sem fio extremamente r\u00e1pida proporciona uma excelente experi\u00eancia em reuni\u00f5es online, gra\u00e7as \u00e0 tecnologia WiFi 6 do Seika Studio. Ele \u00e9 compat\u00edvel com os sistemas operacionais Windows 10\/11 e permite a instala\u00e7\u00e3o de qualquer software, assim como um notebook ou computador de mesa.  O Seika Studio tamb\u00e9m pode funcionar no modo de linha Braille, conectando-se a outros dispositivos como PC, Mac, iPhone, iPad, Android ou tablet, por meio de cabo USB ou Bluetooth.","og_url":"https:\/\/tecnovisao.net\/es\/produtos\/seika-studio\/","og_site_name":"Tecnovis&atilde;o","article_publisher":"https:\/\/facebook.com\/tecnovisao","article_modified_time":"2025-12-08T21:37:18+00:00","og_image":[{"width":1760,"height":1406,"url":"https:\/\/tecnovisao.net\/wp-content\/uploads\/2025\/06\/Studio2.jpg","type":"image\/jpeg"}],"twitter_card":"summary_large_image","twitter_site":"@tecnovisao","schema":{"@context":"https:\/\/schema.org","@graph":[{"@type":"WebPage","@id":"https:\/\/tecnovisao.net\/produtos\/seika-studio\/","url":"https:\/\/tecnovisao.net\/produtos\/seika-studio\/","name":"Seika Studio - Tecnovis&atilde;o","isPartOf":{"@id":"https:\/\/tecnovisao.net\/#website"},"primaryImageOfPage":{"@id":"https:\/\/tecnovisao.net\/produtos\/seika-studio\/#primaryimage"},"image":{"@id":"https:\/\/tecnovisao.net\/produtos\/seika-studio\/#primaryimage"},"thumbnailUrl":"https:\/\/i0.wp.com\/tecnovisao.net\/wp-content\/uploads\/2025\/06\/Studio2.jpg?fit=1760%2C1406&ssl=1","datePublished":"2025-06-06T14:13:39+00:00","dateModified":"2025-12-08T21:37:18+00:00","breadcrumb":{"@id":"https:\/\/tecnovisao.net\/produtos\/seika-studio\/#breadcrumb"},"inLanguage":"es","potentialAction":[{"@type":"ReadAction","target":["https:\/\/tecnovisao.net\/produtos\/seika-studio\/"]}]},{"@type":"ImageObject","inLanguage":"es","@id":"https:\/\/tecnovisao.net\/produtos\/seika-studio\/#primaryimage","url":"https:\/\/i0.wp.com\/tecnovisao.net\/wp-content\/uploads\/2025\/06\/Studio2.jpg?fit=1760%2C1406&ssl=1","contentUrl":"https:\/\/i0.wp.com\/tecnovisao.net\/wp-content\/uploads\/2025\/06\/Studio2.jpg?fit=1760%2C1406&ssl=1","width":1760,"height":1406,"caption":"Vis\u00e3o lateral do computador braille Seika Studio"},{"@type":"BreadcrumbList","@id":"https:\/\/tecnovisao.net\/produtos\/seika-studio\/#breadcrumb","itemListElement":[{"@type":"ListItem","position":1,"name":"In\u00edcio","item":"https:\/\/tecnovisao.net\/"},{"@type":"ListItem","position":2,"name":"Produtos","item":"https:\/\/tecnovisao.net\/produtos\/"},{"@type":"ListItem","position":3,"name":"Seika Studio"}]},{"@type":"WebSite","@id":"https:\/\/tecnovisao.net\/#website","url":"https:\/\/tecnovisao.net\/","name":"Tecnovis&atilde;o","description":"Conectando voc\u00ea ao mundo","publisher":{"@id":"https:\/\/tecnovisao.net\/#organization"},"potentialAction":[{"@type":"SearchAction","target":{"@type":"EntryPoint","urlTemplate":"https:\/\/tecnovisao.net\/?s={search_term_string}"},"query-input":{"@type":"PropertyValueSpecification","valueRequired":true,"valueName":"search_term_string"}}],"inLanguage":"es"},{"@type":"Organization","@id":"https:\/\/tecnovisao.net\/#organization","name":"Tecnovis\u00e3o","url":"https:\/\/tecnovisao.net\/","logo":{"@type":"ImageObject","inLanguage":"es","@id":"https:\/\/tecnovisao.net\/#\/schema\/logo\/image\/","url":"https:\/\/tecnovisao.net\/wp-content\/uploads\/2021\/01\/logo-site.png","contentUrl":"https:\/\/tecnovisao.net\/wp-content\/uploads\/2021\/01\/logo-site.png","width":356,"height":80,"caption":"Tecnovis\u00e3o"},"image":{"@id":"https:\/\/tecnovisao.net\/#\/schema\/logo\/image\/"},"sameAs":["https:\/\/facebook.com\/tecnovisao","https:\/\/x.com\/tecnovisao","https:\/\/instagram.com\/tecnovisao","https:\/\/www.linkedin.com\/company\/tecnovisao\/","https:\/\/www.youtube.com\/user\/Tecnovisao"]}]}},"jetpack_sharing_enabled":true,"_links":{"self":[{"href":"https:\/\/tecnovisao.net\/es\/wp-json\/wp\/v2\/product\/10968","targetHints":{"allow":["GET"]}}],"collection":[{"href":"https:\/\/tecnovisao.net\/es\/wp-json\/wp\/v2\/product"}],"about":[{"href":"https:\/\/tecnovisao.net\/es\/wp-json\/wp\/v2\/types\/product"}],"author":[{"embeddable":true,"href":"https:\/\/tecnovisao.net\/es\/wp-json\/wp\/v2\/users\/2"}],"wp:featuredmedia":[{"embeddable":true,"href":"https:\/\/tecnovisao.net\/es\/wp-json\/wp\/v2\/media\/11090"}],"wp:attachment":[{"href":"https:\/\/tecnovisao.net\/es\/wp-json\/wp\/v2\/media?parent=10968"}],"wp:term":[{"taxonomy":"product_brand","embeddable":true,"href":"https:\/\/tecnovisao.net\/es\/wp-json\/wp\/v2\/product_brand?post=10968"},{"taxonomy":"product_cat","embeddable":true,"href":"https:\/\/tecnovisao.net\/es\/wp-json\/wp\/v2\/product_cat?post=10968"},{"taxonomy":"product_tag","embeddable":true,"href":"https:\/\/tecnovisao.net\/es\/wp-json\/wp\/v2\/product_tag?post=10968"}],"curies":[{"name":"wp","href":"https:\/\/api.w.org\/{rel}","templated":true}]}}