{"id":11001,"date":"2025-06-09T19:16:08","date_gmt":"2025-06-09T22:16:08","guid":{"rendered":"https:\/\/tecnovisao.net\/?post_type=product&#038;p=11001"},"modified":"2025-06-17T15:40:11","modified_gmt":"2025-06-17T18:40:11","slug":"seika-mini-16plus","status":"publish","type":"product","link":"https:\/\/tecnovisao.net\/es\/produtos\/seika-mini-16plus\/","title":{"rendered":"Seika mini 16Plus"},"content":{"rendered":"<p>Caracter\u00edsticas:<\/p>\n<ul>\n<li>16 celas Braille e teclas de rota\u00e7\u00e3o;<\/li>\n<li>Teclado Perkins, teclas de fun\u00e7\u00f5es e joystic;<\/li>\n<li>Possui mais de 49 vozes em alta qualidade;<\/li>\n<li>Aplicativos integrados: Bloco de Notas, Leitor, Navegador Web, E-mail, Reprodutor de M\u00eddia, Contatos, Rel\u00f3gio, Calend\u00e1rio, entre outros;<\/li>\n<li>Abre de forma aut\u00f3noma os formatos de arquivos: brl, brf, bes, txt, Microsoft docx e pdf;<\/li>\n<li>1GB de mem\u00f3ria RAM;<\/li>\n<li>8GB de armazenamento interno;<span class=\"Apple-converted-space\">\u00a0<\/span><\/li>\n<li>Possui porta USB tipo C e entrada para cart\u00e3o de mem\u00f3ria;<\/li>\n<li>Conex\u00e3o Bluetooth e WI-FI;<\/li>\n<li>Conex\u00e3o com computador Windows, MAC OSx, celular Android e iPhone;<\/li>\n<li>Compat\u00edvel com leitor de tela NVDA, JAWS e SuperNova;<\/li>\n<li>Bateria 18h;<\/li>\n<li>Tamanho: 6,3 x 3,8 x 0,9 cm;<\/li>\n<li>Peso: 350g.<\/li>\n<\/ul>","protected":false},"excerpt":{"rendered":"<p>O Seika mini 16Plus \u00e9 um bloco de anota\u00e7\u00f5es Braille port\u00e1til e leve para uso di\u00e1rio, ideal para, por exemplo, dar uma palestra, estudar na escola, fazer anota\u00e7\u00f5es e ouvir m\u00fasica. Possui um sintetizador de voz (TTS \u2013 Text-To-Speech) embutido de alta qualidade para leitura de conte\u00fados em texto e comandos de opera\u00e7\u00e3o. O Seika mini 16Plus oferece os modos de funcionamento aut\u00f4nomo e como linha Braille.<\/p>\n<p>No modo aut\u00f4nomo, conta com aplicativos integrados: Bloco de Notas, Leitor, Navegador Web, E-mail, Reprodutor de M\u00eddia, Contatos, Rel\u00f3gio, Calend\u00e1rio, entre outros.<\/p>\n<p>O Seika mini 16Plus tamb\u00e9m pode funcionar como linha Braille, conectado a outros dispositivos como PC, Mac, iPhone, iPad, Android ou tablet, utilizando cabo USB ou Bluetooth.<\/p>","protected":false},"author":2,"featured_media":11089,"template":"","meta":{"site-sidebar-layout":"default","site-content-layout":"","ast-site-content-layout":"default","site-content-style":"default","site-sidebar-style":"default","ast-global-header-display":"","ast-banner-title-visibility":"","ast-main-header-display":"","ast-hfb-above-header-display":"","ast-hfb-below-header-display":"","ast-hfb-mobile-header-display":"","site-post-title":"","ast-breadcrumbs-content":"","ast-featured-img":"","footer-sml-layout":"","ast-disable-related-posts":"","theme-transparent-header-meta":"default","adv-header-id-meta":"","stick-header-meta":"default","header-above-stick-meta":"","header-main-stick-meta":"","header-below-stick-meta":"","astra-migrate-meta-layouts":"set","ast-page-background-enabled":"default","ast-page-background-meta":{"desktop":{"background-color":"","background-image":"","background-repeat":"repeat","background-position":"center center","background-size":"auto","background-attachment":"scroll","background-type":"","background-media":"","overlay-type":"","overlay-color":"","overlay-opacity":"","overlay-gradient":""},"tablet":{"background-color":"","background-image":"","background-repeat":"repeat","background-position":"center center","background-size":"auto","background-attachment":"scroll","background-type":"","background-media":"","overlay-type":"","overlay-color":"","overlay-opacity":"","overlay-gradient":""},"mobile":{"background-color":"","background-image":"","background-repeat":"repeat","background-position":"center center","background-size":"auto","background-attachment":"scroll","background-type":"","background-media":"","overlay-type":"","overlay-color":"","overlay-opacity":"","overlay-gradient":""}},"ast-content-background-meta":{"desktop":{"background-color":"var(--ast-global-color-5)","background-image":"","background-repeat":"repeat","background-position":"center center","background-size":"auto","background-attachment":"scroll","background-type":"","background-media":"","overlay-type":"","overlay-color":"","overlay-opacity":"","overlay-gradient":""},"tablet":{"background-color":"var(--ast-global-color-5)","background-image":"","background-repeat":"repeat","background-position":"center center","background-size":"auto","background-attachment":"scroll","background-type":"","background-media":"","overlay-type":"","overlay-color":"","overlay-opacity":"","overlay-gradient":""},"mobile":{"background-color":"var(--ast-global-color-5)","background-image":"","background-repeat":"repeat","background-position":"center center","background-size":"auto","background-attachment":"scroll","background-type":"","background-media":"","overlay-type":"","overlay-color":"","overlay-opacity":"","overlay-gradient":""}}},"product_brand":[],"product_cat":[18],"product_tag":[223],"class_list":{"0":"post-11001","1":"product","2":"type-product","3":"status-publish","4":"has-post-thumbnail","6":"product_cat-computador-braille","7":"product_tag-computador-braille","8":"pa_tipo-equipamentos","9":"desktop-align-left","10":"tablet-align-left","11":"mobile-align-left","12":"ast-product-gallery-layout-horizontal","13":"ast-product-gallery-with-no-image","14":"ast-product-tabs-layout-vertical","16":"first","17":"instock","18":"shipping-taxable","19":"product-type-simple"},"yoast_head":"<!-- This site is optimized with the Yoast SEO plugin v27.2 - https:\/\/yoast.com\/product\/yoast-seo-wordpress\/ -->\n<title>Seika mini 16Plus - Tecnovis&atilde;o<\/title>\n<meta name=\"robots\" content=\"index, follow, max-snippet:-1, max-image-preview:large, max-video-preview:-1\" \/>\n<link rel=\"canonical\" href=\"https:\/\/tecnovisao.net\/es\/produtos\/seika-mini-16plus\/\" \/>\n<meta property=\"og:locale\" content=\"es_ES\" \/>\n<meta property=\"og:type\" content=\"article\" \/>\n<meta property=\"og:title\" content=\"Seika mini 16Plus - Tecnovis&atilde;o\" \/>\n<meta property=\"og:description\" content=\"O Seika mini 16Plus \u00e9 um bloco de anota\u00e7\u00f5es Braille port\u00e1til e leve para uso di\u00e1rio, ideal para, por exemplo, dar uma palestra, estudar na escola, fazer anota\u00e7\u00f5es e ouvir m\u00fasica. Possui um sintetizador de voz (TTS \u2013 Text-To-Speech) embutido de alta qualidade para leitura de conte\u00fados em texto e comandos de opera\u00e7\u00e3o. O Seika mini 16Plus oferece os modos de funcionamento aut\u00f4nomo e como linha Braille.  No modo aut\u00f4nomo, conta com aplicativos integrados: Bloco de Notas, Leitor, Navegador Web, E-mail, Reprodutor de M\u00eddia, Contatos, Rel\u00f3gio, Calend\u00e1rio, entre outros.  O Seika mini 16Plus tamb\u00e9m pode funcionar como linha Braille, conectado a outros dispositivos como PC, Mac, iPhone, iPad, Android ou tablet, utilizando cabo USB ou Bluetooth.\" \/>\n<meta property=\"og:url\" content=\"https:\/\/tecnovisao.net\/es\/produtos\/seika-mini-16plus\/\" \/>\n<meta property=\"og:site_name\" content=\"Tecnovis&atilde;o\" \/>\n<meta property=\"article:publisher\" content=\"https:\/\/facebook.com\/tecnovisao\" \/>\n<meta property=\"article:modified_time\" content=\"2025-06-17T18:40:11+00:00\" \/>\n<meta property=\"og:image\" content=\"https:\/\/tecnovisao.net\/wp-content\/uploads\/2025\/06\/IMG_9954.jpg\" \/>\n\t<meta property=\"og:image:width\" content=\"1556\" \/>\n\t<meta property=\"og:image:height\" content=\"1052\" \/>\n\t<meta property=\"og:image:type\" content=\"image\/jpeg\" \/>\n<meta name=\"twitter:card\" content=\"summary_large_image\" \/>\n<meta name=\"twitter:site\" content=\"@tecnovisao\" \/>\n<meta name=\"twitter:label1\" content=\"Tiempo de lectura\" \/>\n\t<meta name=\"twitter:data1\" content=\"1 minuto\" \/>\n<script type=\"application\/ld+json\" class=\"yoast-schema-graph\">{\"@context\":\"https:\/\/schema.org\",\"@graph\":[{\"@type\":\"WebPage\",\"@id\":\"https:\/\/tecnovisao.net\/produtos\/seika-mini-16plus\/\",\"url\":\"https:\/\/tecnovisao.net\/produtos\/seika-mini-16plus\/\",\"name\":\"Seika mini 16Plus - Tecnovis&atilde;o\",\"isPartOf\":{\"@id\":\"https:\/\/tecnovisao.net\/#website\"},\"primaryImageOfPage\":{\"@id\":\"https:\/\/tecnovisao.net\/produtos\/seika-mini-16plus\/#primaryimage\"},\"image\":{\"@id\":\"https:\/\/tecnovisao.net\/produtos\/seika-mini-16plus\/#primaryimage\"},\"thumbnailUrl\":\"https:\/\/i0.wp.com\/tecnovisao.net\/wp-content\/uploads\/2025\/06\/IMG_9954.jpg?fit=1556%2C1052&ssl=1\",\"datePublished\":\"2025-06-09T22:16:08+00:00\",\"dateModified\":\"2025-06-17T18:40:11+00:00\",\"breadcrumb\":{\"@id\":\"https:\/\/tecnovisao.net\/produtos\/seika-mini-16plus\/#breadcrumb\"},\"inLanguage\":\"es\",\"potentialAction\":[{\"@type\":\"ReadAction\",\"target\":[\"https:\/\/tecnovisao.net\/produtos\/seika-mini-16plus\/\"]}]},{\"@type\":\"ImageObject\",\"inLanguage\":\"es\",\"@id\":\"https:\/\/tecnovisao.net\/produtos\/seika-mini-16plus\/#primaryimage\",\"url\":\"https:\/\/i0.wp.com\/tecnovisao.net\/wp-content\/uploads\/2025\/06\/IMG_9954.jpg?fit=1556%2C1052&ssl=1\",\"contentUrl\":\"https:\/\/i0.wp.com\/tecnovisao.net\/wp-content\/uploads\/2025\/06\/IMG_9954.jpg?fit=1556%2C1052&ssl=1\",\"width\":1556,\"height\":1052,\"caption\":\"vis\u00e3o frontal do computador braille Seika 16 Plus com capa\"},{\"@type\":\"BreadcrumbList\",\"@id\":\"https:\/\/tecnovisao.net\/produtos\/seika-mini-16plus\/#breadcrumb\",\"itemListElement\":[{\"@type\":\"ListItem\",\"position\":1,\"name\":\"In\u00edcio\",\"item\":\"https:\/\/tecnovisao.net\/\"},{\"@type\":\"ListItem\",\"position\":2,\"name\":\"Produtos\",\"item\":\"https:\/\/tecnovisao.net\/produtos\/\"},{\"@type\":\"ListItem\",\"position\":3,\"name\":\"Seika mini 16Plus\"}]},{\"@type\":\"WebSite\",\"@id\":\"https:\/\/tecnovisao.net\/#website\",\"url\":\"https:\/\/tecnovisao.net\/\",\"name\":\"Tecnovis&atilde;o\",\"description\":\"Conectando voc\u00ea ao mundo\",\"publisher\":{\"@id\":\"https:\/\/tecnovisao.net\/#organization\"},\"potentialAction\":[{\"@type\":\"SearchAction\",\"target\":{\"@type\":\"EntryPoint\",\"urlTemplate\":\"https:\/\/tecnovisao.net\/?s={search_term_string}\"},\"query-input\":{\"@type\":\"PropertyValueSpecification\",\"valueRequired\":true,\"valueName\":\"search_term_string\"}}],\"inLanguage\":\"es\"},{\"@type\":\"Organization\",\"@id\":\"https:\/\/tecnovisao.net\/#organization\",\"name\":\"Tecnovis\u00e3o\",\"url\":\"https:\/\/tecnovisao.net\/\",\"logo\":{\"@type\":\"ImageObject\",\"inLanguage\":\"es\",\"@id\":\"https:\/\/tecnovisao.net\/#\/schema\/logo\/image\/\",\"url\":\"https:\/\/tecnovisao.net\/wp-content\/uploads\/2021\/01\/logo-site.png\",\"contentUrl\":\"https:\/\/tecnovisao.net\/wp-content\/uploads\/2021\/01\/logo-site.png\",\"width\":356,\"height\":80,\"caption\":\"Tecnovis\u00e3o\"},\"image\":{\"@id\":\"https:\/\/tecnovisao.net\/#\/schema\/logo\/image\/\"},\"sameAs\":[\"https:\/\/facebook.com\/tecnovisao\",\"https:\/\/x.com\/tecnovisao\",\"https:\/\/instagram.com\/tecnovisao\",\"https:\/\/www.linkedin.com\/company\/tecnovisao\/\",\"https:\/\/www.youtube.com\/user\/Tecnovisao\"]}]}<\/script>\n<!-- \/ Yoast SEO plugin. -->","yoast_head_json":{"title":"Seika mini 16Plus - Tecnovis&atilde;o","robots":{"index":"index","follow":"follow","max-snippet":"max-snippet:-1","max-image-preview":"max-image-preview:large","max-video-preview":"max-video-preview:-1"},"canonical":"https:\/\/tecnovisao.net\/es\/produtos\/seika-mini-16plus\/","og_locale":"es_ES","og_type":"article","og_title":"Seika mini 16Plus - Tecnovis&atilde;o","og_description":"O Seika mini 16Plus \u00e9 um bloco de anota\u00e7\u00f5es Braille port\u00e1til e leve para uso di\u00e1rio, ideal para, por exemplo, dar uma palestra, estudar na escola, fazer anota\u00e7\u00f5es e ouvir m\u00fasica. Possui um sintetizador de voz (TTS \u2013 Text-To-Speech) embutido de alta qualidade para leitura de conte\u00fados em texto e comandos de opera\u00e7\u00e3o. O Seika mini 16Plus oferece os modos de funcionamento aut\u00f4nomo e como linha Braille.  No modo aut\u00f4nomo, conta com aplicativos integrados: Bloco de Notas, Leitor, Navegador Web, E-mail, Reprodutor de M\u00eddia, Contatos, Rel\u00f3gio, Calend\u00e1rio, entre outros.  O Seika mini 16Plus tamb\u00e9m pode funcionar como linha Braille, conectado a outros dispositivos como PC, Mac, iPhone, iPad, Android ou tablet, utilizando cabo USB ou Bluetooth.","og_url":"https:\/\/tecnovisao.net\/es\/produtos\/seika-mini-16plus\/","og_site_name":"Tecnovis&atilde;o","article_publisher":"https:\/\/facebook.com\/tecnovisao","article_modified_time":"2025-06-17T18:40:11+00:00","og_image":[{"width":1556,"height":1052,"url":"https:\/\/tecnovisao.net\/wp-content\/uploads\/2025\/06\/IMG_9954.jpg","type":"image\/jpeg"}],"twitter_card":"summary_large_image","twitter_site":"@tecnovisao","twitter_misc":{"Tiempo de lectura":"1 minuto"},"schema":{"@context":"https:\/\/schema.org","@graph":[{"@type":"WebPage","@id":"https:\/\/tecnovisao.net\/produtos\/seika-mini-16plus\/","url":"https:\/\/tecnovisao.net\/produtos\/seika-mini-16plus\/","name":"Seika mini 16Plus - Tecnovis&atilde;o","isPartOf":{"@id":"https:\/\/tecnovisao.net\/#website"},"primaryImageOfPage":{"@id":"https:\/\/tecnovisao.net\/produtos\/seika-mini-16plus\/#primaryimage"},"image":{"@id":"https:\/\/tecnovisao.net\/produtos\/seika-mini-16plus\/#primaryimage"},"thumbnailUrl":"https:\/\/i0.wp.com\/tecnovisao.net\/wp-content\/uploads\/2025\/06\/IMG_9954.jpg?fit=1556%2C1052&ssl=1","datePublished":"2025-06-09T22:16:08+00:00","dateModified":"2025-06-17T18:40:11+00:00","breadcrumb":{"@id":"https:\/\/tecnovisao.net\/produtos\/seika-mini-16plus\/#breadcrumb"},"inLanguage":"es","potentialAction":[{"@type":"ReadAction","target":["https:\/\/tecnovisao.net\/produtos\/seika-mini-16plus\/"]}]},{"@type":"ImageObject","inLanguage":"es","@id":"https:\/\/tecnovisao.net\/produtos\/seika-mini-16plus\/#primaryimage","url":"https:\/\/i0.wp.com\/tecnovisao.net\/wp-content\/uploads\/2025\/06\/IMG_9954.jpg?fit=1556%2C1052&ssl=1","contentUrl":"https:\/\/i0.wp.com\/tecnovisao.net\/wp-content\/uploads\/2025\/06\/IMG_9954.jpg?fit=1556%2C1052&ssl=1","width":1556,"height":1052,"caption":"vis\u00e3o frontal do computador braille Seika 16 Plus com capa"},{"@type":"BreadcrumbList","@id":"https:\/\/tecnovisao.net\/produtos\/seika-mini-16plus\/#breadcrumb","itemListElement":[{"@type":"ListItem","position":1,"name":"In\u00edcio","item":"https:\/\/tecnovisao.net\/"},{"@type":"ListItem","position":2,"name":"Produtos","item":"https:\/\/tecnovisao.net\/produtos\/"},{"@type":"ListItem","position":3,"name":"Seika mini 16Plus"}]},{"@type":"WebSite","@id":"https:\/\/tecnovisao.net\/#website","url":"https:\/\/tecnovisao.net\/","name":"Tecnovis&atilde;o","description":"Conectando voc\u00ea ao mundo","publisher":{"@id":"https:\/\/tecnovisao.net\/#organization"},"potentialAction":[{"@type":"SearchAction","target":{"@type":"EntryPoint","urlTemplate":"https:\/\/tecnovisao.net\/?s={search_term_string}"},"query-input":{"@type":"PropertyValueSpecification","valueRequired":true,"valueName":"search_term_string"}}],"inLanguage":"es"},{"@type":"Organization","@id":"https:\/\/tecnovisao.net\/#organization","name":"Tecnovis\u00e3o","url":"https:\/\/tecnovisao.net\/","logo":{"@type":"ImageObject","inLanguage":"es","@id":"https:\/\/tecnovisao.net\/#\/schema\/logo\/image\/","url":"https:\/\/tecnovisao.net\/wp-content\/uploads\/2021\/01\/logo-site.png","contentUrl":"https:\/\/tecnovisao.net\/wp-content\/uploads\/2021\/01\/logo-site.png","width":356,"height":80,"caption":"Tecnovis\u00e3o"},"image":{"@id":"https:\/\/tecnovisao.net\/#\/schema\/logo\/image\/"},"sameAs":["https:\/\/facebook.com\/tecnovisao","https:\/\/x.com\/tecnovisao","https:\/\/instagram.com\/tecnovisao","https:\/\/www.linkedin.com\/company\/tecnovisao\/","https:\/\/www.youtube.com\/user\/Tecnovisao"]}]}},"jetpack_sharing_enabled":true,"_links":{"self":[{"href":"https:\/\/tecnovisao.net\/es\/wp-json\/wp\/v2\/product\/11001","targetHints":{"allow":["GET"]}}],"collection":[{"href":"https:\/\/tecnovisao.net\/es\/wp-json\/wp\/v2\/product"}],"about":[{"href":"https:\/\/tecnovisao.net\/es\/wp-json\/wp\/v2\/types\/product"}],"author":[{"embeddable":true,"href":"https:\/\/tecnovisao.net\/es\/wp-json\/wp\/v2\/users\/2"}],"wp:featuredmedia":[{"embeddable":true,"href":"https:\/\/tecnovisao.net\/es\/wp-json\/wp\/v2\/media\/11089"}],"wp:attachment":[{"href":"https:\/\/tecnovisao.net\/es\/wp-json\/wp\/v2\/media?parent=11001"}],"wp:term":[{"taxonomy":"product_brand","embeddable":true,"href":"https:\/\/tecnovisao.net\/es\/wp-json\/wp\/v2\/product_brand?post=11001"},{"taxonomy":"product_cat","embeddable":true,"href":"https:\/\/tecnovisao.net\/es\/wp-json\/wp\/v2\/product_cat?post=11001"},{"taxonomy":"product_tag","embeddable":true,"href":"https:\/\/tecnovisao.net\/es\/wp-json\/wp\/v2\/product_tag?post=11001"}],"curies":[{"name":"wp","href":"https:\/\/api.w.org\/{rel}","templated":true}]}}