{"id":12224,"date":"2025-09-30T16:08:42","date_gmt":"2025-09-30T19:08:42","guid":{"rendered":"https:\/\/tecnovisao.net\/?post_type=product&#038;p=12224"},"modified":"2025-10-01T11:49:49","modified_gmt":"2025-10-01T14:49:49","slug":"snow-eye","status":"publish","type":"product","link":"https:\/\/tecnovisao.net\/es\/produtos\/snow-eye\/","title":{"rendered":"Snow Eye"},"content":{"rendered":"<p>Caracter\u00edsticas:<\/p>\n<ul>\n<li>Amplia\u00e7\u00e3o de 1x a 32x;<\/li>\n<li>Possui 12 combina\u00e7\u00f5es de contraste \/ cor;<\/li>\n<li>Conecta com monitor, computador \u00a0e TV;<\/li>\n<li>Auto foco;<\/li>\n<li>Plug&amp;Play;<\/li>\n<li>Visualiza\u00e7\u00e3o no modo distante;<\/li>\n<li>Bateria: autonomia em torno de 3 a 4h;<\/li>\n<li>Peso: 350g.<\/li>\n<\/ul>","protected":false},"excerpt":{"rendered":"<p>A Snow Eye \u00e9 compat\u00edvel com notebook, computador e TV oferecendo liberdade de uso em diferentes ambientes. Voc\u00ea pode utiliz\u00e1-la na sala de estar para assistir TV, em reuni\u00f5es para acompanhar apresenta\u00e7\u00f5es em PowerPoint e interagir com os participantes, ou at\u00e9 mesmo posicion\u00e1-la junto a uma janela para apreciar a paisagem externa. Compacta e leve, a Snow Eye \u00e9 a melhor op\u00e7\u00e3o para pessoas com defici\u00eancia visual que buscam ampliar sua autonomia e qualidade de vida.<\/p>\n<p>Fabricada pela Zoomax, empresa internacionalmente reconhecida pelo seu grande conhecimento e inova\u00e7\u00e3o em tecnologias para pessoas com baixa vis\u00e3o, a Snow Eye une qualidade, praticidade e acessibilidade em um \u00fanico equipamento.<\/p>\n<p>Como complemento perfeito do Snow 12, a c\u00e2mera de longa dist\u00e2ncia Snow Eye tamb\u00e9m permite que estudantes com baixa vis\u00e3o acompanhem o quadro negro na sala de aula com total liberdade. Alternando facilmente entre a visualiza\u00e7\u00e3o de perto e \u00e0 dist\u00e2ncia, os alunos aproveitam as aulas com muito mais efici\u00eancia e conforto. Simples e pr\u00e1tica, a Snow Eye \u00e9 ideal para atender \u00e0s demandas r\u00e1pidas do dia a dia escolar.<\/p>","protected":false},"author":2,"featured_media":12230,"template":"","meta":{"site-sidebar-layout":"default","site-content-layout":"","ast-site-content-layout":"default","site-content-style":"default","site-sidebar-style":"default","ast-global-header-display":"","ast-banner-title-visibility":"","ast-main-header-display":"","ast-hfb-above-header-display":"","ast-hfb-below-header-display":"","ast-hfb-mobile-header-display":"","site-post-title":"","ast-breadcrumbs-content":"","ast-featured-img":"","footer-sml-layout":"","ast-disable-related-posts":"","theme-transparent-header-meta":"default","adv-header-id-meta":"","stick-header-meta":"default","header-above-stick-meta":"","header-main-stick-meta":"","header-below-stick-meta":"","astra-migrate-meta-layouts":"set","ast-page-background-enabled":"default","ast-page-background-meta":{"desktop":{"background-color":"","background-image":"","background-repeat":"repeat","background-position":"center center","background-size":"auto","background-attachment":"scroll","background-type":"","background-media":"","overlay-type":"","overlay-color":"","overlay-opacity":"","overlay-gradient":""},"tablet":{"background-color":"","background-image":"","background-repeat":"repeat","background-position":"center center","background-size":"auto","background-attachment":"scroll","background-type":"","background-media":"","overlay-type":"","overlay-color":"","overlay-opacity":"","overlay-gradient":""},"mobile":{"background-color":"","background-image":"","background-repeat":"repeat","background-position":"center center","background-size":"auto","background-attachment":"scroll","background-type":"","background-media":"","overlay-type":"","overlay-color":"","overlay-opacity":"","overlay-gradient":""}},"ast-content-background-meta":{"desktop":{"background-color":"var(--ast-global-color-5)","background-image":"","background-repeat":"repeat","background-position":"center center","background-size":"auto","background-attachment":"scroll","background-type":"","background-media":"","overlay-type":"","overlay-color":"","overlay-opacity":"","overlay-gradient":""},"tablet":{"background-color":"var(--ast-global-color-5)","background-image":"","background-repeat":"repeat","background-position":"center center","background-size":"auto","background-attachment":"scroll","background-type":"","background-media":"","overlay-type":"","overlay-color":"","overlay-opacity":"","overlay-gradient":""},"mobile":{"background-color":"var(--ast-global-color-5)","background-image":"","background-repeat":"repeat","background-position":"center center","background-size":"auto","background-attachment":"scroll","background-type":"","background-media":"","overlay-type":"","overlay-color":"","overlay-opacity":"","overlay-gradient":""}}},"product_brand":[],"product_cat":[28],"product_tag":[63],"class_list":{"0":"post-12224","1":"product","2":"type-product","3":"status-publish","4":"has-post-thumbnail","6":"product_cat-ampliador","7":"product_tag-ampliador_lupa","8":"pa_tipo-equipamentos","9":"desktop-align-left","10":"tablet-align-left","11":"mobile-align-left","12":"ast-product-gallery-layout-horizontal","13":"ast-product-tabs-layout-vertical","15":"first","16":"instock","17":"shipping-taxable","18":"product-type-simple"},"yoast_head":"<!-- This site is optimized with the Yoast SEO plugin v27.2 - https:\/\/yoast.com\/product\/yoast-seo-wordpress\/ -->\n<title>Snow Eye - Tecnovis&atilde;o<\/title>\n<meta name=\"robots\" content=\"index, follow, max-snippet:-1, max-image-preview:large, max-video-preview:-1\" \/>\n<link rel=\"canonical\" href=\"https:\/\/tecnovisao.net\/es\/produtos\/snow-eye\/\" \/>\n<meta property=\"og:locale\" content=\"es_ES\" \/>\n<meta property=\"og:type\" content=\"article\" \/>\n<meta property=\"og:title\" content=\"Snow Eye - Tecnovis&atilde;o\" \/>\n<meta property=\"og:description\" content=\"A Snow Eye \u00e9 compat\u00edvel com notebook, computador e TV oferecendo liberdade de uso em diferentes ambientes. Voc\u00ea pode utiliz\u00e1-la na sala de estar para assistir TV, em reuni\u00f5es para acompanhar apresenta\u00e7\u00f5es em PowerPoint e interagir com os participantes, ou at\u00e9 mesmo posicion\u00e1-la junto a uma janela para apreciar a paisagem externa. Compacta e leve, a Snow Eye \u00e9 a melhor op\u00e7\u00e3o para pessoas com defici\u00eancia visual que buscam ampliar sua autonomia e qualidade de vida.  Fabricada pela Zoomax, empresa internacionalmente reconhecida pelo seu grande conhecimento e inova\u00e7\u00e3o em tecnologias para pessoas com baixa vis\u00e3o, a Snow Eye une qualidade, praticidade e acessibilidade em um \u00fanico equipamento.  Como complemento perfeito do Snow 12, a c\u00e2mera de longa dist\u00e2ncia Snow Eye tamb\u00e9m permite que estudantes com baixa vis\u00e3o acompanhem o quadro negro na sala de aula com total liberdade. Alternando facilmente entre a visualiza\u00e7\u00e3o de perto e \u00e0 dist\u00e2ncia, os alunos aproveitam as aulas com muito mais efici\u00eancia e conforto. Simples e pr\u00e1tica, a Snow Eye \u00e9 ideal para atender \u00e0s demandas r\u00e1pidas do dia a dia escolar.\" \/>\n<meta property=\"og:url\" content=\"https:\/\/tecnovisao.net\/es\/produtos\/snow-eye\/\" \/>\n<meta property=\"og:site_name\" content=\"Tecnovis&atilde;o\" \/>\n<meta property=\"article:publisher\" content=\"https:\/\/facebook.com\/tecnovisao\" \/>\n<meta property=\"article:modified_time\" content=\"2025-10-01T14:49:49+00:00\" \/>\n<meta property=\"og:image\" content=\"https:\/\/tecnovisao.net\/wp-content\/uploads\/2025\/09\/1.png\" \/>\n\t<meta property=\"og:image:width\" content=\"1502\" \/>\n\t<meta property=\"og:image:height\" content=\"1946\" \/>\n\t<meta property=\"og:image:type\" content=\"image\/png\" \/>\n<meta name=\"twitter:card\" content=\"summary_large_image\" \/>\n<meta name=\"twitter:site\" content=\"@tecnovisao\" \/>\n<script type=\"application\/ld+json\" class=\"yoast-schema-graph\">{\"@context\":\"https:\/\/schema.org\",\"@graph\":[{\"@type\":\"WebPage\",\"@id\":\"https:\/\/tecnovisao.net\/produtos\/snow-eye\/\",\"url\":\"https:\/\/tecnovisao.net\/produtos\/snow-eye\/\",\"name\":\"Snow Eye - Tecnovis&atilde;o\",\"isPartOf\":{\"@id\":\"https:\/\/tecnovisao.net\/#website\"},\"primaryImageOfPage\":{\"@id\":\"https:\/\/tecnovisao.net\/produtos\/snow-eye\/#primaryimage\"},\"image\":{\"@id\":\"https:\/\/tecnovisao.net\/produtos\/snow-eye\/#primaryimage\"},\"thumbnailUrl\":\"https:\/\/i0.wp.com\/tecnovisao.net\/wp-content\/uploads\/2025\/09\/1.png?fit=1502%2C1946&ssl=1\",\"datePublished\":\"2025-09-30T19:08:42+00:00\",\"dateModified\":\"2025-10-01T14:49:49+00:00\",\"breadcrumb\":{\"@id\":\"https:\/\/tecnovisao.net\/produtos\/snow-eye\/#breadcrumb\"},\"inLanguage\":\"es\",\"potentialAction\":[{\"@type\":\"ReadAction\",\"target\":[\"https:\/\/tecnovisao.net\/produtos\/snow-eye\/\"]}]},{\"@type\":\"ImageObject\",\"inLanguage\":\"es\",\"@id\":\"https:\/\/tecnovisao.net\/produtos\/snow-eye\/#primaryimage\",\"url\":\"https:\/\/i0.wp.com\/tecnovisao.net\/wp-content\/uploads\/2025\/09\/1.png?fit=1502%2C1946&ssl=1\",\"contentUrl\":\"https:\/\/i0.wp.com\/tecnovisao.net\/wp-content\/uploads\/2025\/09\/1.png?fit=1502%2C1946&ssl=1\",\"width\":1502,\"height\":1946,\"caption\":\"Snow Eye\"},{\"@type\":\"BreadcrumbList\",\"@id\":\"https:\/\/tecnovisao.net\/produtos\/snow-eye\/#breadcrumb\",\"itemListElement\":[{\"@type\":\"ListItem\",\"position\":1,\"name\":\"In\u00edcio\",\"item\":\"https:\/\/tecnovisao.net\/\"},{\"@type\":\"ListItem\",\"position\":2,\"name\":\"Produtos\",\"item\":\"https:\/\/tecnovisao.net\/produtos\/\"},{\"@type\":\"ListItem\",\"position\":3,\"name\":\"Snow Eye\"}]},{\"@type\":\"WebSite\",\"@id\":\"https:\/\/tecnovisao.net\/#website\",\"url\":\"https:\/\/tecnovisao.net\/\",\"name\":\"Tecnovis&atilde;o\",\"description\":\"Conectando voc\u00ea ao mundo\",\"publisher\":{\"@id\":\"https:\/\/tecnovisao.net\/#organization\"},\"potentialAction\":[{\"@type\":\"SearchAction\",\"target\":{\"@type\":\"EntryPoint\",\"urlTemplate\":\"https:\/\/tecnovisao.net\/?s={search_term_string}\"},\"query-input\":{\"@type\":\"PropertyValueSpecification\",\"valueRequired\":true,\"valueName\":\"search_term_string\"}}],\"inLanguage\":\"es\"},{\"@type\":\"Organization\",\"@id\":\"https:\/\/tecnovisao.net\/#organization\",\"name\":\"Tecnovis\u00e3o\",\"url\":\"https:\/\/tecnovisao.net\/\",\"logo\":{\"@type\":\"ImageObject\",\"inLanguage\":\"es\",\"@id\":\"https:\/\/tecnovisao.net\/#\/schema\/logo\/image\/\",\"url\":\"https:\/\/tecnovisao.net\/wp-content\/uploads\/2021\/01\/logo-site.png\",\"contentUrl\":\"https:\/\/tecnovisao.net\/wp-content\/uploads\/2021\/01\/logo-site.png\",\"width\":356,\"height\":80,\"caption\":\"Tecnovis\u00e3o\"},\"image\":{\"@id\":\"https:\/\/tecnovisao.net\/#\/schema\/logo\/image\/\"},\"sameAs\":[\"https:\/\/facebook.com\/tecnovisao\",\"https:\/\/x.com\/tecnovisao\",\"https:\/\/instagram.com\/tecnovisao\",\"https:\/\/www.linkedin.com\/company\/tecnovisao\/\",\"https:\/\/www.youtube.com\/user\/Tecnovisao\"]}]}<\/script>\n<!-- \/ Yoast SEO plugin. -->","yoast_head_json":{"title":"Snow Eye - Tecnovis&atilde;o","robots":{"index":"index","follow":"follow","max-snippet":"max-snippet:-1","max-image-preview":"max-image-preview:large","max-video-preview":"max-video-preview:-1"},"canonical":"https:\/\/tecnovisao.net\/es\/produtos\/snow-eye\/","og_locale":"es_ES","og_type":"article","og_title":"Snow Eye - Tecnovis&atilde;o","og_description":"A Snow Eye \u00e9 compat\u00edvel com notebook, computador e TV oferecendo liberdade de uso em diferentes ambientes. Voc\u00ea pode utiliz\u00e1-la na sala de estar para assistir TV, em reuni\u00f5es para acompanhar apresenta\u00e7\u00f5es em PowerPoint e interagir com os participantes, ou at\u00e9 mesmo posicion\u00e1-la junto a uma janela para apreciar a paisagem externa. Compacta e leve, a Snow Eye \u00e9 a melhor op\u00e7\u00e3o para pessoas com defici\u00eancia visual que buscam ampliar sua autonomia e qualidade de vida.  Fabricada pela Zoomax, empresa internacionalmente reconhecida pelo seu grande conhecimento e inova\u00e7\u00e3o em tecnologias para pessoas com baixa vis\u00e3o, a Snow Eye une qualidade, praticidade e acessibilidade em um \u00fanico equipamento.  Como complemento perfeito do Snow 12, a c\u00e2mera de longa dist\u00e2ncia Snow Eye tamb\u00e9m permite que estudantes com baixa vis\u00e3o acompanhem o quadro negro na sala de aula com total liberdade. Alternando facilmente entre a visualiza\u00e7\u00e3o de perto e \u00e0 dist\u00e2ncia, os alunos aproveitam as aulas com muito mais efici\u00eancia e conforto. Simples e pr\u00e1tica, a Snow Eye \u00e9 ideal para atender \u00e0s demandas r\u00e1pidas do dia a dia escolar.","og_url":"https:\/\/tecnovisao.net\/es\/produtos\/snow-eye\/","og_site_name":"Tecnovis&atilde;o","article_publisher":"https:\/\/facebook.com\/tecnovisao","article_modified_time":"2025-10-01T14:49:49+00:00","og_image":[{"width":1502,"height":1946,"url":"https:\/\/tecnovisao.net\/wp-content\/uploads\/2025\/09\/1.png","type":"image\/png"}],"twitter_card":"summary_large_image","twitter_site":"@tecnovisao","schema":{"@context":"https:\/\/schema.org","@graph":[{"@type":"WebPage","@id":"https:\/\/tecnovisao.net\/produtos\/snow-eye\/","url":"https:\/\/tecnovisao.net\/produtos\/snow-eye\/","name":"Snow Eye - Tecnovis&atilde;o","isPartOf":{"@id":"https:\/\/tecnovisao.net\/#website"},"primaryImageOfPage":{"@id":"https:\/\/tecnovisao.net\/produtos\/snow-eye\/#primaryimage"},"image":{"@id":"https:\/\/tecnovisao.net\/produtos\/snow-eye\/#primaryimage"},"thumbnailUrl":"https:\/\/i0.wp.com\/tecnovisao.net\/wp-content\/uploads\/2025\/09\/1.png?fit=1502%2C1946&ssl=1","datePublished":"2025-09-30T19:08:42+00:00","dateModified":"2025-10-01T14:49:49+00:00","breadcrumb":{"@id":"https:\/\/tecnovisao.net\/produtos\/snow-eye\/#breadcrumb"},"inLanguage":"es","potentialAction":[{"@type":"ReadAction","target":["https:\/\/tecnovisao.net\/produtos\/snow-eye\/"]}]},{"@type":"ImageObject","inLanguage":"es","@id":"https:\/\/tecnovisao.net\/produtos\/snow-eye\/#primaryimage","url":"https:\/\/i0.wp.com\/tecnovisao.net\/wp-content\/uploads\/2025\/09\/1.png?fit=1502%2C1946&ssl=1","contentUrl":"https:\/\/i0.wp.com\/tecnovisao.net\/wp-content\/uploads\/2025\/09\/1.png?fit=1502%2C1946&ssl=1","width":1502,"height":1946,"caption":"Snow Eye"},{"@type":"BreadcrumbList","@id":"https:\/\/tecnovisao.net\/produtos\/snow-eye\/#breadcrumb","itemListElement":[{"@type":"ListItem","position":1,"name":"In\u00edcio","item":"https:\/\/tecnovisao.net\/"},{"@type":"ListItem","position":2,"name":"Produtos","item":"https:\/\/tecnovisao.net\/produtos\/"},{"@type":"ListItem","position":3,"name":"Snow Eye"}]},{"@type":"WebSite","@id":"https:\/\/tecnovisao.net\/#website","url":"https:\/\/tecnovisao.net\/","name":"Tecnovis&atilde;o","description":"Conectando voc\u00ea ao mundo","publisher":{"@id":"https:\/\/tecnovisao.net\/#organization"},"potentialAction":[{"@type":"SearchAction","target":{"@type":"EntryPoint","urlTemplate":"https:\/\/tecnovisao.net\/?s={search_term_string}"},"query-input":{"@type":"PropertyValueSpecification","valueRequired":true,"valueName":"search_term_string"}}],"inLanguage":"es"},{"@type":"Organization","@id":"https:\/\/tecnovisao.net\/#organization","name":"Tecnovis\u00e3o","url":"https:\/\/tecnovisao.net\/","logo":{"@type":"ImageObject","inLanguage":"es","@id":"https:\/\/tecnovisao.net\/#\/schema\/logo\/image\/","url":"https:\/\/tecnovisao.net\/wp-content\/uploads\/2021\/01\/logo-site.png","contentUrl":"https:\/\/tecnovisao.net\/wp-content\/uploads\/2021\/01\/logo-site.png","width":356,"height":80,"caption":"Tecnovis\u00e3o"},"image":{"@id":"https:\/\/tecnovisao.net\/#\/schema\/logo\/image\/"},"sameAs":["https:\/\/facebook.com\/tecnovisao","https:\/\/x.com\/tecnovisao","https:\/\/instagram.com\/tecnovisao","https:\/\/www.linkedin.com\/company\/tecnovisao\/","https:\/\/www.youtube.com\/user\/Tecnovisao"]}]}},"jetpack_sharing_enabled":true,"_links":{"self":[{"href":"https:\/\/tecnovisao.net\/es\/wp-json\/wp\/v2\/product\/12224","targetHints":{"allow":["GET"]}}],"collection":[{"href":"https:\/\/tecnovisao.net\/es\/wp-json\/wp\/v2\/product"}],"about":[{"href":"https:\/\/tecnovisao.net\/es\/wp-json\/wp\/v2\/types\/product"}],"author":[{"embeddable":true,"href":"https:\/\/tecnovisao.net\/es\/wp-json\/wp\/v2\/users\/2"}],"wp:featuredmedia":[{"embeddable":true,"href":"https:\/\/tecnovisao.net\/es\/wp-json\/wp\/v2\/media\/12230"}],"wp:attachment":[{"href":"https:\/\/tecnovisao.net\/es\/wp-json\/wp\/v2\/media?parent=12224"}],"wp:term":[{"taxonomy":"product_brand","embeddable":true,"href":"https:\/\/tecnovisao.net\/es\/wp-json\/wp\/v2\/product_brand?post=12224"},{"taxonomy":"product_cat","embeddable":true,"href":"https:\/\/tecnovisao.net\/es\/wp-json\/wp\/v2\/product_cat?post=12224"},{"taxonomy":"product_tag","embeddable":true,"href":"https:\/\/tecnovisao.net\/es\/wp-json\/wp\/v2\/product_tag?post=12224"}],"curies":[{"name":"wp","href":"https:\/\/api.w.org\/{rel}","templated":true}]}}