{"id":12927,"date":"2026-03-09T11:10:17","date_gmt":"2026-03-09T14:10:17","guid":{"rendered":"https:\/\/tecnovisao.net\/?post_type=product&#038;p=12927"},"modified":"2026-03-09T11:13:02","modified_gmt":"2026-03-09T14:13:02","slug":"braille-sense-7-40-celas","status":"publish","type":"product","link":"https:\/\/tecnovisao.net\/es\/produtos\/braille-sense-7-40-celas\/","title":{"rendered":"Braille Sense 7 | 40 celas"},"content":{"rendered":"<ul>\n<li>40 celas Braille;<\/li>\n<li>Teclado tipo Perkins (8 teclas) e 7 teclas de fun\u00e7\u00e3o;<\/li>\n<li>Display capacitivo por toque;<\/li>\n<li>Teclas de rolagem;<\/li>\n<li>Tela LCD integrada sincronizada com a linha Braille;<\/li>\n<li>Sistema operacional Android 15;<\/li>\n<li>Processador: Octa-core at\u00e9 3.35GHz;<\/li>\n<li>Mem\u00f3ria: 8GB LPDDR5X;<\/li>\n<li>Armazenamento: 256GB UFS 4.0;<\/li>\n<li>C\u00e2mera traseira 20MP com flash;<\/li>\n<li>Alto-falantes est\u00e9reo dedicados;<\/li>\n<li>Microfone est\u00e9reo MEMS;<\/li>\n<li>2 portas USB-C, 2 portas USB-A e HDMI para conex\u00e3o conveniente de m\u00faltiplos perif\u00e9ricos, incluindo impressoras, teclados, dispositivos de \u00e1udio USB, c\u00e2meras, unidades de armazenamento e monitores;<\/li>\n<li>Sintetizador de voz integrado;<\/li>\n<li>Conex\u00e3o: wi-fi, bluetooth e USB;<\/li>\n<li>Permite conectar monitor externo;<\/li>\n<li>Permite conectar com computador e celular;<\/li>\n<li>Permite conectar webcam;<\/li>\n<li>Ferramentas Office avan\u00e7adas (Word e Excel);<\/li>\n<li>Utiliza o processador de texto para imprimir em Braille ou tinta;<\/li>\n<li>Compat\u00edvel com os formatos de arquivos: DOC, DOCX, PPT, PPTX, RTF, XLS, XLSX, TXT, ePub, PDF, BRL e BRF;<\/li>\n<li>Compat\u00edvel com formatos de m\u00eddia: Youtube, MP3, MP4, WAV, ASF, OGG, WMA, M4A, M3U, PLS, WMV, FLAC, MID e ACC;<\/li>\n<li>Permite ouvir livros Daisy, Bookshare.org , suporta aplicativos de terceiros;<\/li>\n<li>Possui celas individualizadas e totalmente encapsuladas para evitar danos f\u00edsicos ao usu\u00e1rio e de todo sistema em caso de queda ou embates fortes;<\/li>\n<li>Baixe aplicativos direto da PlayStore;<\/li>\n<li>Assistente de IA Google Gemini com acesso via bot\u00e3o Home;<\/li>\n<li>Navegador web aprimorado;<\/li>\n<li>Compat\u00edvel com Windows, MAC OSX, Android e iPhone;<\/li>\n<li>Ferramentas de produtividade : Gerenciador de arquivo, Gerenciador macro, Visualizador (Excel, Word, Power Point), Web browser, Editor de Texto, Email, Google DOC, Dropbox, Gerenciador de atividades, Gerenciador de endere\u00e7o, Calculadora cient\u00edfica;<\/li>\n<li>Opcional: acess\u00f3rio de capa com teclado QWERTY externo;<\/li>\n<li>Bateria: 16h;<\/li>\n<\/ul>","protected":false},"excerpt":{"rendered":"<p>O Braille Sense 7, desenvolvido pela HIMS, inaugura uma nova era dos notetakers com Android.<\/p>\n<p>Mais do que uma evolu\u00e7\u00e3o, ele representa um salto em desempenho, integra\u00e7\u00e3o e intelig\u00eancia artificial. Seu display Braille capacitivo por toque, recurso presente apenas em fabricantes premium, analisa o movimento dos dedos em tempo real e proporciona uma experi\u00eancia interativa de leitura muito mais din\u00e2mica, precisa e responsiva.<\/p>\n<p>Dispon\u00edvel na vers\u00e3o com 40 c\u00e9lulas Braille, foi projetado para usu\u00e1rios que exigem m\u00e1xima produtividade, fluidez e independ\u00eancia em estudos, trabalho e comunica\u00e7\u00e3o.<\/p>\n<p>Com integra\u00e7\u00e3o nativa ao ecossistema Android e recursos avan\u00e7ados de IA do Google, o Braille Sense 7 redefine o que se espera de um notetaker profissional.<\/p>","protected":false},"author":2,"featured_media":12947,"template":"","meta":{"site-sidebar-layout":"default","site-content-layout":"","ast-site-content-layout":"default","site-content-style":"default","site-sidebar-style":"default","ast-global-header-display":"","ast-banner-title-visibility":"","ast-main-header-display":"","ast-hfb-above-header-display":"","ast-hfb-below-header-display":"","ast-hfb-mobile-header-display":"","site-post-title":"","ast-breadcrumbs-content":"","ast-featured-img":"","footer-sml-layout":"","ast-disable-related-posts":"","theme-transparent-header-meta":"default","adv-header-id-meta":"","stick-header-meta":"default","header-above-stick-meta":"","header-main-stick-meta":"","header-below-stick-meta":"","astra-migrate-meta-layouts":"set","ast-page-background-enabled":"default","ast-page-background-meta":{"desktop":{"background-color":"","background-image":"","background-repeat":"repeat","background-position":"center center","background-size":"auto","background-attachment":"scroll","background-type":"","background-media":"","overlay-type":"","overlay-color":"","overlay-opacity":"","overlay-gradient":""},"tablet":{"background-color":"","background-image":"","background-repeat":"repeat","background-position":"center center","background-size":"auto","background-attachment":"scroll","background-type":"","background-media":"","overlay-type":"","overlay-color":"","overlay-opacity":"","overlay-gradient":""},"mobile":{"background-color":"","background-image":"","background-repeat":"repeat","background-position":"center center","background-size":"auto","background-attachment":"scroll","background-type":"","background-media":"","overlay-type":"","overlay-color":"","overlay-opacity":"","overlay-gradient":""}},"ast-content-background-meta":{"desktop":{"background-color":"var(--ast-global-color-5)","background-image":"","background-repeat":"repeat","background-position":"center center","background-size":"auto","background-attachment":"scroll","background-type":"","background-media":"","overlay-type":"","overlay-color":"","overlay-opacity":"","overlay-gradient":""},"tablet":{"background-color":"var(--ast-global-color-5)","background-image":"","background-repeat":"repeat","background-position":"center center","background-size":"auto","background-attachment":"scroll","background-type":"","background-media":"","overlay-type":"","overlay-color":"","overlay-opacity":"","overlay-gradient":""},"mobile":{"background-color":"var(--ast-global-color-5)","background-image":"","background-repeat":"repeat","background-position":"center center","background-size":"auto","background-attachment":"scroll","background-type":"","background-media":"","overlay-type":"","overlay-color":"","overlay-opacity":"","overlay-gradient":""}}},"product_brand":[],"product_cat":[18],"product_tag":[223],"class_list":{"0":"post-12927","1":"product","2":"type-product","3":"status-publish","4":"has-post-thumbnail","6":"product_cat-computador-braille","7":"product_tag-computador-braille","8":"pa_tipo-equipamentos","9":"desktop-align-left","10":"tablet-align-left","11":"mobile-align-left","12":"ast-product-gallery-layout-horizontal","13":"ast-product-tabs-layout-vertical","15":"first","16":"instock","17":"featured","18":"shipping-taxable","19":"product-type-simple"},"yoast_head":"<!-- This site is optimized with the Yoast SEO plugin v27.2 - https:\/\/yoast.com\/product\/yoast-seo-wordpress\/ -->\n<title>Braille Sense 7 40 celas | Notetaker Android com IA | TecnovisaoBraille Sense 7 | 40 celas - Tecnovis&atilde;o<\/title>\n<meta name=\"description\" content=\"Braille Sense 7 com 40 celas e Android. Display capacitivo por toque, IA do Google e alto desempenho para estudo e trabalho. Conhe\u00e7a na Tecnovisao.\" \/>\n<meta name=\"robots\" content=\"index, follow, max-snippet:-1, max-image-preview:large, max-video-preview:-1\" \/>\n<link rel=\"canonical\" href=\"https:\/\/tecnovisao.net\/es\/produtos\/braille-sense-7-40-celas\/\" \/>\n<meta property=\"og:locale\" content=\"es_ES\" \/>\n<meta property=\"og:type\" content=\"article\" \/>\n<meta property=\"og:title\" content=\"Braille Sense 7 40 celas | Notetaker Android com IA | TecnovisaoBraille Sense 7 | 40 celas - Tecnovis&atilde;o\" \/>\n<meta property=\"og:description\" content=\"Braille Sense 7 com 40 celas e Android. Display capacitivo por toque, IA do Google e alto desempenho para estudo e trabalho. Conhe\u00e7a na Tecnovisao.\" \/>\n<meta property=\"og:url\" content=\"https:\/\/tecnovisao.net\/es\/produtos\/braille-sense-7-40-celas\/\" \/>\n<meta property=\"og:site_name\" content=\"Tecnovis&atilde;o\" \/>\n<meta property=\"article:publisher\" content=\"https:\/\/facebook.com\/tecnovisao\" \/>\n<meta property=\"article:modified_time\" content=\"2026-03-09T14:13:02+00:00\" \/>\n<meta property=\"og:image\" content=\"https:\/\/tecnovisao.net\/wp-content\/uploads\/2026\/03\/H740B_up-1024x547.png\" \/>\n\t<meta property=\"og:image:width\" content=\"1024\" \/>\n\t<meta property=\"og:image:height\" content=\"547\" \/>\n\t<meta property=\"og:image:type\" content=\"image\/png\" \/>\n<meta name=\"twitter:card\" content=\"summary_large_image\" \/>\n<meta name=\"twitter:site\" content=\"@tecnovisao\" \/>\n<meta name=\"twitter:label1\" content=\"Tiempo de lectura\" \/>\n\t<meta name=\"twitter:data1\" content=\"1 minuto\" \/>\n<script type=\"application\/ld+json\" class=\"yoast-schema-graph\">{\"@context\":\"https:\/\/schema.org\",\"@graph\":[{\"@type\":\"WebPage\",\"@id\":\"https:\/\/tecnovisao.net\/produtos\/braille-sense-7-40-celas\/\",\"url\":\"https:\/\/tecnovisao.net\/produtos\/braille-sense-7-40-celas\/\",\"name\":\"Braille Sense 7 40 celas | Notetaker Android com IA | TecnovisaoBraille Sense 7 | 40 celas - Tecnovis&atilde;o\",\"isPartOf\":{\"@id\":\"https:\/\/tecnovisao.net\/#website\"},\"primaryImageOfPage\":{\"@id\":\"https:\/\/tecnovisao.net\/produtos\/braille-sense-7-40-celas\/#primaryimage\"},\"image\":{\"@id\":\"https:\/\/tecnovisao.net\/produtos\/braille-sense-7-40-celas\/#primaryimage\"},\"thumbnailUrl\":\"https:\/\/i0.wp.com\/tecnovisao.net\/wp-content\/uploads\/2026\/03\/H740B_up-scaled.png?fit=2560%2C1368&ssl=1\",\"datePublished\":\"2026-03-09T14:10:17+00:00\",\"dateModified\":\"2026-03-09T14:13:02+00:00\",\"description\":\"Braille Sense 7 com 40 celas e Android. Display capacitivo por toque, IA do Google e alto desempenho para estudo e trabalho. Conhe\u00e7a na Tecnovisao.\",\"breadcrumb\":{\"@id\":\"https:\/\/tecnovisao.net\/produtos\/braille-sense-7-40-celas\/#breadcrumb\"},\"inLanguage\":\"es\",\"potentialAction\":[{\"@type\":\"ReadAction\",\"target\":[\"https:\/\/tecnovisao.net\/produtos\/braille-sense-7-40-celas\/\"]}]},{\"@type\":\"ImageObject\",\"inLanguage\":\"es\",\"@id\":\"https:\/\/tecnovisao.net\/produtos\/braille-sense-7-40-celas\/#primaryimage\",\"url\":\"https:\/\/i0.wp.com\/tecnovisao.net\/wp-content\/uploads\/2026\/03\/H740B_up-scaled.png?fit=2560%2C1368&ssl=1\",\"contentUrl\":\"https:\/\/i0.wp.com\/tecnovisao.net\/wp-content\/uploads\/2026\/03\/H740B_up-scaled.png?fit=2560%2C1368&ssl=1\",\"width\":2560,\"height\":1368,\"caption\":\"Braille Sense 7 40 celas\"},{\"@type\":\"BreadcrumbList\",\"@id\":\"https:\/\/tecnovisao.net\/produtos\/braille-sense-7-40-celas\/#breadcrumb\",\"itemListElement\":[{\"@type\":\"ListItem\",\"position\":1,\"name\":\"In\u00edcio\",\"item\":\"https:\/\/tecnovisao.net\/\"},{\"@type\":\"ListItem\",\"position\":2,\"name\":\"Produtos\",\"item\":\"https:\/\/tecnovisao.net\/produtos\/\"},{\"@type\":\"ListItem\",\"position\":3,\"name\":\"Braille Sense 7 | 40 celas\"}]},{\"@type\":\"WebSite\",\"@id\":\"https:\/\/tecnovisao.net\/#website\",\"url\":\"https:\/\/tecnovisao.net\/\",\"name\":\"Tecnovis&atilde;o\",\"description\":\"Conectando voc\u00ea ao mundo\",\"publisher\":{\"@id\":\"https:\/\/tecnovisao.net\/#organization\"},\"potentialAction\":[{\"@type\":\"SearchAction\",\"target\":{\"@type\":\"EntryPoint\",\"urlTemplate\":\"https:\/\/tecnovisao.net\/?s={search_term_string}\"},\"query-input\":{\"@type\":\"PropertyValueSpecification\",\"valueRequired\":true,\"valueName\":\"search_term_string\"}}],\"inLanguage\":\"es\"},{\"@type\":\"Organization\",\"@id\":\"https:\/\/tecnovisao.net\/#organization\",\"name\":\"Tecnovis\u00e3o\",\"url\":\"https:\/\/tecnovisao.net\/\",\"logo\":{\"@type\":\"ImageObject\",\"inLanguage\":\"es\",\"@id\":\"https:\/\/tecnovisao.net\/#\/schema\/logo\/image\/\",\"url\":\"https:\/\/tecnovisao.net\/wp-content\/uploads\/2021\/01\/logo-site.png\",\"contentUrl\":\"https:\/\/tecnovisao.net\/wp-content\/uploads\/2021\/01\/logo-site.png\",\"width\":356,\"height\":80,\"caption\":\"Tecnovis\u00e3o\"},\"image\":{\"@id\":\"https:\/\/tecnovisao.net\/#\/schema\/logo\/image\/\"},\"sameAs\":[\"https:\/\/facebook.com\/tecnovisao\",\"https:\/\/x.com\/tecnovisao\",\"https:\/\/instagram.com\/tecnovisao\",\"https:\/\/www.linkedin.com\/company\/tecnovisao\/\",\"https:\/\/www.youtube.com\/user\/Tecnovisao\"]}]}<\/script>\n<!-- \/ Yoast SEO plugin. -->","yoast_head_json":{"title":"Braille Sense 7 40 celas | Notetaker Android com IA | TecnovisaoBraille Sense 7 | 40 celas - Tecnovis&atilde;o","description":"Braille Sense 7 com 40 celas e Android. Display capacitivo por toque, IA do Google e alto desempenho para estudo e trabalho. Conhe\u00e7a na Tecnovisao.","robots":{"index":"index","follow":"follow","max-snippet":"max-snippet:-1","max-image-preview":"max-image-preview:large","max-video-preview":"max-video-preview:-1"},"canonical":"https:\/\/tecnovisao.net\/es\/produtos\/braille-sense-7-40-celas\/","og_locale":"es_ES","og_type":"article","og_title":"Braille Sense 7 40 celas | Notetaker Android com IA | TecnovisaoBraille Sense 7 | 40 celas - Tecnovis&atilde;o","og_description":"Braille Sense 7 com 40 celas e Android. Display capacitivo por toque, IA do Google e alto desempenho para estudo e trabalho. Conhe\u00e7a na Tecnovisao.","og_url":"https:\/\/tecnovisao.net\/es\/produtos\/braille-sense-7-40-celas\/","og_site_name":"Tecnovis&atilde;o","article_publisher":"https:\/\/facebook.com\/tecnovisao","article_modified_time":"2026-03-09T14:13:02+00:00","og_image":[{"width":1024,"height":547,"url":"https:\/\/tecnovisao.net\/wp-content\/uploads\/2026\/03\/H740B_up-1024x547.png","type":"image\/png"}],"twitter_card":"summary_large_image","twitter_site":"@tecnovisao","twitter_misc":{"Tiempo de lectura":"1 minuto"},"schema":{"@context":"https:\/\/schema.org","@graph":[{"@type":"WebPage","@id":"https:\/\/tecnovisao.net\/produtos\/braille-sense-7-40-celas\/","url":"https:\/\/tecnovisao.net\/produtos\/braille-sense-7-40-celas\/","name":"Braille Sense 7 40 celas | Notetaker Android com IA | TecnovisaoBraille Sense 7 | 40 celas - Tecnovis&atilde;o","isPartOf":{"@id":"https:\/\/tecnovisao.net\/#website"},"primaryImageOfPage":{"@id":"https:\/\/tecnovisao.net\/produtos\/braille-sense-7-40-celas\/#primaryimage"},"image":{"@id":"https:\/\/tecnovisao.net\/produtos\/braille-sense-7-40-celas\/#primaryimage"},"thumbnailUrl":"https:\/\/i0.wp.com\/tecnovisao.net\/wp-content\/uploads\/2026\/03\/H740B_up-scaled.png?fit=2560%2C1368&ssl=1","datePublished":"2026-03-09T14:10:17+00:00","dateModified":"2026-03-09T14:13:02+00:00","description":"Braille Sense 7 com 40 celas e Android. Display capacitivo por toque, IA do Google e alto desempenho para estudo e trabalho. Conhe\u00e7a na Tecnovisao.","breadcrumb":{"@id":"https:\/\/tecnovisao.net\/produtos\/braille-sense-7-40-celas\/#breadcrumb"},"inLanguage":"es","potentialAction":[{"@type":"ReadAction","target":["https:\/\/tecnovisao.net\/produtos\/braille-sense-7-40-celas\/"]}]},{"@type":"ImageObject","inLanguage":"es","@id":"https:\/\/tecnovisao.net\/produtos\/braille-sense-7-40-celas\/#primaryimage","url":"https:\/\/i0.wp.com\/tecnovisao.net\/wp-content\/uploads\/2026\/03\/H740B_up-scaled.png?fit=2560%2C1368&ssl=1","contentUrl":"https:\/\/i0.wp.com\/tecnovisao.net\/wp-content\/uploads\/2026\/03\/H740B_up-scaled.png?fit=2560%2C1368&ssl=1","width":2560,"height":1368,"caption":"Braille Sense 7 40 celas"},{"@type":"BreadcrumbList","@id":"https:\/\/tecnovisao.net\/produtos\/braille-sense-7-40-celas\/#breadcrumb","itemListElement":[{"@type":"ListItem","position":1,"name":"In\u00edcio","item":"https:\/\/tecnovisao.net\/"},{"@type":"ListItem","position":2,"name":"Produtos","item":"https:\/\/tecnovisao.net\/produtos\/"},{"@type":"ListItem","position":3,"name":"Braille Sense 7 | 40 celas"}]},{"@type":"WebSite","@id":"https:\/\/tecnovisao.net\/#website","url":"https:\/\/tecnovisao.net\/","name":"Tecnovis&atilde;o","description":"Conectando voc\u00ea ao mundo","publisher":{"@id":"https:\/\/tecnovisao.net\/#organization"},"potentialAction":[{"@type":"SearchAction","target":{"@type":"EntryPoint","urlTemplate":"https:\/\/tecnovisao.net\/?s={search_term_string}"},"query-input":{"@type":"PropertyValueSpecification","valueRequired":true,"valueName":"search_term_string"}}],"inLanguage":"es"},{"@type":"Organization","@id":"https:\/\/tecnovisao.net\/#organization","name":"Tecnovis\u00e3o","url":"https:\/\/tecnovisao.net\/","logo":{"@type":"ImageObject","inLanguage":"es","@id":"https:\/\/tecnovisao.net\/#\/schema\/logo\/image\/","url":"https:\/\/tecnovisao.net\/wp-content\/uploads\/2021\/01\/logo-site.png","contentUrl":"https:\/\/tecnovisao.net\/wp-content\/uploads\/2021\/01\/logo-site.png","width":356,"height":80,"caption":"Tecnovis\u00e3o"},"image":{"@id":"https:\/\/tecnovisao.net\/#\/schema\/logo\/image\/"},"sameAs":["https:\/\/facebook.com\/tecnovisao","https:\/\/x.com\/tecnovisao","https:\/\/instagram.com\/tecnovisao","https:\/\/www.linkedin.com\/company\/tecnovisao\/","https:\/\/www.youtube.com\/user\/Tecnovisao"]}]}},"jetpack_sharing_enabled":true,"_links":{"self":[{"href":"https:\/\/tecnovisao.net\/es\/wp-json\/wp\/v2\/product\/12927","targetHints":{"allow":["GET"]}}],"collection":[{"href":"https:\/\/tecnovisao.net\/es\/wp-json\/wp\/v2\/product"}],"about":[{"href":"https:\/\/tecnovisao.net\/es\/wp-json\/wp\/v2\/types\/product"}],"author":[{"embeddable":true,"href":"https:\/\/tecnovisao.net\/es\/wp-json\/wp\/v2\/users\/2"}],"wp:featuredmedia":[{"embeddable":true,"href":"https:\/\/tecnovisao.net\/es\/wp-json\/wp\/v2\/media\/12947"}],"wp:attachment":[{"href":"https:\/\/tecnovisao.net\/es\/wp-json\/wp\/v2\/media?parent=12927"}],"wp:term":[{"taxonomy":"product_brand","embeddable":true,"href":"https:\/\/tecnovisao.net\/es\/wp-json\/wp\/v2\/product_brand?post=12927"},{"taxonomy":"product_cat","embeddable":true,"href":"https:\/\/tecnovisao.net\/es\/wp-json\/wp\/v2\/product_cat?post=12927"},{"taxonomy":"product_tag","embeddable":true,"href":"https:\/\/tecnovisao.net\/es\/wp-json\/wp\/v2\/product_tag?post=12927"}],"curies":[{"name":"wp","href":"https:\/\/api.w.org\/{rel}","templated":true}]}}