{"id":12987,"date":"2026-03-10T16:04:37","date_gmt":"2026-03-10T19:04:37","guid":{"rendered":"https:\/\/tecnovisao.net\/?post_type=product&#038;p=12987"},"modified":"2026-03-10T17:54:11","modified_gmt":"2026-03-10T20:54:11","slug":"govision-move","status":"publish","type":"product","link":"https:\/\/tecnovisao.net\/es\/produtos\/govision-move\/","title":{"rendered":"GoVision Move"},"content":{"rendered":"<ul>\n<li>Tela: 15,6 polegadas com tratamento antirreflexo;<\/li>\n<li>Resolu\u00e7\u00e3o: Full HD (1920 \u00d7 1080);<\/li>\n<li>Amplia\u00e7\u00e3o: 1x at\u00e9 72x;<\/li>\n<li>C\u00e2mera: Full HD com foco autom\u00e1tico;<\/li>\n<li>Rota\u00e7\u00e3o da c\u00e2mera: vertical: at\u00e9 275 graus e horizontal: at\u00e9 90 graus;<\/li>\n<li>Modos de visualiza\u00e7\u00e3o: pr\u00f3ximo, distante e self;<\/li>\n<li>Modos de cor: 17 op\u00e7\u00d5es de alto contraste;<\/li>\n<li>Captura de imagem;<\/li>\n<li>Permite armazenar imagens atrav\u00e9s do cart\u00e3o SD;<\/li>\n<li>Sistema de rastreamento de escrita;<\/li>\n<li>Painel de controle: 7 bot\u00f5es f\u00edsicos | Bot\u00e3o liga\/desliga | Modo de cor | Home | 7 bot\u00f5es f\u00edsicos<\/li>\n<li><\/li>\n<li>Bot\u00e3o liga\/desliga<\/li>\n<li>Modo de cor<\/li>\n<li>Home<\/li>\n<li>Controle de zoom<\/li>\n<li>Menu<\/li>\n<li>Linha e marcador<\/li>\n<li>Captura de imagem<\/li>\n<li>Controle de zoom | Menu | M\u00e1scara de leitura | Captura de imagem;<\/li>\n<li>Bateria: autonomia aproximada de 5h a 6h de uso;<\/li>\n<li>Conex\u00e3o: entrada HDMI para amplia\u00e7\u00e3o da tela do celular, tablet ou computador com sistema operacional Windows, iOS ou Android;<\/li>\n<li>Conex\u00e3o: sa\u00edda HDMI para monitor externo;<\/li>\n<li>Design dobr\u00e1vel tipo maleta;<\/li>\n<li>Equipamento aberto: 54,6 X 38 X 56,5 cm;<\/li>\n<li>Equipamento fechado: 45 X 38 X 8,4 cm;<\/li>\n<li>Fonte bivolt;<\/li>\n<li>Peso: aproximadamente 5,7 kg.<\/li>\n<\/ul>","protected":false},"excerpt":{"rendered":"<p>O GoVision Move \u00e9 uma nova gera\u00e7\u00e3o de ampliadores eletr\u00f4nicos port\u00e1teis desenvolvidos para pessoas com baixa vis\u00e3o que buscam mais conforto e independ\u00eancia para leitura, escrita e visualiza\u00e7\u00e3o de detalhes no dia a dia. Fabricado pela HIMS, refer\u00eancia mundial em tecnologia assistiva, o equipamento combina tecnologia avan\u00e7ada de amplia\u00e7\u00e3o com uma tela grande de alta defini\u00e7\u00e3o, proporcionando imagens n\u00edtidas.<\/p>\n<p>Sua tela Full HD de 15,6 polegadas com tratamento antirreflexo foi projetada para oferecer uma visualiza\u00e7\u00e3o mais confort\u00e1vel, ajudando a reduzir o cansa\u00e7o visual durante per\u00edodos prolongados de leitura. Essa tecnologia permite que o usu\u00e1rio utilize o ampliador por mais tempo com maior conforto.<\/p>\n<p>O design dobr\u00e1vel em formato de maleta proporciona praticidade e mobilidade, permitindo transportar o ampliador eletr\u00f4nico com facilidade entre casa, escola, trabalho ou durante viagens.<\/p>\n<p>Com recursos vers\u00e1teis, o GoVision Move permite leitura ampliada de livros e documentos, visualiza\u00e7\u00e3o de objetos pr\u00f3ximos ou \u00e0 dist\u00e2ncia, captura de imagens e conex\u00e3o com outros dispositivos. Sua bateria de longa dura\u00e7\u00e3o garante v\u00e1rias horas de uso cont\u00ednuo, proporcionando mais autonomia e qualidade de vida.<\/p>\n<p>\u00c9 uma solu\u00e7\u00e3o ideal para pessoas com baixa vis\u00e3o, idosos e usu\u00e1rios que necessitam de amplia\u00e7\u00e3o visual para leitura, estudo, trabalho e atividades do cotidiano.<\/p>","protected":false},"author":2,"featured_media":12988,"template":"","meta":{"site-sidebar-layout":"default","site-content-layout":"","ast-site-content-layout":"default","site-content-style":"default","site-sidebar-style":"default","ast-global-header-display":"","ast-banner-title-visibility":"","ast-main-header-display":"","ast-hfb-above-header-display":"","ast-hfb-below-header-display":"","ast-hfb-mobile-header-display":"","site-post-title":"","ast-breadcrumbs-content":"","ast-featured-img":"","footer-sml-layout":"","ast-disable-related-posts":"","theme-transparent-header-meta":"default","adv-header-id-meta":"","stick-header-meta":"default","header-above-stick-meta":"","header-main-stick-meta":"","header-below-stick-meta":"","astra-migrate-meta-layouts":"set","ast-page-background-enabled":"default","ast-page-background-meta":{"desktop":{"background-color":"","background-image":"","background-repeat":"repeat","background-position":"center center","background-size":"auto","background-attachment":"scroll","background-type":"","background-media":"","overlay-type":"","overlay-color":"","overlay-opacity":"","overlay-gradient":""},"tablet":{"background-color":"","background-image":"","background-repeat":"repeat","background-position":"center center","background-size":"auto","background-attachment":"scroll","background-type":"","background-media":"","overlay-type":"","overlay-color":"","overlay-opacity":"","overlay-gradient":""},"mobile":{"background-color":"","background-image":"","background-repeat":"repeat","background-position":"center center","background-size":"auto","background-attachment":"scroll","background-type":"","background-media":"","overlay-type":"","overlay-color":"","overlay-opacity":"","overlay-gradient":""}},"ast-content-background-meta":{"desktop":{"background-color":"var(--ast-global-color-5)","background-image":"","background-repeat":"repeat","background-position":"center center","background-size":"auto","background-attachment":"scroll","background-type":"","background-media":"","overlay-type":"","overlay-color":"","overlay-opacity":"","overlay-gradient":""},"tablet":{"background-color":"var(--ast-global-color-5)","background-image":"","background-repeat":"repeat","background-position":"center center","background-size":"auto","background-attachment":"scroll","background-type":"","background-media":"","overlay-type":"","overlay-color":"","overlay-opacity":"","overlay-gradient":""},"mobile":{"background-color":"var(--ast-global-color-5)","background-image":"","background-repeat":"repeat","background-position":"center center","background-size":"auto","background-attachment":"scroll","background-type":"","background-media":"","overlay-type":"","overlay-color":"","overlay-opacity":"","overlay-gradient":""}}},"product_brand":[],"product_cat":[28],"product_tag":[63],"class_list":{"0":"post-12987","1":"product","2":"type-product","3":"status-publish","4":"has-post-thumbnail","6":"product_cat-ampliador","7":"product_tag-ampliador_lupa","8":"pa_tipo-equipamentos","9":"desktop-align-left","10":"tablet-align-left","11":"mobile-align-left","12":"ast-product-gallery-layout-horizontal","13":"ast-product-tabs-layout-vertical","15":"first","16":"instock","17":"shipping-taxable","18":"product-type-simple"},"yoast_head":"<!-- This site is optimized with the Yoast SEO plugin v27.2 - https:\/\/yoast.com\/product\/yoast-seo-wordpress\/ -->\n<title>Ampliador Eletr\u00f4nico Port\u00e1til GoVision Move | Baixa Vis\u00e3o | Tecnovis\u00e3oGoVision Move - Tecnovis&atilde;o<\/title>\n<meta name=\"description\" content=\"Ampliador eletr\u00f4nico port\u00e1til GoVision Move para pessoas com baixa vis\u00e3o. Tela Full HD de 15,6&quot;, tecnologia antirreflexo, visualiza\u00e7\u00e3o de perto e \u00e0 dist\u00e2ncia e design dobr\u00e1vel para transporte.\" \/>\n<meta name=\"robots\" content=\"index, follow, max-snippet:-1, max-image-preview:large, max-video-preview:-1\" \/>\n<link rel=\"canonical\" href=\"https:\/\/tecnovisao.net\/es\/produtos\/govision-move\/\" \/>\n<meta property=\"og:locale\" content=\"es_ES\" \/>\n<meta property=\"og:type\" content=\"article\" \/>\n<meta property=\"og:title\" content=\"Ampliador Eletr\u00f4nico Port\u00e1til GoVision Move | Baixa Vis\u00e3o | Tecnovis\u00e3oGoVision Move - Tecnovis&atilde;o\" \/>\n<meta property=\"og:description\" content=\"Ampliador eletr\u00f4nico port\u00e1til GoVision Move para pessoas com baixa vis\u00e3o. Tela Full HD de 15,6&quot;, tecnologia antirreflexo, visualiza\u00e7\u00e3o de perto e \u00e0 dist\u00e2ncia e design dobr\u00e1vel para transporte.\" \/>\n<meta property=\"og:url\" content=\"https:\/\/tecnovisao.net\/es\/produtos\/govision-move\/\" \/>\n<meta property=\"og:site_name\" content=\"Tecnovis&atilde;o\" \/>\n<meta property=\"article:publisher\" content=\"https:\/\/facebook.com\/tecnovisao\" \/>\n<meta property=\"article:modified_time\" content=\"2026-03-10T20:54:11+00:00\" \/>\n<meta property=\"og:image\" content=\"https:\/\/tecnovisao.net\/wp-content\/uploads\/2026\/03\/GV200_Front-805x1024.png\" \/>\n\t<meta property=\"og:image:width\" content=\"805\" \/>\n\t<meta property=\"og:image:height\" content=\"1024\" \/>\n\t<meta property=\"og:image:type\" content=\"image\/png\" \/>\n<meta name=\"twitter:card\" content=\"summary_large_image\" \/>\n<meta name=\"twitter:site\" content=\"@tecnovisao\" \/>\n<meta name=\"twitter:label1\" content=\"Tiempo de lectura\" \/>\n\t<meta name=\"twitter:data1\" content=\"1 minuto\" \/>\n<script type=\"application\/ld+json\" class=\"yoast-schema-graph\">{\"@context\":\"https:\/\/schema.org\",\"@graph\":[{\"@type\":\"WebPage\",\"@id\":\"https:\/\/tecnovisao.net\/produtos\/govision-move\/\",\"url\":\"https:\/\/tecnovisao.net\/produtos\/govision-move\/\",\"name\":\"Ampliador Eletr\u00f4nico Port\u00e1til GoVision Move | Baixa Vis\u00e3o | Tecnovis\u00e3oGoVision Move - Tecnovis&atilde;o\",\"isPartOf\":{\"@id\":\"https:\/\/tecnovisao.net\/#website\"},\"primaryImageOfPage\":{\"@id\":\"https:\/\/tecnovisao.net\/produtos\/govision-move\/#primaryimage\"},\"image\":{\"@id\":\"https:\/\/tecnovisao.net\/produtos\/govision-move\/#primaryimage\"},\"thumbnailUrl\":\"https:\/\/i0.wp.com\/tecnovisao.net\/wp-content\/uploads\/2026\/03\/GV200_Front-scaled.png?fit=2012%2C2560&ssl=1\",\"datePublished\":\"2026-03-10T19:04:37+00:00\",\"dateModified\":\"2026-03-10T20:54:11+00:00\",\"description\":\"Ampliador eletr\u00f4nico port\u00e1til GoVision Move para pessoas com baixa vis\u00e3o. Tela Full HD de 15,6\\\", tecnologia antirreflexo, visualiza\u00e7\u00e3o de perto e \u00e0 dist\u00e2ncia e design dobr\u00e1vel para transporte.\",\"breadcrumb\":{\"@id\":\"https:\/\/tecnovisao.net\/produtos\/govision-move\/#breadcrumb\"},\"inLanguage\":\"es\",\"potentialAction\":[{\"@type\":\"ReadAction\",\"target\":[\"https:\/\/tecnovisao.net\/produtos\/govision-move\/\"]}]},{\"@type\":\"ImageObject\",\"inLanguage\":\"es\",\"@id\":\"https:\/\/tecnovisao.net\/produtos\/govision-move\/#primaryimage\",\"url\":\"https:\/\/i0.wp.com\/tecnovisao.net\/wp-content\/uploads\/2026\/03\/GV200_Front-scaled.png?fit=2012%2C2560&ssl=1\",\"contentUrl\":\"https:\/\/i0.wp.com\/tecnovisao.net\/wp-content\/uploads\/2026\/03\/GV200_Front-scaled.png?fit=2012%2C2560&ssl=1\",\"width\":2012,\"height\":2560,\"caption\":\"Ampliador eletr\u00f4nico GoVision Move da HIMS com tela e base de leitura\"},{\"@type\":\"BreadcrumbList\",\"@id\":\"https:\/\/tecnovisao.net\/produtos\/govision-move\/#breadcrumb\",\"itemListElement\":[{\"@type\":\"ListItem\",\"position\":1,\"name\":\"In\u00edcio\",\"item\":\"https:\/\/tecnovisao.net\/\"},{\"@type\":\"ListItem\",\"position\":2,\"name\":\"Produtos\",\"item\":\"https:\/\/tecnovisao.net\/produtos\/\"},{\"@type\":\"ListItem\",\"position\":3,\"name\":\"GoVision Move\"}]},{\"@type\":\"WebSite\",\"@id\":\"https:\/\/tecnovisao.net\/#website\",\"url\":\"https:\/\/tecnovisao.net\/\",\"name\":\"Tecnovis&atilde;o\",\"description\":\"Conectando voc\u00ea ao mundo\",\"publisher\":{\"@id\":\"https:\/\/tecnovisao.net\/#organization\"},\"potentialAction\":[{\"@type\":\"SearchAction\",\"target\":{\"@type\":\"EntryPoint\",\"urlTemplate\":\"https:\/\/tecnovisao.net\/?s={search_term_string}\"},\"query-input\":{\"@type\":\"PropertyValueSpecification\",\"valueRequired\":true,\"valueName\":\"search_term_string\"}}],\"inLanguage\":\"es\"},{\"@type\":\"Organization\",\"@id\":\"https:\/\/tecnovisao.net\/#organization\",\"name\":\"Tecnovis\u00e3o\",\"url\":\"https:\/\/tecnovisao.net\/\",\"logo\":{\"@type\":\"ImageObject\",\"inLanguage\":\"es\",\"@id\":\"https:\/\/tecnovisao.net\/#\/schema\/logo\/image\/\",\"url\":\"https:\/\/tecnovisao.net\/wp-content\/uploads\/2021\/01\/logo-site.png\",\"contentUrl\":\"https:\/\/tecnovisao.net\/wp-content\/uploads\/2021\/01\/logo-site.png\",\"width\":356,\"height\":80,\"caption\":\"Tecnovis\u00e3o\"},\"image\":{\"@id\":\"https:\/\/tecnovisao.net\/#\/schema\/logo\/image\/\"},\"sameAs\":[\"https:\/\/facebook.com\/tecnovisao\",\"https:\/\/x.com\/tecnovisao\",\"https:\/\/instagram.com\/tecnovisao\",\"https:\/\/www.linkedin.com\/company\/tecnovisao\/\",\"https:\/\/www.youtube.com\/user\/Tecnovisao\"]}]}<\/script>\n<!-- \/ Yoast SEO plugin. -->","yoast_head_json":{"title":"Ampliador Eletr\u00f4nico Port\u00e1til GoVision Move | Baixa Vis\u00e3o | Tecnovis\u00e3oGoVision Move - Tecnovis&atilde;o","description":"Ampliador eletr\u00f4nico port\u00e1til GoVision Move para pessoas com baixa vis\u00e3o. Tela Full HD de 15,6\", tecnologia antirreflexo, visualiza\u00e7\u00e3o de perto e \u00e0 dist\u00e2ncia e design dobr\u00e1vel para transporte.","robots":{"index":"index","follow":"follow","max-snippet":"max-snippet:-1","max-image-preview":"max-image-preview:large","max-video-preview":"max-video-preview:-1"},"canonical":"https:\/\/tecnovisao.net\/es\/produtos\/govision-move\/","og_locale":"es_ES","og_type":"article","og_title":"Ampliador Eletr\u00f4nico Port\u00e1til GoVision Move | Baixa Vis\u00e3o | Tecnovis\u00e3oGoVision Move - Tecnovis&atilde;o","og_description":"Ampliador eletr\u00f4nico port\u00e1til GoVision Move para pessoas com baixa vis\u00e3o. Tela Full HD de 15,6\", tecnologia antirreflexo, visualiza\u00e7\u00e3o de perto e \u00e0 dist\u00e2ncia e design dobr\u00e1vel para transporte.","og_url":"https:\/\/tecnovisao.net\/es\/produtos\/govision-move\/","og_site_name":"Tecnovis&atilde;o","article_publisher":"https:\/\/facebook.com\/tecnovisao","article_modified_time":"2026-03-10T20:54:11+00:00","og_image":[{"width":805,"height":1024,"url":"https:\/\/tecnovisao.net\/wp-content\/uploads\/2026\/03\/GV200_Front-805x1024.png","type":"image\/png"}],"twitter_card":"summary_large_image","twitter_site":"@tecnovisao","twitter_misc":{"Tiempo de lectura":"1 minuto"},"schema":{"@context":"https:\/\/schema.org","@graph":[{"@type":"WebPage","@id":"https:\/\/tecnovisao.net\/produtos\/govision-move\/","url":"https:\/\/tecnovisao.net\/produtos\/govision-move\/","name":"Ampliador Eletr\u00f4nico Port\u00e1til GoVision Move | Baixa Vis\u00e3o | Tecnovis\u00e3oGoVision Move - Tecnovis&atilde;o","isPartOf":{"@id":"https:\/\/tecnovisao.net\/#website"},"primaryImageOfPage":{"@id":"https:\/\/tecnovisao.net\/produtos\/govision-move\/#primaryimage"},"image":{"@id":"https:\/\/tecnovisao.net\/produtos\/govision-move\/#primaryimage"},"thumbnailUrl":"https:\/\/i0.wp.com\/tecnovisao.net\/wp-content\/uploads\/2026\/03\/GV200_Front-scaled.png?fit=2012%2C2560&ssl=1","datePublished":"2026-03-10T19:04:37+00:00","dateModified":"2026-03-10T20:54:11+00:00","description":"Ampliador eletr\u00f4nico port\u00e1til GoVision Move para pessoas com baixa vis\u00e3o. Tela Full HD de 15,6\", tecnologia antirreflexo, visualiza\u00e7\u00e3o de perto e \u00e0 dist\u00e2ncia e design dobr\u00e1vel para transporte.","breadcrumb":{"@id":"https:\/\/tecnovisao.net\/produtos\/govision-move\/#breadcrumb"},"inLanguage":"es","potentialAction":[{"@type":"ReadAction","target":["https:\/\/tecnovisao.net\/produtos\/govision-move\/"]}]},{"@type":"ImageObject","inLanguage":"es","@id":"https:\/\/tecnovisao.net\/produtos\/govision-move\/#primaryimage","url":"https:\/\/i0.wp.com\/tecnovisao.net\/wp-content\/uploads\/2026\/03\/GV200_Front-scaled.png?fit=2012%2C2560&ssl=1","contentUrl":"https:\/\/i0.wp.com\/tecnovisao.net\/wp-content\/uploads\/2026\/03\/GV200_Front-scaled.png?fit=2012%2C2560&ssl=1","width":2012,"height":2560,"caption":"Ampliador eletr\u00f4nico GoVision Move da HIMS com tela e base de leitura"},{"@type":"BreadcrumbList","@id":"https:\/\/tecnovisao.net\/produtos\/govision-move\/#breadcrumb","itemListElement":[{"@type":"ListItem","position":1,"name":"In\u00edcio","item":"https:\/\/tecnovisao.net\/"},{"@type":"ListItem","position":2,"name":"Produtos","item":"https:\/\/tecnovisao.net\/produtos\/"},{"@type":"ListItem","position":3,"name":"GoVision Move"}]},{"@type":"WebSite","@id":"https:\/\/tecnovisao.net\/#website","url":"https:\/\/tecnovisao.net\/","name":"Tecnovis&atilde;o","description":"Conectando voc\u00ea ao mundo","publisher":{"@id":"https:\/\/tecnovisao.net\/#organization"},"potentialAction":[{"@type":"SearchAction","target":{"@type":"EntryPoint","urlTemplate":"https:\/\/tecnovisao.net\/?s={search_term_string}"},"query-input":{"@type":"PropertyValueSpecification","valueRequired":true,"valueName":"search_term_string"}}],"inLanguage":"es"},{"@type":"Organization","@id":"https:\/\/tecnovisao.net\/#organization","name":"Tecnovis\u00e3o","url":"https:\/\/tecnovisao.net\/","logo":{"@type":"ImageObject","inLanguage":"es","@id":"https:\/\/tecnovisao.net\/#\/schema\/logo\/image\/","url":"https:\/\/tecnovisao.net\/wp-content\/uploads\/2021\/01\/logo-site.png","contentUrl":"https:\/\/tecnovisao.net\/wp-content\/uploads\/2021\/01\/logo-site.png","width":356,"height":80,"caption":"Tecnovis\u00e3o"},"image":{"@id":"https:\/\/tecnovisao.net\/#\/schema\/logo\/image\/"},"sameAs":["https:\/\/facebook.com\/tecnovisao","https:\/\/x.com\/tecnovisao","https:\/\/instagram.com\/tecnovisao","https:\/\/www.linkedin.com\/company\/tecnovisao\/","https:\/\/www.youtube.com\/user\/Tecnovisao"]}]}},"jetpack_sharing_enabled":true,"_links":{"self":[{"href":"https:\/\/tecnovisao.net\/es\/wp-json\/wp\/v2\/product\/12987","targetHints":{"allow":["GET"]}}],"collection":[{"href":"https:\/\/tecnovisao.net\/es\/wp-json\/wp\/v2\/product"}],"about":[{"href":"https:\/\/tecnovisao.net\/es\/wp-json\/wp\/v2\/types\/product"}],"author":[{"embeddable":true,"href":"https:\/\/tecnovisao.net\/es\/wp-json\/wp\/v2\/users\/2"}],"wp:featuredmedia":[{"embeddable":true,"href":"https:\/\/tecnovisao.net\/es\/wp-json\/wp\/v2\/media\/12988"}],"wp:attachment":[{"href":"https:\/\/tecnovisao.net\/es\/wp-json\/wp\/v2\/media?parent=12987"}],"wp:term":[{"taxonomy":"product_brand","embeddable":true,"href":"https:\/\/tecnovisao.net\/es\/wp-json\/wp\/v2\/product_brand?post=12987"},{"taxonomy":"product_cat","embeddable":true,"href":"https:\/\/tecnovisao.net\/es\/wp-json\/wp\/v2\/product_cat?post=12987"},{"taxonomy":"product_tag","embeddable":true,"href":"https:\/\/tecnovisao.net\/es\/wp-json\/wp\/v2\/product_tag?post=12987"}],"curies":[{"name":"wp","href":"https:\/\/api.w.org\/{rel}","templated":true}]}}