{"id":1635,"date":"2021-04-20T16:02:41","date_gmt":"2021-04-20T19:02:41","guid":{"rendered":"https:\/\/tecnovisao.net\/?post_type=product&#038;p=1635"},"modified":"2022-06-15T10:25:38","modified_gmt":"2022-06-15T13:25:38","slug":"brailleone-by-tecnovisao","status":"publish","type":"product","link":"https:\/\/tecnovisao.net\/es\/produtos\/brailleone-by-tecnovisao\/","title":{"rendered":"BrailleOne BY TECNOVIS\u00c3O"},"content":{"rendered":"<h3>Caracter\u00edsticas:<\/h3>\n<ul>\n<li>Possui 20 c\u00e9lulas;<\/li>\n<li>Use o teclado silencioso do estilo Perkins para fazer anota\u00e7\u00f5es durante reuni\u00f5es e aulas;<\/li>\n<li>Totalmente ergon\u00f4mica, permite tocar em todas as teclas e fun\u00e7\u00f5es com movimenta\u00e7\u00e3o m\u00ednima das m\u00e3os;<\/li>\n<li>Possui aplicativos integrados;<\/li>\n<li>Conecte-se a 5 dispositivos Bluetooth e 1 USB como uma linha braille KeySoft Lite &#8211; Experi\u00eancia do usu\u00e1rio intuitiva e perfeita com aplicativos produtivos aut\u00f4nomos e flex\u00edvel no armazenamento;<\/li>\n<li>Conex\u00e3o \u00e0 internet via wifi para uma atualiza\u00e7\u00e3o de software f\u00e1cil e segura;<\/li>\n<li>Todos os aplicativos aut\u00f4nomos facilmente acess\u00edveis sem a necessidade de utilizar armazenamento externo.<\/li>\n<li>16 gb de armazenamento interno;<\/li>\n<li>Utiliza Braille de 6 ou 8 pontos de forma aut\u00f4noma sem estar conectado ao computador;<\/li>\n<li>Possui celas individualizadas e totalmente encapsuladas para evitar danos f\u00edsicos ao usu\u00e1rio e de todo sistema em caso de queda ou embates fortes;<\/li>\n<li>Entrada para Cart\u00e3o de mem\u00f3ria SD;<\/li>\n<li>Entrada para pendrive USB;<\/li>\n<li>Transcri\u00e7\u00e3o de braille aut\u00f4noma, permite traduzir braille para imprimir e vice-versa;<\/li>\n<li>Escolher entre as tabelas braille para ajudar o usu\u00e1rio a desenvolver profici\u00eancia em braille em outros idiomas;<\/li>\n<li>Aplicativo leitor de livros compat\u00edvel com formatos Daisy braille;<\/li>\n<li>Abre diversos formatos de arquivos de forma aut\u00f4noma \u00a0(DOCX, DOC, TXT, BRF) e mais Anota\u00e7\u00f5es b\u00e1sicas;<\/li>\n<li>Acompanha al\u00e7a a tiracolo para carregar com seguran\u00e7a ;<\/li>\n<li>Acompanha bolsa para transporte;<\/li>\n<li>Suporta os idiomas Ingl\u00eas, Franc\u00eas FR, Franc\u00eas CA, Alem\u00e3o, Holand\u00eas, Italiano, Noruegu\u00eas, Sueco, \u00c1rabe e Portugu\u00eas do Brasil;<\/li>\n<li>\n<div class=\"\">Compat\u00edvel com tabelas braille Liblouis e Duxbury, s\u00e3o mais de 200 tabelas braille;<\/div>\n<\/li>\n<li>Conex\u00e3o via wifi a biblioteca \u00a0BookShare. (Voc\u00ea precisar\u00e1 estar registrado nessa biblioteca para acessar);<\/li>\n<li>\n<div class=\"\"><span class=\"\">Compatibilidade com:<\/span><\/div>\n<ul class=\"\">\n<li class=\"\"><span class=\"\">Windows 8 ou superior usando Jaws 18 ou superior, NVDA, e Narrator;<\/span><\/li>\n<li class=\"\"><span class=\"\">MacOS 10.15.ou superior;<\/span><\/li>\n<li class=\"\"><span class=\"\">iOS 13.5.1 ou superior;<\/span><\/li>\n<li class=\"\">Se voc\u00ea usa Jaws 2020 ou inferior voc\u00ea dever\u00e1 instalar o driver.<\/li>\n<\/ul>\n<\/li>\n<li>Compat\u00edvel com os principais leitores de tela (NVDA, Dolphin, Jaws e VoiceOver e);<\/li>\n<li>Acompanha curso com 25 aulas;\n<ul>\n<li style=\"list-style-type: none\">\n<ul>\n<li>Bateria com autonomia para 20h;<\/li>\n<li>Dimens\u00f5es: 182 x93 x 23 mm;<\/li>\n<\/ul>\n<\/li>\n<\/ul>\n<\/li>\n<li>Peso: 360g.https:\/\/www.youtube.com\/watch?v=ilV6vkixnoQ<\/li>\n<\/ul>\n<p>&nbsp;<\/p>\n<div class=\"epyt-video-wrapper\"><iframe  id=\"_ytid_15487\"  width=\"800\" height=\"450\"  data-origwidth=\"800\" data-origheight=\"450\" src=\"https:\/\/www.youtube.com\/embed\/ilV6vkixnoQ?enablejsapi=1&#038;autoplay=0&#038;cc_load_policy=0&#038;cc_lang_pref=&#038;iv_load_policy=1&#038;loop=0&#038;rel=0&#038;fs=1&#038;playsinline=0&#038;autohide=2&#038;theme=dark&#038;color=red&#038;controls=1&#038;disablekb=0&#038;\" class=\"__youtube_prefs__  epyt-is-override  no-lazyload\" title=\"YouTube player\"  allow=\"fullscreen; accelerometer; autoplay; clipboard-write; encrypted-media; gyroscope; picture-in-picture; web-share\" referrerpolicy=\"strict-origin-when-cross-origin\" allowfullscreen data-no-lazy=\"1\" data-skipgform_ajax_framebjll=\"\"><\/iframe><\/div>","protected":false},"excerpt":{"rendered":"<p>A linha BrailleOne by Tecnovis\u00e3o \u00e9 uma linha de entrada de 20 celas que trabalha de forma aut\u00f4noma, abre os principais formatos de arquivos, t\u00eam entrada para cart\u00e3o de mem\u00f3ria e USB. A linha foi desenvolvida de acordo com a miss\u00e3o da Tecnovis\u00e3o, ou seja para que todos possam ter acesso a uma linha braille e se desenvolver nos seus estudos e no trabalho.<\/p>","protected":false},"author":3,"featured_media":2180,"template":"","meta":{"site-sidebar-layout":"default","site-content-layout":"default","ast-site-content-layout":"default","site-content-style":"default","site-sidebar-style":"default","ast-global-header-display":"","ast-banner-title-visibility":"","ast-main-header-display":"","ast-hfb-above-header-display":"","ast-hfb-below-header-display":"","ast-hfb-mobile-header-display":"","site-post-title":"","ast-breadcrumbs-content":"","ast-featured-img":"","footer-sml-layout":"","ast-disable-related-posts":"","theme-transparent-header-meta":"default","adv-header-id-meta":"","stick-header-meta":"default","header-above-stick-meta":"","header-main-stick-meta":"","header-below-stick-meta":"","astra-migrate-meta-layouts":"default","ast-page-background-enabled":"default","ast-page-background-meta":{"desktop":{"background-color":"","background-image":"","background-repeat":"repeat","background-position":"center center","background-size":"auto","background-attachment":"scroll","background-type":"","background-media":"","overlay-type":"","overlay-color":"","overlay-opacity":"","overlay-gradient":""},"tablet":{"background-color":"","background-image":"","background-repeat":"repeat","background-position":"center center","background-size":"auto","background-attachment":"scroll","background-type":"","background-media":"","overlay-type":"","overlay-color":"","overlay-opacity":"","overlay-gradient":""},"mobile":{"background-color":"","background-image":"","background-repeat":"repeat","background-position":"center center","background-size":"auto","background-attachment":"scroll","background-type":"","background-media":"","overlay-type":"","overlay-color":"","overlay-opacity":"","overlay-gradient":""}},"ast-content-background-meta":{"desktop":{"background-color":"var(--ast-global-color-5)","background-image":"","background-repeat":"repeat","background-position":"center center","background-size":"auto","background-attachment":"scroll","background-type":"","background-media":"","overlay-type":"","overlay-color":"","overlay-opacity":"","overlay-gradient":""},"tablet":{"background-color":"var(--ast-global-color-5)","background-image":"","background-repeat":"repeat","background-position":"center center","background-size":"auto","background-attachment":"scroll","background-type":"","background-media":"","overlay-type":"","overlay-color":"","overlay-opacity":"","overlay-gradient":""},"mobile":{"background-color":"var(--ast-global-color-5)","background-image":"","background-repeat":"repeat","background-position":"center center","background-size":"auto","background-attachment":"scroll","background-type":"","background-media":"","overlay-type":"","overlay-color":"","overlay-opacity":"","overlay-gradient":""}}},"product_brand":[],"product_cat":[24],"product_tag":[67,68],"class_list":{"0":"post-1635","1":"product","2":"type-product","3":"status-publish","4":"has-post-thumbnail","6":"product_cat-linha-braille","7":"product_tag-braille","8":"product_tag-tatil","9":"pa_tipo-equipamentos","10":"desktop-align-left","11":"tablet-align-left","12":"mobile-align-left","13":"ast-product-gallery-layout-horizontal","14":"ast-product-tabs-layout-vertical","16":"first","17":"instock","18":"shipping-taxable","19":"product-type-simple"},"yoast_head":"<!-- This site is optimized with the Yoast SEO plugin v27.2 - https:\/\/yoast.com\/product\/yoast-seo-wordpress\/ -->\n<title>BrailleOne BY TECNOVIS\u00c3O - Tecnovis&atilde;o<\/title>\n<meta name=\"description\" content=\"A linha BrailleOne by Tecnovis\u00e3o \u00e9 uma linha de entrada de 20 celas que trabalha de forma aut\u00f4noma, abre os principais arquivos, t\u00eam entrada para cart\u00e3o de mem\u00f3ria e USB. A linha foi desenvolvida de acordo com a miss\u00e3o da Tecnovis\u00e3o, ou seja para que todos possam ter acesso a uma linha braille e se desenvolver nos seus estudos e no trabalho.\" \/>\n<meta name=\"robots\" content=\"index, follow, max-snippet:-1, max-image-preview:large, max-video-preview:-1\" \/>\n<link rel=\"canonical\" href=\"https:\/\/tecnovisao.net\/es\/produtos\/brailleone-by-tecnovisao\/\" \/>\n<meta property=\"og:locale\" content=\"es_ES\" \/>\n<meta property=\"og:type\" content=\"article\" \/>\n<meta property=\"og:title\" content=\"BrailleOne BY TECNOVIS\u00c3O - Tecnovis&atilde;o\" \/>\n<meta property=\"og:description\" content=\"A linha BrailleOne by Tecnovis\u00e3o \u00e9 uma linha de entrada de 20 celas que trabalha de forma aut\u00f4noma, abre os principais arquivos, t\u00eam entrada para cart\u00e3o de mem\u00f3ria e USB. A linha foi desenvolvida de acordo com a miss\u00e3o da Tecnovis\u00e3o, ou seja para que todos possam ter acesso a uma linha braille e se desenvolver nos seus estudos e no trabalho.\" \/>\n<meta property=\"og:url\" content=\"https:\/\/tecnovisao.net\/es\/produtos\/brailleone-by-tecnovisao\/\" \/>\n<meta property=\"og:site_name\" content=\"Tecnovis&atilde;o\" \/>\n<meta property=\"article:publisher\" content=\"https:\/\/facebook.com\/tecnovisao\" \/>\n<meta property=\"article:modified_time\" content=\"2022-06-15T13:25:38+00:00\" \/>\n<meta property=\"og:image\" content=\"https:\/\/tecnovisao.net\/wp-content\/uploads\/2021\/04\/Co\u0301pia-de-Co\u0301pia-de-Sem-nome.jpg\" \/>\n\t<meta property=\"og:image:width\" content=\"1080\" \/>\n\t<meta property=\"og:image:height\" content=\"1080\" \/>\n\t<meta property=\"og:image:type\" content=\"image\/jpeg\" \/>\n<meta name=\"twitter:card\" content=\"summary_large_image\" \/>\n<meta name=\"twitter:site\" content=\"@tecnovisao\" \/>\n<meta name=\"twitter:label1\" content=\"Tiempo de lectura\" \/>\n\t<meta name=\"twitter:data1\" content=\"2 minutos\" \/>\n<script type=\"application\/ld+json\" class=\"yoast-schema-graph\">{\"@context\":\"https:\/\/schema.org\",\"@graph\":[{\"@type\":\"WebPage\",\"@id\":\"https:\/\/tecnovisao.net\/produtos\/brailleone-by-tecnovisao\/\",\"url\":\"https:\/\/tecnovisao.net\/produtos\/brailleone-by-tecnovisao\/\",\"name\":\"BrailleOne BY TECNOVIS\u00c3O - Tecnovis&atilde;o\",\"isPartOf\":{\"@id\":\"https:\/\/tecnovisao.net\/#website\"},\"primaryImageOfPage\":{\"@id\":\"https:\/\/tecnovisao.net\/produtos\/brailleone-by-tecnovisao\/#primaryimage\"},\"image\":{\"@id\":\"https:\/\/tecnovisao.net\/produtos\/brailleone-by-tecnovisao\/#primaryimage\"},\"thumbnailUrl\":\"https:\/\/i0.wp.com\/tecnovisao.net\/wp-content\/uploads\/2021\/04\/Co%CC%81pia-de-Co%CC%81pia-de-Sem-nome.jpg?fit=1080%2C1080&ssl=1\",\"datePublished\":\"2021-04-20T19:02:41+00:00\",\"dateModified\":\"2022-06-15T13:25:38+00:00\",\"description\":\"A linha BrailleOne by Tecnovis\u00e3o \u00e9 uma linha de entrada de 20 celas que trabalha de forma aut\u00f4noma, abre os principais arquivos, t\u00eam entrada para cart\u00e3o de mem\u00f3ria e USB. A linha foi desenvolvida de acordo com a miss\u00e3o da Tecnovis\u00e3o, ou seja para que todos possam ter acesso a uma linha braille e se desenvolver nos seus estudos e no trabalho.\",\"breadcrumb\":{\"@id\":\"https:\/\/tecnovisao.net\/produtos\/brailleone-by-tecnovisao\/#breadcrumb\"},\"inLanguage\":\"es\",\"potentialAction\":[{\"@type\":\"ReadAction\",\"target\":[\"https:\/\/tecnovisao.net\/produtos\/brailleone-by-tecnovisao\/\"]}]},{\"@type\":\"ImageObject\",\"inLanguage\":\"es\",\"@id\":\"https:\/\/tecnovisao.net\/produtos\/brailleone-by-tecnovisao\/#primaryimage\",\"url\":\"https:\/\/i0.wp.com\/tecnovisao.net\/wp-content\/uploads\/2021\/04\/Co%CC%81pia-de-Co%CC%81pia-de-Sem-nome.jpg?fit=1080%2C1080&ssl=1\",\"contentUrl\":\"https:\/\/i0.wp.com\/tecnovisao.net\/wp-content\/uploads\/2021\/04\/Co%CC%81pia-de-Co%CC%81pia-de-Sem-nome.jpg?fit=1080%2C1080&ssl=1\",\"width\":1080,\"height\":1080,\"caption\":\"foto frontal da linha brailleone mostrando teclado perkins e celas braille\"},{\"@type\":\"BreadcrumbList\",\"@id\":\"https:\/\/tecnovisao.net\/produtos\/brailleone-by-tecnovisao\/#breadcrumb\",\"itemListElement\":[{\"@type\":\"ListItem\",\"position\":1,\"name\":\"In\u00edcio\",\"item\":\"https:\/\/tecnovisao.net\/\"},{\"@type\":\"ListItem\",\"position\":2,\"name\":\"Produtos\",\"item\":\"https:\/\/tecnovisao.net\/produtos\/\"},{\"@type\":\"ListItem\",\"position\":3,\"name\":\"BrailleOne BY TECNOVIS\u00c3O\"}]},{\"@type\":\"WebSite\",\"@id\":\"https:\/\/tecnovisao.net\/#website\",\"url\":\"https:\/\/tecnovisao.net\/\",\"name\":\"Tecnovis&atilde;o\",\"description\":\"Conectando voc\u00ea ao mundo\",\"publisher\":{\"@id\":\"https:\/\/tecnovisao.net\/#organization\"},\"potentialAction\":[{\"@type\":\"SearchAction\",\"target\":{\"@type\":\"EntryPoint\",\"urlTemplate\":\"https:\/\/tecnovisao.net\/?s={search_term_string}\"},\"query-input\":{\"@type\":\"PropertyValueSpecification\",\"valueRequired\":true,\"valueName\":\"search_term_string\"}}],\"inLanguage\":\"es\"},{\"@type\":\"Organization\",\"@id\":\"https:\/\/tecnovisao.net\/#organization\",\"name\":\"Tecnovis\u00e3o\",\"url\":\"https:\/\/tecnovisao.net\/\",\"logo\":{\"@type\":\"ImageObject\",\"inLanguage\":\"es\",\"@id\":\"https:\/\/tecnovisao.net\/#\/schema\/logo\/image\/\",\"url\":\"https:\/\/tecnovisao.net\/wp-content\/uploads\/2021\/01\/logo-site.png\",\"contentUrl\":\"https:\/\/tecnovisao.net\/wp-content\/uploads\/2021\/01\/logo-site.png\",\"width\":356,\"height\":80,\"caption\":\"Tecnovis\u00e3o\"},\"image\":{\"@id\":\"https:\/\/tecnovisao.net\/#\/schema\/logo\/image\/\"},\"sameAs\":[\"https:\/\/facebook.com\/tecnovisao\",\"https:\/\/x.com\/tecnovisao\",\"https:\/\/instagram.com\/tecnovisao\",\"https:\/\/www.linkedin.com\/company\/tecnovisao\/\",\"https:\/\/www.youtube.com\/user\/Tecnovisao\"]}]}<\/script>\n<!-- \/ Yoast SEO plugin. -->","yoast_head_json":{"title":"BrailleOne BY TECNOVIS\u00c3O - Tecnovis&atilde;o","description":"A linha BrailleOne by Tecnovis\u00e3o \u00e9 uma linha de entrada de 20 celas que trabalha de forma aut\u00f4noma, abre os principais arquivos, t\u00eam entrada para cart\u00e3o de mem\u00f3ria e USB. A linha foi desenvolvida de acordo com a miss\u00e3o da Tecnovis\u00e3o, ou seja para que todos possam ter acesso a uma linha braille e se desenvolver nos seus estudos e no trabalho.","robots":{"index":"index","follow":"follow","max-snippet":"max-snippet:-1","max-image-preview":"max-image-preview:large","max-video-preview":"max-video-preview:-1"},"canonical":"https:\/\/tecnovisao.net\/es\/produtos\/brailleone-by-tecnovisao\/","og_locale":"es_ES","og_type":"article","og_title":"BrailleOne BY TECNOVIS\u00c3O - Tecnovis&atilde;o","og_description":"A linha BrailleOne by Tecnovis\u00e3o \u00e9 uma linha de entrada de 20 celas que trabalha de forma aut\u00f4noma, abre os principais arquivos, t\u00eam entrada para cart\u00e3o de mem\u00f3ria e USB. A linha foi desenvolvida de acordo com a miss\u00e3o da Tecnovis\u00e3o, ou seja para que todos possam ter acesso a uma linha braille e se desenvolver nos seus estudos e no trabalho.","og_url":"https:\/\/tecnovisao.net\/es\/produtos\/brailleone-by-tecnovisao\/","og_site_name":"Tecnovis&atilde;o","article_publisher":"https:\/\/facebook.com\/tecnovisao","article_modified_time":"2022-06-15T13:25:38+00:00","og_image":[{"width":1080,"height":1080,"url":"https:\/\/tecnovisao.net\/wp-content\/uploads\/2021\/04\/Co\u0301pia-de-Co\u0301pia-de-Sem-nome.jpg","type":"image\/jpeg"}],"twitter_card":"summary_large_image","twitter_site":"@tecnovisao","twitter_misc":{"Tiempo de lectura":"2 minutos"},"schema":{"@context":"https:\/\/schema.org","@graph":[{"@type":"WebPage","@id":"https:\/\/tecnovisao.net\/produtos\/brailleone-by-tecnovisao\/","url":"https:\/\/tecnovisao.net\/produtos\/brailleone-by-tecnovisao\/","name":"BrailleOne BY TECNOVIS\u00c3O - Tecnovis&atilde;o","isPartOf":{"@id":"https:\/\/tecnovisao.net\/#website"},"primaryImageOfPage":{"@id":"https:\/\/tecnovisao.net\/produtos\/brailleone-by-tecnovisao\/#primaryimage"},"image":{"@id":"https:\/\/tecnovisao.net\/produtos\/brailleone-by-tecnovisao\/#primaryimage"},"thumbnailUrl":"https:\/\/i0.wp.com\/tecnovisao.net\/wp-content\/uploads\/2021\/04\/Co%CC%81pia-de-Co%CC%81pia-de-Sem-nome.jpg?fit=1080%2C1080&ssl=1","datePublished":"2021-04-20T19:02:41+00:00","dateModified":"2022-06-15T13:25:38+00:00","description":"A linha BrailleOne by Tecnovis\u00e3o \u00e9 uma linha de entrada de 20 celas que trabalha de forma aut\u00f4noma, abre os principais arquivos, t\u00eam entrada para cart\u00e3o de mem\u00f3ria e USB. A linha foi desenvolvida de acordo com a miss\u00e3o da Tecnovis\u00e3o, ou seja para que todos possam ter acesso a uma linha braille e se desenvolver nos seus estudos e no trabalho.","breadcrumb":{"@id":"https:\/\/tecnovisao.net\/produtos\/brailleone-by-tecnovisao\/#breadcrumb"},"inLanguage":"es","potentialAction":[{"@type":"ReadAction","target":["https:\/\/tecnovisao.net\/produtos\/brailleone-by-tecnovisao\/"]}]},{"@type":"ImageObject","inLanguage":"es","@id":"https:\/\/tecnovisao.net\/produtos\/brailleone-by-tecnovisao\/#primaryimage","url":"https:\/\/i0.wp.com\/tecnovisao.net\/wp-content\/uploads\/2021\/04\/Co%CC%81pia-de-Co%CC%81pia-de-Sem-nome.jpg?fit=1080%2C1080&ssl=1","contentUrl":"https:\/\/i0.wp.com\/tecnovisao.net\/wp-content\/uploads\/2021\/04\/Co%CC%81pia-de-Co%CC%81pia-de-Sem-nome.jpg?fit=1080%2C1080&ssl=1","width":1080,"height":1080,"caption":"foto frontal da linha brailleone mostrando teclado perkins e celas braille"},{"@type":"BreadcrumbList","@id":"https:\/\/tecnovisao.net\/produtos\/brailleone-by-tecnovisao\/#breadcrumb","itemListElement":[{"@type":"ListItem","position":1,"name":"In\u00edcio","item":"https:\/\/tecnovisao.net\/"},{"@type":"ListItem","position":2,"name":"Produtos","item":"https:\/\/tecnovisao.net\/produtos\/"},{"@type":"ListItem","position":3,"name":"BrailleOne BY TECNOVIS\u00c3O"}]},{"@type":"WebSite","@id":"https:\/\/tecnovisao.net\/#website","url":"https:\/\/tecnovisao.net\/","name":"Tecnovis&atilde;o","description":"Conectando voc\u00ea ao mundo","publisher":{"@id":"https:\/\/tecnovisao.net\/#organization"},"potentialAction":[{"@type":"SearchAction","target":{"@type":"EntryPoint","urlTemplate":"https:\/\/tecnovisao.net\/?s={search_term_string}"},"query-input":{"@type":"PropertyValueSpecification","valueRequired":true,"valueName":"search_term_string"}}],"inLanguage":"es"},{"@type":"Organization","@id":"https:\/\/tecnovisao.net\/#organization","name":"Tecnovis\u00e3o","url":"https:\/\/tecnovisao.net\/","logo":{"@type":"ImageObject","inLanguage":"es","@id":"https:\/\/tecnovisao.net\/#\/schema\/logo\/image\/","url":"https:\/\/tecnovisao.net\/wp-content\/uploads\/2021\/01\/logo-site.png","contentUrl":"https:\/\/tecnovisao.net\/wp-content\/uploads\/2021\/01\/logo-site.png","width":356,"height":80,"caption":"Tecnovis\u00e3o"},"image":{"@id":"https:\/\/tecnovisao.net\/#\/schema\/logo\/image\/"},"sameAs":["https:\/\/facebook.com\/tecnovisao","https:\/\/x.com\/tecnovisao","https:\/\/instagram.com\/tecnovisao","https:\/\/www.linkedin.com\/company\/tecnovisao\/","https:\/\/www.youtube.com\/user\/Tecnovisao"]}]}},"jetpack_sharing_enabled":true,"_links":{"self":[{"href":"https:\/\/tecnovisao.net\/es\/wp-json\/wp\/v2\/product\/1635","targetHints":{"allow":["GET"]}}],"collection":[{"href":"https:\/\/tecnovisao.net\/es\/wp-json\/wp\/v2\/product"}],"about":[{"href":"https:\/\/tecnovisao.net\/es\/wp-json\/wp\/v2\/types\/product"}],"author":[{"embeddable":true,"href":"https:\/\/tecnovisao.net\/es\/wp-json\/wp\/v2\/users\/3"}],"wp:featuredmedia":[{"embeddable":true,"href":"https:\/\/tecnovisao.net\/es\/wp-json\/wp\/v2\/media\/2180"}],"wp:attachment":[{"href":"https:\/\/tecnovisao.net\/es\/wp-json\/wp\/v2\/media?parent=1635"}],"wp:term":[{"taxonomy":"product_brand","embeddable":true,"href":"https:\/\/tecnovisao.net\/es\/wp-json\/wp\/v2\/product_brand?post=1635"},{"taxonomy":"product_cat","embeddable":true,"href":"https:\/\/tecnovisao.net\/es\/wp-json\/wp\/v2\/product_cat?post=1635"},{"taxonomy":"product_tag","embeddable":true,"href":"https:\/\/tecnovisao.net\/es\/wp-json\/wp\/v2\/product_tag?post=1635"}],"curies":[{"name":"wp","href":"https:\/\/api.w.org\/{rel}","templated":true}]}}