{"id":1641,"date":"2021-04-20T16:14:34","date_gmt":"2021-04-20T19:14:34","guid":{"rendered":"https:\/\/tecnovisao.net\/?post_type=product&#038;p=1641"},"modified":"2022-05-05T11:46:47","modified_gmt":"2022-05-05T14:46:47","slug":"mantis-q40","status":"publish","type":"product","link":"https:\/\/tecnovisao.net\/es\/produtos\/mantis-q40\/","title":{"rendered":"MANTIS Q40"},"content":{"rendered":"<h3>Caracter\u00edsticas:<\/h3>\n<ul>\n<li>Possui 40 celas braille<\/li>\n<li>Possui Teclado estilo\u00a0 QWERTY.<\/li>\n<li>Compat\u00edvel com Windows 8 e superior usando JAWS 18+, NVDA, e Narrator, MacOS 10.15.+ Catalina; iOS 13.5.1+<\/li>\n<li>Suporta at\u00e9 5 conex\u00f5es Bluetooth de uma vez, junto com uma conex\u00e3o USB;<\/li>\n<li>Funciona como teclado externo quando conectado via USB ou Bluetooth; Funciona como um dispositivo aut\u00f4nomo quando n\u00e3o est\u00e1 conectado;<\/li>\n<li>Alterna entre QWERTY e entrada no estilo Perkins;<\/li>\n<li>Utiliza Braille de 6 ou 8 pontos de forma aut\u00f4noma sem estar conectado ao computador;<\/li>\n<li>Possui celas individualizadas e totalmente encapsuladas para evitar danos f\u00edsicos ao usu\u00e1rio e de todo sistema em caso de queda ou embates fortes;<\/li>\n<li>Compat\u00edvel de forma aut\u00f4noma com arquivos (.doc, .docx, .txt, .pdf, .Brf e .Brl);<\/li>\n<li>Entrada para cart\u00e3o de mem\u00f3ria;<\/li>\n<li>Entrada para pendrive;<\/li>\n<li>Design fit o que permite ser transportado em uma bolsa de laptop ou mochila<\/li>\n<li>Compat\u00edvel com tabelas braille Liblouis e Duxbury, s\u00e3o mais de 200 tabelas braille;<\/li>\n<li>Compat\u00edvel com sistema operacional Windows, MAC OSx e iOs;<\/li>\n<li>Compat\u00edvel com os principais leitores de tela (NVDA, Dolphin, JAWS, TalkBack e VoiceOver);<\/li>\n<li>Aplicativos internos, editor, gerenciador de arquivos, biblioteca data e hora;<\/li>\n<li>Possui conex\u00e3o \u00e0 internet via wifi para atualiza\u00e7\u00e3o de software e consulta de bibliotecas online;<\/li>\n<li>Bateria com autonomia de 15h;<\/li>\n<li>Bateria remov\u00edvel pelo usu\u00e1rio;<\/li>\n<li>Medidas: 28,95 x 16,99 X 1,98 cm;<\/li>\n<li>Peso: 770g.<\/li>\n<\/ul>\n<p>&nbsp;<\/p>\n<div class=\"epyt-video-wrapper\"><iframe  id=\"_ytid_83442\"  width=\"800\" height=\"450\"  data-origwidth=\"800\" data-origheight=\"450\" src=\"https:\/\/www.youtube.com\/embed\/wK-OiWkraqA?enablejsapi=1&#038;autoplay=0&#038;cc_load_policy=0&#038;cc_lang_pref=&#038;iv_load_policy=1&#038;loop=0&#038;rel=0&#038;fs=1&#038;playsinline=0&#038;autohide=2&#038;theme=dark&#038;color=red&#038;controls=1&#038;disablekb=0&#038;\" class=\"__youtube_prefs__  epyt-is-override  no-lazyload\" title=\"YouTube player\"  allow=\"fullscreen; accelerometer; autoplay; clipboard-write; encrypted-media; gyroscope; picture-in-picture; web-share\" referrerpolicy=\"strict-origin-when-cross-origin\" allowfullscreen data-no-lazy=\"1\" data-skipgform_ajax_framebjll=\"\"><\/iframe><\/div>\n<p>&nbsp;<\/p>","protected":false},"excerpt":{"rendered":"<p>A linha Braille Mantis Q40 facilita o dia-a-dia das pessoas que amam braille e preferem digitar no teclado QWERTY.<\/p>","protected":false},"author":3,"featured_media":1642,"template":"","meta":{"site-sidebar-layout":"default","site-content-layout":"default","ast-site-content-layout":"default","site-content-style":"default","site-sidebar-style":"default","ast-global-header-display":"","ast-banner-title-visibility":"","ast-main-header-display":"","ast-hfb-above-header-display":"","ast-hfb-below-header-display":"","ast-hfb-mobile-header-display":"","site-post-title":"","ast-breadcrumbs-content":"","ast-featured-img":"","footer-sml-layout":"","ast-disable-related-posts":"","theme-transparent-header-meta":"default","adv-header-id-meta":"","stick-header-meta":"default","header-above-stick-meta":"","header-main-stick-meta":"","header-below-stick-meta":"","astra-migrate-meta-layouts":"default","ast-page-background-enabled":"default","ast-page-background-meta":{"desktop":{"background-color":"","background-image":"","background-repeat":"repeat","background-position":"center center","background-size":"auto","background-attachment":"scroll","background-type":"","background-media":"","overlay-type":"","overlay-color":"","overlay-opacity":"","overlay-gradient":""},"tablet":{"background-color":"","background-image":"","background-repeat":"repeat","background-position":"center center","background-size":"auto","background-attachment":"scroll","background-type":"","background-media":"","overlay-type":"","overlay-color":"","overlay-opacity":"","overlay-gradient":""},"mobile":{"background-color":"","background-image":"","background-repeat":"repeat","background-position":"center center","background-size":"auto","background-attachment":"scroll","background-type":"","background-media":"","overlay-type":"","overlay-color":"","overlay-opacity":"","overlay-gradient":""}},"ast-content-background-meta":{"desktop":{"background-color":"var(--ast-global-color-5)","background-image":"","background-repeat":"repeat","background-position":"center center","background-size":"auto","background-attachment":"scroll","background-type":"","background-media":"","overlay-type":"","overlay-color":"","overlay-opacity":"","overlay-gradient":""},"tablet":{"background-color":"var(--ast-global-color-5)","background-image":"","background-repeat":"repeat","background-position":"center center","background-size":"auto","background-attachment":"scroll","background-type":"","background-media":"","overlay-type":"","overlay-color":"","overlay-opacity":"","overlay-gradient":""},"mobile":{"background-color":"var(--ast-global-color-5)","background-image":"","background-repeat":"repeat","background-position":"center center","background-size":"auto","background-attachment":"scroll","background-type":"","background-media":"","overlay-type":"","overlay-color":"","overlay-opacity":"","overlay-gradient":""}}},"product_brand":[],"product_cat":[24],"product_tag":[67,68],"class_list":{"0":"post-1641","1":"product","2":"type-product","3":"status-publish","4":"has-post-thumbnail","6":"product_cat-linha-braille","7":"product_tag-braille","8":"product_tag-tatil","9":"pa_tipo-equipamentos","10":"desktop-align-left","11":"tablet-align-left","12":"mobile-align-left","13":"ast-product-gallery-layout-horizontal","14":"ast-product-tabs-layout-vertical","16":"first","17":"instock","18":"shipping-taxable","19":"product-type-simple"},"yoast_head":"<!-- This site is optimized with the Yoast SEO plugin v27.2 - https:\/\/yoast.com\/product\/yoast-seo-wordpress\/ -->\n<title>MANTIS Q40 - Tecnovis&atilde;o<\/title>\n<meta name=\"description\" content=\"A linha Braille Mantis Q40 facilita o dia-a-dia das pessoas que amam braille e preferem digitar no teclado QWERTY.\" \/>\n<meta name=\"robots\" content=\"index, follow, max-snippet:-1, max-image-preview:large, max-video-preview:-1\" \/>\n<link rel=\"canonical\" href=\"https:\/\/tecnovisao.net\/es\/produtos\/mantis-q40\/\" \/>\n<meta property=\"og:locale\" content=\"es_ES\" \/>\n<meta property=\"og:type\" content=\"article\" \/>\n<meta property=\"og:title\" content=\"MANTIS Q40 - Tecnovis&atilde;o\" \/>\n<meta property=\"og:description\" content=\"A linha Braille Mantis Q40 facilita o dia-a-dia das pessoas que amam braille e preferem digitar no teclado QWERTY.\" \/>\n<meta property=\"og:url\" content=\"https:\/\/tecnovisao.net\/es\/produtos\/mantis-q40\/\" \/>\n<meta property=\"og:site_name\" content=\"Tecnovis&atilde;o\" \/>\n<meta property=\"article:publisher\" content=\"https:\/\/facebook.com\/tecnovisao\" \/>\n<meta property=\"article:modified_time\" content=\"2022-05-05T14:46:47+00:00\" \/>\n<meta property=\"og:image\" content=\"https:\/\/tecnovisao.net\/wp-content\/uploads\/2021\/04\/Mantis-Q40-case-executive-leather-P1066612-HR-scaled.jpg\" \/>\n\t<meta property=\"og:image:width\" content=\"2560\" \/>\n\t<meta property=\"og:image:height\" content=\"1920\" \/>\n\t<meta property=\"og:image:type\" content=\"image\/jpeg\" \/>\n<meta name=\"twitter:card\" content=\"summary_large_image\" \/>\n<meta name=\"twitter:site\" content=\"@tecnovisao\" \/>\n<meta name=\"twitter:label1\" content=\"Tiempo de lectura\" \/>\n\t<meta name=\"twitter:data1\" content=\"1 minuto\" \/>\n<script type=\"application\/ld+json\" class=\"yoast-schema-graph\">{\"@context\":\"https:\/\/schema.org\",\"@graph\":[{\"@type\":\"WebPage\",\"@id\":\"https:\/\/tecnovisao.net\/produtos\/mantis-q40\/\",\"url\":\"https:\/\/tecnovisao.net\/produtos\/mantis-q40\/\",\"name\":\"MANTIS Q40 - Tecnovis&atilde;o\",\"isPartOf\":{\"@id\":\"https:\/\/tecnovisao.net\/#website\"},\"primaryImageOfPage\":{\"@id\":\"https:\/\/tecnovisao.net\/produtos\/mantis-q40\/#primaryimage\"},\"image\":{\"@id\":\"https:\/\/tecnovisao.net\/produtos\/mantis-q40\/#primaryimage\"},\"thumbnailUrl\":\"https:\/\/i0.wp.com\/tecnovisao.net\/wp-content\/uploads\/2021\/04\/Mantis-Q40-case-executive-leather-P1066612-HR-scaled.jpg?fit=2560%2C1920&ssl=1\",\"datePublished\":\"2021-04-20T19:14:34+00:00\",\"dateModified\":\"2022-05-05T14:46:47+00:00\",\"description\":\"A linha Braille Mantis Q40 facilita o dia-a-dia das pessoas que amam braille e preferem digitar no teclado QWERTY.\",\"breadcrumb\":{\"@id\":\"https:\/\/tecnovisao.net\/produtos\/mantis-q40\/#breadcrumb\"},\"inLanguage\":\"es\",\"potentialAction\":[{\"@type\":\"ReadAction\",\"target\":[\"https:\/\/tecnovisao.net\/produtos\/mantis-q40\/\"]}]},{\"@type\":\"ImageObject\",\"inLanguage\":\"es\",\"@id\":\"https:\/\/tecnovisao.net\/produtos\/mantis-q40\/#primaryimage\",\"url\":\"https:\/\/i0.wp.com\/tecnovisao.net\/wp-content\/uploads\/2021\/04\/Mantis-Q40-case-executive-leather-P1066612-HR-scaled.jpg?fit=2560%2C1920&ssl=1\",\"contentUrl\":\"https:\/\/i0.wp.com\/tecnovisao.net\/wp-content\/uploads\/2021\/04\/Mantis-Q40-case-executive-leather-P1066612-HR-scaled.jpg?fit=2560%2C1920&ssl=1\",\"width\":2560,\"height\":1920,\"caption\":\"LINHA MANTIS Q40 COM A CAPA PROTETORA\"},{\"@type\":\"BreadcrumbList\",\"@id\":\"https:\/\/tecnovisao.net\/produtos\/mantis-q40\/#breadcrumb\",\"itemListElement\":[{\"@type\":\"ListItem\",\"position\":1,\"name\":\"In\u00edcio\",\"item\":\"https:\/\/tecnovisao.net\/\"},{\"@type\":\"ListItem\",\"position\":2,\"name\":\"Produtos\",\"item\":\"https:\/\/tecnovisao.net\/produtos\/\"},{\"@type\":\"ListItem\",\"position\":3,\"name\":\"MANTIS Q40\"}]},{\"@type\":\"WebSite\",\"@id\":\"https:\/\/tecnovisao.net\/#website\",\"url\":\"https:\/\/tecnovisao.net\/\",\"name\":\"Tecnovis&atilde;o\",\"description\":\"Conectando voc\u00ea ao mundo\",\"publisher\":{\"@id\":\"https:\/\/tecnovisao.net\/#organization\"},\"potentialAction\":[{\"@type\":\"SearchAction\",\"target\":{\"@type\":\"EntryPoint\",\"urlTemplate\":\"https:\/\/tecnovisao.net\/?s={search_term_string}\"},\"query-input\":{\"@type\":\"PropertyValueSpecification\",\"valueRequired\":true,\"valueName\":\"search_term_string\"}}],\"inLanguage\":\"es\"},{\"@type\":\"Organization\",\"@id\":\"https:\/\/tecnovisao.net\/#organization\",\"name\":\"Tecnovis\u00e3o\",\"url\":\"https:\/\/tecnovisao.net\/\",\"logo\":{\"@type\":\"ImageObject\",\"inLanguage\":\"es\",\"@id\":\"https:\/\/tecnovisao.net\/#\/schema\/logo\/image\/\",\"url\":\"https:\/\/tecnovisao.net\/wp-content\/uploads\/2021\/01\/logo-site.png\",\"contentUrl\":\"https:\/\/tecnovisao.net\/wp-content\/uploads\/2021\/01\/logo-site.png\",\"width\":356,\"height\":80,\"caption\":\"Tecnovis\u00e3o\"},\"image\":{\"@id\":\"https:\/\/tecnovisao.net\/#\/schema\/logo\/image\/\"},\"sameAs\":[\"https:\/\/facebook.com\/tecnovisao\",\"https:\/\/x.com\/tecnovisao\",\"https:\/\/instagram.com\/tecnovisao\",\"https:\/\/www.linkedin.com\/company\/tecnovisao\/\",\"https:\/\/www.youtube.com\/user\/Tecnovisao\"]}]}<\/script>\n<!-- \/ Yoast SEO plugin. -->","yoast_head_json":{"title":"MANTIS Q40 - Tecnovis&atilde;o","description":"A linha Braille Mantis Q40 facilita o dia-a-dia das pessoas que amam braille e preferem digitar no teclado QWERTY.","robots":{"index":"index","follow":"follow","max-snippet":"max-snippet:-1","max-image-preview":"max-image-preview:large","max-video-preview":"max-video-preview:-1"},"canonical":"https:\/\/tecnovisao.net\/es\/produtos\/mantis-q40\/","og_locale":"es_ES","og_type":"article","og_title":"MANTIS Q40 - Tecnovis&atilde;o","og_description":"A linha Braille Mantis Q40 facilita o dia-a-dia das pessoas que amam braille e preferem digitar no teclado QWERTY.","og_url":"https:\/\/tecnovisao.net\/es\/produtos\/mantis-q40\/","og_site_name":"Tecnovis&atilde;o","article_publisher":"https:\/\/facebook.com\/tecnovisao","article_modified_time":"2022-05-05T14:46:47+00:00","og_image":[{"width":2560,"height":1920,"url":"https:\/\/tecnovisao.net\/wp-content\/uploads\/2021\/04\/Mantis-Q40-case-executive-leather-P1066612-HR-scaled.jpg","type":"image\/jpeg"}],"twitter_card":"summary_large_image","twitter_site":"@tecnovisao","twitter_misc":{"Tiempo de lectura":"1 minuto"},"schema":{"@context":"https:\/\/schema.org","@graph":[{"@type":"WebPage","@id":"https:\/\/tecnovisao.net\/produtos\/mantis-q40\/","url":"https:\/\/tecnovisao.net\/produtos\/mantis-q40\/","name":"MANTIS Q40 - Tecnovis&atilde;o","isPartOf":{"@id":"https:\/\/tecnovisao.net\/#website"},"primaryImageOfPage":{"@id":"https:\/\/tecnovisao.net\/produtos\/mantis-q40\/#primaryimage"},"image":{"@id":"https:\/\/tecnovisao.net\/produtos\/mantis-q40\/#primaryimage"},"thumbnailUrl":"https:\/\/i0.wp.com\/tecnovisao.net\/wp-content\/uploads\/2021\/04\/Mantis-Q40-case-executive-leather-P1066612-HR-scaled.jpg?fit=2560%2C1920&ssl=1","datePublished":"2021-04-20T19:14:34+00:00","dateModified":"2022-05-05T14:46:47+00:00","description":"A linha Braille Mantis Q40 facilita o dia-a-dia das pessoas que amam braille e preferem digitar no teclado QWERTY.","breadcrumb":{"@id":"https:\/\/tecnovisao.net\/produtos\/mantis-q40\/#breadcrumb"},"inLanguage":"es","potentialAction":[{"@type":"ReadAction","target":["https:\/\/tecnovisao.net\/produtos\/mantis-q40\/"]}]},{"@type":"ImageObject","inLanguage":"es","@id":"https:\/\/tecnovisao.net\/produtos\/mantis-q40\/#primaryimage","url":"https:\/\/i0.wp.com\/tecnovisao.net\/wp-content\/uploads\/2021\/04\/Mantis-Q40-case-executive-leather-P1066612-HR-scaled.jpg?fit=2560%2C1920&ssl=1","contentUrl":"https:\/\/i0.wp.com\/tecnovisao.net\/wp-content\/uploads\/2021\/04\/Mantis-Q40-case-executive-leather-P1066612-HR-scaled.jpg?fit=2560%2C1920&ssl=1","width":2560,"height":1920,"caption":"LINHA MANTIS Q40 COM A CAPA PROTETORA"},{"@type":"BreadcrumbList","@id":"https:\/\/tecnovisao.net\/produtos\/mantis-q40\/#breadcrumb","itemListElement":[{"@type":"ListItem","position":1,"name":"In\u00edcio","item":"https:\/\/tecnovisao.net\/"},{"@type":"ListItem","position":2,"name":"Produtos","item":"https:\/\/tecnovisao.net\/produtos\/"},{"@type":"ListItem","position":3,"name":"MANTIS Q40"}]},{"@type":"WebSite","@id":"https:\/\/tecnovisao.net\/#website","url":"https:\/\/tecnovisao.net\/","name":"Tecnovis&atilde;o","description":"Conectando voc\u00ea ao mundo","publisher":{"@id":"https:\/\/tecnovisao.net\/#organization"},"potentialAction":[{"@type":"SearchAction","target":{"@type":"EntryPoint","urlTemplate":"https:\/\/tecnovisao.net\/?s={search_term_string}"},"query-input":{"@type":"PropertyValueSpecification","valueRequired":true,"valueName":"search_term_string"}}],"inLanguage":"es"},{"@type":"Organization","@id":"https:\/\/tecnovisao.net\/#organization","name":"Tecnovis\u00e3o","url":"https:\/\/tecnovisao.net\/","logo":{"@type":"ImageObject","inLanguage":"es","@id":"https:\/\/tecnovisao.net\/#\/schema\/logo\/image\/","url":"https:\/\/tecnovisao.net\/wp-content\/uploads\/2021\/01\/logo-site.png","contentUrl":"https:\/\/tecnovisao.net\/wp-content\/uploads\/2021\/01\/logo-site.png","width":356,"height":80,"caption":"Tecnovis\u00e3o"},"image":{"@id":"https:\/\/tecnovisao.net\/#\/schema\/logo\/image\/"},"sameAs":["https:\/\/facebook.com\/tecnovisao","https:\/\/x.com\/tecnovisao","https:\/\/instagram.com\/tecnovisao","https:\/\/www.linkedin.com\/company\/tecnovisao\/","https:\/\/www.youtube.com\/user\/Tecnovisao"]}]}},"jetpack_sharing_enabled":true,"_links":{"self":[{"href":"https:\/\/tecnovisao.net\/es\/wp-json\/wp\/v2\/product\/1641","targetHints":{"allow":["GET"]}}],"collection":[{"href":"https:\/\/tecnovisao.net\/es\/wp-json\/wp\/v2\/product"}],"about":[{"href":"https:\/\/tecnovisao.net\/es\/wp-json\/wp\/v2\/types\/product"}],"author":[{"embeddable":true,"href":"https:\/\/tecnovisao.net\/es\/wp-json\/wp\/v2\/users\/3"}],"wp:featuredmedia":[{"embeddable":true,"href":"https:\/\/tecnovisao.net\/es\/wp-json\/wp\/v2\/media\/1642"}],"wp:attachment":[{"href":"https:\/\/tecnovisao.net\/es\/wp-json\/wp\/v2\/media?parent=1641"}],"wp:term":[{"taxonomy":"product_brand","embeddable":true,"href":"https:\/\/tecnovisao.net\/es\/wp-json\/wp\/v2\/product_brand?post=1641"},{"taxonomy":"product_cat","embeddable":true,"href":"https:\/\/tecnovisao.net\/es\/wp-json\/wp\/v2\/product_cat?post=1641"},{"taxonomy":"product_tag","embeddable":true,"href":"https:\/\/tecnovisao.net\/es\/wp-json\/wp\/v2\/product_tag?post=1641"}],"curies":[{"name":"wp","href":"https:\/\/api.w.org\/{rel}","templated":true}]}}