{"id":1667,"date":"2021-04-20T20:50:18","date_gmt":"2021-04-20T23:50:18","guid":{"rendered":"https:\/\/tecnovisao.net\/?post_type=product&#038;p=1667"},"modified":"2023-10-21T12:03:46","modified_gmt":"2023-10-21T15:03:46","slug":"connect-12","status":"publish","type":"product","link":"https:\/\/tecnovisao.net\/es\/produtos\/connect-12\/","title":{"rendered":"Connect 12"},"content":{"rendered":"<p>Caracter\u00edsticas:<\/p>\n<ul>\n<li>Tela sens\u00edvel ao toque full HD de 12 polegadas;<\/li>\n<li>Leve, resistente e extremamente port\u00e1til;<\/li>\n<li>Amplia\u00e7\u00e3o HD ao vivo de 1-24x com ilumina\u00e7\u00e3o LED inteligente;<\/li>\n<li>\u00a0Capture \/ salve uma ou v\u00e1rias p\u00e1ginas fornecendo OCR preciso com amplia\u00e7\u00e3o de 1-80x;<\/li>\n<li>Possui 20 Op\u00e7\u00f5es contraste;<\/li>\n<li>Op\u00e7\u00e3o de usar a fala para aliviar a fadiga da leitura;<\/li>\n<li>3 modos de leitura eficientes: Pr\u00f3ximo mesa e distante;<\/li>\n<li>modos de p\u00e1gina inteira, coluna e linha;<\/li>\n<li>Fontes Diamond Edge com clareza perfeita;<\/li>\n<li>Visualiza\u00e7\u00e3o \u00e0 dist\u00e2ncia opcional com amplia\u00e7\u00e3o de at\u00e9 40X;<\/li>\n<li>Conectividade sem fio Bluetooth , wifi;<\/li>\n<li>Smartboard projetada no tablet para visualiza\u00e7\u00e3o distante na sala de aula;<\/li>\n<li>Calculadora cient\u00edfica com grandes n\u00fameros, caracteres e cores ajust\u00e1veis \u200b\u200bde alto contraste;<\/li>\n<li>Arquivos de entrada: Jpeg;<\/li>\n<li>Arquivos de sa\u00edda: Jpeg e TXT;<\/li>\n<li>Conecta na TV\/ Monitor;<\/li>\n<li>Leitura de auto-rolagem;<\/li>\n<li>Captura de imagem 90\u00ba e 180\u00ba;<\/li>\n<li>Imagem formato A4;<\/li>\n<li>Aplicativos prontos para usar: Dropbox, Google docs e muitos outros aplicativos;<\/li>\n<li>Atalhos para acesso Wi-Fi;<\/li>\n<li>compat\u00edvel com teclados Bluetooth opcionais para fazer anota\u00e7\u00f5es;<\/li>\n<li>Inclui bolsa de transporte estilo laptop, cabos, adaptador de energia e um teclado;<\/li>\n<li>Bateria: mais de 7 horas;<\/li>\n<li>Medidas: Tablet: 301 x 186 x 10mm;<\/li>\n<li>Fechado:240 x 400 x 19mm;<\/li>\n<li>Peso: 1940g.<\/li>\n<\/ul>","protected":false},"excerpt":{"rendered":"<p>O ampliador Connect 12 \u00e9 leve , resistente e totalmente port\u00e1til \u00e9 como um livro que voc\u00ea pode levar para qualquer lugar com o benef\u00edcio de poder ampliar at\u00e9 24x ou ap\u00f3s o OCR amplia at\u00e9 80x.<\/p>","protected":false},"author":3,"featured_media":1672,"template":"","meta":{"site-sidebar-layout":"default","site-content-layout":"default","ast-site-content-layout":"default","site-content-style":"default","site-sidebar-style":"default","ast-global-header-display":"","ast-banner-title-visibility":"","ast-main-header-display":"","ast-hfb-above-header-display":"","ast-hfb-below-header-display":"","ast-hfb-mobile-header-display":"","site-post-title":"","ast-breadcrumbs-content":"","ast-featured-img":"","footer-sml-layout":"","ast-disable-related-posts":"","theme-transparent-header-meta":"default","adv-header-id-meta":"","stick-header-meta":"default","header-above-stick-meta":"","header-main-stick-meta":"","header-below-stick-meta":"","astra-migrate-meta-layouts":"default","ast-page-background-enabled":"default","ast-page-background-meta":{"desktop":{"background-color":"","background-image":"","background-repeat":"repeat","background-position":"center center","background-size":"auto","background-attachment":"scroll","background-type":"","background-media":"","overlay-type":"","overlay-color":"","overlay-opacity":"","overlay-gradient":""},"tablet":{"background-color":"","background-image":"","background-repeat":"repeat","background-position":"center center","background-size":"auto","background-attachment":"scroll","background-type":"","background-media":"","overlay-type":"","overlay-color":"","overlay-opacity":"","overlay-gradient":""},"mobile":{"background-color":"","background-image":"","background-repeat":"repeat","background-position":"center center","background-size":"auto","background-attachment":"scroll","background-type":"","background-media":"","overlay-type":"","overlay-color":"","overlay-opacity":"","overlay-gradient":""}},"ast-content-background-meta":{"desktop":{"background-color":"var(--ast-global-color-5)","background-image":"","background-repeat":"repeat","background-position":"center center","background-size":"auto","background-attachment":"scroll","background-type":"","background-media":"","overlay-type":"","overlay-color":"","overlay-opacity":"","overlay-gradient":""},"tablet":{"background-color":"var(--ast-global-color-5)","background-image":"","background-repeat":"repeat","background-position":"center center","background-size":"auto","background-attachment":"scroll","background-type":"","background-media":"","overlay-type":"","overlay-color":"","overlay-opacity":"","overlay-gradient":""},"mobile":{"background-color":"var(--ast-global-color-5)","background-image":"","background-repeat":"repeat","background-position":"center center","background-size":"auto","background-attachment":"scroll","background-type":"","background-media":"","overlay-type":"","overlay-color":"","overlay-opacity":"","overlay-gradient":""}}},"product_brand":[],"product_cat":[28],"product_tag":[63],"class_list":{"0":"post-1667","1":"product","2":"type-product","3":"status-publish","4":"has-post-thumbnail","6":"product_cat-ampliador","7":"product_tag-ampliador_lupa","8":"pa_tipo-equipamentos","9":"desktop-align-left","10":"tablet-align-left","11":"mobile-align-left","12":"ast-product-gallery-layout-horizontal","13":"ast-product-tabs-layout-vertical","15":"first","16":"instock","17":"shipping-taxable","18":"product-type-simple"},"yoast_head":"<!-- This site is optimized with the Yoast SEO plugin v27.2 - https:\/\/yoast.com\/product\/yoast-seo-wordpress\/ -->\n<title>Connect 12 - Tecnovis&atilde;o<\/title>\n<meta name=\"description\" content=\"O ampliador Connect 12 \u00e9 leve , resistente e totalmente port\u00e1til \u00e9 como um livro que voc\u00ea pode levar para qualquer lugar com o benef\u00edcio de poder ampliar at\u00e9 24x ou ap\u00f3s o OCR amplia at\u00e9 80x.\" \/>\n<meta name=\"robots\" content=\"index, follow, max-snippet:-1, max-image-preview:large, max-video-preview:-1\" \/>\n<link rel=\"canonical\" href=\"https:\/\/tecnovisao.net\/es\/produtos\/connect-12\/\" \/>\n<meta property=\"og:locale\" content=\"es_ES\" \/>\n<meta property=\"og:type\" content=\"article\" \/>\n<meta property=\"og:title\" content=\"Connect 12 - Tecnovis&atilde;o\" \/>\n<meta property=\"og:description\" content=\"O ampliador Connect 12 \u00e9 leve , resistente e totalmente port\u00e1til \u00e9 como um livro que voc\u00ea pode levar para qualquer lugar com o benef\u00edcio de poder ampliar at\u00e9 24x ou ap\u00f3s o OCR amplia at\u00e9 80x.\" \/>\n<meta property=\"og:url\" content=\"https:\/\/tecnovisao.net\/es\/produtos\/connect-12\/\" \/>\n<meta property=\"og:site_name\" content=\"Tecnovis&atilde;o\" \/>\n<meta property=\"article:publisher\" content=\"https:\/\/facebook.com\/tecnovisao\" \/>\n<meta property=\"article:modified_time\" content=\"2023-10-21T15:03:46+00:00\" \/>\n<meta property=\"og:image\" content=\"https:\/\/tecnovisao.net\/wp-content\/uploads\/2021\/04\/Connect-12-Newspaper-HR-scaled.jpg\" \/>\n\t<meta property=\"og:image:width\" content=\"2560\" \/>\n\t<meta property=\"og:image:height\" content=\"1709\" \/>\n\t<meta property=\"og:image:type\" content=\"image\/jpeg\" \/>\n<meta name=\"twitter:card\" content=\"summary_large_image\" \/>\n<meta name=\"twitter:site\" content=\"@tecnovisao\" \/>\n<meta name=\"twitter:label1\" content=\"Tiempo de lectura\" \/>\n\t<meta name=\"twitter:data1\" content=\"1 minuto\" \/>\n<script type=\"application\/ld+json\" class=\"yoast-schema-graph\">{\"@context\":\"https:\/\/schema.org\",\"@graph\":[{\"@type\":\"WebPage\",\"@id\":\"https:\/\/tecnovisao.net\/produtos\/connect-12\/\",\"url\":\"https:\/\/tecnovisao.net\/produtos\/connect-12\/\",\"name\":\"Connect 12 - Tecnovis&atilde;o\",\"isPartOf\":{\"@id\":\"https:\/\/tecnovisao.net\/#website\"},\"primaryImageOfPage\":{\"@id\":\"https:\/\/tecnovisao.net\/produtos\/connect-12\/#primaryimage\"},\"image\":{\"@id\":\"https:\/\/tecnovisao.net\/produtos\/connect-12\/#primaryimage\"},\"thumbnailUrl\":\"https:\/\/i0.wp.com\/tecnovisao.net\/wp-content\/uploads\/2021\/04\/Connect-12-Newspaper-HR-scaled.jpg?fit=2560%2C1709&ssl=1\",\"datePublished\":\"2021-04-20T23:50:18+00:00\",\"dateModified\":\"2023-10-21T15:03:46+00:00\",\"description\":\"O ampliador Connect 12 \u00e9 leve , resistente e totalmente port\u00e1til \u00e9 como um livro que voc\u00ea pode levar para qualquer lugar com o benef\u00edcio de poder ampliar at\u00e9 24x ou ap\u00f3s o OCR amplia at\u00e9 80x.\",\"breadcrumb\":{\"@id\":\"https:\/\/tecnovisao.net\/produtos\/connect-12\/#breadcrumb\"},\"inLanguage\":\"es\",\"potentialAction\":[{\"@type\":\"ReadAction\",\"target\":[\"https:\/\/tecnovisao.net\/produtos\/connect-12\/\"]}]},{\"@type\":\"ImageObject\",\"inLanguage\":\"es\",\"@id\":\"https:\/\/tecnovisao.net\/produtos\/connect-12\/#primaryimage\",\"url\":\"https:\/\/i0.wp.com\/tecnovisao.net\/wp-content\/uploads\/2021\/04\/Connect-12-Newspaper-HR-scaled.jpg?fit=2560%2C1709&ssl=1\",\"contentUrl\":\"https:\/\/i0.wp.com\/tecnovisao.net\/wp-content\/uploads\/2021\/04\/Connect-12-Newspaper-HR-scaled.jpg?fit=2560%2C1709&ssl=1\",\"width\":2560,\"height\":1709},{\"@type\":\"BreadcrumbList\",\"@id\":\"https:\/\/tecnovisao.net\/produtos\/connect-12\/#breadcrumb\",\"itemListElement\":[{\"@type\":\"ListItem\",\"position\":1,\"name\":\"In\u00edcio\",\"item\":\"https:\/\/tecnovisao.net\/\"},{\"@type\":\"ListItem\",\"position\":2,\"name\":\"Produtos\",\"item\":\"https:\/\/tecnovisao.net\/produtos\/\"},{\"@type\":\"ListItem\",\"position\":3,\"name\":\"Connect 12\"}]},{\"@type\":\"WebSite\",\"@id\":\"https:\/\/tecnovisao.net\/#website\",\"url\":\"https:\/\/tecnovisao.net\/\",\"name\":\"Tecnovis&atilde;o\",\"description\":\"Conectando voc\u00ea ao mundo\",\"publisher\":{\"@id\":\"https:\/\/tecnovisao.net\/#organization\"},\"potentialAction\":[{\"@type\":\"SearchAction\",\"target\":{\"@type\":\"EntryPoint\",\"urlTemplate\":\"https:\/\/tecnovisao.net\/?s={search_term_string}\"},\"query-input\":{\"@type\":\"PropertyValueSpecification\",\"valueRequired\":true,\"valueName\":\"search_term_string\"}}],\"inLanguage\":\"es\"},{\"@type\":\"Organization\",\"@id\":\"https:\/\/tecnovisao.net\/#organization\",\"name\":\"Tecnovis\u00e3o\",\"url\":\"https:\/\/tecnovisao.net\/\",\"logo\":{\"@type\":\"ImageObject\",\"inLanguage\":\"es\",\"@id\":\"https:\/\/tecnovisao.net\/#\/schema\/logo\/image\/\",\"url\":\"https:\/\/tecnovisao.net\/wp-content\/uploads\/2021\/01\/logo-site.png\",\"contentUrl\":\"https:\/\/tecnovisao.net\/wp-content\/uploads\/2021\/01\/logo-site.png\",\"width\":356,\"height\":80,\"caption\":\"Tecnovis\u00e3o\"},\"image\":{\"@id\":\"https:\/\/tecnovisao.net\/#\/schema\/logo\/image\/\"},\"sameAs\":[\"https:\/\/facebook.com\/tecnovisao\",\"https:\/\/x.com\/tecnovisao\",\"https:\/\/instagram.com\/tecnovisao\",\"https:\/\/www.linkedin.com\/company\/tecnovisao\/\",\"https:\/\/www.youtube.com\/user\/Tecnovisao\"]}]}<\/script>\n<!-- \/ Yoast SEO plugin. -->","yoast_head_json":{"title":"Connect 12 - Tecnovis&atilde;o","description":"O ampliador Connect 12 \u00e9 leve , resistente e totalmente port\u00e1til \u00e9 como um livro que voc\u00ea pode levar para qualquer lugar com o benef\u00edcio de poder ampliar at\u00e9 24x ou ap\u00f3s o OCR amplia at\u00e9 80x.","robots":{"index":"index","follow":"follow","max-snippet":"max-snippet:-1","max-image-preview":"max-image-preview:large","max-video-preview":"max-video-preview:-1"},"canonical":"https:\/\/tecnovisao.net\/es\/produtos\/connect-12\/","og_locale":"es_ES","og_type":"article","og_title":"Connect 12 - Tecnovis&atilde;o","og_description":"O ampliador Connect 12 \u00e9 leve , resistente e totalmente port\u00e1til \u00e9 como um livro que voc\u00ea pode levar para qualquer lugar com o benef\u00edcio de poder ampliar at\u00e9 24x ou ap\u00f3s o OCR amplia at\u00e9 80x.","og_url":"https:\/\/tecnovisao.net\/es\/produtos\/connect-12\/","og_site_name":"Tecnovis&atilde;o","article_publisher":"https:\/\/facebook.com\/tecnovisao","article_modified_time":"2023-10-21T15:03:46+00:00","og_image":[{"width":2560,"height":1709,"url":"https:\/\/tecnovisao.net\/wp-content\/uploads\/2021\/04\/Connect-12-Newspaper-HR-scaled.jpg","type":"image\/jpeg"}],"twitter_card":"summary_large_image","twitter_site":"@tecnovisao","twitter_misc":{"Tiempo de lectura":"1 minuto"},"schema":{"@context":"https:\/\/schema.org","@graph":[{"@type":"WebPage","@id":"https:\/\/tecnovisao.net\/produtos\/connect-12\/","url":"https:\/\/tecnovisao.net\/produtos\/connect-12\/","name":"Connect 12 - Tecnovis&atilde;o","isPartOf":{"@id":"https:\/\/tecnovisao.net\/#website"},"primaryImageOfPage":{"@id":"https:\/\/tecnovisao.net\/produtos\/connect-12\/#primaryimage"},"image":{"@id":"https:\/\/tecnovisao.net\/produtos\/connect-12\/#primaryimage"},"thumbnailUrl":"https:\/\/i0.wp.com\/tecnovisao.net\/wp-content\/uploads\/2021\/04\/Connect-12-Newspaper-HR-scaled.jpg?fit=2560%2C1709&ssl=1","datePublished":"2021-04-20T23:50:18+00:00","dateModified":"2023-10-21T15:03:46+00:00","description":"O ampliador Connect 12 \u00e9 leve , resistente e totalmente port\u00e1til \u00e9 como um livro que voc\u00ea pode levar para qualquer lugar com o benef\u00edcio de poder ampliar at\u00e9 24x ou ap\u00f3s o OCR amplia at\u00e9 80x.","breadcrumb":{"@id":"https:\/\/tecnovisao.net\/produtos\/connect-12\/#breadcrumb"},"inLanguage":"es","potentialAction":[{"@type":"ReadAction","target":["https:\/\/tecnovisao.net\/produtos\/connect-12\/"]}]},{"@type":"ImageObject","inLanguage":"es","@id":"https:\/\/tecnovisao.net\/produtos\/connect-12\/#primaryimage","url":"https:\/\/i0.wp.com\/tecnovisao.net\/wp-content\/uploads\/2021\/04\/Connect-12-Newspaper-HR-scaled.jpg?fit=2560%2C1709&ssl=1","contentUrl":"https:\/\/i0.wp.com\/tecnovisao.net\/wp-content\/uploads\/2021\/04\/Connect-12-Newspaper-HR-scaled.jpg?fit=2560%2C1709&ssl=1","width":2560,"height":1709},{"@type":"BreadcrumbList","@id":"https:\/\/tecnovisao.net\/produtos\/connect-12\/#breadcrumb","itemListElement":[{"@type":"ListItem","position":1,"name":"In\u00edcio","item":"https:\/\/tecnovisao.net\/"},{"@type":"ListItem","position":2,"name":"Produtos","item":"https:\/\/tecnovisao.net\/produtos\/"},{"@type":"ListItem","position":3,"name":"Connect 12"}]},{"@type":"WebSite","@id":"https:\/\/tecnovisao.net\/#website","url":"https:\/\/tecnovisao.net\/","name":"Tecnovis&atilde;o","description":"Conectando voc\u00ea ao mundo","publisher":{"@id":"https:\/\/tecnovisao.net\/#organization"},"potentialAction":[{"@type":"SearchAction","target":{"@type":"EntryPoint","urlTemplate":"https:\/\/tecnovisao.net\/?s={search_term_string}"},"query-input":{"@type":"PropertyValueSpecification","valueRequired":true,"valueName":"search_term_string"}}],"inLanguage":"es"},{"@type":"Organization","@id":"https:\/\/tecnovisao.net\/#organization","name":"Tecnovis\u00e3o","url":"https:\/\/tecnovisao.net\/","logo":{"@type":"ImageObject","inLanguage":"es","@id":"https:\/\/tecnovisao.net\/#\/schema\/logo\/image\/","url":"https:\/\/tecnovisao.net\/wp-content\/uploads\/2021\/01\/logo-site.png","contentUrl":"https:\/\/tecnovisao.net\/wp-content\/uploads\/2021\/01\/logo-site.png","width":356,"height":80,"caption":"Tecnovis\u00e3o"},"image":{"@id":"https:\/\/tecnovisao.net\/#\/schema\/logo\/image\/"},"sameAs":["https:\/\/facebook.com\/tecnovisao","https:\/\/x.com\/tecnovisao","https:\/\/instagram.com\/tecnovisao","https:\/\/www.linkedin.com\/company\/tecnovisao\/","https:\/\/www.youtube.com\/user\/Tecnovisao"]}]}},"jetpack_sharing_enabled":true,"_links":{"self":[{"href":"https:\/\/tecnovisao.net\/es\/wp-json\/wp\/v2\/product\/1667","targetHints":{"allow":["GET"]}}],"collection":[{"href":"https:\/\/tecnovisao.net\/es\/wp-json\/wp\/v2\/product"}],"about":[{"href":"https:\/\/tecnovisao.net\/es\/wp-json\/wp\/v2\/types\/product"}],"author":[{"embeddable":true,"href":"https:\/\/tecnovisao.net\/es\/wp-json\/wp\/v2\/users\/3"}],"wp:featuredmedia":[{"embeddable":true,"href":"https:\/\/tecnovisao.net\/es\/wp-json\/wp\/v2\/media\/1672"}],"wp:attachment":[{"href":"https:\/\/tecnovisao.net\/es\/wp-json\/wp\/v2\/media?parent=1667"}],"wp:term":[{"taxonomy":"product_brand","embeddable":true,"href":"https:\/\/tecnovisao.net\/es\/wp-json\/wp\/v2\/product_brand?post=1667"},{"taxonomy":"product_cat","embeddable":true,"href":"https:\/\/tecnovisao.net\/es\/wp-json\/wp\/v2\/product_cat?post=1667"},{"taxonomy":"product_tag","embeddable":true,"href":"https:\/\/tecnovisao.net\/es\/wp-json\/wp\/v2\/product_tag?post=1667"}],"curies":[{"name":"wp","href":"https:\/\/api.w.org\/{rel}","templated":true}]}}