{"id":1674,"date":"2021-04-20T20:56:51","date_gmt":"2021-04-20T23:56:51","guid":{"rendered":"https:\/\/tecnovisao.net\/?post_type=product&#038;p=1674"},"modified":"2022-01-17T19:17:29","modified_gmt":"2022-01-17T22:17:29","slug":"reveal-16","status":"publish","type":"product","link":"https:\/\/tecnovisao.net\/es\/produtos\/reveal-16\/","title":{"rendered":"REVEAL 16"},"content":{"rendered":"<p>Caracter\u00edsticas:<\/p>\n<ul>\n<li>Tela ajust\u00e1vel de 16 polegadas<\/li>\n<li>Resolu\u00e7\u00e3o: 1920&#215;1080<\/li>\n<li>Possui auto-foco<\/li>\n<li>Zoom \u00f3ptico de amplia\u00e7\u00e3o de 10X<\/li>\n<li>Amplia\u00e7\u00e3o digital de at\u00e9 45X Real 1X LEDs<\/li>\n<li>Acesso ao Android \u00a0Google Play Store acess\u00edvel para baixar milhares de aplicativos<\/li>\n<li>Acesso ao Google Docs, Drive, Gmail, Google+, Hangouts, Chrome j\u00e1 instalado.<\/li>\n<li>Acesso a internet<\/li>\n<li>Reveal 16i tamb\u00e9m est\u00e1 conectado ao Bookshare<\/li>\n<li>Permite OCR (reconhecimento \u00f3ptico de caracteres)<\/li>\n<li>Permite convers\u00e3o de texto em voz (TTS)<\/li>\n<li>Modo de visualiza\u00e7\u00e3o: pr\u00f3ximo e distante<\/li>\n<li>Tela sens\u00edvel ao toque<\/li>\n<li>Permite congelar tela<\/li>\n<li>Atualiza\u00e7\u00f5es de software autom\u00e1ticas gratuitas<\/li>\n<li>Permite Conex\u00f5es de Internet e Bluetooth<\/li>\n<li>Permite entrada USB e alta resolu\u00e7\u00e3o v\u00eddeo output,<\/li>\n<li>Permite entrada para fone de ouvido<\/li>\n<li>Estojo de transporte opcional<\/li>\n<li>Robusto e dobr\u00e1vel<\/li>\n<li>Bateria; 5-6 horas com luz ligada<\/li>\n<li>Medidas: aberto 380 x 370 x 464 mm<\/li>\n<li>Fechado: 380 x 150 x 473 mm<\/li>\n<li>Peso: 6,5kg<\/li>\n<\/ul>\n<div class=\"epyt-video-wrapper\"><iframe  id=\"_ytid_98114\"  width=\"800\" height=\"450\"  data-origwidth=\"800\" data-origheight=\"450\" src=\"https:\/\/www.youtube.com\/embed\/DxAurcEn9Vo?enablejsapi=1&#038;autoplay=0&#038;cc_load_policy=0&#038;cc_lang_pref=&#038;iv_load_policy=1&#038;loop=0&#038;rel=0&#038;fs=1&#038;playsinline=0&#038;autohide=2&#038;theme=dark&#038;color=red&#038;controls=1&#038;disablekb=0&#038;\" class=\"__youtube_prefs__  epyt-is-override  no-lazyload\" title=\"YouTube player\"  allow=\"fullscreen; accelerometer; autoplay; clipboard-write; encrypted-media; gyroscope; picture-in-picture; web-share\" referrerpolicy=\"strict-origin-when-cross-origin\" allowfullscreen data-no-lazy=\"1\" data-skipgform_ajax_framebjll=\"\"><\/iframe><\/div>","protected":false},"excerpt":{"rendered":"<p>O ampliador Reveal 16 permite ampliar material at\u00e9 45 x com sua tela de 16 polegadas a leitura fica mais f\u00e1cil. Possui OCR, recurso de voz e tela touch tornando seu uso mais intuitivo.<\/p>","protected":false},"author":3,"featured_media":1675,"template":"","meta":{"site-sidebar-layout":"default","site-content-layout":"default","ast-site-content-layout":"default","site-content-style":"default","site-sidebar-style":"default","ast-global-header-display":"","ast-banner-title-visibility":"","ast-main-header-display":"","ast-hfb-above-header-display":"","ast-hfb-below-header-display":"","ast-hfb-mobile-header-display":"","site-post-title":"","ast-breadcrumbs-content":"","ast-featured-img":"","footer-sml-layout":"","ast-disable-related-posts":"","theme-transparent-header-meta":"default","adv-header-id-meta":"","stick-header-meta":"default","header-above-stick-meta":"","header-main-stick-meta":"","header-below-stick-meta":"","astra-migrate-meta-layouts":"default","ast-page-background-enabled":"default","ast-page-background-meta":{"desktop":{"background-color":"","background-image":"","background-repeat":"repeat","background-position":"center center","background-size":"auto","background-attachment":"scroll","background-type":"","background-media":"","overlay-type":"","overlay-color":"","overlay-opacity":"","overlay-gradient":""},"tablet":{"background-color":"","background-image":"","background-repeat":"repeat","background-position":"center center","background-size":"auto","background-attachment":"scroll","background-type":"","background-media":"","overlay-type":"","overlay-color":"","overlay-opacity":"","overlay-gradient":""},"mobile":{"background-color":"","background-image":"","background-repeat":"repeat","background-position":"center center","background-size":"auto","background-attachment":"scroll","background-type":"","background-media":"","overlay-type":"","overlay-color":"","overlay-opacity":"","overlay-gradient":""}},"ast-content-background-meta":{"desktop":{"background-color":"var(--ast-global-color-5)","background-image":"","background-repeat":"repeat","background-position":"center center","background-size":"auto","background-attachment":"scroll","background-type":"","background-media":"","overlay-type":"","overlay-color":"","overlay-opacity":"","overlay-gradient":""},"tablet":{"background-color":"var(--ast-global-color-5)","background-image":"","background-repeat":"repeat","background-position":"center center","background-size":"auto","background-attachment":"scroll","background-type":"","background-media":"","overlay-type":"","overlay-color":"","overlay-opacity":"","overlay-gradient":""},"mobile":{"background-color":"var(--ast-global-color-5)","background-image":"","background-repeat":"repeat","background-position":"center center","background-size":"auto","background-attachment":"scroll","background-type":"","background-media":"","overlay-type":"","overlay-color":"","overlay-opacity":"","overlay-gradient":""}}},"product_brand":[],"product_cat":[28],"product_tag":[63],"class_list":{"0":"post-1674","1":"product","2":"type-product","3":"status-publish","4":"has-post-thumbnail","6":"product_cat-ampliador","7":"product_tag-ampliador_lupa","8":"pa_tipo-equipamentos","9":"desktop-align-left","10":"tablet-align-left","11":"mobile-align-left","12":"ast-product-gallery-layout-horizontal","13":"ast-product-tabs-layout-vertical","15":"first","16":"instock","17":"shipping-taxable","18":"product-type-simple"},"yoast_head":"<!-- This site is optimized with the Yoast SEO plugin v27.2 - https:\/\/yoast.com\/product\/yoast-seo-wordpress\/ -->\n<title>REVEAL 16 - Tecnovis&atilde;o<\/title>\n<meta name=\"description\" content=\"O ampliador Reveal 16 permite ampliar material at\u00e9 45 x com sua tela de 16 polegadas a leitura fica mais f\u00e1cil. Possui OCR, recurso de voz e tela touch tornando seu uso mais intuitivo.\" \/>\n<meta name=\"robots\" content=\"index, follow, max-snippet:-1, max-image-preview:large, max-video-preview:-1\" \/>\n<link rel=\"canonical\" href=\"https:\/\/tecnovisao.net\/es\/produtos\/reveal-16\/\" \/>\n<meta property=\"og:locale\" content=\"es_ES\" \/>\n<meta property=\"og:type\" content=\"article\" \/>\n<meta property=\"og:title\" content=\"REVEAL 16 - Tecnovis&atilde;o\" \/>\n<meta property=\"og:description\" content=\"O ampliador Reveal 16 permite ampliar material at\u00e9 45 x com sua tela de 16 polegadas a leitura fica mais f\u00e1cil. Possui OCR, recurso de voz e tela touch tornando seu uso mais intuitivo.\" \/>\n<meta property=\"og:url\" content=\"https:\/\/tecnovisao.net\/es\/produtos\/reveal-16\/\" \/>\n<meta property=\"og:site_name\" content=\"Tecnovis&atilde;o\" \/>\n<meta property=\"article:publisher\" content=\"https:\/\/facebook.com\/tecnovisao\" \/>\n<meta property=\"article:modified_time\" content=\"2022-01-17T22:17:29+00:00\" \/>\n<meta property=\"og:image\" content=\"https:\/\/tecnovisao.net\/wp-content\/uploads\/2021\/04\/Banner-Reveal-16-HR-scaled.jpg\" \/>\n\t<meta property=\"og:image:width\" content=\"2560\" \/>\n\t<meta property=\"og:image:height\" content=\"1024\" \/>\n\t<meta property=\"og:image:type\" content=\"image\/jpeg\" \/>\n<meta name=\"twitter:card\" content=\"summary_large_image\" \/>\n<meta name=\"twitter:site\" content=\"@tecnovisao\" \/>\n<meta name=\"twitter:label1\" content=\"Tiempo de lectura\" \/>\n\t<meta name=\"twitter:data1\" content=\"1 minuto\" \/>\n<script type=\"application\/ld+json\" class=\"yoast-schema-graph\">{\"@context\":\"https:\/\/schema.org\",\"@graph\":[{\"@type\":\"WebPage\",\"@id\":\"https:\/\/tecnovisao.net\/produtos\/reveal-16\/\",\"url\":\"https:\/\/tecnovisao.net\/produtos\/reveal-16\/\",\"name\":\"REVEAL 16 - Tecnovis&atilde;o\",\"isPartOf\":{\"@id\":\"https:\/\/tecnovisao.net\/#website\"},\"primaryImageOfPage\":{\"@id\":\"https:\/\/tecnovisao.net\/produtos\/reveal-16\/#primaryimage\"},\"image\":{\"@id\":\"https:\/\/tecnovisao.net\/produtos\/reveal-16\/#primaryimage\"},\"thumbnailUrl\":\"https:\/\/i0.wp.com\/tecnovisao.net\/wp-content\/uploads\/2021\/04\/Banner-Reveal-16-HR-scaled.jpg?fit=2560%2C1024&ssl=1\",\"datePublished\":\"2021-04-20T23:56:51+00:00\",\"dateModified\":\"2022-01-17T22:17:29+00:00\",\"description\":\"O ampliador Reveal 16 permite ampliar material at\u00e9 45 x com sua tela de 16 polegadas a leitura fica mais f\u00e1cil. Possui OCR, recurso de voz e tela touch tornando seu uso mais intuitivo.\",\"breadcrumb\":{\"@id\":\"https:\/\/tecnovisao.net\/produtos\/reveal-16\/#breadcrumb\"},\"inLanguage\":\"es\",\"potentialAction\":[{\"@type\":\"ReadAction\",\"target\":[\"https:\/\/tecnovisao.net\/produtos\/reveal-16\/\"]}]},{\"@type\":\"ImageObject\",\"inLanguage\":\"es\",\"@id\":\"https:\/\/tecnovisao.net\/produtos\/reveal-16\/#primaryimage\",\"url\":\"https:\/\/i0.wp.com\/tecnovisao.net\/wp-content\/uploads\/2021\/04\/Banner-Reveal-16-HR-scaled.jpg?fit=2560%2C1024&ssl=1\",\"contentUrl\":\"https:\/\/i0.wp.com\/tecnovisao.net\/wp-content\/uploads\/2021\/04\/Banner-Reveal-16-HR-scaled.jpg?fit=2560%2C1024&ssl=1\",\"width\":2560,\"height\":1024,\"caption\":\"3 FOTOS DO RECEAL 16 SENDO O PRIMEIRO ABERTO O SEGUNDO FECHANDO E O TERCEIRO TOTALMENTE FECHADO\"},{\"@type\":\"BreadcrumbList\",\"@id\":\"https:\/\/tecnovisao.net\/produtos\/reveal-16\/#breadcrumb\",\"itemListElement\":[{\"@type\":\"ListItem\",\"position\":1,\"name\":\"In\u00edcio\",\"item\":\"https:\/\/tecnovisao.net\/\"},{\"@type\":\"ListItem\",\"position\":2,\"name\":\"Produtos\",\"item\":\"https:\/\/tecnovisao.net\/produtos\/\"},{\"@type\":\"ListItem\",\"position\":3,\"name\":\"REVEAL 16\"}]},{\"@type\":\"WebSite\",\"@id\":\"https:\/\/tecnovisao.net\/#website\",\"url\":\"https:\/\/tecnovisao.net\/\",\"name\":\"Tecnovis&atilde;o\",\"description\":\"Conectando voc\u00ea ao mundo\",\"publisher\":{\"@id\":\"https:\/\/tecnovisao.net\/#organization\"},\"potentialAction\":[{\"@type\":\"SearchAction\",\"target\":{\"@type\":\"EntryPoint\",\"urlTemplate\":\"https:\/\/tecnovisao.net\/?s={search_term_string}\"},\"query-input\":{\"@type\":\"PropertyValueSpecification\",\"valueRequired\":true,\"valueName\":\"search_term_string\"}}],\"inLanguage\":\"es\"},{\"@type\":\"Organization\",\"@id\":\"https:\/\/tecnovisao.net\/#organization\",\"name\":\"Tecnovis\u00e3o\",\"url\":\"https:\/\/tecnovisao.net\/\",\"logo\":{\"@type\":\"ImageObject\",\"inLanguage\":\"es\",\"@id\":\"https:\/\/tecnovisao.net\/#\/schema\/logo\/image\/\",\"url\":\"https:\/\/tecnovisao.net\/wp-content\/uploads\/2021\/01\/logo-site.png\",\"contentUrl\":\"https:\/\/tecnovisao.net\/wp-content\/uploads\/2021\/01\/logo-site.png\",\"width\":356,\"height\":80,\"caption\":\"Tecnovis\u00e3o\"},\"image\":{\"@id\":\"https:\/\/tecnovisao.net\/#\/schema\/logo\/image\/\"},\"sameAs\":[\"https:\/\/facebook.com\/tecnovisao\",\"https:\/\/x.com\/tecnovisao\",\"https:\/\/instagram.com\/tecnovisao\",\"https:\/\/www.linkedin.com\/company\/tecnovisao\/\",\"https:\/\/www.youtube.com\/user\/Tecnovisao\"]}]}<\/script>\n<!-- \/ Yoast SEO plugin. -->","yoast_head_json":{"title":"REVEAL 16 - Tecnovis&atilde;o","description":"O ampliador Reveal 16 permite ampliar material at\u00e9 45 x com sua tela de 16 polegadas a leitura fica mais f\u00e1cil. Possui OCR, recurso de voz e tela touch tornando seu uso mais intuitivo.","robots":{"index":"index","follow":"follow","max-snippet":"max-snippet:-1","max-image-preview":"max-image-preview:large","max-video-preview":"max-video-preview:-1"},"canonical":"https:\/\/tecnovisao.net\/es\/produtos\/reveal-16\/","og_locale":"es_ES","og_type":"article","og_title":"REVEAL 16 - Tecnovis&atilde;o","og_description":"O ampliador Reveal 16 permite ampliar material at\u00e9 45 x com sua tela de 16 polegadas a leitura fica mais f\u00e1cil. Possui OCR, recurso de voz e tela touch tornando seu uso mais intuitivo.","og_url":"https:\/\/tecnovisao.net\/es\/produtos\/reveal-16\/","og_site_name":"Tecnovis&atilde;o","article_publisher":"https:\/\/facebook.com\/tecnovisao","article_modified_time":"2022-01-17T22:17:29+00:00","og_image":[{"width":2560,"height":1024,"url":"https:\/\/tecnovisao.net\/wp-content\/uploads\/2021\/04\/Banner-Reveal-16-HR-scaled.jpg","type":"image\/jpeg"}],"twitter_card":"summary_large_image","twitter_site":"@tecnovisao","twitter_misc":{"Tiempo de lectura":"1 minuto"},"schema":{"@context":"https:\/\/schema.org","@graph":[{"@type":"WebPage","@id":"https:\/\/tecnovisao.net\/produtos\/reveal-16\/","url":"https:\/\/tecnovisao.net\/produtos\/reveal-16\/","name":"REVEAL 16 - Tecnovis&atilde;o","isPartOf":{"@id":"https:\/\/tecnovisao.net\/#website"},"primaryImageOfPage":{"@id":"https:\/\/tecnovisao.net\/produtos\/reveal-16\/#primaryimage"},"image":{"@id":"https:\/\/tecnovisao.net\/produtos\/reveal-16\/#primaryimage"},"thumbnailUrl":"https:\/\/i0.wp.com\/tecnovisao.net\/wp-content\/uploads\/2021\/04\/Banner-Reveal-16-HR-scaled.jpg?fit=2560%2C1024&ssl=1","datePublished":"2021-04-20T23:56:51+00:00","dateModified":"2022-01-17T22:17:29+00:00","description":"O ampliador Reveal 16 permite ampliar material at\u00e9 45 x com sua tela de 16 polegadas a leitura fica mais f\u00e1cil. Possui OCR, recurso de voz e tela touch tornando seu uso mais intuitivo.","breadcrumb":{"@id":"https:\/\/tecnovisao.net\/produtos\/reveal-16\/#breadcrumb"},"inLanguage":"es","potentialAction":[{"@type":"ReadAction","target":["https:\/\/tecnovisao.net\/produtos\/reveal-16\/"]}]},{"@type":"ImageObject","inLanguage":"es","@id":"https:\/\/tecnovisao.net\/produtos\/reveal-16\/#primaryimage","url":"https:\/\/i0.wp.com\/tecnovisao.net\/wp-content\/uploads\/2021\/04\/Banner-Reveal-16-HR-scaled.jpg?fit=2560%2C1024&ssl=1","contentUrl":"https:\/\/i0.wp.com\/tecnovisao.net\/wp-content\/uploads\/2021\/04\/Banner-Reveal-16-HR-scaled.jpg?fit=2560%2C1024&ssl=1","width":2560,"height":1024,"caption":"3 FOTOS DO RECEAL 16 SENDO O PRIMEIRO ABERTO O SEGUNDO FECHANDO E O TERCEIRO TOTALMENTE FECHADO"},{"@type":"BreadcrumbList","@id":"https:\/\/tecnovisao.net\/produtos\/reveal-16\/#breadcrumb","itemListElement":[{"@type":"ListItem","position":1,"name":"In\u00edcio","item":"https:\/\/tecnovisao.net\/"},{"@type":"ListItem","position":2,"name":"Produtos","item":"https:\/\/tecnovisao.net\/produtos\/"},{"@type":"ListItem","position":3,"name":"REVEAL 16"}]},{"@type":"WebSite","@id":"https:\/\/tecnovisao.net\/#website","url":"https:\/\/tecnovisao.net\/","name":"Tecnovis&atilde;o","description":"Conectando voc\u00ea ao mundo","publisher":{"@id":"https:\/\/tecnovisao.net\/#organization"},"potentialAction":[{"@type":"SearchAction","target":{"@type":"EntryPoint","urlTemplate":"https:\/\/tecnovisao.net\/?s={search_term_string}"},"query-input":{"@type":"PropertyValueSpecification","valueRequired":true,"valueName":"search_term_string"}}],"inLanguage":"es"},{"@type":"Organization","@id":"https:\/\/tecnovisao.net\/#organization","name":"Tecnovis\u00e3o","url":"https:\/\/tecnovisao.net\/","logo":{"@type":"ImageObject","inLanguage":"es","@id":"https:\/\/tecnovisao.net\/#\/schema\/logo\/image\/","url":"https:\/\/tecnovisao.net\/wp-content\/uploads\/2021\/01\/logo-site.png","contentUrl":"https:\/\/tecnovisao.net\/wp-content\/uploads\/2021\/01\/logo-site.png","width":356,"height":80,"caption":"Tecnovis\u00e3o"},"image":{"@id":"https:\/\/tecnovisao.net\/#\/schema\/logo\/image\/"},"sameAs":["https:\/\/facebook.com\/tecnovisao","https:\/\/x.com\/tecnovisao","https:\/\/instagram.com\/tecnovisao","https:\/\/www.linkedin.com\/company\/tecnovisao\/","https:\/\/www.youtube.com\/user\/Tecnovisao"]}]}},"jetpack_sharing_enabled":true,"_links":{"self":[{"href":"https:\/\/tecnovisao.net\/es\/wp-json\/wp\/v2\/product\/1674","targetHints":{"allow":["GET"]}}],"collection":[{"href":"https:\/\/tecnovisao.net\/es\/wp-json\/wp\/v2\/product"}],"about":[{"href":"https:\/\/tecnovisao.net\/es\/wp-json\/wp\/v2\/types\/product"}],"author":[{"embeddable":true,"href":"https:\/\/tecnovisao.net\/es\/wp-json\/wp\/v2\/users\/3"}],"wp:featuredmedia":[{"embeddable":true,"href":"https:\/\/tecnovisao.net\/es\/wp-json\/wp\/v2\/media\/1675"}],"wp:attachment":[{"href":"https:\/\/tecnovisao.net\/es\/wp-json\/wp\/v2\/media?parent=1674"}],"wp:term":[{"taxonomy":"product_brand","embeddable":true,"href":"https:\/\/tecnovisao.net\/es\/wp-json\/wp\/v2\/product_brand?post=1674"},{"taxonomy":"product_cat","embeddable":true,"href":"https:\/\/tecnovisao.net\/es\/wp-json\/wp\/v2\/product_cat?post=1674"},{"taxonomy":"product_tag","embeddable":true,"href":"https:\/\/tecnovisao.net\/es\/wp-json\/wp\/v2\/product_tag?post=1674"}],"curies":[{"name":"wp","href":"https:\/\/api.w.org\/{rel}","templated":true}]}}