{"id":3641,"date":"2022-02-04T11:27:32","date_gmt":"2022-02-04T14:27:32","guid":{"rendered":"https:\/\/tecnovisao.net\/?post_type=product&#038;p=3641"},"modified":"2023-10-21T20:08:38","modified_gmt":"2023-10-21T23:08:38","slug":"rogue-trator","status":"publish","type":"product","link":"https:\/\/tecnovisao.net\/es\/produtos\/rogue-trator\/","title":{"rendered":"Rogue Trator"},"content":{"rendered":"<h3 class=\"AppleOriginalContents\">Caracter\u00edsticas:<\/h3>\n<div><\/div>\n<div class=\"AppleOriginalContents\"><\/div>\n<div class=\"AppleOriginalContents\">\n<ul>\n<li>Velocidade de impress\u00e3o: 120 CPS e 400 PPH;<br \/>\nModo de impress\u00e3o: lado \u00fanico;<br \/>\nResolu\u00e7\u00e3o t\u00e1til: 100 DPI;<\/li>\n<li>Possui Ponto Power, mais dur\u00e1vel e mais suave ao tato desenvolvido junto a Braillo;<\/li>\n<li>Total 8 altura de pontos braille 3D: 7 para cores e 1 para braille, Total de 8 pontos sendo: Alturas de pontos gr\u00e1ficos t\u00e1teis: 7 etapas para representa\u00e7\u00e3o de cores;<\/li>\n<li>Altura dos pontos braille: Ajust\u00e1vel em 3 alturas;<\/li>\n<li>Permite impress\u00f5es de diagramas para mesa t\u00e1til IVEO;<\/li>\n<li>Condi\u00e7\u00f5es t\u00e9cnicas para a impress\u00e3o de gr\u00e1ficos e textos num mesmo documento;<\/li>\n<li>Compat\u00edvel com software tradutor braille: TSS \u00a0(Software Tradutor Tiger) , Duxbury;<\/li>\n<li>Largura do papel:176 \u2013 305 mm;<\/li>\n<li>Papel: Formul\u00e1rio Cont\u00ednuo;<\/li>\n<li>Gramatura do papel: 90 \u2013 200 g\/m\u00b2;<\/li>\n<li>Conex\u00e3o\/Compatibilidade Conex\u00e3o: USB (1.1, 2.0);<\/li>\n<li>Opcional TigerBox: Impress\u00e3o para os formatos .doc, .docx, .pdf, .rtf, .txt, .brf e .brl atrav\u00e9s do pendrive ou direto dos celulares Android e Apple. Permite conex\u00e3o via USB, wireless, bluetooth diretamente pelo pendrive ou pela WEB;<\/li>\n<li>Acompanha a Licen\u00e7a do Software Tradutor TSS (Software tradutor Tiger);<\/li>\n<li>Painel de Controle com teclas em alto-relevo e sintetizador de voz em Portugu\u00eas do Brasil;<\/li>\n<li>Compat\u00edvel com Windows\/Mac\/Linux;<\/li>\n<li>Dimens\u00f5es: Altura: 158 mm Largura: 557 mm Profundidade: 275 mm;<\/li>\n<li>Peso: 9 kg.<\/li>\n<\/ul>\n<\/div>","protected":false},"excerpt":{"rendered":"<p><span class=\"VIiyi\" lang=\"pt\">A VP Rogue \u00e9 a \u00fanica impressora no mercado que imprime Braille 3D e \u00a0<\/span>Gr\u00e1ficos t\u00e1teis em alta resolu\u00e7\u00e3o em uma mesma impressora de m\u00e9dio porte.<\/p>\n<div class=\"\">\n<div class=\"\"><\/div>\n<\/div>\n<div class=\"\">\n<div class=\"\">\n<div class=\"\">\n<div class=\"J0lOec\"><\/div>\n<\/div>\n<\/div>\n<\/div>","protected":false},"author":3,"featured_media":3642,"template":"","meta":{"site-sidebar-layout":"default","site-content-layout":"default","ast-site-content-layout":"default","site-content-style":"default","site-sidebar-style":"default","ast-global-header-display":"","ast-banner-title-visibility":"","ast-main-header-display":"","ast-hfb-above-header-display":"","ast-hfb-below-header-display":"","ast-hfb-mobile-header-display":"","site-post-title":"","ast-breadcrumbs-content":"","ast-featured-img":"","footer-sml-layout":"","ast-disable-related-posts":"","theme-transparent-header-meta":"default","adv-header-id-meta":"","stick-header-meta":"default","header-above-stick-meta":"","header-main-stick-meta":"","header-below-stick-meta":"","astra-migrate-meta-layouts":"default","ast-page-background-enabled":"default","ast-page-background-meta":{"desktop":{"background-color":"","background-image":"","background-repeat":"repeat","background-position":"center center","background-size":"auto","background-attachment":"scroll","background-type":"","background-media":"","overlay-type":"","overlay-color":"","overlay-opacity":"","overlay-gradient":""},"tablet":{"background-color":"","background-image":"","background-repeat":"repeat","background-position":"center center","background-size":"auto","background-attachment":"scroll","background-type":"","background-media":"","overlay-type":"","overlay-color":"","overlay-opacity":"","overlay-gradient":""},"mobile":{"background-color":"","background-image":"","background-repeat":"repeat","background-position":"center center","background-size":"auto","background-attachment":"scroll","background-type":"","background-media":"","overlay-type":"","overlay-color":"","overlay-opacity":"","overlay-gradient":""}},"ast-content-background-meta":{"desktop":{"background-color":"var(--ast-global-color-5)","background-image":"","background-repeat":"repeat","background-position":"center center","background-size":"auto","background-attachment":"scroll","background-type":"","background-media":"","overlay-type":"","overlay-color":"","overlay-opacity":"","overlay-gradient":""},"tablet":{"background-color":"var(--ast-global-color-5)","background-image":"","background-repeat":"repeat","background-position":"center center","background-size":"auto","background-attachment":"scroll","background-type":"","background-media":"","overlay-type":"","overlay-color":"","overlay-opacity":"","overlay-gradient":""},"mobile":{"background-color":"var(--ast-global-color-5)","background-image":"","background-repeat":"repeat","background-position":"center center","background-size":"auto","background-attachment":"scroll","background-type":"","background-media":"","overlay-type":"","overlay-color":"","overlay-opacity":"","overlay-gradient":""}}},"product_brand":[],"product_cat":[19],"product_tag":[67,69,112],"class_list":{"0":"post-3641","1":"product","2":"type-product","3":"status-publish","4":"has-post-thumbnail","6":"product_cat-impressora-braille","7":"product_tag-braille","8":"product_tag-impressora","9":"product_tag-impressora-rogue","10":"pa_tipo-equipamentos","11":"desktop-align-left","12":"tablet-align-left","13":"mobile-align-left","14":"ast-product-gallery-layout-horizontal","15":"ast-product-gallery-with-no-image","16":"ast-product-tabs-layout-vertical","18":"first","19":"instock","20":"shipping-taxable","21":"product-type-simple"},"yoast_head":"<!-- This site is optimized with the Yoast SEO plugin v27.2 - https:\/\/yoast.com\/product\/yoast-seo-wordpress\/ -->\n<title>Rogue Trator - Tecnovis&atilde;o<\/title>\n<meta name=\"description\" content=\"A VP Rogue \u00e9 a \u00fanica impressora no mercado que imprime Braille 3D e \u00a0Gr\u00e1ficos t\u00e1teis em alta resolu\u00e7\u00e3o em uma mesma impressora de m\u00e9dio porte.Com excel\u00eancia em \u00a0Gr\u00e1ficos t\u00e1teis \u00a0podem ser impressos em formul\u00e1rio Cont\u00ednuo pela Rogue Trator ou em folha solta pela Rogue Folha.\" \/>\n<meta name=\"robots\" content=\"index, follow, max-snippet:-1, max-image-preview:large, max-video-preview:-1\" \/>\n<link rel=\"canonical\" href=\"https:\/\/tecnovisao.net\/es\/produtos\/rogue-trator\/\" \/>\n<meta property=\"og:locale\" content=\"es_ES\" \/>\n<meta property=\"og:type\" content=\"article\" \/>\n<meta property=\"og:title\" content=\"Rogue Trator - Tecnovis&atilde;o\" \/>\n<meta property=\"og:description\" content=\"A VP Rogue \u00e9 a \u00fanica impressora no mercado que imprime Braille 3D e \u00a0Gr\u00e1ficos t\u00e1teis em alta resolu\u00e7\u00e3o em uma mesma impressora de m\u00e9dio porte.Com excel\u00eancia em \u00a0Gr\u00e1ficos t\u00e1teis \u00a0podem ser impressos em formul\u00e1rio Cont\u00ednuo pela Rogue Trator ou em folha solta pela Rogue Folha.\" \/>\n<meta property=\"og:url\" content=\"https:\/\/tecnovisao.net\/es\/produtos\/rogue-trator\/\" \/>\n<meta property=\"og:site_name\" content=\"Tecnovis&atilde;o\" \/>\n<meta property=\"article:publisher\" content=\"https:\/\/facebook.com\/tecnovisao\" \/>\n<meta property=\"article:modified_time\" content=\"2023-10-21T23:08:38+00:00\" \/>\n<meta property=\"og:image\" content=\"https:\/\/tecnovisao.net\/wp-content\/uploads\/2022\/02\/Imp-Rogue.png\" \/>\n\t<meta property=\"og:image:width\" content=\"1024\" \/>\n\t<meta property=\"og:image:height\" content=\"768\" \/>\n\t<meta property=\"og:image:type\" content=\"image\/png\" \/>\n<meta name=\"twitter:card\" content=\"summary_large_image\" \/>\n<meta name=\"twitter:site\" content=\"@tecnovisao\" \/>\n<meta name=\"twitter:label1\" content=\"Tiempo de lectura\" \/>\n\t<meta name=\"twitter:data1\" content=\"1 minuto\" \/>\n<script type=\"application\/ld+json\" class=\"yoast-schema-graph\">{\"@context\":\"https:\/\/schema.org\",\"@graph\":[{\"@type\":\"WebPage\",\"@id\":\"https:\/\/tecnovisao.net\/produtos\/rogue-trator\/\",\"url\":\"https:\/\/tecnovisao.net\/produtos\/rogue-trator\/\",\"name\":\"Rogue Trator - Tecnovis&atilde;o\",\"isPartOf\":{\"@id\":\"https:\/\/tecnovisao.net\/#website\"},\"primaryImageOfPage\":{\"@id\":\"https:\/\/tecnovisao.net\/produtos\/rogue-trator\/#primaryimage\"},\"image\":{\"@id\":\"https:\/\/tecnovisao.net\/produtos\/rogue-trator\/#primaryimage\"},\"thumbnailUrl\":\"https:\/\/i0.wp.com\/tecnovisao.net\/wp-content\/uploads\/2022\/02\/Imp-Rogue.png?fit=1024%2C768&ssl=1\",\"datePublished\":\"2022-02-04T14:27:32+00:00\",\"dateModified\":\"2023-10-21T23:08:38+00:00\",\"description\":\"A VP Rogue \u00e9 a \u00fanica impressora no mercado que imprime Braille 3D e \u00a0Gr\u00e1ficos t\u00e1teis em alta resolu\u00e7\u00e3o em uma mesma impressora de m\u00e9dio porte.Com excel\u00eancia em \u00a0Gr\u00e1ficos t\u00e1teis \u00a0podem ser impressos em formul\u00e1rio Cont\u00ednuo pela Rogue Trator ou em folha solta pela Rogue Folha.\",\"breadcrumb\":{\"@id\":\"https:\/\/tecnovisao.net\/produtos\/rogue-trator\/#breadcrumb\"},\"inLanguage\":\"es\",\"potentialAction\":[{\"@type\":\"ReadAction\",\"target\":[\"https:\/\/tecnovisao.net\/produtos\/rogue-trator\/\"]}]},{\"@type\":\"ImageObject\",\"inLanguage\":\"es\",\"@id\":\"https:\/\/tecnovisao.net\/produtos\/rogue-trator\/#primaryimage\",\"url\":\"https:\/\/i0.wp.com\/tecnovisao.net\/wp-content\/uploads\/2022\/02\/Imp-Rogue.png?fit=1024%2C768&ssl=1\",\"contentUrl\":\"https:\/\/i0.wp.com\/tecnovisao.net\/wp-content\/uploads\/2022\/02\/Imp-Rogue.png?fit=1024%2C768&ssl=1\",\"width\":1024,\"height\":768,\"caption\":\"Impressora braille Rogue\"},{\"@type\":\"BreadcrumbList\",\"@id\":\"https:\/\/tecnovisao.net\/produtos\/rogue-trator\/#breadcrumb\",\"itemListElement\":[{\"@type\":\"ListItem\",\"position\":1,\"name\":\"In\u00edcio\",\"item\":\"https:\/\/tecnovisao.net\/\"},{\"@type\":\"ListItem\",\"position\":2,\"name\":\"Produtos\",\"item\":\"https:\/\/tecnovisao.net\/produtos\/\"},{\"@type\":\"ListItem\",\"position\":3,\"name\":\"Rogue Trator\"}]},{\"@type\":\"WebSite\",\"@id\":\"https:\/\/tecnovisao.net\/#website\",\"url\":\"https:\/\/tecnovisao.net\/\",\"name\":\"Tecnovis&atilde;o\",\"description\":\"Conectando voc\u00ea ao mundo\",\"publisher\":{\"@id\":\"https:\/\/tecnovisao.net\/#organization\"},\"potentialAction\":[{\"@type\":\"SearchAction\",\"target\":{\"@type\":\"EntryPoint\",\"urlTemplate\":\"https:\/\/tecnovisao.net\/?s={search_term_string}\"},\"query-input\":{\"@type\":\"PropertyValueSpecification\",\"valueRequired\":true,\"valueName\":\"search_term_string\"}}],\"inLanguage\":\"es\"},{\"@type\":\"Organization\",\"@id\":\"https:\/\/tecnovisao.net\/#organization\",\"name\":\"Tecnovis\u00e3o\",\"url\":\"https:\/\/tecnovisao.net\/\",\"logo\":{\"@type\":\"ImageObject\",\"inLanguage\":\"es\",\"@id\":\"https:\/\/tecnovisao.net\/#\/schema\/logo\/image\/\",\"url\":\"https:\/\/tecnovisao.net\/wp-content\/uploads\/2021\/01\/logo-site.png\",\"contentUrl\":\"https:\/\/tecnovisao.net\/wp-content\/uploads\/2021\/01\/logo-site.png\",\"width\":356,\"height\":80,\"caption\":\"Tecnovis\u00e3o\"},\"image\":{\"@id\":\"https:\/\/tecnovisao.net\/#\/schema\/logo\/image\/\"},\"sameAs\":[\"https:\/\/facebook.com\/tecnovisao\",\"https:\/\/x.com\/tecnovisao\",\"https:\/\/instagram.com\/tecnovisao\",\"https:\/\/www.linkedin.com\/company\/tecnovisao\/\",\"https:\/\/www.youtube.com\/user\/Tecnovisao\"]}]}<\/script>\n<!-- \/ Yoast SEO plugin. -->","yoast_head_json":{"title":"Rogue Trator - Tecnovis&atilde;o","description":"A VP Rogue \u00e9 a \u00fanica impressora no mercado que imprime Braille 3D e \u00a0Gr\u00e1ficos t\u00e1teis em alta resolu\u00e7\u00e3o em uma mesma impressora de m\u00e9dio porte.Com excel\u00eancia em \u00a0Gr\u00e1ficos t\u00e1teis \u00a0podem ser impressos em formul\u00e1rio Cont\u00ednuo pela Rogue Trator ou em folha solta pela Rogue Folha.","robots":{"index":"index","follow":"follow","max-snippet":"max-snippet:-1","max-image-preview":"max-image-preview:large","max-video-preview":"max-video-preview:-1"},"canonical":"https:\/\/tecnovisao.net\/es\/produtos\/rogue-trator\/","og_locale":"es_ES","og_type":"article","og_title":"Rogue Trator - Tecnovis&atilde;o","og_description":"A VP Rogue \u00e9 a \u00fanica impressora no mercado que imprime Braille 3D e \u00a0Gr\u00e1ficos t\u00e1teis em alta resolu\u00e7\u00e3o em uma mesma impressora de m\u00e9dio porte.Com excel\u00eancia em \u00a0Gr\u00e1ficos t\u00e1teis \u00a0podem ser impressos em formul\u00e1rio Cont\u00ednuo pela Rogue Trator ou em folha solta pela Rogue Folha.","og_url":"https:\/\/tecnovisao.net\/es\/produtos\/rogue-trator\/","og_site_name":"Tecnovis&atilde;o","article_publisher":"https:\/\/facebook.com\/tecnovisao","article_modified_time":"2023-10-21T23:08:38+00:00","og_image":[{"width":1024,"height":768,"url":"https:\/\/tecnovisao.net\/wp-content\/uploads\/2022\/02\/Imp-Rogue.png","type":"image\/png"}],"twitter_card":"summary_large_image","twitter_site":"@tecnovisao","twitter_misc":{"Tiempo de lectura":"1 minuto"},"schema":{"@context":"https:\/\/schema.org","@graph":[{"@type":"WebPage","@id":"https:\/\/tecnovisao.net\/produtos\/rogue-trator\/","url":"https:\/\/tecnovisao.net\/produtos\/rogue-trator\/","name":"Rogue Trator - Tecnovis&atilde;o","isPartOf":{"@id":"https:\/\/tecnovisao.net\/#website"},"primaryImageOfPage":{"@id":"https:\/\/tecnovisao.net\/produtos\/rogue-trator\/#primaryimage"},"image":{"@id":"https:\/\/tecnovisao.net\/produtos\/rogue-trator\/#primaryimage"},"thumbnailUrl":"https:\/\/i0.wp.com\/tecnovisao.net\/wp-content\/uploads\/2022\/02\/Imp-Rogue.png?fit=1024%2C768&ssl=1","datePublished":"2022-02-04T14:27:32+00:00","dateModified":"2023-10-21T23:08:38+00:00","description":"A VP Rogue \u00e9 a \u00fanica impressora no mercado que imprime Braille 3D e \u00a0Gr\u00e1ficos t\u00e1teis em alta resolu\u00e7\u00e3o em uma mesma impressora de m\u00e9dio porte.Com excel\u00eancia em \u00a0Gr\u00e1ficos t\u00e1teis \u00a0podem ser impressos em formul\u00e1rio Cont\u00ednuo pela Rogue Trator ou em folha solta pela Rogue Folha.","breadcrumb":{"@id":"https:\/\/tecnovisao.net\/produtos\/rogue-trator\/#breadcrumb"},"inLanguage":"es","potentialAction":[{"@type":"ReadAction","target":["https:\/\/tecnovisao.net\/produtos\/rogue-trator\/"]}]},{"@type":"ImageObject","inLanguage":"es","@id":"https:\/\/tecnovisao.net\/produtos\/rogue-trator\/#primaryimage","url":"https:\/\/i0.wp.com\/tecnovisao.net\/wp-content\/uploads\/2022\/02\/Imp-Rogue.png?fit=1024%2C768&ssl=1","contentUrl":"https:\/\/i0.wp.com\/tecnovisao.net\/wp-content\/uploads\/2022\/02\/Imp-Rogue.png?fit=1024%2C768&ssl=1","width":1024,"height":768,"caption":"Impressora braille Rogue"},{"@type":"BreadcrumbList","@id":"https:\/\/tecnovisao.net\/produtos\/rogue-trator\/#breadcrumb","itemListElement":[{"@type":"ListItem","position":1,"name":"In\u00edcio","item":"https:\/\/tecnovisao.net\/"},{"@type":"ListItem","position":2,"name":"Produtos","item":"https:\/\/tecnovisao.net\/produtos\/"},{"@type":"ListItem","position":3,"name":"Rogue Trator"}]},{"@type":"WebSite","@id":"https:\/\/tecnovisao.net\/#website","url":"https:\/\/tecnovisao.net\/","name":"Tecnovis&atilde;o","description":"Conectando voc\u00ea ao mundo","publisher":{"@id":"https:\/\/tecnovisao.net\/#organization"},"potentialAction":[{"@type":"SearchAction","target":{"@type":"EntryPoint","urlTemplate":"https:\/\/tecnovisao.net\/?s={search_term_string}"},"query-input":{"@type":"PropertyValueSpecification","valueRequired":true,"valueName":"search_term_string"}}],"inLanguage":"es"},{"@type":"Organization","@id":"https:\/\/tecnovisao.net\/#organization","name":"Tecnovis\u00e3o","url":"https:\/\/tecnovisao.net\/","logo":{"@type":"ImageObject","inLanguage":"es","@id":"https:\/\/tecnovisao.net\/#\/schema\/logo\/image\/","url":"https:\/\/tecnovisao.net\/wp-content\/uploads\/2021\/01\/logo-site.png","contentUrl":"https:\/\/tecnovisao.net\/wp-content\/uploads\/2021\/01\/logo-site.png","width":356,"height":80,"caption":"Tecnovis\u00e3o"},"image":{"@id":"https:\/\/tecnovisao.net\/#\/schema\/logo\/image\/"},"sameAs":["https:\/\/facebook.com\/tecnovisao","https:\/\/x.com\/tecnovisao","https:\/\/instagram.com\/tecnovisao","https:\/\/www.linkedin.com\/company\/tecnovisao\/","https:\/\/www.youtube.com\/user\/Tecnovisao"]}]}},"jetpack_sharing_enabled":true,"_links":{"self":[{"href":"https:\/\/tecnovisao.net\/es\/wp-json\/wp\/v2\/product\/3641","targetHints":{"allow":["GET"]}}],"collection":[{"href":"https:\/\/tecnovisao.net\/es\/wp-json\/wp\/v2\/product"}],"about":[{"href":"https:\/\/tecnovisao.net\/es\/wp-json\/wp\/v2\/types\/product"}],"author":[{"embeddable":true,"href":"https:\/\/tecnovisao.net\/es\/wp-json\/wp\/v2\/users\/3"}],"wp:featuredmedia":[{"embeddable":true,"href":"https:\/\/tecnovisao.net\/es\/wp-json\/wp\/v2\/media\/3642"}],"wp:attachment":[{"href":"https:\/\/tecnovisao.net\/es\/wp-json\/wp\/v2\/media?parent=3641"}],"wp:term":[{"taxonomy":"product_brand","embeddable":true,"href":"https:\/\/tecnovisao.net\/es\/wp-json\/wp\/v2\/product_brand?post=3641"},{"taxonomy":"product_cat","embeddable":true,"href":"https:\/\/tecnovisao.net\/es\/wp-json\/wp\/v2\/product_cat?post=3641"},{"taxonomy":"product_tag","embeddable":true,"href":"https:\/\/tecnovisao.net\/es\/wp-json\/wp\/v2\/product_tag?post=3641"}],"curies":[{"name":"wp","href":"https:\/\/api.w.org\/{rel}","templated":true}]}}