{"id":3758,"date":"2022-02-19T20:11:17","date_gmt":"2022-02-19T23:11:17","guid":{"rendered":"https:\/\/tecnovisao.net\/?post_type=product&#038;p=3758"},"modified":"2023-10-21T11:59:37","modified_gmt":"2023-10-21T14:59:37","slug":"iloview-13-hd","status":"publish","type":"product","link":"https:\/\/tecnovisao.net\/es\/produtos\/iloview-13-hd\/","title":{"rendered":"iLoview 13 HD"},"content":{"rendered":"<h3>Caracter\u00edsticas<\/h3>\n<p>&nbsp;<\/p>\n<ul>\n<li>Tela de 13 pol.;<\/li>\n<li>Amplia\u00e7\u00e3o: 1,9 at\u00e9 150x;<\/li>\n<li>C\u00e2mera HD 1920 x 1080 pixels;<\/li>\n<li>Contraste: 8 combina\u00e7\u00f5es de cores reais e at\u00e9 35 modo estendido;<\/li>\n<li>Modo de visualiza\u00e7\u00e3o: pr\u00f3ximo, distante e self;<\/li>\n<li>Foco autom\u00e1tico com fun\u00e7\u00e3o ligar\/desligar;<\/li>\n<li>Possui painel de controle acess\u00edvel;<\/li>\n<li>Mecanismo de dobra inteligente;<\/li>\n<li>Conex\u00e3o HDMI , USB C e USB 3.0;<\/li>\n<li>Conex\u00e3o: PC, TV, Monitor;<\/li>\n<li>Bateria dura\u00e7\u00e3o 4 horas;<\/li>\n<li>Bivolt;<\/li>\n<li>Possui Modo Stand By;<\/li>\n<li>Dimens\u00f5es: Fechado: 320 x 373 x 61 mm \/ Aberto: 320 x 373 x 420 mm;<\/li>\n<li>Peso do produto: 3,0 kg.<\/li>\n<\/ul>\n<div class=\"epyt-video-wrapper\"><iframe  id=\"_ytid_87489\"  width=\"800\" height=\"450\"  data-origwidth=\"800\" data-origheight=\"450\" src=\"https:\/\/www.youtube.com\/embed\/K4efi6pyKa0?enablejsapi=1&#038;autoplay=0&#038;cc_load_policy=0&#038;cc_lang_pref=&#038;iv_load_policy=1&#038;loop=0&#038;rel=0&#038;fs=1&#038;playsinline=0&#038;autohide=2&#038;theme=dark&#038;color=red&#038;controls=1&#038;disablekb=0&#038;\" class=\"__youtube_prefs__  epyt-is-override  no-lazyload\" title=\"YouTube player\"  allow=\"fullscreen; accelerometer; autoplay; clipboard-write; encrypted-media; gyroscope; picture-in-picture; web-share\" referrerpolicy=\"strict-origin-when-cross-origin\" allowfullscreen data-no-lazy=\"1\" data-skipgform_ajax_framebjll=\"\"><\/iframe><\/div>","protected":false},"excerpt":{"rendered":"<p>O Ampliador de mesa iLoview 13&#8243; possui um sistema Inovador e vers\u00e1til com mecanismo de dobragem inteligente, com monitor integrado para facilitar sua utiliza\u00e7\u00e3o.<\/p>","protected":false},"author":2,"featured_media":3762,"template":"","meta":{"site-sidebar-layout":"default","site-content-layout":"default","ast-site-content-layout":"default","site-content-style":"default","site-sidebar-style":"default","ast-global-header-display":"","ast-banner-title-visibility":"","ast-main-header-display":"","ast-hfb-above-header-display":"","ast-hfb-below-header-display":"","ast-hfb-mobile-header-display":"","site-post-title":"","ast-breadcrumbs-content":"","ast-featured-img":"","footer-sml-layout":"","ast-disable-related-posts":"","theme-transparent-header-meta":"default","adv-header-id-meta":"","stick-header-meta":"default","header-above-stick-meta":"","header-main-stick-meta":"","header-below-stick-meta":"","astra-migrate-meta-layouts":"default","ast-page-background-enabled":"default","ast-page-background-meta":{"desktop":{"background-color":"","background-image":"","background-repeat":"repeat","background-position":"center center","background-size":"auto","background-attachment":"scroll","background-type":"","background-media":"","overlay-type":"","overlay-color":"","overlay-opacity":"","overlay-gradient":""},"tablet":{"background-color":"","background-image":"","background-repeat":"repeat","background-position":"center center","background-size":"auto","background-attachment":"scroll","background-type":"","background-media":"","overlay-type":"","overlay-color":"","overlay-opacity":"","overlay-gradient":""},"mobile":{"background-color":"","background-image":"","background-repeat":"repeat","background-position":"center center","background-size":"auto","background-attachment":"scroll","background-type":"","background-media":"","overlay-type":"","overlay-color":"","overlay-opacity":"","overlay-gradient":""}},"ast-content-background-meta":{"desktop":{"background-color":"var(--ast-global-color-5)","background-image":"","background-repeat":"repeat","background-position":"center center","background-size":"auto","background-attachment":"scroll","background-type":"","background-media":"","overlay-type":"","overlay-color":"","overlay-opacity":"","overlay-gradient":""},"tablet":{"background-color":"var(--ast-global-color-5)","background-image":"","background-repeat":"repeat","background-position":"center center","background-size":"auto","background-attachment":"scroll","background-type":"","background-media":"","overlay-type":"","overlay-color":"","overlay-opacity":"","overlay-gradient":""},"mobile":{"background-color":"var(--ast-global-color-5)","background-image":"","background-repeat":"repeat","background-position":"center center","background-size":"auto","background-attachment":"scroll","background-type":"","background-media":"","overlay-type":"","overlay-color":"","overlay-opacity":"","overlay-gradient":""}}},"product_brand":[],"product_cat":[28],"product_tag":[63],"class_list":{"0":"post-3758","1":"product","2":"type-product","3":"status-publish","4":"has-post-thumbnail","6":"product_cat-ampliador","7":"product_tag-ampliador_lupa","8":"pa_tipo-equipamentos","9":"desktop-align-left","10":"tablet-align-left","11":"mobile-align-left","12":"ast-product-gallery-layout-horizontal","13":"ast-product-tabs-layout-vertical","15":"first","16":"instock","17":"shipping-taxable","18":"product-type-simple"},"yoast_head":"<!-- This site is optimized with the Yoast SEO plugin v27.2 - https:\/\/yoast.com\/product\/yoast-seo-wordpress\/ -->\n<title>iLoview 13 HD - Tecnovis&atilde;o<\/title>\n<meta name=\"description\" content=\"O Ampliador de mesa iLoview 13&quot; possui um sistema Inovador e vers\u00e1til com mecanismo de dobragem inteligente, com monitor integrado para facilitar sua utiliza\u00e7\u00e3o.\" \/>\n<meta name=\"robots\" content=\"index, follow, max-snippet:-1, max-image-preview:large, max-video-preview:-1\" \/>\n<link rel=\"canonical\" href=\"https:\/\/tecnovisao.net\/es\/produtos\/iloview-13-hd\/\" \/>\n<meta property=\"og:locale\" content=\"es_ES\" \/>\n<meta property=\"og:type\" content=\"article\" \/>\n<meta property=\"og:title\" content=\"iLoview 13 HD - Tecnovis&atilde;o\" \/>\n<meta property=\"og:description\" content=\"O Ampliador de mesa iLoview 13&quot; possui um sistema Inovador e vers\u00e1til com mecanismo de dobragem inteligente, com monitor integrado para facilitar sua utiliza\u00e7\u00e3o.\" \/>\n<meta property=\"og:url\" content=\"https:\/\/tecnovisao.net\/es\/produtos\/iloview-13-hd\/\" \/>\n<meta property=\"og:site_name\" content=\"Tecnovis&atilde;o\" \/>\n<meta property=\"article:publisher\" content=\"https:\/\/facebook.com\/tecnovisao\" \/>\n<meta property=\"article:modified_time\" content=\"2023-10-21T14:59:37+00:00\" \/>\n<meta property=\"og:image\" content=\"https:\/\/tecnovisao.net\/wp-content\/uploads\/2022\/02\/high-resolution-image-file_i-loview13-Full-HD_6-scaled.jpg\" \/>\n\t<meta property=\"og:image:width\" content=\"2560\" \/>\n\t<meta property=\"og:image:height\" content=\"1639\" \/>\n\t<meta property=\"og:image:type\" content=\"image\/jpeg\" \/>\n<meta name=\"twitter:card\" content=\"summary_large_image\" \/>\n<meta name=\"twitter:site\" content=\"@tecnovisao\" \/>\n<meta name=\"twitter:label1\" content=\"Tiempo de lectura\" \/>\n\t<meta name=\"twitter:data1\" content=\"1 minuto\" \/>\n<script type=\"application\/ld+json\" class=\"yoast-schema-graph\">{\"@context\":\"https:\/\/schema.org\",\"@graph\":[{\"@type\":\"WebPage\",\"@id\":\"https:\/\/tecnovisao.net\/produtos\/iloview-13-hd\/\",\"url\":\"https:\/\/tecnovisao.net\/produtos\/iloview-13-hd\/\",\"name\":\"iLoview 13 HD - Tecnovis&atilde;o\",\"isPartOf\":{\"@id\":\"https:\/\/tecnovisao.net\/#website\"},\"primaryImageOfPage\":{\"@id\":\"https:\/\/tecnovisao.net\/produtos\/iloview-13-hd\/#primaryimage\"},\"image\":{\"@id\":\"https:\/\/tecnovisao.net\/produtos\/iloview-13-hd\/#primaryimage\"},\"thumbnailUrl\":\"https:\/\/i0.wp.com\/tecnovisao.net\/wp-content\/uploads\/2022\/02\/high-resolution-image-file_i-loview13-Full-HD_6-scaled.jpg?fit=2560%2C1639&ssl=1\",\"datePublished\":\"2022-02-19T23:11:17+00:00\",\"dateModified\":\"2023-10-21T14:59:37+00:00\",\"description\":\"O Ampliador de mesa iLoview 13\\\" possui um sistema Inovador e vers\u00e1til com mecanismo de dobragem inteligente, com monitor integrado para facilitar sua utiliza\u00e7\u00e3o.\",\"breadcrumb\":{\"@id\":\"https:\/\/tecnovisao.net\/produtos\/iloview-13-hd\/#breadcrumb\"},\"inLanguage\":\"es\",\"potentialAction\":[{\"@type\":\"ReadAction\",\"target\":[\"https:\/\/tecnovisao.net\/produtos\/iloview-13-hd\/\"]}]},{\"@type\":\"ImageObject\",\"inLanguage\":\"es\",\"@id\":\"https:\/\/tecnovisao.net\/produtos\/iloview-13-hd\/#primaryimage\",\"url\":\"https:\/\/i0.wp.com\/tecnovisao.net\/wp-content\/uploads\/2022\/02\/high-resolution-image-file_i-loview13-Full-HD_6-scaled.jpg?fit=2560%2C1639&ssl=1\",\"contentUrl\":\"https:\/\/i0.wp.com\/tecnovisao.net\/wp-content\/uploads\/2022\/02\/high-resolution-image-file_i-loview13-Full-HD_6-scaled.jpg?fit=2560%2C1639&ssl=1\",\"width\":2560,\"height\":1639,\"caption\":\"i Loview 13 aberta e na tela est\u00e1 escrito iLoview 13 branco no fundo preto\"},{\"@type\":\"BreadcrumbList\",\"@id\":\"https:\/\/tecnovisao.net\/produtos\/iloview-13-hd\/#breadcrumb\",\"itemListElement\":[{\"@type\":\"ListItem\",\"position\":1,\"name\":\"In\u00edcio\",\"item\":\"https:\/\/tecnovisao.net\/\"},{\"@type\":\"ListItem\",\"position\":2,\"name\":\"Produtos\",\"item\":\"https:\/\/tecnovisao.net\/produtos\/\"},{\"@type\":\"ListItem\",\"position\":3,\"name\":\"iLoview 13 HD\"}]},{\"@type\":\"WebSite\",\"@id\":\"https:\/\/tecnovisao.net\/#website\",\"url\":\"https:\/\/tecnovisao.net\/\",\"name\":\"Tecnovis&atilde;o\",\"description\":\"Conectando voc\u00ea ao mundo\",\"publisher\":{\"@id\":\"https:\/\/tecnovisao.net\/#organization\"},\"potentialAction\":[{\"@type\":\"SearchAction\",\"target\":{\"@type\":\"EntryPoint\",\"urlTemplate\":\"https:\/\/tecnovisao.net\/?s={search_term_string}\"},\"query-input\":{\"@type\":\"PropertyValueSpecification\",\"valueRequired\":true,\"valueName\":\"search_term_string\"}}],\"inLanguage\":\"es\"},{\"@type\":\"Organization\",\"@id\":\"https:\/\/tecnovisao.net\/#organization\",\"name\":\"Tecnovis\u00e3o\",\"url\":\"https:\/\/tecnovisao.net\/\",\"logo\":{\"@type\":\"ImageObject\",\"inLanguage\":\"es\",\"@id\":\"https:\/\/tecnovisao.net\/#\/schema\/logo\/image\/\",\"url\":\"https:\/\/tecnovisao.net\/wp-content\/uploads\/2021\/01\/logo-site.png\",\"contentUrl\":\"https:\/\/tecnovisao.net\/wp-content\/uploads\/2021\/01\/logo-site.png\",\"width\":356,\"height\":80,\"caption\":\"Tecnovis\u00e3o\"},\"image\":{\"@id\":\"https:\/\/tecnovisao.net\/#\/schema\/logo\/image\/\"},\"sameAs\":[\"https:\/\/facebook.com\/tecnovisao\",\"https:\/\/x.com\/tecnovisao\",\"https:\/\/instagram.com\/tecnovisao\",\"https:\/\/www.linkedin.com\/company\/tecnovisao\/\",\"https:\/\/www.youtube.com\/user\/Tecnovisao\"]}]}<\/script>\n<!-- \/ Yoast SEO plugin. -->","yoast_head_json":{"title":"iLoview 13 HD - Tecnovis&atilde;o","description":"O Ampliador de mesa iLoview 13\" possui um sistema Inovador e vers\u00e1til com mecanismo de dobragem inteligente, com monitor integrado para facilitar sua utiliza\u00e7\u00e3o.","robots":{"index":"index","follow":"follow","max-snippet":"max-snippet:-1","max-image-preview":"max-image-preview:large","max-video-preview":"max-video-preview:-1"},"canonical":"https:\/\/tecnovisao.net\/es\/produtos\/iloview-13-hd\/","og_locale":"es_ES","og_type":"article","og_title":"iLoview 13 HD - Tecnovis&atilde;o","og_description":"O Ampliador de mesa iLoview 13\" possui um sistema Inovador e vers\u00e1til com mecanismo de dobragem inteligente, com monitor integrado para facilitar sua utiliza\u00e7\u00e3o.","og_url":"https:\/\/tecnovisao.net\/es\/produtos\/iloview-13-hd\/","og_site_name":"Tecnovis&atilde;o","article_publisher":"https:\/\/facebook.com\/tecnovisao","article_modified_time":"2023-10-21T14:59:37+00:00","og_image":[{"width":2560,"height":1639,"url":"https:\/\/tecnovisao.net\/wp-content\/uploads\/2022\/02\/high-resolution-image-file_i-loview13-Full-HD_6-scaled.jpg","type":"image\/jpeg"}],"twitter_card":"summary_large_image","twitter_site":"@tecnovisao","twitter_misc":{"Tiempo de lectura":"1 minuto"},"schema":{"@context":"https:\/\/schema.org","@graph":[{"@type":"WebPage","@id":"https:\/\/tecnovisao.net\/produtos\/iloview-13-hd\/","url":"https:\/\/tecnovisao.net\/produtos\/iloview-13-hd\/","name":"iLoview 13 HD - Tecnovis&atilde;o","isPartOf":{"@id":"https:\/\/tecnovisao.net\/#website"},"primaryImageOfPage":{"@id":"https:\/\/tecnovisao.net\/produtos\/iloview-13-hd\/#primaryimage"},"image":{"@id":"https:\/\/tecnovisao.net\/produtos\/iloview-13-hd\/#primaryimage"},"thumbnailUrl":"https:\/\/i0.wp.com\/tecnovisao.net\/wp-content\/uploads\/2022\/02\/high-resolution-image-file_i-loview13-Full-HD_6-scaled.jpg?fit=2560%2C1639&ssl=1","datePublished":"2022-02-19T23:11:17+00:00","dateModified":"2023-10-21T14:59:37+00:00","description":"O Ampliador de mesa iLoview 13\" possui um sistema Inovador e vers\u00e1til com mecanismo de dobragem inteligente, com monitor integrado para facilitar sua utiliza\u00e7\u00e3o.","breadcrumb":{"@id":"https:\/\/tecnovisao.net\/produtos\/iloview-13-hd\/#breadcrumb"},"inLanguage":"es","potentialAction":[{"@type":"ReadAction","target":["https:\/\/tecnovisao.net\/produtos\/iloview-13-hd\/"]}]},{"@type":"ImageObject","inLanguage":"es","@id":"https:\/\/tecnovisao.net\/produtos\/iloview-13-hd\/#primaryimage","url":"https:\/\/i0.wp.com\/tecnovisao.net\/wp-content\/uploads\/2022\/02\/high-resolution-image-file_i-loview13-Full-HD_6-scaled.jpg?fit=2560%2C1639&ssl=1","contentUrl":"https:\/\/i0.wp.com\/tecnovisao.net\/wp-content\/uploads\/2022\/02\/high-resolution-image-file_i-loview13-Full-HD_6-scaled.jpg?fit=2560%2C1639&ssl=1","width":2560,"height":1639,"caption":"i Loview 13 aberta e na tela est\u00e1 escrito iLoview 13 branco no fundo preto"},{"@type":"BreadcrumbList","@id":"https:\/\/tecnovisao.net\/produtos\/iloview-13-hd\/#breadcrumb","itemListElement":[{"@type":"ListItem","position":1,"name":"In\u00edcio","item":"https:\/\/tecnovisao.net\/"},{"@type":"ListItem","position":2,"name":"Produtos","item":"https:\/\/tecnovisao.net\/produtos\/"},{"@type":"ListItem","position":3,"name":"iLoview 13 HD"}]},{"@type":"WebSite","@id":"https:\/\/tecnovisao.net\/#website","url":"https:\/\/tecnovisao.net\/","name":"Tecnovis&atilde;o","description":"Conectando voc\u00ea ao mundo","publisher":{"@id":"https:\/\/tecnovisao.net\/#organization"},"potentialAction":[{"@type":"SearchAction","target":{"@type":"EntryPoint","urlTemplate":"https:\/\/tecnovisao.net\/?s={search_term_string}"},"query-input":{"@type":"PropertyValueSpecification","valueRequired":true,"valueName":"search_term_string"}}],"inLanguage":"es"},{"@type":"Organization","@id":"https:\/\/tecnovisao.net\/#organization","name":"Tecnovis\u00e3o","url":"https:\/\/tecnovisao.net\/","logo":{"@type":"ImageObject","inLanguage":"es","@id":"https:\/\/tecnovisao.net\/#\/schema\/logo\/image\/","url":"https:\/\/tecnovisao.net\/wp-content\/uploads\/2021\/01\/logo-site.png","contentUrl":"https:\/\/tecnovisao.net\/wp-content\/uploads\/2021\/01\/logo-site.png","width":356,"height":80,"caption":"Tecnovis\u00e3o"},"image":{"@id":"https:\/\/tecnovisao.net\/#\/schema\/logo\/image\/"},"sameAs":["https:\/\/facebook.com\/tecnovisao","https:\/\/x.com\/tecnovisao","https:\/\/instagram.com\/tecnovisao","https:\/\/www.linkedin.com\/company\/tecnovisao\/","https:\/\/www.youtube.com\/user\/Tecnovisao"]}]}},"jetpack_sharing_enabled":true,"_links":{"self":[{"href":"https:\/\/tecnovisao.net\/es\/wp-json\/wp\/v2\/product\/3758","targetHints":{"allow":["GET"]}}],"collection":[{"href":"https:\/\/tecnovisao.net\/es\/wp-json\/wp\/v2\/product"}],"about":[{"href":"https:\/\/tecnovisao.net\/es\/wp-json\/wp\/v2\/types\/product"}],"author":[{"embeddable":true,"href":"https:\/\/tecnovisao.net\/es\/wp-json\/wp\/v2\/users\/2"}],"wp:featuredmedia":[{"embeddable":true,"href":"https:\/\/tecnovisao.net\/es\/wp-json\/wp\/v2\/media\/3762"}],"wp:attachment":[{"href":"https:\/\/tecnovisao.net\/es\/wp-json\/wp\/v2\/media?parent=3758"}],"wp:term":[{"taxonomy":"product_brand","embeddable":true,"href":"https:\/\/tecnovisao.net\/es\/wp-json\/wp\/v2\/product_brand?post=3758"},{"taxonomy":"product_cat","embeddable":true,"href":"https:\/\/tecnovisao.net\/es\/wp-json\/wp\/v2\/product_cat?post=3758"},{"taxonomy":"product_tag","embeddable":true,"href":"https:\/\/tecnovisao.net\/es\/wp-json\/wp\/v2\/product_tag?post=3758"}],"curies":[{"name":"wp","href":"https:\/\/api.w.org\/{rel}","templated":true}]}}