{"id":563,"date":"2021-01-21T21:04:31","date_gmt":"2021-01-22T00:04:31","guid":{"rendered":"https:\/\/dev.tecnovisao.net\/?post_type=product&#038;p=563"},"modified":"2023-10-22T17:29:47","modified_gmt":"2023-10-22T20:29:47","slug":"blaze-et","status":"publish","type":"product","link":"https:\/\/tecnovisao.net\/es\/produtos\/blaze-et\/","title":{"rendered":"BLAZE ET"},"content":{"rendered":"<h3>Caracter\u00edsticas :<\/h3>\n<p>&nbsp;<\/p>\n<ul>\n<li>OCR integrado;<\/li>\n<li>Sintetizador de voz em Portugu\u00eas;(TTS)<\/li>\n<li>Leitura atrav\u00e9s do sintetizador de voz do resultado do OCR;<\/li>\n<li>Permite gravar o texto do OCR;<\/li>\n<li>Identificador de cores;<\/li>\n<li>C\u00e2mera de alta qualidade com foco autom\u00e1tico, permitindo melhor resultado do OCR;<\/li>\n<li>Reproduz m\u00fasica, \u00e1udio books;<\/li>\n<li>Possui calculadora, editor de notas e rel\u00f3gio;;<\/li>\n<li>Suporta arquivos nos formatos: Daisy, TXT, BRL, MP3, MP4, WAV, WMA, WMV, OGG, ASF, AAC, AVI, FLAC, 3GP, MPG, M4A TXT, RTF, HTML, HTM, XML, DOC, DOCX, PDF, EPUB, FB2, PDF;<\/li>\n<li>WI-FI integrado;<\/li>\n<li>Bluetooth integrado;<\/li>\n<li>Gravador com alta qualidade;<\/li>\n<li>Microfone integrado;<\/li>\n<li>Conex\u00e3o para microfone externo;<\/li>\n<li>Conex\u00e3o para fones de ouvido;<\/li>\n<li>Possui r\u00e1dio integrado;<\/li>\n<li>Possui 12 GB de mem\u00f3ria flash;<\/li>\n<li>Suporta SD card ( Cart\u00e3o de Mem\u00f3ria) de 32 GB;<\/li>\n<li>Conex\u00e3o com linha Braille;<\/li>\n<li>Bateria recarreg\u00e1vel com autonomia de 12 horas;<\/li>\n<li>Tamanho : 11,67 x 5,89 x 1,63 cm<\/li>\n<li>Peso : 138 g.<\/li>\n<\/ul>","protected":false},"excerpt":{"rendered":"<p>A Hims desenvolveu o melhor e mais moderno Multi-Player port\u00e1til da atualidade.<br \/>\nO Blaze ET \u00e9 o scanner port\u00e1til que faltava para voc\u00ea! Al\u00e9m de permitir fazer OCR de livros, ouvir m\u00fasica e podcasts, ler documentos e livros em diversos formatos, inclusive Daisy, em qualquer lugar, ele tamb\u00e9m permite gravar \u00e1udio, identificar as cores e sincronizar com a sua linha Braille.<br \/>\nO Blaze ET \u00e9 compacto e possui um design moderno. Todos os recursos, podem ser acessados atrav\u00e9s de um simples bot\u00e3o, com total autonomia e agilidade, gra\u00e7as ao sistema de voz integrado ou atrav\u00e9s da sua linha Braille.<\/p>","protected":false},"author":1,"featured_media":564,"template":"","meta":{"site-sidebar-layout":"default","site-content-layout":"default","ast-site-content-layout":"default","site-content-style":"default","site-sidebar-style":"default","ast-global-header-display":"","ast-banner-title-visibility":"","ast-main-header-display":"","ast-hfb-above-header-display":"","ast-hfb-below-header-display":"","ast-hfb-mobile-header-display":"","site-post-title":"","ast-breadcrumbs-content":"","ast-featured-img":"","footer-sml-layout":"","ast-disable-related-posts":"","theme-transparent-header-meta":"default","adv-header-id-meta":"","stick-header-meta":"default","header-above-stick-meta":"","header-main-stick-meta":"","header-below-stick-meta":"","astra-migrate-meta-layouts":"default","ast-page-background-enabled":"default","ast-page-background-meta":{"desktop":{"background-color":"","background-image":"","background-repeat":"repeat","background-position":"center center","background-size":"auto","background-attachment":"scroll","background-type":"","background-media":"","overlay-type":"","overlay-color":"","overlay-opacity":"","overlay-gradient":""},"tablet":{"background-color":"","background-image":"","background-repeat":"repeat","background-position":"center center","background-size":"auto","background-attachment":"scroll","background-type":"","background-media":"","overlay-type":"","overlay-color":"","overlay-opacity":"","overlay-gradient":""},"mobile":{"background-color":"","background-image":"","background-repeat":"repeat","background-position":"center center","background-size":"auto","background-attachment":"scroll","background-type":"","background-media":"","overlay-type":"","overlay-color":"","overlay-opacity":"","overlay-gradient":""}},"ast-content-background-meta":{"desktop":{"background-color":"var(--ast-global-color-5)","background-image":"","background-repeat":"repeat","background-position":"center center","background-size":"auto","background-attachment":"scroll","background-type":"","background-media":"","overlay-type":"","overlay-color":"","overlay-opacity":"","overlay-gradient":""},"tablet":{"background-color":"var(--ast-global-color-5)","background-image":"","background-repeat":"repeat","background-position":"center center","background-size":"auto","background-attachment":"scroll","background-type":"","background-media":"","overlay-type":"","overlay-color":"","overlay-opacity":"","overlay-gradient":""},"mobile":{"background-color":"var(--ast-global-color-5)","background-image":"","background-repeat":"repeat","background-position":"center center","background-size":"auto","background-attachment":"scroll","background-type":"","background-media":"","overlay-type":"","overlay-color":"","overlay-opacity":"","overlay-gradient":""}}},"product_brand":[],"product_cat":[23],"product_tag":[78,70],"class_list":{"0":"post-563","1":"product","2":"type-product","3":"status-publish","4":"has-post-thumbnail","6":"product_cat-leitor-digital","7":"product_tag-bibliotecario","8":"product_tag-leitor","9":"pa_tipo-equipamentos","10":"desktop-align-left","11":"tablet-align-left","12":"mobile-align-left","13":"ast-product-gallery-layout-horizontal","14":"ast-product-tabs-layout-vertical","16":"first","17":"instock","18":"shipping-taxable","19":"product-type-simple"},"yoast_head":"<!-- This site is optimized with the Yoast SEO plugin v27.2 - https:\/\/yoast.com\/product\/yoast-seo-wordpress\/ -->\n<title>BLAZE ET - Tecnovis&atilde;o<\/title>\n<meta name=\"description\" content=\"A Hims desenvolveu o melhor e mais moderno Multi-Player port\u00e1til da atualidade.O Blaze ET \u00e9 o scanner port\u00e1til que faltava para voc\u00ea! Al\u00e9m de permitir fazer OCR de livros, ouvir m\u00fasica e podcasts, ler documentos e livros em diversos formatos, inclusive Daisy, em qualquer lugar, ele tamb\u00e9m permite gravar \u00e1udio, identificar as cores e sincronizar com a sua linha Braille.O Blaze ET \u00e9 compacto e possui um design moderno. Todos os recursos, podem ser acessados atrav\u00e9s de um simples bot\u00e3o, com total autonomia e agilidade, gra\u00e7as ao sistema de voz integrado ou atrav\u00e9s da sua linha Braille.\" \/>\n<meta name=\"robots\" content=\"index, follow, max-snippet:-1, max-image-preview:large, max-video-preview:-1\" \/>\n<link rel=\"canonical\" href=\"https:\/\/tecnovisao.net\/es\/produtos\/blaze-et\/\" \/>\n<meta property=\"og:locale\" content=\"es_ES\" \/>\n<meta property=\"og:type\" content=\"article\" \/>\n<meta property=\"og:title\" content=\"BLAZE ET - Tecnovis&atilde;o\" \/>\n<meta property=\"og:description\" content=\"A Hims desenvolveu o melhor e mais moderno Multi-Player port\u00e1til da atualidade.O Blaze ET \u00e9 o scanner port\u00e1til que faltava para voc\u00ea! Al\u00e9m de permitir fazer OCR de livros, ouvir m\u00fasica e podcasts, ler documentos e livros em diversos formatos, inclusive Daisy, em qualquer lugar, ele tamb\u00e9m permite gravar \u00e1udio, identificar as cores e sincronizar com a sua linha Braille.O Blaze ET \u00e9 compacto e possui um design moderno. Todos os recursos, podem ser acessados atrav\u00e9s de um simples bot\u00e3o, com total autonomia e agilidade, gra\u00e7as ao sistema de voz integrado ou atrav\u00e9s da sua linha Braille.\" \/>\n<meta property=\"og:url\" content=\"https:\/\/tecnovisao.net\/es\/produtos\/blaze-et\/\" \/>\n<meta property=\"og:site_name\" content=\"Tecnovis&atilde;o\" \/>\n<meta property=\"article:publisher\" content=\"https:\/\/facebook.com\/tecnovisao\" \/>\n<meta property=\"article:modified_time\" content=\"2023-10-22T20:29:47+00:00\" \/>\n<meta property=\"og:image\" content=\"https:\/\/tecnovisao.net\/wp-content\/uploads\/2021\/01\/et-scaled.jpg\" \/>\n\t<meta property=\"og:image:width\" content=\"2560\" \/>\n\t<meta property=\"og:image:height\" content=\"1527\" \/>\n\t<meta property=\"og:image:type\" content=\"image\/jpeg\" \/>\n<meta name=\"twitter:card\" content=\"summary_large_image\" \/>\n<meta name=\"twitter:site\" content=\"@tecnovisao\" \/>\n<meta name=\"twitter:label1\" content=\"Tiempo de lectura\" \/>\n\t<meta name=\"twitter:data1\" content=\"1 minuto\" \/>\n<script type=\"application\/ld+json\" class=\"yoast-schema-graph\">{\"@context\":\"https:\/\/schema.org\",\"@graph\":[{\"@type\":\"WebPage\",\"@id\":\"https:\/\/tecnovisao.net\/produtos\/blaze-et\/\",\"url\":\"https:\/\/tecnovisao.net\/produtos\/blaze-et\/\",\"name\":\"BLAZE ET - Tecnovis&atilde;o\",\"isPartOf\":{\"@id\":\"https:\/\/tecnovisao.net\/#website\"},\"primaryImageOfPage\":{\"@id\":\"https:\/\/tecnovisao.net\/produtos\/blaze-et\/#primaryimage\"},\"image\":{\"@id\":\"https:\/\/tecnovisao.net\/produtos\/blaze-et\/#primaryimage\"},\"thumbnailUrl\":\"https:\/\/i0.wp.com\/tecnovisao.net\/wp-content\/uploads\/2021\/01\/et-scaled.jpg?fit=2560%2C1527&ssl=1\",\"datePublished\":\"2021-01-22T00:04:31+00:00\",\"dateModified\":\"2023-10-22T20:29:47+00:00\",\"description\":\"A Hims desenvolveu o melhor e mais moderno Multi-Player port\u00e1til da atualidade.O Blaze ET \u00e9 o scanner port\u00e1til que faltava para voc\u00ea! Al\u00e9m de permitir fazer OCR de livros, ouvir m\u00fasica e podcasts, ler documentos e livros em diversos formatos, inclusive Daisy, em qualquer lugar, ele tamb\u00e9m permite gravar \u00e1udio, identificar as cores e sincronizar com a sua linha Braille.O Blaze ET \u00e9 compacto e possui um design moderno. Todos os recursos, podem ser acessados atrav\u00e9s de um simples bot\u00e3o, com total autonomia e agilidade, gra\u00e7as ao sistema de voz integrado ou atrav\u00e9s da sua linha Braille.\",\"breadcrumb\":{\"@id\":\"https:\/\/tecnovisao.net\/produtos\/blaze-et\/#breadcrumb\"},\"inLanguage\":\"es\",\"potentialAction\":[{\"@type\":\"ReadAction\",\"target\":[\"https:\/\/tecnovisao.net\/produtos\/blaze-et\/\"]}]},{\"@type\":\"ImageObject\",\"inLanguage\":\"es\",\"@id\":\"https:\/\/tecnovisao.net\/produtos\/blaze-et\/#primaryimage\",\"url\":\"https:\/\/i0.wp.com\/tecnovisao.net\/wp-content\/uploads\/2021\/01\/et-scaled.jpg?fit=2560%2C1527&ssl=1\",\"contentUrl\":\"https:\/\/i0.wp.com\/tecnovisao.net\/wp-content\/uploads\/2021\/01\/et-scaled.jpg?fit=2560%2C1527&ssl=1\",\"width\":2560,\"height\":1527,\"caption\":\"destaque diagonal para o produto, mostrando os bot\u00f5es e entradas na lateral\"},{\"@type\":\"BreadcrumbList\",\"@id\":\"https:\/\/tecnovisao.net\/produtos\/blaze-et\/#breadcrumb\",\"itemListElement\":[{\"@type\":\"ListItem\",\"position\":1,\"name\":\"In\u00edcio\",\"item\":\"https:\/\/tecnovisao.net\/\"},{\"@type\":\"ListItem\",\"position\":2,\"name\":\"Produtos\",\"item\":\"https:\/\/tecnovisao.net\/produtos\/\"},{\"@type\":\"ListItem\",\"position\":3,\"name\":\"BLAZE ET\"}]},{\"@type\":\"WebSite\",\"@id\":\"https:\/\/tecnovisao.net\/#website\",\"url\":\"https:\/\/tecnovisao.net\/\",\"name\":\"Tecnovis&atilde;o\",\"description\":\"Conectando voc\u00ea ao mundo\",\"publisher\":{\"@id\":\"https:\/\/tecnovisao.net\/#organization\"},\"potentialAction\":[{\"@type\":\"SearchAction\",\"target\":{\"@type\":\"EntryPoint\",\"urlTemplate\":\"https:\/\/tecnovisao.net\/?s={search_term_string}\"},\"query-input\":{\"@type\":\"PropertyValueSpecification\",\"valueRequired\":true,\"valueName\":\"search_term_string\"}}],\"inLanguage\":\"es\"},{\"@type\":\"Organization\",\"@id\":\"https:\/\/tecnovisao.net\/#organization\",\"name\":\"Tecnovis\u00e3o\",\"url\":\"https:\/\/tecnovisao.net\/\",\"logo\":{\"@type\":\"ImageObject\",\"inLanguage\":\"es\",\"@id\":\"https:\/\/tecnovisao.net\/#\/schema\/logo\/image\/\",\"url\":\"https:\/\/tecnovisao.net\/wp-content\/uploads\/2021\/01\/logo-site.png\",\"contentUrl\":\"https:\/\/tecnovisao.net\/wp-content\/uploads\/2021\/01\/logo-site.png\",\"width\":356,\"height\":80,\"caption\":\"Tecnovis\u00e3o\"},\"image\":{\"@id\":\"https:\/\/tecnovisao.net\/#\/schema\/logo\/image\/\"},\"sameAs\":[\"https:\/\/facebook.com\/tecnovisao\",\"https:\/\/x.com\/tecnovisao\",\"https:\/\/instagram.com\/tecnovisao\",\"https:\/\/www.linkedin.com\/company\/tecnovisao\/\",\"https:\/\/www.youtube.com\/user\/Tecnovisao\"]}]}<\/script>\n<!-- \/ Yoast SEO plugin. -->","yoast_head_json":{"title":"BLAZE ET - Tecnovis&atilde;o","description":"A Hims desenvolveu o melhor e mais moderno Multi-Player port\u00e1til da atualidade.O Blaze ET \u00e9 o scanner port\u00e1til que faltava para voc\u00ea! Al\u00e9m de permitir fazer OCR de livros, ouvir m\u00fasica e podcasts, ler documentos e livros em diversos formatos, inclusive Daisy, em qualquer lugar, ele tamb\u00e9m permite gravar \u00e1udio, identificar as cores e sincronizar com a sua linha Braille.O Blaze ET \u00e9 compacto e possui um design moderno. Todos os recursos, podem ser acessados atrav\u00e9s de um simples bot\u00e3o, com total autonomia e agilidade, gra\u00e7as ao sistema de voz integrado ou atrav\u00e9s da sua linha Braille.","robots":{"index":"index","follow":"follow","max-snippet":"max-snippet:-1","max-image-preview":"max-image-preview:large","max-video-preview":"max-video-preview:-1"},"canonical":"https:\/\/tecnovisao.net\/es\/produtos\/blaze-et\/","og_locale":"es_ES","og_type":"article","og_title":"BLAZE ET - Tecnovis&atilde;o","og_description":"A Hims desenvolveu o melhor e mais moderno Multi-Player port\u00e1til da atualidade.O Blaze ET \u00e9 o scanner port\u00e1til que faltava para voc\u00ea! Al\u00e9m de permitir fazer OCR de livros, ouvir m\u00fasica e podcasts, ler documentos e livros em diversos formatos, inclusive Daisy, em qualquer lugar, ele tamb\u00e9m permite gravar \u00e1udio, identificar as cores e sincronizar com a sua linha Braille.O Blaze ET \u00e9 compacto e possui um design moderno. Todos os recursos, podem ser acessados atrav\u00e9s de um simples bot\u00e3o, com total autonomia e agilidade, gra\u00e7as ao sistema de voz integrado ou atrav\u00e9s da sua linha Braille.","og_url":"https:\/\/tecnovisao.net\/es\/produtos\/blaze-et\/","og_site_name":"Tecnovis&atilde;o","article_publisher":"https:\/\/facebook.com\/tecnovisao","article_modified_time":"2023-10-22T20:29:47+00:00","og_image":[{"width":2560,"height":1527,"url":"https:\/\/tecnovisao.net\/wp-content\/uploads\/2021\/01\/et-scaled.jpg","type":"image\/jpeg"}],"twitter_card":"summary_large_image","twitter_site":"@tecnovisao","twitter_misc":{"Tiempo de lectura":"1 minuto"},"schema":{"@context":"https:\/\/schema.org","@graph":[{"@type":"WebPage","@id":"https:\/\/tecnovisao.net\/produtos\/blaze-et\/","url":"https:\/\/tecnovisao.net\/produtos\/blaze-et\/","name":"BLAZE ET - Tecnovis&atilde;o","isPartOf":{"@id":"https:\/\/tecnovisao.net\/#website"},"primaryImageOfPage":{"@id":"https:\/\/tecnovisao.net\/produtos\/blaze-et\/#primaryimage"},"image":{"@id":"https:\/\/tecnovisao.net\/produtos\/blaze-et\/#primaryimage"},"thumbnailUrl":"https:\/\/i0.wp.com\/tecnovisao.net\/wp-content\/uploads\/2021\/01\/et-scaled.jpg?fit=2560%2C1527&ssl=1","datePublished":"2021-01-22T00:04:31+00:00","dateModified":"2023-10-22T20:29:47+00:00","description":"A Hims desenvolveu o melhor e mais moderno Multi-Player port\u00e1til da atualidade.O Blaze ET \u00e9 o scanner port\u00e1til que faltava para voc\u00ea! Al\u00e9m de permitir fazer OCR de livros, ouvir m\u00fasica e podcasts, ler documentos e livros em diversos formatos, inclusive Daisy, em qualquer lugar, ele tamb\u00e9m permite gravar \u00e1udio, identificar as cores e sincronizar com a sua linha Braille.O Blaze ET \u00e9 compacto e possui um design moderno. Todos os recursos, podem ser acessados atrav\u00e9s de um simples bot\u00e3o, com total autonomia e agilidade, gra\u00e7as ao sistema de voz integrado ou atrav\u00e9s da sua linha Braille.","breadcrumb":{"@id":"https:\/\/tecnovisao.net\/produtos\/blaze-et\/#breadcrumb"},"inLanguage":"es","potentialAction":[{"@type":"ReadAction","target":["https:\/\/tecnovisao.net\/produtos\/blaze-et\/"]}]},{"@type":"ImageObject","inLanguage":"es","@id":"https:\/\/tecnovisao.net\/produtos\/blaze-et\/#primaryimage","url":"https:\/\/i0.wp.com\/tecnovisao.net\/wp-content\/uploads\/2021\/01\/et-scaled.jpg?fit=2560%2C1527&ssl=1","contentUrl":"https:\/\/i0.wp.com\/tecnovisao.net\/wp-content\/uploads\/2021\/01\/et-scaled.jpg?fit=2560%2C1527&ssl=1","width":2560,"height":1527,"caption":"destaque diagonal para o produto, mostrando os bot\u00f5es e entradas na lateral"},{"@type":"BreadcrumbList","@id":"https:\/\/tecnovisao.net\/produtos\/blaze-et\/#breadcrumb","itemListElement":[{"@type":"ListItem","position":1,"name":"In\u00edcio","item":"https:\/\/tecnovisao.net\/"},{"@type":"ListItem","position":2,"name":"Produtos","item":"https:\/\/tecnovisao.net\/produtos\/"},{"@type":"ListItem","position":3,"name":"BLAZE ET"}]},{"@type":"WebSite","@id":"https:\/\/tecnovisao.net\/#website","url":"https:\/\/tecnovisao.net\/","name":"Tecnovis&atilde;o","description":"Conectando voc\u00ea ao mundo","publisher":{"@id":"https:\/\/tecnovisao.net\/#organization"},"potentialAction":[{"@type":"SearchAction","target":{"@type":"EntryPoint","urlTemplate":"https:\/\/tecnovisao.net\/?s={search_term_string}"},"query-input":{"@type":"PropertyValueSpecification","valueRequired":true,"valueName":"search_term_string"}}],"inLanguage":"es"},{"@type":"Organization","@id":"https:\/\/tecnovisao.net\/#organization","name":"Tecnovis\u00e3o","url":"https:\/\/tecnovisao.net\/","logo":{"@type":"ImageObject","inLanguage":"es","@id":"https:\/\/tecnovisao.net\/#\/schema\/logo\/image\/","url":"https:\/\/tecnovisao.net\/wp-content\/uploads\/2021\/01\/logo-site.png","contentUrl":"https:\/\/tecnovisao.net\/wp-content\/uploads\/2021\/01\/logo-site.png","width":356,"height":80,"caption":"Tecnovis\u00e3o"},"image":{"@id":"https:\/\/tecnovisao.net\/#\/schema\/logo\/image\/"},"sameAs":["https:\/\/facebook.com\/tecnovisao","https:\/\/x.com\/tecnovisao","https:\/\/instagram.com\/tecnovisao","https:\/\/www.linkedin.com\/company\/tecnovisao\/","https:\/\/www.youtube.com\/user\/Tecnovisao"]}]}},"jetpack_sharing_enabled":true,"_links":{"self":[{"href":"https:\/\/tecnovisao.net\/es\/wp-json\/wp\/v2\/product\/563","targetHints":{"allow":["GET"]}}],"collection":[{"href":"https:\/\/tecnovisao.net\/es\/wp-json\/wp\/v2\/product"}],"about":[{"href":"https:\/\/tecnovisao.net\/es\/wp-json\/wp\/v2\/types\/product"}],"author":[{"embeddable":true,"href":"https:\/\/tecnovisao.net\/es\/wp-json\/wp\/v2\/users\/1"}],"wp:featuredmedia":[{"embeddable":true,"href":"https:\/\/tecnovisao.net\/es\/wp-json\/wp\/v2\/media\/564"}],"wp:attachment":[{"href":"https:\/\/tecnovisao.net\/es\/wp-json\/wp\/v2\/media?parent=563"}],"wp:term":[{"taxonomy":"product_brand","embeddable":true,"href":"https:\/\/tecnovisao.net\/es\/wp-json\/wp\/v2\/product_brand?post=563"},{"taxonomy":"product_cat","embeddable":true,"href":"https:\/\/tecnovisao.net\/es\/wp-json\/wp\/v2\/product_cat?post=563"},{"taxonomy":"product_tag","embeddable":true,"href":"https:\/\/tecnovisao.net\/es\/wp-json\/wp\/v2\/product_tag?post=563"}],"curies":[{"name":"wp","href":"https:\/\/api.w.org\/{rel}","templated":true}]}}