{"id":5652,"date":"2023-01-15T18:03:37","date_gmt":"2023-01-15T21:03:37","guid":{"rendered":"https:\/\/tecnovisao.net\/?post_type=product&#038;p=5652"},"modified":"2026-03-09T14:47:19","modified_gmt":"2026-03-09T17:47:19","slug":"iloview-max","status":"publish","type":"product","link":"https:\/\/tecnovisao.net\/es\/produtos\/iloview-max\/","title":{"rendered":"iLoview MAX"},"content":{"rendered":"<h3>Caracter\u00edsticas<\/h3>\n<p>&nbsp;<\/p>\n<ul>\n<li class=\"lRu31\"><span class=\"HwtZe\" lang=\"pt\"><span class=\"jCAhz ChMk0b\"><span class=\"ryNqvb\">Tela 17, pol;<br \/>\n<\/span><\/span><\/span><\/li>\n<li class=\"lRu31\"><span class=\"HwtZe\" lang=\"pt\"><span class=\"jCAhz ChMk0b\"><span class=\"ryNqvb\">Amplia\u00e7\u00e3o ajust\u00e1vel de 1,4x ~ 388x;;<\/span><\/span><\/span><\/li>\n<li>Foco autom\u00e1tico com fun\u00e7\u00e3o ligar\/desligar;<\/li>\n<li>Possui painel de controle acess\u00edvel;<\/li>\n<li>Cores: 8 combina\u00e7\u00f5es de cores reais e at\u00e9 35 modos estendido;<\/li>\n<li>Contraste: 5 n\u00edveis;<\/li>\n<li>Modo de visualiza\u00e7\u00e3o: Modo pr\u00f3ximo , distante e self;<\/li>\n<li class=\"lRu31\"><span class=\"HwtZe\" lang=\"pt\"><span class=\"jCAhz ChMk0b\"><span class=\"ryNqvb\">Conectividade: <\/span><\/span><\/span><span style=\"font-size: 16px\">Vers\u00e3o Regular: HDMI OUT para o monitor, PC\u00a0<\/span>etc.;<\/li>\n<li class=\"lRu31\"><span class=\"HwtZe\" lang=\"pt\"><span class=\"jCAhz ChMk0b\"><span class=\"ryNqvb\">Vers\u00e3o Premium: HDMI IN para a fun\u00e7\u00e3o iPhone (pode ver o conte\u00fado do seu iPhone no ampliador iLoview utilizando todos recursos como amplia\u00e7\u00e3o, mudan\u00e7a de cor, etc.);<\/span><\/span> <\/span><\/li>\n<li>Bateria dura\u00e7\u00e3o 5 horas;<\/li>\n<li class=\"VO9ucd\">\n<div class=\"aJIq1d\" data-language-code=\"pt\" data-language-name=\"Portugu\u00eas\" data-text=\"Caracter\u00edsticas principais : Amplia\u00e7\u00e3o ajust\u00e1vel de 1,4x ~ 388x Amplia\u00e7\u00e3o padr\u00e3o 2,3x~35x Dimens\u00e3o: 413m x 445mm x 520mm (desdobrado) 413 mm x 445 mm x 68 mm (dobrado) Peso : 5,09 kg \/ 11,2 lbs (sem bateria) 5,46 kg \/ 12,1 lbs (inclui bateria) Conectividade: Vers\u00e3o Regularr: HDMI OUT para o monitor, PC etc Vers\u00e3o Premium: HDMI IN para a fun\u00e7\u00e3o i-phone (pode ver o conte\u00fado do i-phone na lupa i-loview pode ampliar, mudar de cor, etc.) USD 3,0 para PC de mesa, notebooks HDMI OUT para o monitor, tela etc.\" data-crosslingual-hint=\"\" data-location=\"2\" data-enable-toggle-playback-speed=\"true\">\n<div class=\"lRu31\"><span class=\"HwtZe\" lang=\"pt\"><span class=\"jCAhz ChMk0b\"><span class=\"ryNqvb\">Dimens\u00e3o:<\/span><\/span> \u00a0<\/span><span class=\"HwtZe\" lang=\"pt\"><span class=\"jCAhz ChMk0b\"><span class=\"ryNqvb\">413m x 445mm x 520mm (aberto) \/ <\/span><\/span><\/span><span style=\"font-size: 16px\">413 mm x 445 mm x 68 mm (fechado);<\/span><\/div>\n<\/div>\n<\/li>\n<li class=\"lRu31\"><span class=\"HwtZe\" lang=\"pt\"> <span class=\"jCAhz ChMk0b\"><span class=\"ryNqvb\">Peso :<\/span><\/span> <span class=\"jCAhz ChMk0b\"><span class=\"ryNqvb\">5,46 kg ;<\/span><\/span><\/span><\/li>\n<\/ul>\n<p>&nbsp;<\/p>\n<div class=\"epyt-video-wrapper\"><iframe  id=\"_ytid_42646\"  width=\"800\" height=\"450\"  data-origwidth=\"800\" data-origheight=\"450\" src=\"https:\/\/www.youtube.com\/embed\/1R4dll2ulO0?enablejsapi=1&#038;autoplay=0&#038;cc_load_policy=0&#038;cc_lang_pref=&#038;iv_load_policy=1&#038;loop=0&#038;rel=0&#038;fs=1&#038;playsinline=0&#038;autohide=2&#038;theme=dark&#038;color=red&#038;controls=1&#038;disablekb=0&#038;\" class=\"__youtube_prefs__  epyt-is-override  no-lazyload\" title=\"YouTube player\"  allow=\"fullscreen; accelerometer; autoplay; clipboard-write; encrypted-media; gyroscope; picture-in-picture; web-share\" referrerpolicy=\"strict-origin-when-cross-origin\" allowfullscreen data-no-lazy=\"1\" data-skipgform_ajax_framebjll=\"\"><\/iframe><\/div>","protected":false},"excerpt":{"rendered":"<p>O Ampliador de mesa iLoview MAX possui amplia\u00e7\u00e3o ajust\u00e1vel at\u00e9 388x, oferecendo mais conforto para a sua leitura al\u00e9m do seu sistema Inovador e vers\u00e1til do mecanismo de dobragem inteligente, com monitor integrado para facilitar sua utiliza\u00e7\u00e3o,<\/p>","protected":false},"author":3,"featured_media":5654,"template":"","meta":{"site-sidebar-layout":"default","site-content-layout":"default","ast-site-content-layout":"default","site-content-style":"default","site-sidebar-style":"default","ast-global-header-display":"","ast-banner-title-visibility":"","ast-main-header-display":"","ast-hfb-above-header-display":"","ast-hfb-below-header-display":"","ast-hfb-mobile-header-display":"","site-post-title":"","ast-breadcrumbs-content":"","ast-featured-img":"","footer-sml-layout":"","ast-disable-related-posts":"","theme-transparent-header-meta":"default","adv-header-id-meta":"","stick-header-meta":"default","header-above-stick-meta":"","header-main-stick-meta":"","header-below-stick-meta":"","astra-migrate-meta-layouts":"default","ast-page-background-enabled":"default","ast-page-background-meta":{"desktop":{"background-color":"","background-image":"","background-repeat":"repeat","background-position":"center center","background-size":"auto","background-attachment":"scroll","background-type":"","background-media":"","overlay-type":"","overlay-color":"","overlay-opacity":"","overlay-gradient":""},"tablet":{"background-color":"","background-image":"","background-repeat":"repeat","background-position":"center center","background-size":"auto","background-attachment":"scroll","background-type":"","background-media":"","overlay-type":"","overlay-color":"","overlay-opacity":"","overlay-gradient":""},"mobile":{"background-color":"","background-image":"","background-repeat":"repeat","background-position":"center center","background-size":"auto","background-attachment":"scroll","background-type":"","background-media":"","overlay-type":"","overlay-color":"","overlay-opacity":"","overlay-gradient":""}},"ast-content-background-meta":{"desktop":{"background-color":"var(--ast-global-color-5)","background-image":"","background-repeat":"repeat","background-position":"center center","background-size":"auto","background-attachment":"scroll","background-type":"","background-media":"","overlay-type":"","overlay-color":"","overlay-opacity":"","overlay-gradient":""},"tablet":{"background-color":"var(--ast-global-color-5)","background-image":"","background-repeat":"repeat","background-position":"center center","background-size":"auto","background-attachment":"scroll","background-type":"","background-media":"","overlay-type":"","overlay-color":"","overlay-opacity":"","overlay-gradient":""},"mobile":{"background-color":"var(--ast-global-color-5)","background-image":"","background-repeat":"repeat","background-position":"center center","background-size":"auto","background-attachment":"scroll","background-type":"","background-media":"","overlay-type":"","overlay-color":"","overlay-opacity":"","overlay-gradient":""}}},"product_brand":[],"product_cat":[28],"product_tag":[63],"class_list":{"0":"post-5652","1":"product","2":"type-product","3":"status-publish","4":"has-post-thumbnail","6":"product_cat-ampliador","7":"product_tag-ampliador_lupa","8":"pa_tipo-equipamentos","9":"desktop-align-left","10":"tablet-align-left","11":"mobile-align-left","12":"ast-product-gallery-layout-horizontal","13":"ast-product-tabs-layout-vertical","15":"first","16":"instock","17":"featured","18":"shipping-taxable","19":"product-type-simple"},"yoast_head":"<!-- This site is optimized with the Yoast SEO plugin v27.2 - https:\/\/yoast.com\/product\/yoast-seo-wordpress\/ -->\n<title>iLoview MAX - Tecnovis&atilde;o<\/title>\n<meta name=\"description\" content=\"O Ampliador de mesa iLoview MAX possui amplia\u00e7\u00e3o ajust\u00e1vel at\u00e9 388x, oferecendo mais conforto para a sua leitura al\u00e9m do seu sistema Inovador e vers\u00e1til do mecanismo de dobragem inteligente, com monitor integrado para facilitar sua utiliza\u00e7\u00e3o,\" \/>\n<meta name=\"robots\" content=\"index, follow, max-snippet:-1, max-image-preview:large, max-video-preview:-1\" \/>\n<link rel=\"canonical\" href=\"https:\/\/tecnovisao.net\/es\/produtos\/iloview-max\/\" \/>\n<meta property=\"og:locale\" content=\"es_ES\" \/>\n<meta property=\"og:type\" content=\"article\" \/>\n<meta property=\"og:title\" content=\"iLoview MAX - Tecnovis&atilde;o\" \/>\n<meta property=\"og:description\" content=\"O Ampliador de mesa iLoview MAX possui amplia\u00e7\u00e3o ajust\u00e1vel at\u00e9 388x, oferecendo mais conforto para a sua leitura al\u00e9m do seu sistema Inovador e vers\u00e1til do mecanismo de dobragem inteligente, com monitor integrado para facilitar sua utiliza\u00e7\u00e3o,\" \/>\n<meta property=\"og:url\" content=\"https:\/\/tecnovisao.net\/es\/produtos\/iloview-max\/\" \/>\n<meta property=\"og:site_name\" content=\"Tecnovis&atilde;o\" \/>\n<meta property=\"article:publisher\" content=\"https:\/\/facebook.com\/tecnovisao\" \/>\n<meta property=\"article:modified_time\" content=\"2026-03-09T17:47:19+00:00\" \/>\n<meta property=\"og:image\" content=\"https:\/\/tecnovisao.net\/wp-content\/uploads\/2023\/01\/iLoview-Max-1.jpg\" \/>\n\t<meta property=\"og:image:width\" content=\"200\" \/>\n\t<meta property=\"og:image:height\" content=\"253\" \/>\n\t<meta property=\"og:image:type\" content=\"image\/jpeg\" \/>\n<meta name=\"twitter:card\" content=\"summary_large_image\" \/>\n<meta name=\"twitter:site\" content=\"@tecnovisao\" \/>\n<meta name=\"twitter:label1\" content=\"Tiempo de lectura\" \/>\n\t<meta name=\"twitter:data1\" content=\"1 minuto\" \/>\n<script type=\"application\/ld+json\" class=\"yoast-schema-graph\">{\"@context\":\"https:\/\/schema.org\",\"@graph\":[{\"@type\":\"WebPage\",\"@id\":\"https:\/\/tecnovisao.net\/produtos\/iloview-max\/\",\"url\":\"https:\/\/tecnovisao.net\/produtos\/iloview-max\/\",\"name\":\"iLoview MAX - Tecnovis&atilde;o\",\"isPartOf\":{\"@id\":\"https:\/\/tecnovisao.net\/#website\"},\"primaryImageOfPage\":{\"@id\":\"https:\/\/tecnovisao.net\/produtos\/iloview-max\/#primaryimage\"},\"image\":{\"@id\":\"https:\/\/tecnovisao.net\/produtos\/iloview-max\/#primaryimage\"},\"thumbnailUrl\":\"https:\/\/i0.wp.com\/tecnovisao.net\/wp-content\/uploads\/2023\/01\/iLoview-Max-1.jpg?fit=200%2C253&ssl=1\",\"datePublished\":\"2023-01-15T21:03:37+00:00\",\"dateModified\":\"2026-03-09T17:47:19+00:00\",\"description\":\"O Ampliador de mesa iLoview MAX possui amplia\u00e7\u00e3o ajust\u00e1vel at\u00e9 388x, oferecendo mais conforto para a sua leitura al\u00e9m do seu sistema Inovador e vers\u00e1til do mecanismo de dobragem inteligente, com monitor integrado para facilitar sua utiliza\u00e7\u00e3o,\",\"breadcrumb\":{\"@id\":\"https:\/\/tecnovisao.net\/produtos\/iloview-max\/#breadcrumb\"},\"inLanguage\":\"es\",\"potentialAction\":[{\"@type\":\"ReadAction\",\"target\":[\"https:\/\/tecnovisao.net\/produtos\/iloview-max\/\"]}]},{\"@type\":\"ImageObject\",\"inLanguage\":\"es\",\"@id\":\"https:\/\/tecnovisao.net\/produtos\/iloview-max\/#primaryimage\",\"url\":\"https:\/\/i0.wp.com\/tecnovisao.net\/wp-content\/uploads\/2023\/01\/iLoview-Max-1.jpg?fit=200%2C253&ssl=1\",\"contentUrl\":\"https:\/\/i0.wp.com\/tecnovisao.net\/wp-content\/uploads\/2023\/01\/iLoview-Max-1.jpg?fit=200%2C253&ssl=1\",\"width\":200,\"height\":253,\"caption\":\"iLoview Max aberto escrito Chris Park na tela\"},{\"@type\":\"BreadcrumbList\",\"@id\":\"https:\/\/tecnovisao.net\/produtos\/iloview-max\/#breadcrumb\",\"itemListElement\":[{\"@type\":\"ListItem\",\"position\":1,\"name\":\"In\u00edcio\",\"item\":\"https:\/\/tecnovisao.net\/\"},{\"@type\":\"ListItem\",\"position\":2,\"name\":\"Produtos\",\"item\":\"https:\/\/tecnovisao.net\/produtos\/\"},{\"@type\":\"ListItem\",\"position\":3,\"name\":\"iLoview MAX\"}]},{\"@type\":\"WebSite\",\"@id\":\"https:\/\/tecnovisao.net\/#website\",\"url\":\"https:\/\/tecnovisao.net\/\",\"name\":\"Tecnovis&atilde;o\",\"description\":\"Conectando voc\u00ea ao mundo\",\"publisher\":{\"@id\":\"https:\/\/tecnovisao.net\/#organization\"},\"potentialAction\":[{\"@type\":\"SearchAction\",\"target\":{\"@type\":\"EntryPoint\",\"urlTemplate\":\"https:\/\/tecnovisao.net\/?s={search_term_string}\"},\"query-input\":{\"@type\":\"PropertyValueSpecification\",\"valueRequired\":true,\"valueName\":\"search_term_string\"}}],\"inLanguage\":\"es\"},{\"@type\":\"Organization\",\"@id\":\"https:\/\/tecnovisao.net\/#organization\",\"name\":\"Tecnovis\u00e3o\",\"url\":\"https:\/\/tecnovisao.net\/\",\"logo\":{\"@type\":\"ImageObject\",\"inLanguage\":\"es\",\"@id\":\"https:\/\/tecnovisao.net\/#\/schema\/logo\/image\/\",\"url\":\"https:\/\/tecnovisao.net\/wp-content\/uploads\/2021\/01\/logo-site.png\",\"contentUrl\":\"https:\/\/tecnovisao.net\/wp-content\/uploads\/2021\/01\/logo-site.png\",\"width\":356,\"height\":80,\"caption\":\"Tecnovis\u00e3o\"},\"image\":{\"@id\":\"https:\/\/tecnovisao.net\/#\/schema\/logo\/image\/\"},\"sameAs\":[\"https:\/\/facebook.com\/tecnovisao\",\"https:\/\/x.com\/tecnovisao\",\"https:\/\/instagram.com\/tecnovisao\",\"https:\/\/www.linkedin.com\/company\/tecnovisao\/\",\"https:\/\/www.youtube.com\/user\/Tecnovisao\"]}]}<\/script>\n<!-- \/ Yoast SEO plugin. -->","yoast_head_json":{"title":"iLoview MAX - Tecnovis&atilde;o","description":"O Ampliador de mesa iLoview MAX possui amplia\u00e7\u00e3o ajust\u00e1vel at\u00e9 388x, oferecendo mais conforto para a sua leitura al\u00e9m do seu sistema Inovador e vers\u00e1til do mecanismo de dobragem inteligente, com monitor integrado para facilitar sua utiliza\u00e7\u00e3o,","robots":{"index":"index","follow":"follow","max-snippet":"max-snippet:-1","max-image-preview":"max-image-preview:large","max-video-preview":"max-video-preview:-1"},"canonical":"https:\/\/tecnovisao.net\/es\/produtos\/iloview-max\/","og_locale":"es_ES","og_type":"article","og_title":"iLoview MAX - Tecnovis&atilde;o","og_description":"O Ampliador de mesa iLoview MAX possui amplia\u00e7\u00e3o ajust\u00e1vel at\u00e9 388x, oferecendo mais conforto para a sua leitura al\u00e9m do seu sistema Inovador e vers\u00e1til do mecanismo de dobragem inteligente, com monitor integrado para facilitar sua utiliza\u00e7\u00e3o,","og_url":"https:\/\/tecnovisao.net\/es\/produtos\/iloview-max\/","og_site_name":"Tecnovis&atilde;o","article_publisher":"https:\/\/facebook.com\/tecnovisao","article_modified_time":"2026-03-09T17:47:19+00:00","og_image":[{"width":200,"height":253,"url":"https:\/\/tecnovisao.net\/wp-content\/uploads\/2023\/01\/iLoview-Max-1.jpg","type":"image\/jpeg"}],"twitter_card":"summary_large_image","twitter_site":"@tecnovisao","twitter_misc":{"Tiempo de lectura":"1 minuto"},"schema":{"@context":"https:\/\/schema.org","@graph":[{"@type":"WebPage","@id":"https:\/\/tecnovisao.net\/produtos\/iloview-max\/","url":"https:\/\/tecnovisao.net\/produtos\/iloview-max\/","name":"iLoview MAX - Tecnovis&atilde;o","isPartOf":{"@id":"https:\/\/tecnovisao.net\/#website"},"primaryImageOfPage":{"@id":"https:\/\/tecnovisao.net\/produtos\/iloview-max\/#primaryimage"},"image":{"@id":"https:\/\/tecnovisao.net\/produtos\/iloview-max\/#primaryimage"},"thumbnailUrl":"https:\/\/i0.wp.com\/tecnovisao.net\/wp-content\/uploads\/2023\/01\/iLoview-Max-1.jpg?fit=200%2C253&ssl=1","datePublished":"2023-01-15T21:03:37+00:00","dateModified":"2026-03-09T17:47:19+00:00","description":"O Ampliador de mesa iLoview MAX possui amplia\u00e7\u00e3o ajust\u00e1vel at\u00e9 388x, oferecendo mais conforto para a sua leitura al\u00e9m do seu sistema Inovador e vers\u00e1til do mecanismo de dobragem inteligente, com monitor integrado para facilitar sua utiliza\u00e7\u00e3o,","breadcrumb":{"@id":"https:\/\/tecnovisao.net\/produtos\/iloview-max\/#breadcrumb"},"inLanguage":"es","potentialAction":[{"@type":"ReadAction","target":["https:\/\/tecnovisao.net\/produtos\/iloview-max\/"]}]},{"@type":"ImageObject","inLanguage":"es","@id":"https:\/\/tecnovisao.net\/produtos\/iloview-max\/#primaryimage","url":"https:\/\/i0.wp.com\/tecnovisao.net\/wp-content\/uploads\/2023\/01\/iLoview-Max-1.jpg?fit=200%2C253&ssl=1","contentUrl":"https:\/\/i0.wp.com\/tecnovisao.net\/wp-content\/uploads\/2023\/01\/iLoview-Max-1.jpg?fit=200%2C253&ssl=1","width":200,"height":253,"caption":"iLoview Max aberto escrito Chris Park na tela"},{"@type":"BreadcrumbList","@id":"https:\/\/tecnovisao.net\/produtos\/iloview-max\/#breadcrumb","itemListElement":[{"@type":"ListItem","position":1,"name":"In\u00edcio","item":"https:\/\/tecnovisao.net\/"},{"@type":"ListItem","position":2,"name":"Produtos","item":"https:\/\/tecnovisao.net\/produtos\/"},{"@type":"ListItem","position":3,"name":"iLoview MAX"}]},{"@type":"WebSite","@id":"https:\/\/tecnovisao.net\/#website","url":"https:\/\/tecnovisao.net\/","name":"Tecnovis&atilde;o","description":"Conectando voc\u00ea ao mundo","publisher":{"@id":"https:\/\/tecnovisao.net\/#organization"},"potentialAction":[{"@type":"SearchAction","target":{"@type":"EntryPoint","urlTemplate":"https:\/\/tecnovisao.net\/?s={search_term_string}"},"query-input":{"@type":"PropertyValueSpecification","valueRequired":true,"valueName":"search_term_string"}}],"inLanguage":"es"},{"@type":"Organization","@id":"https:\/\/tecnovisao.net\/#organization","name":"Tecnovis\u00e3o","url":"https:\/\/tecnovisao.net\/","logo":{"@type":"ImageObject","inLanguage":"es","@id":"https:\/\/tecnovisao.net\/#\/schema\/logo\/image\/","url":"https:\/\/tecnovisao.net\/wp-content\/uploads\/2021\/01\/logo-site.png","contentUrl":"https:\/\/tecnovisao.net\/wp-content\/uploads\/2021\/01\/logo-site.png","width":356,"height":80,"caption":"Tecnovis\u00e3o"},"image":{"@id":"https:\/\/tecnovisao.net\/#\/schema\/logo\/image\/"},"sameAs":["https:\/\/facebook.com\/tecnovisao","https:\/\/x.com\/tecnovisao","https:\/\/instagram.com\/tecnovisao","https:\/\/www.linkedin.com\/company\/tecnovisao\/","https:\/\/www.youtube.com\/user\/Tecnovisao"]}]}},"jetpack_sharing_enabled":true,"_links":{"self":[{"href":"https:\/\/tecnovisao.net\/es\/wp-json\/wp\/v2\/product\/5652","targetHints":{"allow":["GET"]}}],"collection":[{"href":"https:\/\/tecnovisao.net\/es\/wp-json\/wp\/v2\/product"}],"about":[{"href":"https:\/\/tecnovisao.net\/es\/wp-json\/wp\/v2\/types\/product"}],"author":[{"embeddable":true,"href":"https:\/\/tecnovisao.net\/es\/wp-json\/wp\/v2\/users\/3"}],"wp:featuredmedia":[{"embeddable":true,"href":"https:\/\/tecnovisao.net\/es\/wp-json\/wp\/v2\/media\/5654"}],"wp:attachment":[{"href":"https:\/\/tecnovisao.net\/es\/wp-json\/wp\/v2\/media?parent=5652"}],"wp:term":[{"taxonomy":"product_brand","embeddable":true,"href":"https:\/\/tecnovisao.net\/es\/wp-json\/wp\/v2\/product_brand?post=5652"},{"taxonomy":"product_cat","embeddable":true,"href":"https:\/\/tecnovisao.net\/es\/wp-json\/wp\/v2\/product_cat?post=5652"},{"taxonomy":"product_tag","embeddable":true,"href":"https:\/\/tecnovisao.net\/es\/wp-json\/wp\/v2\/product_tag?post=5652"}],"curies":[{"name":"wp","href":"https:\/\/api.w.org\/{rel}","templated":true}]}}