{"id":577,"date":"2021-01-21T18:39:19","date_gmt":"2021-01-21T21:39:19","guid":{"rendered":"https:\/\/dev.tecnovisao.net\/?post_type=product&#038;p=577"},"modified":"2024-05-03T14:47:58","modified_gmt":"2024-05-03T17:47:58","slug":"aladdin","status":"publish","type":"product","link":"https:\/\/tecnovisao.net\/es\/produtos\/aladdin\/","title":{"rendered":"ALADDIN"},"content":{"rendered":"<h3>Caracter\u00edsticas:<\/h3>\n<p>&nbsp;<\/p>\n<p>Permite escolher o sintetizador de voz;<\/p>\n<p>Resolu\u00e7\u00e3o \u00d3ptica: 4800 x 2400dpi;<\/p>\n<p>Configura\u00e7\u00e3o da velocidade de leitura;<\/p>\n<p>Soletrar palavras;<\/p>\n<p>Repetir a leitura do texto ou parte dele (p\u00e1gina, palavra, par\u00e1grafo);<\/p>\n<p>Ferramenta de amplia\u00e7\u00e3o, dispositivo de \u00e1udio e editor de texto;<\/p>\n<p>Resolu\u00e7\u00e3o 2.400 dpi;<\/p>\n<p>Sensor de imagem colorido;<\/p>\n<p>Conex\u00e3o USB 2.0;<\/p>\n<p>\u00c1rea de digitaliza\u00e7\u00e3o 215x297mm (papel A4 e carta);<\/p>\n<p>Modo de leitura: passagem \u00fanica;<\/p>\n<p>Modos de Escaneamento: Colorido, Escala de Cinza e Preto e Branco;<\/p>\n<p>Sistema operacional : Windows 7, Windows 8.x e Windows 10.<\/p>\n<p>Dimens\u00f5es: 250 x 370 x 40mm;<\/p>\n<p>Peso: 1.6 Kg.<\/p>\n<p>&nbsp;<\/p>\n<h3>Requisitos para funcionamento:<\/h3>\n<p>Hardware: Processador Pentium\u00ae IV 2.0 GHz ou equivalente;<\/p>\n<p>Drive de CD;<\/p>\n<p>Porta USB dispon\u00edvel;<\/p>\n<p>Mem\u00f3ria RAM: 256 MB, e 500 MB livres no HD;<\/p>","protected":false},"excerpt":{"rendered":"<p>O Scanner com voz Aladdim, foi desenvolvido para atender os deficientes visuais. Conectado ao computador, o Aladdim Voice 3.1, permite scanear documentos impressos e reproduzir com o sintetizador de voz o texto digitalizado pelo software de OCR.<\/p>","protected":false},"author":1,"featured_media":578,"template":"","meta":{"site-sidebar-layout":"default","site-content-layout":"default","ast-site-content-layout":"default","site-content-style":"default","site-sidebar-style":"default","ast-global-header-display":"","ast-banner-title-visibility":"","ast-main-header-display":"","ast-hfb-above-header-display":"","ast-hfb-below-header-display":"","ast-hfb-mobile-header-display":"","site-post-title":"","ast-breadcrumbs-content":"","ast-featured-img":"","footer-sml-layout":"","ast-disable-related-posts":"","theme-transparent-header-meta":"default","adv-header-id-meta":"","stick-header-meta":"default","header-above-stick-meta":"","header-main-stick-meta":"","header-below-stick-meta":"","astra-migrate-meta-layouts":"set","ast-page-background-enabled":"default","ast-page-background-meta":{"desktop":{"background-color":"","background-image":"","background-repeat":"repeat","background-position":"center center","background-size":"auto","background-attachment":"scroll","background-type":"","background-media":"","overlay-type":"","overlay-color":"","overlay-opacity":"","overlay-gradient":""},"tablet":{"background-color":"","background-image":"","background-repeat":"repeat","background-position":"center center","background-size":"auto","background-attachment":"scroll","background-type":"","background-media":"","overlay-type":"","overlay-color":"","overlay-opacity":"","overlay-gradient":""},"mobile":{"background-color":"","background-image":"","background-repeat":"repeat","background-position":"center center","background-size":"auto","background-attachment":"scroll","background-type":"","background-media":"","overlay-type":"","overlay-color":"","overlay-opacity":"","overlay-gradient":""}},"ast-content-background-meta":{"desktop":{"background-color":"var(--ast-global-color-5)","background-image":"","background-repeat":"repeat","background-position":"center center","background-size":"auto","background-attachment":"scroll","background-type":"","background-media":"","overlay-type":"","overlay-color":"","overlay-opacity":"","overlay-gradient":""},"tablet":{"background-color":"var(--ast-global-color-5)","background-image":"","background-repeat":"repeat","background-position":"center center","background-size":"auto","background-attachment":"scroll","background-type":"","background-media":"","overlay-type":"","overlay-color":"","overlay-opacity":"","overlay-gradient":""},"mobile":{"background-color":"var(--ast-global-color-5)","background-image":"","background-repeat":"repeat","background-position":"center center","background-size":"auto","background-attachment":"scroll","background-type":"","background-media":"","overlay-type":"","overlay-color":"","overlay-opacity":"","overlay-gradient":""}}},"product_brand":[],"product_cat":[27],"product_tag":[70],"class_list":{"0":"post-577","1":"product","2":"type-product","3":"status-publish","4":"has-post-thumbnail","6":"product_cat-scanner-com-voz","7":"product_tag-leitor","8":"pa_tipo-equipamentos","9":"desktop-align-left","10":"tablet-align-left","11":"mobile-align-left","12":"ast-product-gallery-layout-horizontal","13":"ast-product-gallery-with-no-image","14":"ast-product-tabs-layout-vertical","16":"first","17":"instock","18":"sold-individually","19":"shipping-taxable","20":"product-type-simple"},"yoast_head":"<!-- This site is optimized with the Yoast SEO plugin v27.2 - https:\/\/yoast.com\/product\/yoast-seo-wordpress\/ -->\n<title>ALADDIN - Tecnovis&atilde;o<\/title>\n<meta name=\"robots\" content=\"index, follow, max-snippet:-1, max-image-preview:large, max-video-preview:-1\" \/>\n<link rel=\"canonical\" href=\"https:\/\/tecnovisao.net\/es\/produtos\/aladdin\/\" \/>\n<meta property=\"og:locale\" content=\"es_ES\" \/>\n<meta property=\"og:type\" content=\"article\" \/>\n<meta property=\"og:title\" content=\"ALADDIN - Tecnovis&atilde;o\" \/>\n<meta property=\"og:description\" content=\"O Scanner com voz Aladdim, foi desenvolvido para atender os deficientes visuais. Conectado ao computador, o Aladdim Voice 3.1, permite scanear documentos impressos e reproduzir com o sintetizador de voz o texto digitalizado pelo software de OCR.\" \/>\n<meta property=\"og:url\" content=\"https:\/\/tecnovisao.net\/es\/produtos\/aladdin\/\" \/>\n<meta property=\"og:site_name\" content=\"Tecnovis&atilde;o\" \/>\n<meta property=\"article:publisher\" content=\"https:\/\/facebook.com\/tecnovisao\" \/>\n<meta property=\"article:modified_time\" content=\"2024-05-03T17:47:58+00:00\" \/>\n<meta property=\"og:image\" content=\"https:\/\/tecnovisao.net\/wp-content\/uploads\/2021\/01\/20141002181320.jpg\" \/>\n\t<meta property=\"og:image:width\" content=\"264\" \/>\n\t<meta property=\"og:image:height\" content=\"300\" \/>\n\t<meta property=\"og:image:type\" content=\"image\/jpeg\" \/>\n<meta name=\"twitter:card\" content=\"summary_large_image\" \/>\n<meta name=\"twitter:site\" content=\"@tecnovisao\" \/>\n<meta name=\"twitter:label1\" content=\"Tiempo de lectura\" \/>\n\t<meta name=\"twitter:data1\" content=\"1 minuto\" \/>\n<script type=\"application\/ld+json\" class=\"yoast-schema-graph\">{\"@context\":\"https:\/\/schema.org\",\"@graph\":[{\"@type\":\"WebPage\",\"@id\":\"https:\/\/tecnovisao.net\/produtos\/aladdin\/\",\"url\":\"https:\/\/tecnovisao.net\/produtos\/aladdin\/\",\"name\":\"ALADDIN - Tecnovis&atilde;o\",\"isPartOf\":{\"@id\":\"https:\/\/tecnovisao.net\/#website\"},\"primaryImageOfPage\":{\"@id\":\"https:\/\/tecnovisao.net\/produtos\/aladdin\/#primaryimage\"},\"image\":{\"@id\":\"https:\/\/tecnovisao.net\/produtos\/aladdin\/#primaryimage\"},\"thumbnailUrl\":\"https:\/\/i0.wp.com\/tecnovisao.net\/wp-content\/uploads\/2021\/01\/20141002181320.jpg?fit=264%2C300&ssl=1\",\"datePublished\":\"2021-01-21T21:39:19+00:00\",\"dateModified\":\"2024-05-03T17:47:58+00:00\",\"breadcrumb\":{\"@id\":\"https:\/\/tecnovisao.net\/produtos\/aladdin\/#breadcrumb\"},\"inLanguage\":\"es\",\"potentialAction\":[{\"@type\":\"ReadAction\",\"target\":[\"https:\/\/tecnovisao.net\/produtos\/aladdin\/\"]}]},{\"@type\":\"ImageObject\",\"inLanguage\":\"es\",\"@id\":\"https:\/\/tecnovisao.net\/produtos\/aladdin\/#primaryimage\",\"url\":\"https:\/\/i0.wp.com\/tecnovisao.net\/wp-content\/uploads\/2021\/01\/20141002181320.jpg?fit=264%2C300&ssl=1\",\"contentUrl\":\"https:\/\/i0.wp.com\/tecnovisao.net\/wp-content\/uploads\/2021\/01\/20141002181320.jpg?fit=264%2C300&ssl=1\",\"width\":264,\"height\":300,\"caption\":\"Scanner aberto com livro aberto sobre o equipamento para ser escaneado\"},{\"@type\":\"BreadcrumbList\",\"@id\":\"https:\/\/tecnovisao.net\/produtos\/aladdin\/#breadcrumb\",\"itemListElement\":[{\"@type\":\"ListItem\",\"position\":1,\"name\":\"In\u00edcio\",\"item\":\"https:\/\/tecnovisao.net\/\"},{\"@type\":\"ListItem\",\"position\":2,\"name\":\"Produtos\",\"item\":\"https:\/\/tecnovisao.net\/produtos\/\"},{\"@type\":\"ListItem\",\"position\":3,\"name\":\"ALADDIN\"}]},{\"@type\":\"WebSite\",\"@id\":\"https:\/\/tecnovisao.net\/#website\",\"url\":\"https:\/\/tecnovisao.net\/\",\"name\":\"Tecnovis&atilde;o\",\"description\":\"Conectando voc\u00ea ao mundo\",\"publisher\":{\"@id\":\"https:\/\/tecnovisao.net\/#organization\"},\"potentialAction\":[{\"@type\":\"SearchAction\",\"target\":{\"@type\":\"EntryPoint\",\"urlTemplate\":\"https:\/\/tecnovisao.net\/?s={search_term_string}\"},\"query-input\":{\"@type\":\"PropertyValueSpecification\",\"valueRequired\":true,\"valueName\":\"search_term_string\"}}],\"inLanguage\":\"es\"},{\"@type\":\"Organization\",\"@id\":\"https:\/\/tecnovisao.net\/#organization\",\"name\":\"Tecnovis\u00e3o\",\"url\":\"https:\/\/tecnovisao.net\/\",\"logo\":{\"@type\":\"ImageObject\",\"inLanguage\":\"es\",\"@id\":\"https:\/\/tecnovisao.net\/#\/schema\/logo\/image\/\",\"url\":\"https:\/\/tecnovisao.net\/wp-content\/uploads\/2021\/01\/logo-site.png\",\"contentUrl\":\"https:\/\/tecnovisao.net\/wp-content\/uploads\/2021\/01\/logo-site.png\",\"width\":356,\"height\":80,\"caption\":\"Tecnovis\u00e3o\"},\"image\":{\"@id\":\"https:\/\/tecnovisao.net\/#\/schema\/logo\/image\/\"},\"sameAs\":[\"https:\/\/facebook.com\/tecnovisao\",\"https:\/\/x.com\/tecnovisao\",\"https:\/\/instagram.com\/tecnovisao\",\"https:\/\/www.linkedin.com\/company\/tecnovisao\/\",\"https:\/\/www.youtube.com\/user\/Tecnovisao\"]}]}<\/script>\n<!-- \/ Yoast SEO plugin. -->","yoast_head_json":{"title":"ALADDIN - Tecnovis&atilde;o","robots":{"index":"index","follow":"follow","max-snippet":"max-snippet:-1","max-image-preview":"max-image-preview:large","max-video-preview":"max-video-preview:-1"},"canonical":"https:\/\/tecnovisao.net\/es\/produtos\/aladdin\/","og_locale":"es_ES","og_type":"article","og_title":"ALADDIN - Tecnovis&atilde;o","og_description":"O Scanner com voz Aladdim, foi desenvolvido para atender os deficientes visuais. Conectado ao computador, o Aladdim Voice 3.1, permite scanear documentos impressos e reproduzir com o sintetizador de voz o texto digitalizado pelo software de OCR.","og_url":"https:\/\/tecnovisao.net\/es\/produtos\/aladdin\/","og_site_name":"Tecnovis&atilde;o","article_publisher":"https:\/\/facebook.com\/tecnovisao","article_modified_time":"2024-05-03T17:47:58+00:00","og_image":[{"width":264,"height":300,"url":"https:\/\/tecnovisao.net\/wp-content\/uploads\/2021\/01\/20141002181320.jpg","type":"image\/jpeg"}],"twitter_card":"summary_large_image","twitter_site":"@tecnovisao","twitter_misc":{"Tiempo de lectura":"1 minuto"},"schema":{"@context":"https:\/\/schema.org","@graph":[{"@type":"WebPage","@id":"https:\/\/tecnovisao.net\/produtos\/aladdin\/","url":"https:\/\/tecnovisao.net\/produtos\/aladdin\/","name":"ALADDIN - Tecnovis&atilde;o","isPartOf":{"@id":"https:\/\/tecnovisao.net\/#website"},"primaryImageOfPage":{"@id":"https:\/\/tecnovisao.net\/produtos\/aladdin\/#primaryimage"},"image":{"@id":"https:\/\/tecnovisao.net\/produtos\/aladdin\/#primaryimage"},"thumbnailUrl":"https:\/\/i0.wp.com\/tecnovisao.net\/wp-content\/uploads\/2021\/01\/20141002181320.jpg?fit=264%2C300&ssl=1","datePublished":"2021-01-21T21:39:19+00:00","dateModified":"2024-05-03T17:47:58+00:00","breadcrumb":{"@id":"https:\/\/tecnovisao.net\/produtos\/aladdin\/#breadcrumb"},"inLanguage":"es","potentialAction":[{"@type":"ReadAction","target":["https:\/\/tecnovisao.net\/produtos\/aladdin\/"]}]},{"@type":"ImageObject","inLanguage":"es","@id":"https:\/\/tecnovisao.net\/produtos\/aladdin\/#primaryimage","url":"https:\/\/i0.wp.com\/tecnovisao.net\/wp-content\/uploads\/2021\/01\/20141002181320.jpg?fit=264%2C300&ssl=1","contentUrl":"https:\/\/i0.wp.com\/tecnovisao.net\/wp-content\/uploads\/2021\/01\/20141002181320.jpg?fit=264%2C300&ssl=1","width":264,"height":300,"caption":"Scanner aberto com livro aberto sobre o equipamento para ser escaneado"},{"@type":"BreadcrumbList","@id":"https:\/\/tecnovisao.net\/produtos\/aladdin\/#breadcrumb","itemListElement":[{"@type":"ListItem","position":1,"name":"In\u00edcio","item":"https:\/\/tecnovisao.net\/"},{"@type":"ListItem","position":2,"name":"Produtos","item":"https:\/\/tecnovisao.net\/produtos\/"},{"@type":"ListItem","position":3,"name":"ALADDIN"}]},{"@type":"WebSite","@id":"https:\/\/tecnovisao.net\/#website","url":"https:\/\/tecnovisao.net\/","name":"Tecnovis&atilde;o","description":"Conectando voc\u00ea ao mundo","publisher":{"@id":"https:\/\/tecnovisao.net\/#organization"},"potentialAction":[{"@type":"SearchAction","target":{"@type":"EntryPoint","urlTemplate":"https:\/\/tecnovisao.net\/?s={search_term_string}"},"query-input":{"@type":"PropertyValueSpecification","valueRequired":true,"valueName":"search_term_string"}}],"inLanguage":"es"},{"@type":"Organization","@id":"https:\/\/tecnovisao.net\/#organization","name":"Tecnovis\u00e3o","url":"https:\/\/tecnovisao.net\/","logo":{"@type":"ImageObject","inLanguage":"es","@id":"https:\/\/tecnovisao.net\/#\/schema\/logo\/image\/","url":"https:\/\/tecnovisao.net\/wp-content\/uploads\/2021\/01\/logo-site.png","contentUrl":"https:\/\/tecnovisao.net\/wp-content\/uploads\/2021\/01\/logo-site.png","width":356,"height":80,"caption":"Tecnovis\u00e3o"},"image":{"@id":"https:\/\/tecnovisao.net\/#\/schema\/logo\/image\/"},"sameAs":["https:\/\/facebook.com\/tecnovisao","https:\/\/x.com\/tecnovisao","https:\/\/instagram.com\/tecnovisao","https:\/\/www.linkedin.com\/company\/tecnovisao\/","https:\/\/www.youtube.com\/user\/Tecnovisao"]}]}},"jetpack_sharing_enabled":true,"_links":{"self":[{"href":"https:\/\/tecnovisao.net\/es\/wp-json\/wp\/v2\/product\/577","targetHints":{"allow":["GET"]}}],"collection":[{"href":"https:\/\/tecnovisao.net\/es\/wp-json\/wp\/v2\/product"}],"about":[{"href":"https:\/\/tecnovisao.net\/es\/wp-json\/wp\/v2\/types\/product"}],"author":[{"embeddable":true,"href":"https:\/\/tecnovisao.net\/es\/wp-json\/wp\/v2\/users\/1"}],"wp:featuredmedia":[{"embeddable":true,"href":"https:\/\/tecnovisao.net\/es\/wp-json\/wp\/v2\/media\/578"}],"wp:attachment":[{"href":"https:\/\/tecnovisao.net\/es\/wp-json\/wp\/v2\/media?parent=577"}],"wp:term":[{"taxonomy":"product_brand","embeddable":true,"href":"https:\/\/tecnovisao.net\/es\/wp-json\/wp\/v2\/product_brand?post=577"},{"taxonomy":"product_cat","embeddable":true,"href":"https:\/\/tecnovisao.net\/es\/wp-json\/wp\/v2\/product_cat?post=577"},{"taxonomy":"product_tag","embeddable":true,"href":"https:\/\/tecnovisao.net\/es\/wp-json\/wp\/v2\/product_tag?post=577"}],"curies":[{"name":"wp","href":"https:\/\/api.w.org\/{rel}","templated":true}]}}