{"id":579,"date":"2021-01-21T18:46:01","date_gmt":"2021-01-21T21:46:01","guid":{"rendered":"https:\/\/dev.tecnovisao.net\/?post_type=product&#038;p=579"},"modified":"2023-10-21T12:06:38","modified_gmt":"2023-10-21T15:06:38","slug":"go-vision-pro","status":"publish","type":"product","link":"https:\/\/tecnovisao.net\/es\/produtos\/go-vision-pro\/","title":{"rendered":"GO VISION PRO"},"content":{"rendered":"<h3>Caracter\u00edsticas:<\/h3>\n<p>&nbsp;<\/p>\n<ul>\n<li>Tela 24 Pol. LCD;<\/li>\n<li>C\u00e2mera HD;<\/li>\n<li>Possui mesa X\/Y; (Opcional)<\/li>\n<li>Possui Controle Remoto;<\/li>\n<li>Modo de Visualiza\u00e7\u00e3o: Perto, Longe e Self;<\/li>\n<li>Possui Sintetizador de Voz em Portugu\u00eas(TTS);<\/li>\n<li>N\u00edvel de Amplia\u00e7\u00e3o: 1,7 x 74x;<\/li>\n<li>Modo de Cor: Permite customizar na cor que desejar al\u00e9m das 58 combina\u00e7\u00f5es originais;<\/li>\n<li>Modo de Cor Padr\u00e3o: Cor Natural, Branco no Preto, Preto no Branco, Escala de Cinza, Amarelo no Preto, Amarelo no Azul, Verde no Preto;<\/li>\n<li>Marcador com altera\u00e7\u00e3o de Cor : linha horizontal, linha vertical, janela horizontal, janela vertical;<\/li>\n<li>Foco: Autom\u00e1tico e manual;<\/li>\n<li>Contraste: 40 n\u00edveis;<\/li>\n<li>Controle da luz: 5 N\u00edveis, Autom\u00e1tico e Desligado;<\/li>\n<li>Permite congelamento de Imagem;<\/li>\n<li>Captura de tela no formato A4 para escaneamento;<\/li>\n<li>Possui OCR integrado;<\/li>\n<li>Suporta arquivos no formato: DOC, DOCX, DOT, DOTX, TXT, ASC, RTF;<\/li>\n<li>Suporta imagens no formato: PNG, BMP, JPG (JPEG);<\/li>\n<li>Suporta formato de v\u00eddeo: H263, H264 AVC;<\/li>\n<li>Suporta legenda no formato: SMI, SRT;<\/li>\n<li>Compat\u00edvel com Windows e MAC ;<\/li>\n<li>Navegador: Imagem, V\u00eddeo\/ Documento\/ OCR;<\/li>\n<li>Compartilhamento de Tela com computador e TV;<\/li>\n<li>Porta USB e HDMI;<\/li>\n<li>Rel\u00f3gio integrado;<\/li>\n<li>Permite deslizamento de Imagem;<\/li>\n<li>Protetor de Tela;<\/li>\n<li>Tamanho: Fechado: 57,4cm x 42,7cm x 19cm;<\/li>\n<li style=\"list-style-type: none\">\n<ul>Aberto: 57,4cm x 54,8cm x 19cm;<\/ul>\n<\/li>\n<li>Peso: 7,4 Kg<\/li>\n<\/ul>","protected":false},"excerpt":{"rendered":"<p>A HIMS desenvolveu o ampliador Go Vision ideal para usu\u00e1rios baixa-vis\u00e3o.<br \/>\nNeste produto, voc\u00ea encontrar\u00e1 praticidade, portabilidade e efici\u00eancia. Tudo isso aliado ao design moderno e o padr\u00e3o de qualidade HIMS.<\/p>","protected":false},"author":1,"featured_media":581,"template":"","meta":{"site-sidebar-layout":"default","site-content-layout":"default","ast-site-content-layout":"default","site-content-style":"default","site-sidebar-style":"default","ast-global-header-display":"","ast-banner-title-visibility":"","ast-main-header-display":"","ast-hfb-above-header-display":"","ast-hfb-below-header-display":"","ast-hfb-mobile-header-display":"","site-post-title":"","ast-breadcrumbs-content":"","ast-featured-img":"","footer-sml-layout":"","ast-disable-related-posts":"","theme-transparent-header-meta":"default","adv-header-id-meta":"","stick-header-meta":"default","header-above-stick-meta":"","header-main-stick-meta":"","header-below-stick-meta":"","astra-migrate-meta-layouts":"default","ast-page-background-enabled":"default","ast-page-background-meta":{"desktop":{"background-color":"","background-image":"","background-repeat":"repeat","background-position":"center center","background-size":"auto","background-attachment":"scroll","background-type":"","background-media":"","overlay-type":"","overlay-color":"","overlay-opacity":"","overlay-gradient":""},"tablet":{"background-color":"","background-image":"","background-repeat":"repeat","background-position":"center center","background-size":"auto","background-attachment":"scroll","background-type":"","background-media":"","overlay-type":"","overlay-color":"","overlay-opacity":"","overlay-gradient":""},"mobile":{"background-color":"","background-image":"","background-repeat":"repeat","background-position":"center center","background-size":"auto","background-attachment":"scroll","background-type":"","background-media":"","overlay-type":"","overlay-color":"","overlay-opacity":"","overlay-gradient":""}},"ast-content-background-meta":{"desktop":{"background-color":"var(--ast-global-color-5)","background-image":"","background-repeat":"repeat","background-position":"center center","background-size":"auto","background-attachment":"scroll","background-type":"","background-media":"","overlay-type":"","overlay-color":"","overlay-opacity":"","overlay-gradient":""},"tablet":{"background-color":"var(--ast-global-color-5)","background-image":"","background-repeat":"repeat","background-position":"center center","background-size":"auto","background-attachment":"scroll","background-type":"","background-media":"","overlay-type":"","overlay-color":"","overlay-opacity":"","overlay-gradient":""},"mobile":{"background-color":"var(--ast-global-color-5)","background-image":"","background-repeat":"repeat","background-position":"center center","background-size":"auto","background-attachment":"scroll","background-type":"","background-media":"","overlay-type":"","overlay-color":"","overlay-opacity":"","overlay-gradient":""}}},"product_brand":[],"product_cat":[28],"product_tag":[63],"class_list":{"0":"post-579","1":"product","2":"type-product","3":"status-publish","4":"has-post-thumbnail","6":"product_cat-ampliador","7":"product_tag-ampliador_lupa","8":"pa_tipo-equipamentos","9":"desktop-align-left","10":"tablet-align-left","11":"mobile-align-left","12":"ast-product-gallery-layout-horizontal","13":"ast-product-tabs-layout-vertical","15":"first","16":"instock","17":"shipping-taxable","18":"product-type-simple"},"yoast_head":"<!-- This site is optimized with the Yoast SEO plugin v27.2 - https:\/\/yoast.com\/product\/yoast-seo-wordpress\/ -->\n<title>GO VISION PRO - Tecnovis&atilde;o<\/title>\n<meta name=\"robots\" content=\"index, follow, max-snippet:-1, max-image-preview:large, max-video-preview:-1\" \/>\n<link rel=\"canonical\" href=\"https:\/\/tecnovisao.net\/es\/produtos\/go-vision-pro\/\" \/>\n<meta property=\"og:locale\" content=\"es_ES\" \/>\n<meta property=\"og:type\" content=\"article\" \/>\n<meta property=\"og:title\" content=\"GO VISION PRO - Tecnovis&atilde;o\" \/>\n<meta property=\"og:description\" content=\"A HIMS desenvolveu o ampliador Go Vision ideal para usu\u00e1rios baixa-vis\u00e3o. Neste produto, voc\u00ea encontrar\u00e1 praticidade, portabilidade e efici\u00eancia. Tudo isso aliado ao design moderno e o padr\u00e3o de qualidade HIMS.\" \/>\n<meta property=\"og:url\" content=\"https:\/\/tecnovisao.net\/es\/produtos\/go-vision-pro\/\" \/>\n<meta property=\"og:site_name\" content=\"Tecnovis&atilde;o\" \/>\n<meta property=\"article:publisher\" content=\"https:\/\/facebook.com\/tecnovisao\" \/>\n<meta property=\"article:modified_time\" content=\"2023-10-21T15:06:38+00:00\" \/>\n<meta property=\"og:image\" content=\"https:\/\/tecnovisao.net\/wp-content\/uploads\/2021\/01\/20160215185919-scaled.jpg\" \/>\n\t<meta property=\"og:image:width\" content=\"2560\" \/>\n\t<meta property=\"og:image:height\" content=\"1707\" \/>\n\t<meta property=\"og:image:type\" content=\"image\/jpeg\" \/>\n<meta name=\"twitter:card\" content=\"summary_large_image\" \/>\n<meta name=\"twitter:site\" content=\"@tecnovisao\" \/>\n<meta name=\"twitter:label1\" content=\"Tiempo de lectura\" \/>\n\t<meta name=\"twitter:data1\" content=\"1 minuto\" \/>\n<script type=\"application\/ld+json\" class=\"yoast-schema-graph\">{\"@context\":\"https:\/\/schema.org\",\"@graph\":[{\"@type\":\"WebPage\",\"@id\":\"https:\/\/tecnovisao.net\/produtos\/go-vision-pro\/\",\"url\":\"https:\/\/tecnovisao.net\/produtos\/go-vision-pro\/\",\"name\":\"GO VISION PRO - Tecnovis&atilde;o\",\"isPartOf\":{\"@id\":\"https:\/\/tecnovisao.net\/#website\"},\"primaryImageOfPage\":{\"@id\":\"https:\/\/tecnovisao.net\/produtos\/go-vision-pro\/#primaryimage\"},\"image\":{\"@id\":\"https:\/\/tecnovisao.net\/produtos\/go-vision-pro\/#primaryimage\"},\"thumbnailUrl\":\"https:\/\/i0.wp.com\/tecnovisao.net\/wp-content\/uploads\/2021\/01\/20160215185919-scaled.jpg?fit=2560%2C1707&ssl=1\",\"datePublished\":\"2021-01-21T21:46:01+00:00\",\"dateModified\":\"2023-10-21T15:06:38+00:00\",\"breadcrumb\":{\"@id\":\"https:\/\/tecnovisao.net\/produtos\/go-vision-pro\/#breadcrumb\"},\"inLanguage\":\"es\",\"potentialAction\":[{\"@type\":\"ReadAction\",\"target\":[\"https:\/\/tecnovisao.net\/produtos\/go-vision-pro\/\"]}]},{\"@type\":\"ImageObject\",\"inLanguage\":\"es\",\"@id\":\"https:\/\/tecnovisao.net\/produtos\/go-vision-pro\/#primaryimage\",\"url\":\"https:\/\/i0.wp.com\/tecnovisao.net\/wp-content\/uploads\/2021\/01\/20160215185919-scaled.jpg?fit=2560%2C1707&ssl=1\",\"contentUrl\":\"https:\/\/i0.wp.com\/tecnovisao.net\/wp-content\/uploads\/2021\/01\/20160215185919-scaled.jpg?fit=2560%2C1707&ssl=1\",\"width\":2560,\"height\":1707,\"caption\":\"Go Vision com um gr\u00e1fico ampliado na tela e o original na mesa\"},{\"@type\":\"BreadcrumbList\",\"@id\":\"https:\/\/tecnovisao.net\/produtos\/go-vision-pro\/#breadcrumb\",\"itemListElement\":[{\"@type\":\"ListItem\",\"position\":1,\"name\":\"In\u00edcio\",\"item\":\"https:\/\/tecnovisao.net\/\"},{\"@type\":\"ListItem\",\"position\":2,\"name\":\"Produtos\",\"item\":\"https:\/\/tecnovisao.net\/produtos\/\"},{\"@type\":\"ListItem\",\"position\":3,\"name\":\"GO VISION PRO\"}]},{\"@type\":\"WebSite\",\"@id\":\"https:\/\/tecnovisao.net\/#website\",\"url\":\"https:\/\/tecnovisao.net\/\",\"name\":\"Tecnovis&atilde;o\",\"description\":\"Conectando voc\u00ea ao mundo\",\"publisher\":{\"@id\":\"https:\/\/tecnovisao.net\/#organization\"},\"potentialAction\":[{\"@type\":\"SearchAction\",\"target\":{\"@type\":\"EntryPoint\",\"urlTemplate\":\"https:\/\/tecnovisao.net\/?s={search_term_string}\"},\"query-input\":{\"@type\":\"PropertyValueSpecification\",\"valueRequired\":true,\"valueName\":\"search_term_string\"}}],\"inLanguage\":\"es\"},{\"@type\":\"Organization\",\"@id\":\"https:\/\/tecnovisao.net\/#organization\",\"name\":\"Tecnovis\u00e3o\",\"url\":\"https:\/\/tecnovisao.net\/\",\"logo\":{\"@type\":\"ImageObject\",\"inLanguage\":\"es\",\"@id\":\"https:\/\/tecnovisao.net\/#\/schema\/logo\/image\/\",\"url\":\"https:\/\/tecnovisao.net\/wp-content\/uploads\/2021\/01\/logo-site.png\",\"contentUrl\":\"https:\/\/tecnovisao.net\/wp-content\/uploads\/2021\/01\/logo-site.png\",\"width\":356,\"height\":80,\"caption\":\"Tecnovis\u00e3o\"},\"image\":{\"@id\":\"https:\/\/tecnovisao.net\/#\/schema\/logo\/image\/\"},\"sameAs\":[\"https:\/\/facebook.com\/tecnovisao\",\"https:\/\/x.com\/tecnovisao\",\"https:\/\/instagram.com\/tecnovisao\",\"https:\/\/www.linkedin.com\/company\/tecnovisao\/\",\"https:\/\/www.youtube.com\/user\/Tecnovisao\"]}]}<\/script>\n<!-- \/ Yoast SEO plugin. -->","yoast_head_json":{"title":"GO VISION PRO - Tecnovis&atilde;o","robots":{"index":"index","follow":"follow","max-snippet":"max-snippet:-1","max-image-preview":"max-image-preview:large","max-video-preview":"max-video-preview:-1"},"canonical":"https:\/\/tecnovisao.net\/es\/produtos\/go-vision-pro\/","og_locale":"es_ES","og_type":"article","og_title":"GO VISION PRO - Tecnovis&atilde;o","og_description":"A HIMS desenvolveu o ampliador Go Vision ideal para usu\u00e1rios baixa-vis\u00e3o. Neste produto, voc\u00ea encontrar\u00e1 praticidade, portabilidade e efici\u00eancia. Tudo isso aliado ao design moderno e o padr\u00e3o de qualidade HIMS.","og_url":"https:\/\/tecnovisao.net\/es\/produtos\/go-vision-pro\/","og_site_name":"Tecnovis&atilde;o","article_publisher":"https:\/\/facebook.com\/tecnovisao","article_modified_time":"2023-10-21T15:06:38+00:00","og_image":[{"width":2560,"height":1707,"url":"https:\/\/tecnovisao.net\/wp-content\/uploads\/2021\/01\/20160215185919-scaled.jpg","type":"image\/jpeg"}],"twitter_card":"summary_large_image","twitter_site":"@tecnovisao","twitter_misc":{"Tiempo de lectura":"1 minuto"},"schema":{"@context":"https:\/\/schema.org","@graph":[{"@type":"WebPage","@id":"https:\/\/tecnovisao.net\/produtos\/go-vision-pro\/","url":"https:\/\/tecnovisao.net\/produtos\/go-vision-pro\/","name":"GO VISION PRO - Tecnovis&atilde;o","isPartOf":{"@id":"https:\/\/tecnovisao.net\/#website"},"primaryImageOfPage":{"@id":"https:\/\/tecnovisao.net\/produtos\/go-vision-pro\/#primaryimage"},"image":{"@id":"https:\/\/tecnovisao.net\/produtos\/go-vision-pro\/#primaryimage"},"thumbnailUrl":"https:\/\/i0.wp.com\/tecnovisao.net\/wp-content\/uploads\/2021\/01\/20160215185919-scaled.jpg?fit=2560%2C1707&ssl=1","datePublished":"2021-01-21T21:46:01+00:00","dateModified":"2023-10-21T15:06:38+00:00","breadcrumb":{"@id":"https:\/\/tecnovisao.net\/produtos\/go-vision-pro\/#breadcrumb"},"inLanguage":"es","potentialAction":[{"@type":"ReadAction","target":["https:\/\/tecnovisao.net\/produtos\/go-vision-pro\/"]}]},{"@type":"ImageObject","inLanguage":"es","@id":"https:\/\/tecnovisao.net\/produtos\/go-vision-pro\/#primaryimage","url":"https:\/\/i0.wp.com\/tecnovisao.net\/wp-content\/uploads\/2021\/01\/20160215185919-scaled.jpg?fit=2560%2C1707&ssl=1","contentUrl":"https:\/\/i0.wp.com\/tecnovisao.net\/wp-content\/uploads\/2021\/01\/20160215185919-scaled.jpg?fit=2560%2C1707&ssl=1","width":2560,"height":1707,"caption":"Go Vision com um gr\u00e1fico ampliado na tela e o original na mesa"},{"@type":"BreadcrumbList","@id":"https:\/\/tecnovisao.net\/produtos\/go-vision-pro\/#breadcrumb","itemListElement":[{"@type":"ListItem","position":1,"name":"In\u00edcio","item":"https:\/\/tecnovisao.net\/"},{"@type":"ListItem","position":2,"name":"Produtos","item":"https:\/\/tecnovisao.net\/produtos\/"},{"@type":"ListItem","position":3,"name":"GO VISION PRO"}]},{"@type":"WebSite","@id":"https:\/\/tecnovisao.net\/#website","url":"https:\/\/tecnovisao.net\/","name":"Tecnovis&atilde;o","description":"Conectando voc\u00ea ao mundo","publisher":{"@id":"https:\/\/tecnovisao.net\/#organization"},"potentialAction":[{"@type":"SearchAction","target":{"@type":"EntryPoint","urlTemplate":"https:\/\/tecnovisao.net\/?s={search_term_string}"},"query-input":{"@type":"PropertyValueSpecification","valueRequired":true,"valueName":"search_term_string"}}],"inLanguage":"es"},{"@type":"Organization","@id":"https:\/\/tecnovisao.net\/#organization","name":"Tecnovis\u00e3o","url":"https:\/\/tecnovisao.net\/","logo":{"@type":"ImageObject","inLanguage":"es","@id":"https:\/\/tecnovisao.net\/#\/schema\/logo\/image\/","url":"https:\/\/tecnovisao.net\/wp-content\/uploads\/2021\/01\/logo-site.png","contentUrl":"https:\/\/tecnovisao.net\/wp-content\/uploads\/2021\/01\/logo-site.png","width":356,"height":80,"caption":"Tecnovis\u00e3o"},"image":{"@id":"https:\/\/tecnovisao.net\/#\/schema\/logo\/image\/"},"sameAs":["https:\/\/facebook.com\/tecnovisao","https:\/\/x.com\/tecnovisao","https:\/\/instagram.com\/tecnovisao","https:\/\/www.linkedin.com\/company\/tecnovisao\/","https:\/\/www.youtube.com\/user\/Tecnovisao"]}]}},"jetpack_sharing_enabled":true,"_links":{"self":[{"href":"https:\/\/tecnovisao.net\/es\/wp-json\/wp\/v2\/product\/579","targetHints":{"allow":["GET"]}}],"collection":[{"href":"https:\/\/tecnovisao.net\/es\/wp-json\/wp\/v2\/product"}],"about":[{"href":"https:\/\/tecnovisao.net\/es\/wp-json\/wp\/v2\/types\/product"}],"author":[{"embeddable":true,"href":"https:\/\/tecnovisao.net\/es\/wp-json\/wp\/v2\/users\/1"}],"wp:featuredmedia":[{"embeddable":true,"href":"https:\/\/tecnovisao.net\/es\/wp-json\/wp\/v2\/media\/581"}],"wp:attachment":[{"href":"https:\/\/tecnovisao.net\/es\/wp-json\/wp\/v2\/media?parent=579"}],"wp:term":[{"taxonomy":"product_brand","embeddable":true,"href":"https:\/\/tecnovisao.net\/es\/wp-json\/wp\/v2\/product_brand?post=579"},{"taxonomy":"product_cat","embeddable":true,"href":"https:\/\/tecnovisao.net\/es\/wp-json\/wp\/v2\/product_cat?post=579"},{"taxonomy":"product_tag","embeddable":true,"href":"https:\/\/tecnovisao.net\/es\/wp-json\/wp\/v2\/product_tag?post=579"}],"curies":[{"name":"wp","href":"https:\/\/api.w.org\/{rel}","templated":true}]}}