{"id":630,"date":"2021-01-28T14:03:04","date_gmt":"2021-01-28T17:03:04","guid":{"rendered":"https:\/\/dev.tecnovisao.net\/?post_type=product&#038;p=630"},"modified":"2026-03-09T14:50:26","modified_gmt":"2026-03-09T17:50:26","slug":"delta","status":"publish","type":"product","link":"https:\/\/tecnovisao.net\/es\/produtos\/delta\/","title":{"rendered":"DELTA"},"content":{"rendered":"<h3>Caracter\u00edsticas :<\/h3>\n<ul>\n<li>Velocidade de impress\u00e3o: \u00a0120 CPS (caracteres por segundo), 400 PPH (p\u00e1ginas por hora);<\/li>\n<li>Impress\u00e3o em papel nos formatos A3 e A4 entre 90g e 200g;<\/li>\n<li>Permite 3 modos para impress\u00e3o: lado \u00fanico da folha, interponto (dois lados) ou brochura de forma autom\u00e1tica (quatro lados);<\/li>\n<li>Impress\u00e3o Braille horizontal e vertical em modo \u201cdobra-Z\u201d para f\u00e1cil encaderna\u00e7\u00e3o;<\/li>\n<li>Display em alto relevo e informa\u00e7\u00e3o em Braille com reprodu\u00e7\u00e3o por voz sintetizada em Portugu\u00eas dos comandos executados e luz de LED;<\/li>\n<li>Permite configurar os ajustes da impressora atrav\u00e9s do software no computador (totalmente acess\u00edvel com leitor de tela) ou atrav\u00e9s do painel de controle;<\/li>\n<li>Possui impress\u00e3o de gr\u00e1ficos padr\u00e3o TigerPlus Braille possibilitando velocidade na impress\u00e3o de gr\u00e1ficos acima de 100 DPI, bem como, textos e gr\u00e1ficos num mesmo documento;<\/li>\n<li>Possui 8 n\u00edveis de ajustes da altura dos pontos braille e 5 n\u00edveis de ajuste de espa\u00e7amento;<\/li>\n<li>Permite impress\u00f5es de diagramas para mesa t\u00e1til IVEO;<\/li>\n<li>Conex\u00e3o USB e Ethernet;<\/li>\n<li>Opcional TigerBox: Impress\u00e3o para os formatos .doc, .docx, .pdf, .rtf, .txt, .brf e .brl atrav\u00e9s do pendrive ou direto dos celulares Android e Apple. Permite conex\u00e3o via USB, wireless, bluetooth diretamente pelo pendrive ou pela WEB.<\/li>\n<li>Compat\u00edvel com o Windows 7, 8, 8.1, 10, 11 e Mac OS X;<\/li>\n<li>Acompanha software tradutor Braille TSS;<\/li>\n<li>Acompanha Software Tiger Design para impress\u00e3o de desenhos e gr\u00e1ficos;<\/li>\n<li>Compat\u00edvel com os Softwares TSS, Duxbury e o Braille f\u00e1cil;<\/li>\n<li>N\u00edvel de ru\u00eddo: 70 db(A);<\/li>\n<li>Fonte de energia integrada Bivolt;<\/li>\n<li>Tamanho: 15,8 X 55,7 X 27,5 cm;<\/li>\n<li>Peso: 9kg.<\/li>\n<\/ul>","protected":false},"excerpt":{"rendered":"<p>A ViewPlus, empresa l\u00edder na fabrica\u00e7\u00e3o de impressoras Braille, desenvolveu a Impressora de papel A3 e A4 que estava faltando no mercado.<br \/>\nA Impressora Delta \u00e9 a \u00fanica que imprime documentos no papel A3 e A4 com resolu\u00e7\u00e3o gr\u00e1fica com padr\u00e3o TigerPlus.<\/p>","protected":false},"author":1,"featured_media":3275,"template":"","meta":{"site-sidebar-layout":"default","site-content-layout":"default","ast-site-content-layout":"default","site-content-style":"default","site-sidebar-style":"default","ast-global-header-display":"","ast-banner-title-visibility":"","ast-main-header-display":"","ast-hfb-above-header-display":"","ast-hfb-below-header-display":"","ast-hfb-mobile-header-display":"","site-post-title":"","ast-breadcrumbs-content":"","ast-featured-img":"","footer-sml-layout":"","ast-disable-related-posts":"","theme-transparent-header-meta":"default","adv-header-id-meta":"","stick-header-meta":"default","header-above-stick-meta":"","header-main-stick-meta":"","header-below-stick-meta":"","astra-migrate-meta-layouts":"set","ast-page-background-enabled":"default","ast-page-background-meta":{"desktop":{"background-color":"","background-image":"","background-repeat":"repeat","background-position":"center center","background-size":"auto","background-attachment":"scroll","background-type":"","background-media":"","overlay-type":"","overlay-color":"","overlay-opacity":"","overlay-gradient":""},"tablet":{"background-color":"","background-image":"","background-repeat":"repeat","background-position":"center center","background-size":"auto","background-attachment":"scroll","background-type":"","background-media":"","overlay-type":"","overlay-color":"","overlay-opacity":"","overlay-gradient":""},"mobile":{"background-color":"","background-image":"","background-repeat":"repeat","background-position":"center center","background-size":"auto","background-attachment":"scroll","background-type":"","background-media":"","overlay-type":"","overlay-color":"","overlay-opacity":"","overlay-gradient":""}},"ast-content-background-meta":{"desktop":{"background-color":"var(--ast-global-color-5)","background-image":"","background-repeat":"repeat","background-position":"center center","background-size":"auto","background-attachment":"scroll","background-type":"","background-media":"","overlay-type":"","overlay-color":"","overlay-opacity":"","overlay-gradient":""},"tablet":{"background-color":"var(--ast-global-color-5)","background-image":"","background-repeat":"repeat","background-position":"center center","background-size":"auto","background-attachment":"scroll","background-type":"","background-media":"","overlay-type":"","overlay-color":"","overlay-opacity":"","overlay-gradient":""},"mobile":{"background-color":"var(--ast-global-color-5)","background-image":"","background-repeat":"repeat","background-position":"center center","background-size":"auto","background-attachment":"scroll","background-type":"","background-media":"","overlay-type":"","overlay-color":"","overlay-opacity":"","overlay-gradient":""}}},"product_brand":[],"product_cat":[19],"product_tag":[67,69],"class_list":{"0":"post-630","1":"product","2":"type-product","3":"status-publish","4":"has-post-thumbnail","6":"product_cat-impressora-braille","7":"product_tag-braille","8":"product_tag-impressora","9":"pa_tipo-equipamentos","10":"desktop-align-left","11":"tablet-align-left","12":"mobile-align-left","13":"ast-product-gallery-layout-horizontal","14":"ast-product-tabs-layout-vertical","16":"first","17":"instock","18":"featured","19":"shipping-taxable","20":"product-type-simple"},"yoast_head":"<!-- This site is optimized with the Yoast SEO plugin v27.2 - https:\/\/yoast.com\/product\/yoast-seo-wordpress\/ -->\n<title>DELTA - Tecnovis&atilde;o<\/title>\n<meta name=\"description\" content=\"A ViewPlus, empresa l\u00edder na fabrica\u00e7\u00e3o de impressoras Braille, desenvolveu a Impressora de papel A3 e A4 que estava faltando no mercado.A Impressora Delta \u00e9 a \u00fanica que imprime documentos no papel A3 e A4 com resolu\u00e7\u00e3o gr\u00e1fica com padr\u00e3o TigerPlus.\" \/>\n<meta name=\"robots\" content=\"index, follow, max-snippet:-1, max-image-preview:large, max-video-preview:-1\" \/>\n<link rel=\"canonical\" href=\"https:\/\/tecnovisao.net\/es\/produtos\/delta\/\" \/>\n<meta property=\"og:locale\" content=\"es_ES\" \/>\n<meta property=\"og:type\" content=\"article\" \/>\n<meta property=\"og:title\" content=\"DELTA - Tecnovis&atilde;o\" \/>\n<meta property=\"og:description\" content=\"A ViewPlus, empresa l\u00edder na fabrica\u00e7\u00e3o de impressoras Braille, desenvolveu a Impressora de papel A3 e A4 que estava faltando no mercado.A Impressora Delta \u00e9 a \u00fanica que imprime documentos no papel A3 e A4 com resolu\u00e7\u00e3o gr\u00e1fica com padr\u00e3o TigerPlus.\" \/>\n<meta property=\"og:url\" content=\"https:\/\/tecnovisao.net\/es\/produtos\/delta\/\" \/>\n<meta property=\"og:site_name\" content=\"Tecnovis&atilde;o\" \/>\n<meta property=\"article:publisher\" content=\"https:\/\/facebook.com\/tecnovisao\" \/>\n<meta property=\"article:modified_time\" content=\"2026-03-09T17:50:26+00:00\" \/>\n<meta property=\"og:image\" content=\"https:\/\/tecnovisao.net\/wp-content\/uploads\/2021\/01\/Delta.jpg\" \/>\n\t<meta property=\"og:image:width\" content=\"310\" \/>\n\t<meta property=\"og:image:height\" content=\"310\" \/>\n\t<meta property=\"og:image:type\" content=\"image\/jpeg\" \/>\n<meta name=\"twitter:card\" content=\"summary_large_image\" \/>\n<meta name=\"twitter:site\" content=\"@tecnovisao\" \/>\n<meta name=\"twitter:label1\" content=\"Tiempo de lectura\" \/>\n\t<meta name=\"twitter:data1\" content=\"1 minuto\" \/>\n<script type=\"application\/ld+json\" class=\"yoast-schema-graph\">{\"@context\":\"https:\/\/schema.org\",\"@graph\":[{\"@type\":\"WebPage\",\"@id\":\"https:\/\/tecnovisao.net\/produtos\/delta\/\",\"url\":\"https:\/\/tecnovisao.net\/produtos\/delta\/\",\"name\":\"DELTA - Tecnovis&atilde;o\",\"isPartOf\":{\"@id\":\"https:\/\/tecnovisao.net\/#website\"},\"primaryImageOfPage\":{\"@id\":\"https:\/\/tecnovisao.net\/produtos\/delta\/#primaryimage\"},\"image\":{\"@id\":\"https:\/\/tecnovisao.net\/produtos\/delta\/#primaryimage\"},\"thumbnailUrl\":\"https:\/\/i0.wp.com\/tecnovisao.net\/wp-content\/uploads\/2021\/01\/Delta.jpg?fit=310%2C310&ssl=1\",\"datePublished\":\"2021-01-28T17:03:04+00:00\",\"dateModified\":\"2026-03-09T17:50:26+00:00\",\"description\":\"A ViewPlus, empresa l\u00edder na fabrica\u00e7\u00e3o de impressoras Braille, desenvolveu a Impressora de papel A3 e A4 que estava faltando no mercado.A Impressora Delta \u00e9 a \u00fanica que imprime documentos no papel A3 e A4 com resolu\u00e7\u00e3o gr\u00e1fica com padr\u00e3o TigerPlus.\",\"breadcrumb\":{\"@id\":\"https:\/\/tecnovisao.net\/produtos\/delta\/#breadcrumb\"},\"inLanguage\":\"es\",\"potentialAction\":[{\"@type\":\"ReadAction\",\"target\":[\"https:\/\/tecnovisao.net\/produtos\/delta\/\"]}]},{\"@type\":\"ImageObject\",\"inLanguage\":\"es\",\"@id\":\"https:\/\/tecnovisao.net\/produtos\/delta\/#primaryimage\",\"url\":\"https:\/\/i0.wp.com\/tecnovisao.net\/wp-content\/uploads\/2021\/01\/Delta.jpg?fit=310%2C310&ssl=1\",\"contentUrl\":\"https:\/\/i0.wp.com\/tecnovisao.net\/wp-content\/uploads\/2021\/01\/Delta.jpg?fit=310%2C310&ssl=1\",\"width\":310,\"height\":310,\"caption\":\"Impressora delta\"},{\"@type\":\"BreadcrumbList\",\"@id\":\"https:\/\/tecnovisao.net\/produtos\/delta\/#breadcrumb\",\"itemListElement\":[{\"@type\":\"ListItem\",\"position\":1,\"name\":\"In\u00edcio\",\"item\":\"https:\/\/tecnovisao.net\/\"},{\"@type\":\"ListItem\",\"position\":2,\"name\":\"Produtos\",\"item\":\"https:\/\/tecnovisao.net\/produtos\/\"},{\"@type\":\"ListItem\",\"position\":3,\"name\":\"DELTA\"}]},{\"@type\":\"WebSite\",\"@id\":\"https:\/\/tecnovisao.net\/#website\",\"url\":\"https:\/\/tecnovisao.net\/\",\"name\":\"Tecnovis&atilde;o\",\"description\":\"Conectando voc\u00ea ao mundo\",\"publisher\":{\"@id\":\"https:\/\/tecnovisao.net\/#organization\"},\"potentialAction\":[{\"@type\":\"SearchAction\",\"target\":{\"@type\":\"EntryPoint\",\"urlTemplate\":\"https:\/\/tecnovisao.net\/?s={search_term_string}\"},\"query-input\":{\"@type\":\"PropertyValueSpecification\",\"valueRequired\":true,\"valueName\":\"search_term_string\"}}],\"inLanguage\":\"es\"},{\"@type\":\"Organization\",\"@id\":\"https:\/\/tecnovisao.net\/#organization\",\"name\":\"Tecnovis\u00e3o\",\"url\":\"https:\/\/tecnovisao.net\/\",\"logo\":{\"@type\":\"ImageObject\",\"inLanguage\":\"es\",\"@id\":\"https:\/\/tecnovisao.net\/#\/schema\/logo\/image\/\",\"url\":\"https:\/\/tecnovisao.net\/wp-content\/uploads\/2021\/01\/logo-site.png\",\"contentUrl\":\"https:\/\/tecnovisao.net\/wp-content\/uploads\/2021\/01\/logo-site.png\",\"width\":356,\"height\":80,\"caption\":\"Tecnovis\u00e3o\"},\"image\":{\"@id\":\"https:\/\/tecnovisao.net\/#\/schema\/logo\/image\/\"},\"sameAs\":[\"https:\/\/facebook.com\/tecnovisao\",\"https:\/\/x.com\/tecnovisao\",\"https:\/\/instagram.com\/tecnovisao\",\"https:\/\/www.linkedin.com\/company\/tecnovisao\/\",\"https:\/\/www.youtube.com\/user\/Tecnovisao\"]}]}<\/script>\n<!-- \/ Yoast SEO plugin. -->","yoast_head_json":{"title":"DELTA - Tecnovis&atilde;o","description":"A ViewPlus, empresa l\u00edder na fabrica\u00e7\u00e3o de impressoras Braille, desenvolveu a Impressora de papel A3 e A4 que estava faltando no mercado.A Impressora Delta \u00e9 a \u00fanica que imprime documentos no papel A3 e A4 com resolu\u00e7\u00e3o gr\u00e1fica com padr\u00e3o TigerPlus.","robots":{"index":"index","follow":"follow","max-snippet":"max-snippet:-1","max-image-preview":"max-image-preview:large","max-video-preview":"max-video-preview:-1"},"canonical":"https:\/\/tecnovisao.net\/es\/produtos\/delta\/","og_locale":"es_ES","og_type":"article","og_title":"DELTA - Tecnovis&atilde;o","og_description":"A ViewPlus, empresa l\u00edder na fabrica\u00e7\u00e3o de impressoras Braille, desenvolveu a Impressora de papel A3 e A4 que estava faltando no mercado.A Impressora Delta \u00e9 a \u00fanica que imprime documentos no papel A3 e A4 com resolu\u00e7\u00e3o gr\u00e1fica com padr\u00e3o TigerPlus.","og_url":"https:\/\/tecnovisao.net\/es\/produtos\/delta\/","og_site_name":"Tecnovis&atilde;o","article_publisher":"https:\/\/facebook.com\/tecnovisao","article_modified_time":"2026-03-09T17:50:26+00:00","og_image":[{"width":310,"height":310,"url":"https:\/\/tecnovisao.net\/wp-content\/uploads\/2021\/01\/Delta.jpg","type":"image\/jpeg"}],"twitter_card":"summary_large_image","twitter_site":"@tecnovisao","twitter_misc":{"Tiempo de lectura":"1 minuto"},"schema":{"@context":"https:\/\/schema.org","@graph":[{"@type":"WebPage","@id":"https:\/\/tecnovisao.net\/produtos\/delta\/","url":"https:\/\/tecnovisao.net\/produtos\/delta\/","name":"DELTA - Tecnovis&atilde;o","isPartOf":{"@id":"https:\/\/tecnovisao.net\/#website"},"primaryImageOfPage":{"@id":"https:\/\/tecnovisao.net\/produtos\/delta\/#primaryimage"},"image":{"@id":"https:\/\/tecnovisao.net\/produtos\/delta\/#primaryimage"},"thumbnailUrl":"https:\/\/i0.wp.com\/tecnovisao.net\/wp-content\/uploads\/2021\/01\/Delta.jpg?fit=310%2C310&ssl=1","datePublished":"2021-01-28T17:03:04+00:00","dateModified":"2026-03-09T17:50:26+00:00","description":"A ViewPlus, empresa l\u00edder na fabrica\u00e7\u00e3o de impressoras Braille, desenvolveu a Impressora de papel A3 e A4 que estava faltando no mercado.A Impressora Delta \u00e9 a \u00fanica que imprime documentos no papel A3 e A4 com resolu\u00e7\u00e3o gr\u00e1fica com padr\u00e3o TigerPlus.","breadcrumb":{"@id":"https:\/\/tecnovisao.net\/produtos\/delta\/#breadcrumb"},"inLanguage":"es","potentialAction":[{"@type":"ReadAction","target":["https:\/\/tecnovisao.net\/produtos\/delta\/"]}]},{"@type":"ImageObject","inLanguage":"es","@id":"https:\/\/tecnovisao.net\/produtos\/delta\/#primaryimage","url":"https:\/\/i0.wp.com\/tecnovisao.net\/wp-content\/uploads\/2021\/01\/Delta.jpg?fit=310%2C310&ssl=1","contentUrl":"https:\/\/i0.wp.com\/tecnovisao.net\/wp-content\/uploads\/2021\/01\/Delta.jpg?fit=310%2C310&ssl=1","width":310,"height":310,"caption":"Impressora delta"},{"@type":"BreadcrumbList","@id":"https:\/\/tecnovisao.net\/produtos\/delta\/#breadcrumb","itemListElement":[{"@type":"ListItem","position":1,"name":"In\u00edcio","item":"https:\/\/tecnovisao.net\/"},{"@type":"ListItem","position":2,"name":"Produtos","item":"https:\/\/tecnovisao.net\/produtos\/"},{"@type":"ListItem","position":3,"name":"DELTA"}]},{"@type":"WebSite","@id":"https:\/\/tecnovisao.net\/#website","url":"https:\/\/tecnovisao.net\/","name":"Tecnovis&atilde;o","description":"Conectando voc\u00ea ao mundo","publisher":{"@id":"https:\/\/tecnovisao.net\/#organization"},"potentialAction":[{"@type":"SearchAction","target":{"@type":"EntryPoint","urlTemplate":"https:\/\/tecnovisao.net\/?s={search_term_string}"},"query-input":{"@type":"PropertyValueSpecification","valueRequired":true,"valueName":"search_term_string"}}],"inLanguage":"es"},{"@type":"Organization","@id":"https:\/\/tecnovisao.net\/#organization","name":"Tecnovis\u00e3o","url":"https:\/\/tecnovisao.net\/","logo":{"@type":"ImageObject","inLanguage":"es","@id":"https:\/\/tecnovisao.net\/#\/schema\/logo\/image\/","url":"https:\/\/tecnovisao.net\/wp-content\/uploads\/2021\/01\/logo-site.png","contentUrl":"https:\/\/tecnovisao.net\/wp-content\/uploads\/2021\/01\/logo-site.png","width":356,"height":80,"caption":"Tecnovis\u00e3o"},"image":{"@id":"https:\/\/tecnovisao.net\/#\/schema\/logo\/image\/"},"sameAs":["https:\/\/facebook.com\/tecnovisao","https:\/\/x.com\/tecnovisao","https:\/\/instagram.com\/tecnovisao","https:\/\/www.linkedin.com\/company\/tecnovisao\/","https:\/\/www.youtube.com\/user\/Tecnovisao"]}]}},"jetpack_sharing_enabled":true,"_links":{"self":[{"href":"https:\/\/tecnovisao.net\/es\/wp-json\/wp\/v2\/product\/630","targetHints":{"allow":["GET"]}}],"collection":[{"href":"https:\/\/tecnovisao.net\/es\/wp-json\/wp\/v2\/product"}],"about":[{"href":"https:\/\/tecnovisao.net\/es\/wp-json\/wp\/v2\/types\/product"}],"author":[{"embeddable":true,"href":"https:\/\/tecnovisao.net\/es\/wp-json\/wp\/v2\/users\/1"}],"wp:featuredmedia":[{"embeddable":true,"href":"https:\/\/tecnovisao.net\/es\/wp-json\/wp\/v2\/media\/3275"}],"wp:attachment":[{"href":"https:\/\/tecnovisao.net\/es\/wp-json\/wp\/v2\/media?parent=630"}],"wp:term":[{"taxonomy":"product_brand","embeddable":true,"href":"https:\/\/tecnovisao.net\/es\/wp-json\/wp\/v2\/product_brand?post=630"},{"taxonomy":"product_cat","embeddable":true,"href":"https:\/\/tecnovisao.net\/es\/wp-json\/wp\/v2\/product_cat?post=630"},{"taxonomy":"product_tag","embeddable":true,"href":"https:\/\/tecnovisao.net\/es\/wp-json\/wp\/v2\/product_tag?post=630"}],"curies":[{"name":"wp","href":"https:\/\/api.w.org\/{rel}","templated":true}]}}