{"id":640,"date":"2021-01-28T14:27:24","date_gmt":"2021-01-28T17:27:24","guid":{"rendered":"https:\/\/dev.tecnovisao.net\/?post_type=product&#038;p=640"},"modified":"2023-10-22T16:40:30","modified_gmt":"2023-10-22T19:40:30","slug":"premier-100","status":"publish","type":"product","link":"https:\/\/tecnovisao.net\/es\/produtos\/premier-100\/","title":{"rendered":"PREMIER 100"},"content":{"rendered":"<h3>Caracter\u00edsticas :<\/h3>\n<p>&nbsp;<\/p>\n<ul>\n<li>Velocidade de impress\u00e3o mais de 100 CPS (caracteres por segundos) e 400 PPH (p\u00e1gina por hora);<\/li>\n<li>Resolu\u00e7\u00e3o de impress\u00e3o: 20 DPI;<\/li>\n<li>Condi\u00e7\u00f5es t\u00e9cnicas para a impress\u00e3o de gr\u00e1ficos e textos num mesmo documento;<\/li>\n<li>Pontos Braille ajust\u00e1vel: forte, normal, leve;<\/li>\n<li>Pontos 3D: 8 n\u00edveis de altura de pontos;<\/li>\n<li>Permite impress\u00f5es de diagramas para mesa t\u00e1til IVEO;<\/li>\n<li>Imprime Braille e tinta na mesma p\u00e1gina atrav\u00e9s do m\u00f3dulo de tinta InkConnect;<\/li>\n<li>Largura do papel: 101 a 317,5 mm;<\/li>\n<li>Gramatura do papel: Carta: 75 at\u00e9 105 g\/m2, Banner: 50 at\u00e9 90 g\/m2, Cart\u00e3o: at\u00e9 200 g\/m2, Papel photo: acima de 230 g\/m2;<\/li>\n<li>Alimenta\u00e7\u00e3o de papel: Formul\u00e1rio continuo \u2013 papel de computador e papel Braille;<\/li>\n<li>Tamanhos n\u00e3o padr\u00e3o, etiquetas, pl\u00e1stico, papel cart\u00e3o e outros;<\/li>\n<li>Acompanha Software Tiger Design para impress\u00e3o de desenhos e gr\u00e1ficos;<\/li>\n<li>Conectividade: USB e Ethernet;<\/li>\n<li>Acess\u00f3rio Opcional: M\u00f3dulo de impress\u00e3o em tinta Inkconnect;<\/li>\n<li>Compatibilidade: Windows 7, 8, 10 e 11;<\/li>\n<li>N\u00edvel de ru\u00eddo: 55 dBA;;<\/li>\n<li>Dimens\u00f5es: 35,3 x 56,9 x 22,4 cm;<\/li>\n<li>Peso: 27,2 kg.<\/li>\n<\/ul>","protected":false},"excerpt":{"rendered":"<p>A Viewplus desenvolveu a impressora Premier 100 interpontos, para atender um p\u00fablico mais exigente que precisa de velocidade e qualidade na impress\u00e3o dos pontos e gr\u00e1ficos braille mantendo o padr\u00e3o TigerPlus Braille.<\/p>","protected":false},"author":1,"featured_media":641,"template":"","meta":{"site-sidebar-layout":"default","site-content-layout":"default","ast-site-content-layout":"default","site-content-style":"default","site-sidebar-style":"default","ast-global-header-display":"","ast-banner-title-visibility":"","ast-main-header-display":"","ast-hfb-above-header-display":"","ast-hfb-below-header-display":"","ast-hfb-mobile-header-display":"","site-post-title":"","ast-breadcrumbs-content":"","ast-featured-img":"","footer-sml-layout":"","ast-disable-related-posts":"","theme-transparent-header-meta":"default","adv-header-id-meta":"","stick-header-meta":"default","header-above-stick-meta":"","header-main-stick-meta":"","header-below-stick-meta":"","astra-migrate-meta-layouts":"default","ast-page-background-enabled":"default","ast-page-background-meta":{"desktop":{"background-color":"","background-image":"","background-repeat":"repeat","background-position":"center center","background-size":"auto","background-attachment":"scroll","background-type":"","background-media":"","overlay-type":"","overlay-color":"","overlay-opacity":"","overlay-gradient":""},"tablet":{"background-color":"","background-image":"","background-repeat":"repeat","background-position":"center center","background-size":"auto","background-attachment":"scroll","background-type":"","background-media":"","overlay-type":"","overlay-color":"","overlay-opacity":"","overlay-gradient":""},"mobile":{"background-color":"","background-image":"","background-repeat":"repeat","background-position":"center center","background-size":"auto","background-attachment":"scroll","background-type":"","background-media":"","overlay-type":"","overlay-color":"","overlay-opacity":"","overlay-gradient":""}},"ast-content-background-meta":{"desktop":{"background-color":"var(--ast-global-color-5)","background-image":"","background-repeat":"repeat","background-position":"center center","background-size":"auto","background-attachment":"scroll","background-type":"","background-media":"","overlay-type":"","overlay-color":"","overlay-opacity":"","overlay-gradient":""},"tablet":{"background-color":"var(--ast-global-color-5)","background-image":"","background-repeat":"repeat","background-position":"center center","background-size":"auto","background-attachment":"scroll","background-type":"","background-media":"","overlay-type":"","overlay-color":"","overlay-opacity":"","overlay-gradient":""},"mobile":{"background-color":"var(--ast-global-color-5)","background-image":"","background-repeat":"repeat","background-position":"center center","background-size":"auto","background-attachment":"scroll","background-type":"","background-media":"","overlay-type":"","overlay-color":"","overlay-opacity":"","overlay-gradient":""}}},"product_brand":[],"product_cat":[20],"product_tag":[67,69],"class_list":{"0":"post-640","1":"product","2":"type-product","3":"status-publish","4":"has-post-thumbnail","6":"product_cat-impressora-braille-e-tinta","7":"product_tag-braille","8":"product_tag-impressora","9":"pa_tipo-equipamentos","10":"desktop-align-left","11":"tablet-align-left","12":"mobile-align-left","13":"ast-product-gallery-layout-horizontal","14":"ast-product-tabs-layout-vertical","16":"first","17":"instock","18":"shipping-taxable","19":"product-type-simple"},"yoast_head":"<!-- This site is optimized with the Yoast SEO plugin v27.2 - https:\/\/yoast.com\/product\/yoast-seo-wordpress\/ -->\n<title>PREMIER 100 - Tecnovis&atilde;o<\/title>\n<meta name=\"description\" content=\"A Viewplus desenvolveu a impressora Premier 100 interpontos, para atender um p\u00fablico mais exigente que precisa de velocidade e qualidade na impress\u00e3o dos pontos e gr\u00e1ficos braille mantendo o padr\u00e3o TigerPlus Braille.\" \/>\n<meta name=\"robots\" content=\"index, follow, max-snippet:-1, max-image-preview:large, max-video-preview:-1\" \/>\n<link rel=\"canonical\" href=\"https:\/\/tecnovisao.net\/es\/produtos\/premier-100\/\" \/>\n<meta property=\"og:locale\" content=\"es_ES\" \/>\n<meta property=\"og:type\" content=\"article\" \/>\n<meta property=\"og:title\" content=\"PREMIER 100 - Tecnovis&atilde;o\" \/>\n<meta property=\"og:description\" content=\"A Viewplus desenvolveu a impressora Premier 100 interpontos, para atender um p\u00fablico mais exigente que precisa de velocidade e qualidade na impress\u00e3o dos pontos e gr\u00e1ficos braille mantendo o padr\u00e3o TigerPlus Braille.\" \/>\n<meta property=\"og:url\" content=\"https:\/\/tecnovisao.net\/es\/produtos\/premier-100\/\" \/>\n<meta property=\"og:site_name\" content=\"Tecnovis&atilde;o\" \/>\n<meta property=\"article:publisher\" content=\"https:\/\/facebook.com\/tecnovisao\" \/>\n<meta property=\"article:modified_time\" content=\"2023-10-22T19:40:30+00:00\" \/>\n<meta property=\"og:image\" content=\"https:\/\/tecnovisao.net\/wp-content\/uploads\/2021\/01\/100.jpg\" \/>\n\t<meta property=\"og:image:width\" content=\"690\" \/>\n\t<meta property=\"og:image:height\" content=\"562\" \/>\n\t<meta property=\"og:image:type\" content=\"image\/jpeg\" \/>\n<meta name=\"twitter:card\" content=\"summary_large_image\" \/>\n<meta name=\"twitter:site\" content=\"@tecnovisao\" \/>\n<meta name=\"twitter:label1\" content=\"Tiempo de lectura\" \/>\n\t<meta name=\"twitter:data1\" content=\"1 minuto\" \/>\n<script type=\"application\/ld+json\" class=\"yoast-schema-graph\">{\"@context\":\"https:\/\/schema.org\",\"@graph\":[{\"@type\":\"WebPage\",\"@id\":\"https:\/\/tecnovisao.net\/produtos\/premier-100\/\",\"url\":\"https:\/\/tecnovisao.net\/produtos\/premier-100\/\",\"name\":\"PREMIER 100 - Tecnovis&atilde;o\",\"isPartOf\":{\"@id\":\"https:\/\/tecnovisao.net\/#website\"},\"primaryImageOfPage\":{\"@id\":\"https:\/\/tecnovisao.net\/produtos\/premier-100\/#primaryimage\"},\"image\":{\"@id\":\"https:\/\/tecnovisao.net\/produtos\/premier-100\/#primaryimage\"},\"thumbnailUrl\":\"https:\/\/i0.wp.com\/tecnovisao.net\/wp-content\/uploads\/2021\/01\/100.jpg?fit=690%2C562&ssl=1\",\"datePublished\":\"2021-01-28T17:27:24+00:00\",\"dateModified\":\"2023-10-22T19:40:30+00:00\",\"description\":\"A Viewplus desenvolveu a impressora Premier 100 interpontos, para atender um p\u00fablico mais exigente que precisa de velocidade e qualidade na impress\u00e3o dos pontos e gr\u00e1ficos braille mantendo o padr\u00e3o TigerPlus Braille.\",\"breadcrumb\":{\"@id\":\"https:\/\/tecnovisao.net\/produtos\/premier-100\/#breadcrumb\"},\"inLanguage\":\"es\",\"potentialAction\":[{\"@type\":\"ReadAction\",\"target\":[\"https:\/\/tecnovisao.net\/produtos\/premier-100\/\"]}]},{\"@type\":\"ImageObject\",\"inLanguage\":\"es\",\"@id\":\"https:\/\/tecnovisao.net\/produtos\/premier-100\/#primaryimage\",\"url\":\"https:\/\/i0.wp.com\/tecnovisao.net\/wp-content\/uploads\/2021\/01\/100.jpg?fit=690%2C562&ssl=1\",\"contentUrl\":\"https:\/\/i0.wp.com\/tecnovisao.net\/wp-content\/uploads\/2021\/01\/100.jpg?fit=690%2C562&ssl=1\",\"width\":690,\"height\":562,\"caption\":\"impressora Premier 100 vista levemente da lateral\"},{\"@type\":\"BreadcrumbList\",\"@id\":\"https:\/\/tecnovisao.net\/produtos\/premier-100\/#breadcrumb\",\"itemListElement\":[{\"@type\":\"ListItem\",\"position\":1,\"name\":\"In\u00edcio\",\"item\":\"https:\/\/tecnovisao.net\/\"},{\"@type\":\"ListItem\",\"position\":2,\"name\":\"Produtos\",\"item\":\"https:\/\/tecnovisao.net\/produtos\/\"},{\"@type\":\"ListItem\",\"position\":3,\"name\":\"PREMIER 100\"}]},{\"@type\":\"WebSite\",\"@id\":\"https:\/\/tecnovisao.net\/#website\",\"url\":\"https:\/\/tecnovisao.net\/\",\"name\":\"Tecnovis&atilde;o\",\"description\":\"Conectando voc\u00ea ao mundo\",\"publisher\":{\"@id\":\"https:\/\/tecnovisao.net\/#organization\"},\"potentialAction\":[{\"@type\":\"SearchAction\",\"target\":{\"@type\":\"EntryPoint\",\"urlTemplate\":\"https:\/\/tecnovisao.net\/?s={search_term_string}\"},\"query-input\":{\"@type\":\"PropertyValueSpecification\",\"valueRequired\":true,\"valueName\":\"search_term_string\"}}],\"inLanguage\":\"es\"},{\"@type\":\"Organization\",\"@id\":\"https:\/\/tecnovisao.net\/#organization\",\"name\":\"Tecnovis\u00e3o\",\"url\":\"https:\/\/tecnovisao.net\/\",\"logo\":{\"@type\":\"ImageObject\",\"inLanguage\":\"es\",\"@id\":\"https:\/\/tecnovisao.net\/#\/schema\/logo\/image\/\",\"url\":\"https:\/\/tecnovisao.net\/wp-content\/uploads\/2021\/01\/logo-site.png\",\"contentUrl\":\"https:\/\/tecnovisao.net\/wp-content\/uploads\/2021\/01\/logo-site.png\",\"width\":356,\"height\":80,\"caption\":\"Tecnovis\u00e3o\"},\"image\":{\"@id\":\"https:\/\/tecnovisao.net\/#\/schema\/logo\/image\/\"},\"sameAs\":[\"https:\/\/facebook.com\/tecnovisao\",\"https:\/\/x.com\/tecnovisao\",\"https:\/\/instagram.com\/tecnovisao\",\"https:\/\/www.linkedin.com\/company\/tecnovisao\/\",\"https:\/\/www.youtube.com\/user\/Tecnovisao\"]}]}<\/script>\n<!-- \/ Yoast SEO plugin. -->","yoast_head_json":{"title":"PREMIER 100 - Tecnovis&atilde;o","description":"A Viewplus desenvolveu a impressora Premier 100 interpontos, para atender um p\u00fablico mais exigente que precisa de velocidade e qualidade na impress\u00e3o dos pontos e gr\u00e1ficos braille mantendo o padr\u00e3o TigerPlus Braille.","robots":{"index":"index","follow":"follow","max-snippet":"max-snippet:-1","max-image-preview":"max-image-preview:large","max-video-preview":"max-video-preview:-1"},"canonical":"https:\/\/tecnovisao.net\/es\/produtos\/premier-100\/","og_locale":"es_ES","og_type":"article","og_title":"PREMIER 100 - Tecnovis&atilde;o","og_description":"A Viewplus desenvolveu a impressora Premier 100 interpontos, para atender um p\u00fablico mais exigente que precisa de velocidade e qualidade na impress\u00e3o dos pontos e gr\u00e1ficos braille mantendo o padr\u00e3o TigerPlus Braille.","og_url":"https:\/\/tecnovisao.net\/es\/produtos\/premier-100\/","og_site_name":"Tecnovis&atilde;o","article_publisher":"https:\/\/facebook.com\/tecnovisao","article_modified_time":"2023-10-22T19:40:30+00:00","og_image":[{"width":690,"height":562,"url":"https:\/\/tecnovisao.net\/wp-content\/uploads\/2021\/01\/100.jpg","type":"image\/jpeg"}],"twitter_card":"summary_large_image","twitter_site":"@tecnovisao","twitter_misc":{"Tiempo de lectura":"1 minuto"},"schema":{"@context":"https:\/\/schema.org","@graph":[{"@type":"WebPage","@id":"https:\/\/tecnovisao.net\/produtos\/premier-100\/","url":"https:\/\/tecnovisao.net\/produtos\/premier-100\/","name":"PREMIER 100 - Tecnovis&atilde;o","isPartOf":{"@id":"https:\/\/tecnovisao.net\/#website"},"primaryImageOfPage":{"@id":"https:\/\/tecnovisao.net\/produtos\/premier-100\/#primaryimage"},"image":{"@id":"https:\/\/tecnovisao.net\/produtos\/premier-100\/#primaryimage"},"thumbnailUrl":"https:\/\/i0.wp.com\/tecnovisao.net\/wp-content\/uploads\/2021\/01\/100.jpg?fit=690%2C562&ssl=1","datePublished":"2021-01-28T17:27:24+00:00","dateModified":"2023-10-22T19:40:30+00:00","description":"A Viewplus desenvolveu a impressora Premier 100 interpontos, para atender um p\u00fablico mais exigente que precisa de velocidade e qualidade na impress\u00e3o dos pontos e gr\u00e1ficos braille mantendo o padr\u00e3o TigerPlus Braille.","breadcrumb":{"@id":"https:\/\/tecnovisao.net\/produtos\/premier-100\/#breadcrumb"},"inLanguage":"es","potentialAction":[{"@type":"ReadAction","target":["https:\/\/tecnovisao.net\/produtos\/premier-100\/"]}]},{"@type":"ImageObject","inLanguage":"es","@id":"https:\/\/tecnovisao.net\/produtos\/premier-100\/#primaryimage","url":"https:\/\/i0.wp.com\/tecnovisao.net\/wp-content\/uploads\/2021\/01\/100.jpg?fit=690%2C562&ssl=1","contentUrl":"https:\/\/i0.wp.com\/tecnovisao.net\/wp-content\/uploads\/2021\/01\/100.jpg?fit=690%2C562&ssl=1","width":690,"height":562,"caption":"impressora Premier 100 vista levemente da lateral"},{"@type":"BreadcrumbList","@id":"https:\/\/tecnovisao.net\/produtos\/premier-100\/#breadcrumb","itemListElement":[{"@type":"ListItem","position":1,"name":"In\u00edcio","item":"https:\/\/tecnovisao.net\/"},{"@type":"ListItem","position":2,"name":"Produtos","item":"https:\/\/tecnovisao.net\/produtos\/"},{"@type":"ListItem","position":3,"name":"PREMIER 100"}]},{"@type":"WebSite","@id":"https:\/\/tecnovisao.net\/#website","url":"https:\/\/tecnovisao.net\/","name":"Tecnovis&atilde;o","description":"Conectando voc\u00ea ao mundo","publisher":{"@id":"https:\/\/tecnovisao.net\/#organization"},"potentialAction":[{"@type":"SearchAction","target":{"@type":"EntryPoint","urlTemplate":"https:\/\/tecnovisao.net\/?s={search_term_string}"},"query-input":{"@type":"PropertyValueSpecification","valueRequired":true,"valueName":"search_term_string"}}],"inLanguage":"es"},{"@type":"Organization","@id":"https:\/\/tecnovisao.net\/#organization","name":"Tecnovis\u00e3o","url":"https:\/\/tecnovisao.net\/","logo":{"@type":"ImageObject","inLanguage":"es","@id":"https:\/\/tecnovisao.net\/#\/schema\/logo\/image\/","url":"https:\/\/tecnovisao.net\/wp-content\/uploads\/2021\/01\/logo-site.png","contentUrl":"https:\/\/tecnovisao.net\/wp-content\/uploads\/2021\/01\/logo-site.png","width":356,"height":80,"caption":"Tecnovis\u00e3o"},"image":{"@id":"https:\/\/tecnovisao.net\/#\/schema\/logo\/image\/"},"sameAs":["https:\/\/facebook.com\/tecnovisao","https:\/\/x.com\/tecnovisao","https:\/\/instagram.com\/tecnovisao","https:\/\/www.linkedin.com\/company\/tecnovisao\/","https:\/\/www.youtube.com\/user\/Tecnovisao"]}]}},"jetpack_sharing_enabled":true,"_links":{"self":[{"href":"https:\/\/tecnovisao.net\/es\/wp-json\/wp\/v2\/product\/640","targetHints":{"allow":["GET"]}}],"collection":[{"href":"https:\/\/tecnovisao.net\/es\/wp-json\/wp\/v2\/product"}],"about":[{"href":"https:\/\/tecnovisao.net\/es\/wp-json\/wp\/v2\/types\/product"}],"author":[{"embeddable":true,"href":"https:\/\/tecnovisao.net\/es\/wp-json\/wp\/v2\/users\/1"}],"wp:featuredmedia":[{"embeddable":true,"href":"https:\/\/tecnovisao.net\/es\/wp-json\/wp\/v2\/media\/641"}],"wp:attachment":[{"href":"https:\/\/tecnovisao.net\/es\/wp-json\/wp\/v2\/media?parent=640"}],"wp:term":[{"taxonomy":"product_brand","embeddable":true,"href":"https:\/\/tecnovisao.net\/es\/wp-json\/wp\/v2\/product_brand?post=640"},{"taxonomy":"product_cat","embeddable":true,"href":"https:\/\/tecnovisao.net\/es\/wp-json\/wp\/v2\/product_cat?post=640"},{"taxonomy":"product_tag","embeddable":true,"href":"https:\/\/tecnovisao.net\/es\/wp-json\/wp\/v2\/product_tag?post=640"}],"curies":[{"name":"wp","href":"https:\/\/api.w.org\/{rel}","templated":true}]}}