{"id":6665,"date":"2023-07-12T08:12:51","date_gmt":"2023-07-12T11:12:51","guid":{"rendered":"https:\/\/tecnovisao.net\/?post_type=product&#038;p=6665"},"modified":"2026-03-09T14:45:47","modified_gmt":"2026-03-09T17:45:47","slug":"umx-3","status":"publish","type":"product","link":"https:\/\/tecnovisao.net\/es\/produtos\/umx-3\/","title":{"rendered":"UMX 3"},"content":{"rendered":"<div class=\"electro-description clearfix\">\n<div class=\"electro-description clearfix\">\n<p>Caracter\u00edsticas:<\/p>\n<ul>\n<li>Tela: 3.5 polegadas TFT LCD<\/li>\n<li>Zoom: 2x a 32x<\/li>\n<li>Modos coloridos: cores naturais, branco em fundo preto, preto em fundo branco<\/li>\n<li>Sa\u00edda para TV: PAL\/NTSC<\/li>\n<li>Armazenamento: cart\u00e3o micro SD de at\u00e9 32GB<\/li>\n<li>Bateria: 1650mAh<\/li>\n<li>Autonomia da bateria: at\u00e9\u00a0 4 horas<\/li>\n<li>Fonte\u00a0 DC 5V\/1A<\/li>\n<li>Dimens\u00f5es: 110x 75x 13mm<\/li>\n<li>Peso 110g<\/li>\n<\/ul>\n<\/div>\n<\/div>","protected":false},"excerpt":{"rendered":"<p>A lupa eletr\u00f4nica UMX 3 ideal para leitura, possui contraste para que voc\u00ea utilize a cor que seja mais confort\u00e1vel com a amplia\u00e7\u00e3o necess\u00e1ria que pode ser at\u00e9 32x. Leve sua lupa eletr\u00f4nica UMX 3 para qualquer lugar e tenha mais autonomia.<\/p>","protected":false},"author":3,"featured_media":6666,"template":"","meta":{"site-sidebar-layout":"default","site-content-layout":"default","ast-site-content-layout":"default","site-content-style":"default","site-sidebar-style":"default","ast-global-header-display":"","ast-banner-title-visibility":"","ast-main-header-display":"","ast-hfb-above-header-display":"","ast-hfb-below-header-display":"","ast-hfb-mobile-header-display":"","site-post-title":"","ast-breadcrumbs-content":"","ast-featured-img":"","footer-sml-layout":"","ast-disable-related-posts":"","theme-transparent-header-meta":"default","adv-header-id-meta":"","stick-header-meta":"default","header-above-stick-meta":"","header-main-stick-meta":"","header-below-stick-meta":"","astra-migrate-meta-layouts":"set","ast-page-background-enabled":"default","ast-page-background-meta":{"desktop":{"background-color":"","background-image":"","background-repeat":"repeat","background-position":"center center","background-size":"auto","background-attachment":"scroll","background-type":"","background-media":"","overlay-type":"","overlay-color":"","overlay-opacity":"","overlay-gradient":""},"tablet":{"background-color":"","background-image":"","background-repeat":"repeat","background-position":"center center","background-size":"auto","background-attachment":"scroll","background-type":"","background-media":"","overlay-type":"","overlay-color":"","overlay-opacity":"","overlay-gradient":""},"mobile":{"background-color":"","background-image":"","background-repeat":"repeat","background-position":"center center","background-size":"auto","background-attachment":"scroll","background-type":"","background-media":"","overlay-type":"","overlay-color":"","overlay-opacity":"","overlay-gradient":""}},"ast-content-background-meta":{"desktop":{"background-color":"var(--ast-global-color-5)","background-image":"","background-repeat":"repeat","background-position":"center center","background-size":"auto","background-attachment":"scroll","background-type":"","background-media":"","overlay-type":"","overlay-color":"","overlay-opacity":"","overlay-gradient":""},"tablet":{"background-color":"var(--ast-global-color-5)","background-image":"","background-repeat":"repeat","background-position":"center center","background-size":"auto","background-attachment":"scroll","background-type":"","background-media":"","overlay-type":"","overlay-color":"","overlay-opacity":"","overlay-gradient":""},"mobile":{"background-color":"var(--ast-global-color-5)","background-image":"","background-repeat":"repeat","background-position":"center center","background-size":"auto","background-attachment":"scroll","background-type":"","background-media":"","overlay-type":"","overlay-color":"","overlay-opacity":"","overlay-gradient":""}}},"product_brand":[],"product_cat":[29],"product_tag":[54,193],"class_list":{"0":"post-6665","1":"product","2":"type-product","3":"status-publish","4":"has-post-thumbnail","6":"product_cat-lupa-eletronica","7":"product_tag-lupa-eletronica","8":"product_tag-umx","9":"pa_tipo-equipamentos","10":"desktop-align-left","11":"tablet-align-left","12":"mobile-align-left","13":"ast-product-gallery-layout-horizontal","14":"ast-product-gallery-with-no-image","15":"ast-product-tabs-layout-vertical","17":"first","18":"instock","19":"featured","20":"shipping-taxable","21":"product-type-simple"},"yoast_head":"<!-- This site is optimized with the Yoast SEO plugin v27.2 - https:\/\/yoast.com\/product\/yoast-seo-wordpress\/ -->\n<title>UMX 3 - Tecnovis&atilde;o<\/title>\n<meta name=\"description\" content=\"A lupa eletr\u00f4nica UMX 3 cabe no seu bolso pois, tem o tamanho ideal, super port\u00e1til \u00e9 ideal para leitura, possui contraste para que voc\u00ea utilize a cor que seja mais confort\u00e1vel com a amplia\u00e7\u00e3o necess\u00e1ria que pode ser at\u00e9 32x. Leve sua lupa eletr\u00f4nica UMX 3 para qualquer lugar e tenha mais autonomia.\" \/>\n<meta name=\"robots\" content=\"index, follow, max-snippet:-1, max-image-preview:large, max-video-preview:-1\" \/>\n<link rel=\"canonical\" href=\"https:\/\/tecnovisao.net\/es\/produtos\/umx-3\/\" \/>\n<meta property=\"og:locale\" content=\"es_ES\" \/>\n<meta property=\"og:type\" content=\"article\" \/>\n<meta property=\"og:title\" content=\"UMX 3 - Tecnovis&atilde;o\" \/>\n<meta property=\"og:description\" content=\"A lupa eletr\u00f4nica UMX 3 cabe no seu bolso pois, tem o tamanho ideal, super port\u00e1til \u00e9 ideal para leitura, possui contraste para que voc\u00ea utilize a cor que seja mais confort\u00e1vel com a amplia\u00e7\u00e3o necess\u00e1ria que pode ser at\u00e9 32x. Leve sua lupa eletr\u00f4nica UMX 3 para qualquer lugar e tenha mais autonomia.\" \/>\n<meta property=\"og:url\" content=\"https:\/\/tecnovisao.net\/es\/produtos\/umx-3\/\" \/>\n<meta property=\"og:site_name\" content=\"Tecnovis&atilde;o\" \/>\n<meta property=\"article:publisher\" content=\"https:\/\/facebook.com\/tecnovisao\" \/>\n<meta property=\"article:modified_time\" content=\"2026-03-09T17:45:47+00:00\" \/>\n<meta property=\"og:image\" content=\"https:\/\/tecnovisao.net\/wp-content\/uploads\/2023\/07\/uemax-3.jpg\" \/>\n\t<meta property=\"og:image:width\" content=\"572\" \/>\n\t<meta property=\"og:image:height\" content=\"572\" \/>\n\t<meta property=\"og:image:type\" content=\"image\/jpeg\" \/>\n<meta name=\"twitter:card\" content=\"summary_large_image\" \/>\n<meta name=\"twitter:site\" content=\"@tecnovisao\" \/>\n<meta name=\"twitter:label1\" content=\"Tiempo de lectura\" \/>\n\t<meta name=\"twitter:data1\" content=\"1 minuto\" \/>\n<script type=\"application\/ld+json\" class=\"yoast-schema-graph\">{\"@context\":\"https:\/\/schema.org\",\"@graph\":[{\"@type\":\"WebPage\",\"@id\":\"https:\/\/tecnovisao.net\/produtos\/umx-3\/\",\"url\":\"https:\/\/tecnovisao.net\/produtos\/umx-3\/\",\"name\":\"UMX 3 - Tecnovis&atilde;o\",\"isPartOf\":{\"@id\":\"https:\/\/tecnovisao.net\/#website\"},\"primaryImageOfPage\":{\"@id\":\"https:\/\/tecnovisao.net\/produtos\/umx-3\/#primaryimage\"},\"image\":{\"@id\":\"https:\/\/tecnovisao.net\/produtos\/umx-3\/#primaryimage\"},\"thumbnailUrl\":\"https:\/\/i0.wp.com\/tecnovisao.net\/wp-content\/uploads\/2023\/07\/uemax-3.jpg?fit=572%2C572&ssl=1\",\"datePublished\":\"2023-07-12T11:12:51+00:00\",\"dateModified\":\"2026-03-09T17:45:47+00:00\",\"description\":\"A lupa eletr\u00f4nica UMX 3 cabe no seu bolso pois, tem o tamanho ideal, super port\u00e1til \u00e9 ideal para leitura, possui contraste para que voc\u00ea utilize a cor que seja mais confort\u00e1vel com a amplia\u00e7\u00e3o necess\u00e1ria que pode ser at\u00e9 32x. Leve sua lupa eletr\u00f4nica UMX 3 para qualquer lugar e tenha mais autonomia.\",\"breadcrumb\":{\"@id\":\"https:\/\/tecnovisao.net\/produtos\/umx-3\/#breadcrumb\"},\"inLanguage\":\"es\",\"potentialAction\":[{\"@type\":\"ReadAction\",\"target\":[\"https:\/\/tecnovisao.net\/produtos\/umx-3\/\"]}]},{\"@type\":\"ImageObject\",\"inLanguage\":\"es\",\"@id\":\"https:\/\/tecnovisao.net\/produtos\/umx-3\/#primaryimage\",\"url\":\"https:\/\/i0.wp.com\/tecnovisao.net\/wp-content\/uploads\/2023\/07\/uemax-3.jpg?fit=572%2C572&ssl=1\",\"contentUrl\":\"https:\/\/i0.wp.com\/tecnovisao.net\/wp-content\/uploads\/2023\/07\/uemax-3.jpg?fit=572%2C572&ssl=1\",\"width\":572,\"height\":572,\"caption\":\"lupa eletronica umx 3\"},{\"@type\":\"BreadcrumbList\",\"@id\":\"https:\/\/tecnovisao.net\/produtos\/umx-3\/#breadcrumb\",\"itemListElement\":[{\"@type\":\"ListItem\",\"position\":1,\"name\":\"In\u00edcio\",\"item\":\"https:\/\/tecnovisao.net\/\"},{\"@type\":\"ListItem\",\"position\":2,\"name\":\"Produtos\",\"item\":\"https:\/\/tecnovisao.net\/produtos\/\"},{\"@type\":\"ListItem\",\"position\":3,\"name\":\"UMX 3\"}]},{\"@type\":\"WebSite\",\"@id\":\"https:\/\/tecnovisao.net\/#website\",\"url\":\"https:\/\/tecnovisao.net\/\",\"name\":\"Tecnovis&atilde;o\",\"description\":\"Conectando voc\u00ea ao mundo\",\"publisher\":{\"@id\":\"https:\/\/tecnovisao.net\/#organization\"},\"potentialAction\":[{\"@type\":\"SearchAction\",\"target\":{\"@type\":\"EntryPoint\",\"urlTemplate\":\"https:\/\/tecnovisao.net\/?s={search_term_string}\"},\"query-input\":{\"@type\":\"PropertyValueSpecification\",\"valueRequired\":true,\"valueName\":\"search_term_string\"}}],\"inLanguage\":\"es\"},{\"@type\":\"Organization\",\"@id\":\"https:\/\/tecnovisao.net\/#organization\",\"name\":\"Tecnovis\u00e3o\",\"url\":\"https:\/\/tecnovisao.net\/\",\"logo\":{\"@type\":\"ImageObject\",\"inLanguage\":\"es\",\"@id\":\"https:\/\/tecnovisao.net\/#\/schema\/logo\/image\/\",\"url\":\"https:\/\/tecnovisao.net\/wp-content\/uploads\/2021\/01\/logo-site.png\",\"contentUrl\":\"https:\/\/tecnovisao.net\/wp-content\/uploads\/2021\/01\/logo-site.png\",\"width\":356,\"height\":80,\"caption\":\"Tecnovis\u00e3o\"},\"image\":{\"@id\":\"https:\/\/tecnovisao.net\/#\/schema\/logo\/image\/\"},\"sameAs\":[\"https:\/\/facebook.com\/tecnovisao\",\"https:\/\/x.com\/tecnovisao\",\"https:\/\/instagram.com\/tecnovisao\",\"https:\/\/www.linkedin.com\/company\/tecnovisao\/\",\"https:\/\/www.youtube.com\/user\/Tecnovisao\"]}]}<\/script>\n<!-- \/ Yoast SEO plugin. -->","yoast_head_json":{"title":"UMX 3 - Tecnovis&atilde;o","description":"A lupa eletr\u00f4nica UMX 3 cabe no seu bolso pois, tem o tamanho ideal, super port\u00e1til \u00e9 ideal para leitura, possui contraste para que voc\u00ea utilize a cor que seja mais confort\u00e1vel com a amplia\u00e7\u00e3o necess\u00e1ria que pode ser at\u00e9 32x. Leve sua lupa eletr\u00f4nica UMX 3 para qualquer lugar e tenha mais autonomia.","robots":{"index":"index","follow":"follow","max-snippet":"max-snippet:-1","max-image-preview":"max-image-preview:large","max-video-preview":"max-video-preview:-1"},"canonical":"https:\/\/tecnovisao.net\/es\/produtos\/umx-3\/","og_locale":"es_ES","og_type":"article","og_title":"UMX 3 - Tecnovis&atilde;o","og_description":"A lupa eletr\u00f4nica UMX 3 cabe no seu bolso pois, tem o tamanho ideal, super port\u00e1til \u00e9 ideal para leitura, possui contraste para que voc\u00ea utilize a cor que seja mais confort\u00e1vel com a amplia\u00e7\u00e3o necess\u00e1ria que pode ser at\u00e9 32x. Leve sua lupa eletr\u00f4nica UMX 3 para qualquer lugar e tenha mais autonomia.","og_url":"https:\/\/tecnovisao.net\/es\/produtos\/umx-3\/","og_site_name":"Tecnovis&atilde;o","article_publisher":"https:\/\/facebook.com\/tecnovisao","article_modified_time":"2026-03-09T17:45:47+00:00","og_image":[{"width":572,"height":572,"url":"https:\/\/tecnovisao.net\/wp-content\/uploads\/2023\/07\/uemax-3.jpg","type":"image\/jpeg"}],"twitter_card":"summary_large_image","twitter_site":"@tecnovisao","twitter_misc":{"Tiempo de lectura":"1 minuto"},"schema":{"@context":"https:\/\/schema.org","@graph":[{"@type":"WebPage","@id":"https:\/\/tecnovisao.net\/produtos\/umx-3\/","url":"https:\/\/tecnovisao.net\/produtos\/umx-3\/","name":"UMX 3 - Tecnovis&atilde;o","isPartOf":{"@id":"https:\/\/tecnovisao.net\/#website"},"primaryImageOfPage":{"@id":"https:\/\/tecnovisao.net\/produtos\/umx-3\/#primaryimage"},"image":{"@id":"https:\/\/tecnovisao.net\/produtos\/umx-3\/#primaryimage"},"thumbnailUrl":"https:\/\/i0.wp.com\/tecnovisao.net\/wp-content\/uploads\/2023\/07\/uemax-3.jpg?fit=572%2C572&ssl=1","datePublished":"2023-07-12T11:12:51+00:00","dateModified":"2026-03-09T17:45:47+00:00","description":"A lupa eletr\u00f4nica UMX 3 cabe no seu bolso pois, tem o tamanho ideal, super port\u00e1til \u00e9 ideal para leitura, possui contraste para que voc\u00ea utilize a cor que seja mais confort\u00e1vel com a amplia\u00e7\u00e3o necess\u00e1ria que pode ser at\u00e9 32x. Leve sua lupa eletr\u00f4nica UMX 3 para qualquer lugar e tenha mais autonomia.","breadcrumb":{"@id":"https:\/\/tecnovisao.net\/produtos\/umx-3\/#breadcrumb"},"inLanguage":"es","potentialAction":[{"@type":"ReadAction","target":["https:\/\/tecnovisao.net\/produtos\/umx-3\/"]}]},{"@type":"ImageObject","inLanguage":"es","@id":"https:\/\/tecnovisao.net\/produtos\/umx-3\/#primaryimage","url":"https:\/\/i0.wp.com\/tecnovisao.net\/wp-content\/uploads\/2023\/07\/uemax-3.jpg?fit=572%2C572&ssl=1","contentUrl":"https:\/\/i0.wp.com\/tecnovisao.net\/wp-content\/uploads\/2023\/07\/uemax-3.jpg?fit=572%2C572&ssl=1","width":572,"height":572,"caption":"lupa eletronica umx 3"},{"@type":"BreadcrumbList","@id":"https:\/\/tecnovisao.net\/produtos\/umx-3\/#breadcrumb","itemListElement":[{"@type":"ListItem","position":1,"name":"In\u00edcio","item":"https:\/\/tecnovisao.net\/"},{"@type":"ListItem","position":2,"name":"Produtos","item":"https:\/\/tecnovisao.net\/produtos\/"},{"@type":"ListItem","position":3,"name":"UMX 3"}]},{"@type":"WebSite","@id":"https:\/\/tecnovisao.net\/#website","url":"https:\/\/tecnovisao.net\/","name":"Tecnovis&atilde;o","description":"Conectando voc\u00ea ao mundo","publisher":{"@id":"https:\/\/tecnovisao.net\/#organization"},"potentialAction":[{"@type":"SearchAction","target":{"@type":"EntryPoint","urlTemplate":"https:\/\/tecnovisao.net\/?s={search_term_string}"},"query-input":{"@type":"PropertyValueSpecification","valueRequired":true,"valueName":"search_term_string"}}],"inLanguage":"es"},{"@type":"Organization","@id":"https:\/\/tecnovisao.net\/#organization","name":"Tecnovis\u00e3o","url":"https:\/\/tecnovisao.net\/","logo":{"@type":"ImageObject","inLanguage":"es","@id":"https:\/\/tecnovisao.net\/#\/schema\/logo\/image\/","url":"https:\/\/tecnovisao.net\/wp-content\/uploads\/2021\/01\/logo-site.png","contentUrl":"https:\/\/tecnovisao.net\/wp-content\/uploads\/2021\/01\/logo-site.png","width":356,"height":80,"caption":"Tecnovis\u00e3o"},"image":{"@id":"https:\/\/tecnovisao.net\/#\/schema\/logo\/image\/"},"sameAs":["https:\/\/facebook.com\/tecnovisao","https:\/\/x.com\/tecnovisao","https:\/\/instagram.com\/tecnovisao","https:\/\/www.linkedin.com\/company\/tecnovisao\/","https:\/\/www.youtube.com\/user\/Tecnovisao"]}]}},"jetpack_sharing_enabled":true,"_links":{"self":[{"href":"https:\/\/tecnovisao.net\/es\/wp-json\/wp\/v2\/product\/6665","targetHints":{"allow":["GET"]}}],"collection":[{"href":"https:\/\/tecnovisao.net\/es\/wp-json\/wp\/v2\/product"}],"about":[{"href":"https:\/\/tecnovisao.net\/es\/wp-json\/wp\/v2\/types\/product"}],"author":[{"embeddable":true,"href":"https:\/\/tecnovisao.net\/es\/wp-json\/wp\/v2\/users\/3"}],"wp:featuredmedia":[{"embeddable":true,"href":"https:\/\/tecnovisao.net\/es\/wp-json\/wp\/v2\/media\/6666"}],"wp:attachment":[{"href":"https:\/\/tecnovisao.net\/es\/wp-json\/wp\/v2\/media?parent=6665"}],"wp:term":[{"taxonomy":"product_brand","embeddable":true,"href":"https:\/\/tecnovisao.net\/es\/wp-json\/wp\/v2\/product_brand?post=6665"},{"taxonomy":"product_cat","embeddable":true,"href":"https:\/\/tecnovisao.net\/es\/wp-json\/wp\/v2\/product_cat?post=6665"},{"taxonomy":"product_tag","embeddable":true,"href":"https:\/\/tecnovisao.net\/es\/wp-json\/wp\/v2\/product_tag?post=6665"}],"curies":[{"name":"wp","href":"https:\/\/api.w.org\/{rel}","templated":true}]}}