{"id":6667,"date":"2023-07-12T08:18:41","date_gmt":"2023-07-12T11:18:41","guid":{"rendered":"https:\/\/tecnovisao.net\/?post_type=product&#038;p=6667"},"modified":"2026-03-09T14:46:13","modified_gmt":"2026-03-09T17:46:13","slug":"tss-software-tradutor-braille","status":"publish","type":"product","link":"https:\/\/tecnovisao.net\/es\/produtos\/tss-software-tradutor-braille\/","title":{"rendered":"TSS Software Tradutor Braille"},"content":{"rendered":"<p>O Tiger Software Suite (TSS 8) \u00e9 um pacote de software integrado que fornece as ferramentas necess\u00e1rias para criar e imprimir documentos em Braille e gr\u00e1ficos t\u00e1teis utilizando impressoras em braille ViewPlus. \u00c9 uma solu\u00e7\u00e3o abrangente para educadores, profissionais e qualquer pessoa que precisa produzir materiais acess\u00edveis para pessoas com defici\u00eancia visual.<\/p>\n<p><strong>Caracter\u00edsticas Principais<\/strong><\/p>\n<ul>\n<li>Vers\u00e3o 8<\/li>\n<li>Idioma Portugu\u00eas;<\/li>\n<li>Traduza textos para Braille de forma r\u00e1pida e precisa diretamente do Word ou de outros editores de texto;<\/li>\n<li>Suporta para v\u00e1rios idiomas e tabelas Braille;<\/li>\n<li>O TSS integra-se perfeitamente ao Microsoft Office, permitindo que voc\u00ea crie documentos em Braille diretamente no Microsoft Word, Excel e PowerPoint;<\/li>\n<li>Op\u00e7\u00f5es avan\u00e7adas de configura\u00e7\u00e3o de impress\u00e3o para otimizar a qualidade e o formato de documentos e gr\u00e1ficos em Braille;<\/li>\n<li>O TSS \u00e9 compat\u00edvel com as vers\u00f5es mais recentes do sistema operacional Windows, facilitando a integra\u00e7\u00e3o com o seu ambiente de trabalho atual.<\/li>\n<li>Habilitado para o Liblouis 3.21.0 e\u00a0 tradu\u00e7\u00f5es de matem\u00e1tica.<\/li>\n<li>Possui reformata\u00e7\u00e3o do layout da p\u00e1gina para as configura\u00e7\u00f5es do Tiger Profile atual e altera a fonte do texto para a fonte Braille no tamanho correto.<\/li>\n<li>Possui a fonte Braille36 como padr\u00e3o entre Windows, Mac e Linux .<\/li>\n<li>Possui o QuickPaw \u2013 entrada em braille com 6\/8 teclas e Reescrita total do tradutor de braille aut\u00f4nomo &#8211; agora com retrotradu\u00e7\u00e3o e visualizador de \u00e1rea de transfer\u00eancia aprimorado, al\u00e9m do suporte para arquivo.<\/li>\n<li>Possui o Software Tiger Designer integrado para que seus desenhos, e gr\u00e1ficos tenham mais recursos, podendo incluir legenda, e diferenciar as marca\u00e7\u00f5es ressaltando a altura do ponto.<\/li>\n<li>Permite que voc\u00ea visualize gr\u00e1ficos t\u00e1teis na tela antes de imprimi-los, garantindo que estejam corretos e otimizados para impress\u00e3o em braille;<\/li>\n<li>Importe e exporte documentos em diversos formatos, incluindo DOCX, PDF, BMP, JPG, e muitos outros;<\/li>\n<li>Crie gr\u00e1ficos t\u00e1teis de alta qualidade, que s\u00e3o essenciais para materiais educativos em Braille;<\/li>\n<li>Converta imagens existentes para gr\u00e1ficos t\u00e1teis;<\/li>\n<li>Personalize e edite gr\u00e1ficos t\u00e1teis com uma variedade de ferramentas e op\u00e7\u00f5es;<\/li>\n<li>Cria e edita arquivos de impress\u00e3o para impressoras Viewplus.<\/li>\n<li>F\u00e1cil para adicionar etiquetas em braille\u00a0 e editar gr\u00e1ficos t\u00e1teis no desenho.<\/li>\n<li>Tiger Designer tamb\u00e9m fornece ferramentas f\u00e1ceis para criar gr\u00e1ficos do zero.<\/li>\n<li>Designers gr\u00e1ficos experientes podem usar o aplicativo que mais atende (por exemplo, Adobe Illustrator e CorelDraw) e imprimir diretamente.<\/li>\n<li>Com o Tiger designer \u00e9 poss\u00edvel importar PDFs facilmente ajustando tamanho e rota\u00e7\u00e3o com texto em braille.<\/li>\n<li>Possibilidade de atribuir padr\u00f5es t\u00e1teis a cores espec\u00edficas e aplicar cores mapeamento (salvo na biblioteca de preenchimento t\u00e1til) automaticamente ao imprimir no ViewPlus Columbia, Delta ou Rogue.<\/li>\n<li>Salve arquivos no formato PRN ou TDSX para que agora o Rogue possa imprimir qualquer arquivo &#8211; r\u00e1pido (mais r\u00e1pido para imprimir arquivos VP Max PRN), folha solta ou alimenta\u00e7\u00e3o cont\u00ednua E com o ponto mais justo\u00a0 para obter curvas suaves com v\u00e1rias alturas de ponto.<\/li>\n<li>\u00a0O Editor de padr\u00f5es fornece mais padr\u00f5es para escolher e uma interface intuitiva do usu\u00e1rio ao usar a ferramenta de preenchimento de padr\u00e3o.<\/li>\n<\/ul>","protected":false},"excerpt":{"rendered":"<p>Software tradutor braille ideal para preparar textos com varia\u00e7\u00f5es da altura de ponto, bem como, desenhos com legenda, permitindo criar diversos materiais inclusivos.<\/p>","protected":false},"author":3,"featured_media":6792,"template":"","meta":{"site-sidebar-layout":"default","site-content-layout":"default","ast-site-content-layout":"default","site-content-style":"default","site-sidebar-style":"default","ast-global-header-display":"","ast-banner-title-visibility":"","ast-main-header-display":"","ast-hfb-above-header-display":"","ast-hfb-below-header-display":"","ast-hfb-mobile-header-display":"","site-post-title":"","ast-breadcrumbs-content":"","ast-featured-img":"","footer-sml-layout":"","ast-disable-related-posts":"","theme-transparent-header-meta":"default","adv-header-id-meta":"","stick-header-meta":"default","header-above-stick-meta":"","header-main-stick-meta":"","header-below-stick-meta":"","astra-migrate-meta-layouts":"default","ast-page-background-enabled":"default","ast-page-background-meta":{"desktop":{"background-color":"","background-image":"","background-repeat":"repeat","background-position":"center center","background-size":"auto","background-attachment":"scroll","background-type":"","background-media":"","overlay-type":"","overlay-color":"","overlay-opacity":"","overlay-gradient":""},"tablet":{"background-color":"","background-image":"","background-repeat":"repeat","background-position":"center center","background-size":"auto","background-attachment":"scroll","background-type":"","background-media":"","overlay-type":"","overlay-color":"","overlay-opacity":"","overlay-gradient":""},"mobile":{"background-color":"","background-image":"","background-repeat":"repeat","background-position":"center center","background-size":"auto","background-attachment":"scroll","background-type":"","background-media":"","overlay-type":"","overlay-color":"","overlay-opacity":"","overlay-gradient":""}},"ast-content-background-meta":{"desktop":{"background-color":"var(--ast-global-color-5)","background-image":"","background-repeat":"repeat","background-position":"center center","background-size":"auto","background-attachment":"scroll","background-type":"","background-media":"","overlay-type":"","overlay-color":"","overlay-opacity":"","overlay-gradient":""},"tablet":{"background-color":"var(--ast-global-color-5)","background-image":"","background-repeat":"repeat","background-position":"center center","background-size":"auto","background-attachment":"scroll","background-type":"","background-media":"","overlay-type":"","overlay-color":"","overlay-opacity":"","overlay-gradient":""},"mobile":{"background-color":"var(--ast-global-color-5)","background-image":"","background-repeat":"repeat","background-position":"center center","background-size":"auto","background-attachment":"scroll","background-type":"","background-media":"","overlay-type":"","overlay-color":"","overlay-opacity":"","overlay-gradient":""}}},"product_brand":[],"product_cat":[32],"product_tag":[67,204,203,205],"class_list":{"0":"post-6667","1":"product","2":"type-product","3":"status-publish","4":"has-post-thumbnail","6":"product_cat-tradutor-braille","7":"product_tag-braille","8":"product_tag-desenho-braille","9":"product_tag-tradutor-braille","10":"product_tag-tss","11":"pa_tipo-software","12":"desktop-align-left","13":"tablet-align-left","14":"mobile-align-left","15":"ast-product-gallery-layout-horizontal","16":"ast-product-gallery-with-no-image","17":"ast-product-tabs-layout-vertical","19":"first","20":"instock","21":"featured","22":"downloadable","23":"shipping-taxable","24":"product-type-simple"},"yoast_head":"<!-- This site is optimized with the Yoast SEO plugin v27.2 - https:\/\/yoast.com\/product\/yoast-seo-wordpress\/ -->\n<title>TSS Software Tradutor Braille - Tecnovis&atilde;o<\/title>\n<meta name=\"description\" content=\"Software tradutor braille ideal para preparar textos com varia\u00e7\u00f5es da altura de ponto, bem como, desenhos com legenda, permitindo criar diversos materiais inclusivos.\" \/>\n<meta name=\"robots\" content=\"index, follow, max-snippet:-1, max-image-preview:large, max-video-preview:-1\" \/>\n<link rel=\"canonical\" href=\"https:\/\/tecnovisao.net\/es\/produtos\/tss-software-tradutor-braille\/\" \/>\n<meta property=\"og:locale\" content=\"es_ES\" \/>\n<meta property=\"og:type\" content=\"article\" \/>\n<meta property=\"og:title\" content=\"TSS Software Tradutor Braille - Tecnovis&atilde;o\" \/>\n<meta property=\"og:description\" content=\"Software tradutor braille ideal para preparar textos com varia\u00e7\u00f5es da altura de ponto, bem como, desenhos com legenda, permitindo criar diversos materiais inclusivos.\" \/>\n<meta property=\"og:url\" content=\"https:\/\/tecnovisao.net\/es\/produtos\/tss-software-tradutor-braille\/\" \/>\n<meta property=\"og:site_name\" content=\"Tecnovis&atilde;o\" \/>\n<meta property=\"article:publisher\" content=\"https:\/\/facebook.com\/tecnovisao\" \/>\n<meta property=\"article:modified_time\" content=\"2026-03-09T17:46:13+00:00\" \/>\n<meta property=\"og:image\" content=\"https:\/\/tecnovisao.net\/wp-content\/uploads\/2023\/07\/Sem-nome-156-\u00d7-79-px.png\" \/>\n\t<meta property=\"og:image:width\" content=\"400\" \/>\n\t<meta property=\"og:image:height\" content=\"400\" \/>\n\t<meta property=\"og:image:type\" content=\"image\/png\" \/>\n<meta name=\"twitter:card\" content=\"summary_large_image\" \/>\n<meta name=\"twitter:site\" content=\"@tecnovisao\" \/>\n<meta name=\"twitter:label1\" content=\"Tiempo de lectura\" \/>\n\t<meta name=\"twitter:data1\" content=\"3 minutos\" \/>\n<script type=\"application\/ld+json\" class=\"yoast-schema-graph\">{\"@context\":\"https:\/\/schema.org\",\"@graph\":[{\"@type\":\"WebPage\",\"@id\":\"https:\/\/tecnovisao.net\/produtos\/tss-software-tradutor-braille\/\",\"url\":\"https:\/\/tecnovisao.net\/produtos\/tss-software-tradutor-braille\/\",\"name\":\"TSS Software Tradutor Braille - Tecnovis&atilde;o\",\"isPartOf\":{\"@id\":\"https:\/\/tecnovisao.net\/#website\"},\"primaryImageOfPage\":{\"@id\":\"https:\/\/tecnovisao.net\/produtos\/tss-software-tradutor-braille\/#primaryimage\"},\"image\":{\"@id\":\"https:\/\/tecnovisao.net\/produtos\/tss-software-tradutor-braille\/#primaryimage\"},\"thumbnailUrl\":\"https:\/\/i0.wp.com\/tecnovisao.net\/wp-content\/uploads\/2023\/07\/Sem-nome-156-%C3%97-79-px.png?fit=400%2C400&ssl=1\",\"datePublished\":\"2023-07-12T11:18:41+00:00\",\"dateModified\":\"2026-03-09T17:46:13+00:00\",\"description\":\"Software tradutor braille ideal para preparar textos com varia\u00e7\u00f5es da altura de ponto, bem como, desenhos com legenda, permitindo criar diversos materiais inclusivos.\",\"breadcrumb\":{\"@id\":\"https:\/\/tecnovisao.net\/produtos\/tss-software-tradutor-braille\/#breadcrumb\"},\"inLanguage\":\"es\",\"potentialAction\":[{\"@type\":\"ReadAction\",\"target\":[\"https:\/\/tecnovisao.net\/produtos\/tss-software-tradutor-braille\/\"]}]},{\"@type\":\"ImageObject\",\"inLanguage\":\"es\",\"@id\":\"https:\/\/tecnovisao.net\/produtos\/tss-software-tradutor-braille\/#primaryimage\",\"url\":\"https:\/\/i0.wp.com\/tecnovisao.net\/wp-content\/uploads\/2023\/07\/Sem-nome-156-%C3%97-79-px.png?fit=400%2C400&ssl=1\",\"contentUrl\":\"https:\/\/i0.wp.com\/tecnovisao.net\/wp-content\/uploads\/2023\/07\/Sem-nome-156-%C3%97-79-px.png?fit=400%2C400&ssl=1\",\"width\":400,\"height\":400,\"caption\":\"logo Tiger Software Suite\"},{\"@type\":\"BreadcrumbList\",\"@id\":\"https:\/\/tecnovisao.net\/produtos\/tss-software-tradutor-braille\/#breadcrumb\",\"itemListElement\":[{\"@type\":\"ListItem\",\"position\":1,\"name\":\"In\u00edcio\",\"item\":\"https:\/\/tecnovisao.net\/\"},{\"@type\":\"ListItem\",\"position\":2,\"name\":\"Produtos\",\"item\":\"https:\/\/tecnovisao.net\/produtos\/\"},{\"@type\":\"ListItem\",\"position\":3,\"name\":\"TSS Software Tradutor Braille\"}]},{\"@type\":\"WebSite\",\"@id\":\"https:\/\/tecnovisao.net\/#website\",\"url\":\"https:\/\/tecnovisao.net\/\",\"name\":\"Tecnovis&atilde;o\",\"description\":\"Conectando voc\u00ea ao mundo\",\"publisher\":{\"@id\":\"https:\/\/tecnovisao.net\/#organization\"},\"potentialAction\":[{\"@type\":\"SearchAction\",\"target\":{\"@type\":\"EntryPoint\",\"urlTemplate\":\"https:\/\/tecnovisao.net\/?s={search_term_string}\"},\"query-input\":{\"@type\":\"PropertyValueSpecification\",\"valueRequired\":true,\"valueName\":\"search_term_string\"}}],\"inLanguage\":\"es\"},{\"@type\":\"Organization\",\"@id\":\"https:\/\/tecnovisao.net\/#organization\",\"name\":\"Tecnovis\u00e3o\",\"url\":\"https:\/\/tecnovisao.net\/\",\"logo\":{\"@type\":\"ImageObject\",\"inLanguage\":\"es\",\"@id\":\"https:\/\/tecnovisao.net\/#\/schema\/logo\/image\/\",\"url\":\"https:\/\/tecnovisao.net\/wp-content\/uploads\/2021\/01\/logo-site.png\",\"contentUrl\":\"https:\/\/tecnovisao.net\/wp-content\/uploads\/2021\/01\/logo-site.png\",\"width\":356,\"height\":80,\"caption\":\"Tecnovis\u00e3o\"},\"image\":{\"@id\":\"https:\/\/tecnovisao.net\/#\/schema\/logo\/image\/\"},\"sameAs\":[\"https:\/\/facebook.com\/tecnovisao\",\"https:\/\/x.com\/tecnovisao\",\"https:\/\/instagram.com\/tecnovisao\",\"https:\/\/www.linkedin.com\/company\/tecnovisao\/\",\"https:\/\/www.youtube.com\/user\/Tecnovisao\"]}]}<\/script>\n<!-- \/ Yoast SEO plugin. -->","yoast_head_json":{"title":"TSS Software Tradutor Braille - Tecnovis&atilde;o","description":"Software tradutor braille ideal para preparar textos com varia\u00e7\u00f5es da altura de ponto, bem como, desenhos com legenda, permitindo criar diversos materiais inclusivos.","robots":{"index":"index","follow":"follow","max-snippet":"max-snippet:-1","max-image-preview":"max-image-preview:large","max-video-preview":"max-video-preview:-1"},"canonical":"https:\/\/tecnovisao.net\/es\/produtos\/tss-software-tradutor-braille\/","og_locale":"es_ES","og_type":"article","og_title":"TSS Software Tradutor Braille - Tecnovis&atilde;o","og_description":"Software tradutor braille ideal para preparar textos com varia\u00e7\u00f5es da altura de ponto, bem como, desenhos com legenda, permitindo criar diversos materiais inclusivos.","og_url":"https:\/\/tecnovisao.net\/es\/produtos\/tss-software-tradutor-braille\/","og_site_name":"Tecnovis&atilde;o","article_publisher":"https:\/\/facebook.com\/tecnovisao","article_modified_time":"2026-03-09T17:46:13+00:00","og_image":[{"width":400,"height":400,"url":"https:\/\/tecnovisao.net\/wp-content\/uploads\/2023\/07\/Sem-nome-156-\u00d7-79-px.png","type":"image\/png"}],"twitter_card":"summary_large_image","twitter_site":"@tecnovisao","twitter_misc":{"Tiempo de lectura":"3 minutos"},"schema":{"@context":"https:\/\/schema.org","@graph":[{"@type":"WebPage","@id":"https:\/\/tecnovisao.net\/produtos\/tss-software-tradutor-braille\/","url":"https:\/\/tecnovisao.net\/produtos\/tss-software-tradutor-braille\/","name":"TSS Software Tradutor Braille - Tecnovis&atilde;o","isPartOf":{"@id":"https:\/\/tecnovisao.net\/#website"},"primaryImageOfPage":{"@id":"https:\/\/tecnovisao.net\/produtos\/tss-software-tradutor-braille\/#primaryimage"},"image":{"@id":"https:\/\/tecnovisao.net\/produtos\/tss-software-tradutor-braille\/#primaryimage"},"thumbnailUrl":"https:\/\/i0.wp.com\/tecnovisao.net\/wp-content\/uploads\/2023\/07\/Sem-nome-156-%C3%97-79-px.png?fit=400%2C400&ssl=1","datePublished":"2023-07-12T11:18:41+00:00","dateModified":"2026-03-09T17:46:13+00:00","description":"Software tradutor braille ideal para preparar textos com varia\u00e7\u00f5es da altura de ponto, bem como, desenhos com legenda, permitindo criar diversos materiais inclusivos.","breadcrumb":{"@id":"https:\/\/tecnovisao.net\/produtos\/tss-software-tradutor-braille\/#breadcrumb"},"inLanguage":"es","potentialAction":[{"@type":"ReadAction","target":["https:\/\/tecnovisao.net\/produtos\/tss-software-tradutor-braille\/"]}]},{"@type":"ImageObject","inLanguage":"es","@id":"https:\/\/tecnovisao.net\/produtos\/tss-software-tradutor-braille\/#primaryimage","url":"https:\/\/i0.wp.com\/tecnovisao.net\/wp-content\/uploads\/2023\/07\/Sem-nome-156-%C3%97-79-px.png?fit=400%2C400&ssl=1","contentUrl":"https:\/\/i0.wp.com\/tecnovisao.net\/wp-content\/uploads\/2023\/07\/Sem-nome-156-%C3%97-79-px.png?fit=400%2C400&ssl=1","width":400,"height":400,"caption":"logo Tiger Software Suite"},{"@type":"BreadcrumbList","@id":"https:\/\/tecnovisao.net\/produtos\/tss-software-tradutor-braille\/#breadcrumb","itemListElement":[{"@type":"ListItem","position":1,"name":"In\u00edcio","item":"https:\/\/tecnovisao.net\/"},{"@type":"ListItem","position":2,"name":"Produtos","item":"https:\/\/tecnovisao.net\/produtos\/"},{"@type":"ListItem","position":3,"name":"TSS Software Tradutor Braille"}]},{"@type":"WebSite","@id":"https:\/\/tecnovisao.net\/#website","url":"https:\/\/tecnovisao.net\/","name":"Tecnovis&atilde;o","description":"Conectando voc\u00ea ao mundo","publisher":{"@id":"https:\/\/tecnovisao.net\/#organization"},"potentialAction":[{"@type":"SearchAction","target":{"@type":"EntryPoint","urlTemplate":"https:\/\/tecnovisao.net\/?s={search_term_string}"},"query-input":{"@type":"PropertyValueSpecification","valueRequired":true,"valueName":"search_term_string"}}],"inLanguage":"es"},{"@type":"Organization","@id":"https:\/\/tecnovisao.net\/#organization","name":"Tecnovis\u00e3o","url":"https:\/\/tecnovisao.net\/","logo":{"@type":"ImageObject","inLanguage":"es","@id":"https:\/\/tecnovisao.net\/#\/schema\/logo\/image\/","url":"https:\/\/tecnovisao.net\/wp-content\/uploads\/2021\/01\/logo-site.png","contentUrl":"https:\/\/tecnovisao.net\/wp-content\/uploads\/2021\/01\/logo-site.png","width":356,"height":80,"caption":"Tecnovis\u00e3o"},"image":{"@id":"https:\/\/tecnovisao.net\/#\/schema\/logo\/image\/"},"sameAs":["https:\/\/facebook.com\/tecnovisao","https:\/\/x.com\/tecnovisao","https:\/\/instagram.com\/tecnovisao","https:\/\/www.linkedin.com\/company\/tecnovisao\/","https:\/\/www.youtube.com\/user\/Tecnovisao"]}]}},"jetpack_sharing_enabled":true,"_links":{"self":[{"href":"https:\/\/tecnovisao.net\/es\/wp-json\/wp\/v2\/product\/6667","targetHints":{"allow":["GET"]}}],"collection":[{"href":"https:\/\/tecnovisao.net\/es\/wp-json\/wp\/v2\/product"}],"about":[{"href":"https:\/\/tecnovisao.net\/es\/wp-json\/wp\/v2\/types\/product"}],"author":[{"embeddable":true,"href":"https:\/\/tecnovisao.net\/es\/wp-json\/wp\/v2\/users\/3"}],"wp:featuredmedia":[{"embeddable":true,"href":"https:\/\/tecnovisao.net\/es\/wp-json\/wp\/v2\/media\/6792"}],"wp:attachment":[{"href":"https:\/\/tecnovisao.net\/es\/wp-json\/wp\/v2\/media?parent=6667"}],"wp:term":[{"taxonomy":"product_brand","embeddable":true,"href":"https:\/\/tecnovisao.net\/es\/wp-json\/wp\/v2\/product_brand?post=6667"},{"taxonomy":"product_cat","embeddable":true,"href":"https:\/\/tecnovisao.net\/es\/wp-json\/wp\/v2\/product_cat?post=6667"},{"taxonomy":"product_tag","embeddable":true,"href":"https:\/\/tecnovisao.net\/es\/wp-json\/wp\/v2\/product_tag?post=6667"}],"curies":[{"name":"wp","href":"https:\/\/api.w.org\/{rel}","templated":true}]}}