{"id":6790,"date":"2023-07-18T09:12:14","date_gmt":"2023-07-18T12:12:14","guid":{"rendered":"https:\/\/tecnovisao.net\/?post_type=product&#038;p=6790"},"modified":"2023-10-22T17:17:22","modified_gmt":"2023-10-22T20:17:22","slug":"senseplayer-ocr","status":"publish","type":"product","link":"https:\/\/tecnovisao.net\/es\/produtos\/senseplayer-ocr\/","title":{"rendered":"SensePlayer OCR"},"content":{"rendered":"<h3>Caracter\u00edsticas :<\/h3>\n<p>&nbsp;<\/p>\n<ul>\n<li>Vers\u00e3o OCR &#8211; A c\u00e2mera de foco autom\u00e1tico integrada garante uma imagem de alta qualidade para captura e leitura precisas de card\u00e1pios de restaurantes, artigos de revistas, livros de biblioteca e muito mais \u2013 tudo com o toque de um \u00fanico bot\u00e3o;<\/li>\n<li>Permite <span class=\"HwtZe\" lang=\"pt\"><span class=\"jCAhz ChMk0b\"><span class=\"ryNqvb\">ler e reproduzir uma variedade de tipos de arquivos, incluindo TXT, RTF, HTML, HTM, XML, DOC, DOCX, PDF, EPUB, MP3, MP4, WAV, WMA, WMV, OGG, ASF, AAC, AVI, FLAC, 3GP<\/span><\/span> <span class=\"jCAhz ChMk0b\"><span class=\"ryNqvb\">, MPG, M4A, texto e \u00e1udio DAISY e muito mais<\/span><\/span><\/span>;<\/li>\n<li><span class=\"HwtZe\" lang=\"pt\"><span class=\"jCAhz ChMk0b\"><span class=\"ryNqvb\">Funcionalidade exclusiva que permite usar o SensePlayer como um teclado Bluetooth t\u00e1til e controle remoto para seu dispositivo m\u00f3vel Apple ou Android.<\/span><\/span> <span class=\"jCAhz ChMk0b\"><span class=\"ryNqvb\">Voc\u00ea tamb\u00e9m pode, opcionalmente, enviar o \u00e1udio do seu smartphone via Bluetooth para o SensePlayer.<\/span><\/span><\/span><\/li>\n<li><span class=\"HwtZe\" lang=\"pt\"><span class=\"jCAhz ChMk0b\"><span class=\"ryNqvb\">Wi-Fi, banda dupla (2,4 GHz e 5 GHz)<\/span><\/span><\/span>;<\/li>\n<li>Utilit\u00e1rios: <span class=\"HwtZe\" lang=\"pt\"><span class=\"jCAhz ChMk0b\"><span class=\"ryNqvb\">Gerenciador de Arquivos, Media Player, DAISY Player, Leitor de Documentos, R\u00e1dio FM, OCR (opcional), R\u00e1dio Web, Podcasts, Servi\u00e7os de Biblioteca, Gravador de Voz, Leitor de Cores, Memorando, Calculadora, Alarme, Cron\u00f4metro e Contador Regressivo, e outros utilit\u00e1rios e configura\u00e7\u00f5es<\/span><\/span> <span class=\"jCAhz ChMk0b\"><span class=\"ryNqvb\">.<\/span><\/span><\/span><\/li>\n<li><span class=\"HwtZe\" lang=\"pt\"><span class=\"jCAhz ChMk0b\"><span class=\"ryNqvb\">Bluetooth 5.0 para audi\u00e7\u00e3o de \u00e1udio e conex\u00e3o inteligente<\/span><\/span><\/span>;<\/li>\n<li><span class=\"HwtZe\" lang=\"pt\"><span class=\"jCAhz ChMk0b\"><span class=\"ryNqvb\">R\u00e1dio FM 65 ~ 108 MHz com passo de 50kHz<\/span><\/span><\/span>;<\/li>\n<li><span class=\"HwtZe\" lang=\"pt\"><span class=\"jCAhz ChMk0b\"><span class=\"ryNqvb\">USB Type-C para carregamento e transfer\u00eancia de dados;<\/span><\/span><\/span><\/li>\n<li><span class=\"HwtZe\" lang=\"pt\"><span class=\"jCAhz ChMk0b\"><span class=\"ryNqvb\">Suporte a dispositivo de \u00e1udio USB plug and play via USB C<\/span><\/span><\/span>;<\/li>\n<li>Carregamento via adaptador de energia USB ou computador at\u00e9 5V 2A;<\/li>\n<li>Permite configura\u00e7\u00e3o da velocidade de leitura;<\/li>\n<li>Permite avan\u00e7o e recuo do texto por bot\u00f5es com menu em \u00e1udio em Portugu\u00eas do Brasil;\n<ul>\n<li style=\"list-style-type: none\">\n<ul>\n<li style=\"list-style-type: none\">\n<ul>\n<li style=\"list-style-type: none\">\n<ul>\n<li>Possui marcadores para facilitar a localiza\u00e7\u00e3o dos textos e pontos a serem retomados;<\/li>\n<\/ul>\n<\/li>\n<\/ul>\n<\/li>\n<\/ul>\n<\/li>\n<\/ul>\n<\/li>\n<li>Permite navega\u00e7\u00e3o em LDF por artigo, par\u00e1grafo, frase, etc;<\/li>\n<li>Possui tecnologia de memoriza\u00e7\u00e3o da \u00faltima posi\u00e7\u00e3o de leitura;<\/li>\n<li>Possui bot\u00f5es em alto contraste;<\/li>\n<li>Permite grava\u00e7\u00e3o de voz;<\/li>\n<li>Conex\u00e3o por USB ou cart\u00e3o de mem\u00f3ria;<\/li>\n<li>Permite cart\u00e3o de mem\u00f3ria <span class=\"HwtZe\" lang=\"pt\"><span class=\"jCAhz ChMk0b\"><span class=\"ryNqvb\">at\u00e9 256 GB<\/span><\/span><\/span> e conex\u00e3o para microfone;<\/li>\n<li><span class=\"HwtZe\" lang=\"pt\"><span class=\"jCAhz ChMk0b\"><span class=\"ryNqvb\">Armazenamento: 64 GB (43 GB dispon\u00edveis para o usu\u00e1rio)<\/span><\/span><\/span>;<\/li>\n<li>Possui sa\u00edda de som Stereo;<\/li>\n<li>Possui entrada para fone de ouvidos;<\/li>\n<li>Medidas: 13 cm x 6,4 cm x 1,44cm;<\/li>\n<li>Peso com bateria: 140g.<\/li>\n<\/ul>\n<p>&nbsp;<\/p>\n<p>&nbsp;<\/p>","protected":false},"excerpt":{"rendered":"<p>O leitor digital SensePlayer \u00e9 ideal para usu\u00e1rios cegos ou baixa vis\u00e3o severa pois, oferece acesso a livros digitais atrav\u00e9s de um cart\u00e3o de mem\u00f3ria aonde o usu\u00e1rio pode salvar textos em formato DAISY, MP3, TXT, HTML, XML. Permite navega\u00e7\u00e3o simples pelo texto, podendo explorar o conte\u00fado por par\u00e1grafo, linha ou por palavra. Ainda \u00e9 poss\u00edvel gravar \u00e1udiosAinda \u00e9 poss\u00edvel fazer marca\u00e7\u00f5es no texto para que seja retomada a leitura do ponto que parou, voc\u00ea poder\u00e1 gravar a\u00fadios e muito mais.<\/p>","protected":false},"author":3,"featured_media":6789,"template":"","meta":{"site-sidebar-layout":"default","site-content-layout":"default","ast-site-content-layout":"default","site-content-style":"default","site-sidebar-style":"default","ast-global-header-display":"","ast-banner-title-visibility":"","ast-main-header-display":"","ast-hfb-above-header-display":"","ast-hfb-below-header-display":"","ast-hfb-mobile-header-display":"","site-post-title":"","ast-breadcrumbs-content":"","ast-featured-img":"","footer-sml-layout":"","ast-disable-related-posts":"","theme-transparent-header-meta":"default","adv-header-id-meta":"","stick-header-meta":"default","header-above-stick-meta":"","header-main-stick-meta":"","header-below-stick-meta":"","astra-migrate-meta-layouts":"default","ast-page-background-enabled":"default","ast-page-background-meta":{"desktop":{"background-color":"","background-image":"","background-repeat":"repeat","background-position":"center center","background-size":"auto","background-attachment":"scroll","background-type":"","background-media":"","overlay-type":"","overlay-color":"","overlay-opacity":"","overlay-gradient":""},"tablet":{"background-color":"","background-image":"","background-repeat":"repeat","background-position":"center center","background-size":"auto","background-attachment":"scroll","background-type":"","background-media":"","overlay-type":"","overlay-color":"","overlay-opacity":"","overlay-gradient":""},"mobile":{"background-color":"","background-image":"","background-repeat":"repeat","background-position":"center center","background-size":"auto","background-attachment":"scroll","background-type":"","background-media":"","overlay-type":"","overlay-color":"","overlay-opacity":"","overlay-gradient":""}},"ast-content-background-meta":{"desktop":{"background-color":"var(--ast-global-color-5)","background-image":"","background-repeat":"repeat","background-position":"center center","background-size":"auto","background-attachment":"scroll","background-type":"","background-media":"","overlay-type":"","overlay-color":"","overlay-opacity":"","overlay-gradient":""},"tablet":{"background-color":"var(--ast-global-color-5)","background-image":"","background-repeat":"repeat","background-position":"center center","background-size":"auto","background-attachment":"scroll","background-type":"","background-media":"","overlay-type":"","overlay-color":"","overlay-opacity":"","overlay-gradient":""},"mobile":{"background-color":"var(--ast-global-color-5)","background-image":"","background-repeat":"repeat","background-position":"center center","background-size":"auto","background-attachment":"scroll","background-type":"","background-media":"","overlay-type":"","overlay-color":"","overlay-opacity":"","overlay-gradient":""}}},"product_brand":[],"product_cat":[23],"product_tag":[70,202,201],"class_list":{"0":"post-6790","1":"product","2":"type-product","3":"status-publish","4":"has-post-thumbnail","6":"product_cat-leitor-digital","7":"product_tag-leitor","8":"product_tag-leitor-digital","9":"product_tag-senseplayer","10":"pa_tipo-equipamentos","11":"desktop-align-left","12":"tablet-align-left","13":"mobile-align-left","14":"ast-product-gallery-layout-horizontal","15":"ast-product-gallery-with-no-image","16":"ast-product-tabs-layout-vertical","18":"first","19":"instock","20":"shipping-taxable","21":"product-type-simple"},"yoast_head":"<!-- This site is optimized with the Yoast SEO plugin v27.2 - https:\/\/yoast.com\/product\/yoast-seo-wordpress\/ -->\n<title>SensePlayer OCR - Tecnovis&atilde;o<\/title>\n<meta name=\"description\" content=\"O leitor digital SensePlayer \u00e9 ideal para usu\u00e1rios cegos ou baixa vis\u00e3o severa pois, oferece acesso a livros digitais atrav\u00e9s de um cart\u00e3o de mem\u00f3ria aonde o usu\u00e1rio pode salvar textos em formato DAISY, MP3, TXT, HTML, XML. Permite navega\u00e7\u00e3o simples pelo texto, podendo explorar o conte\u00fado por par\u00e1grafo, linha ou por palavra. Ainda \u00e9 poss\u00edvel gravar \u00e1udiosAinda \u00e9 poss\u00edvel fazer marca\u00e7\u00f5es no texto para que seja retomada a leitura do ponto que parou, voc\u00ea poder\u00e1 gravar a\u00fadios e muito mais.\" \/>\n<meta name=\"robots\" content=\"index, follow, max-snippet:-1, max-image-preview:large, max-video-preview:-1\" \/>\n<link rel=\"canonical\" href=\"https:\/\/tecnovisao.net\/es\/produtos\/senseplayer-ocr\/\" \/>\n<meta property=\"og:locale\" content=\"es_ES\" \/>\n<meta property=\"og:type\" content=\"article\" \/>\n<meta property=\"og:title\" content=\"SensePlayer OCR - Tecnovis&atilde;o\" \/>\n<meta property=\"og:description\" content=\"O leitor digital SensePlayer \u00e9 ideal para usu\u00e1rios cegos ou baixa vis\u00e3o severa pois, oferece acesso a livros digitais atrav\u00e9s de um cart\u00e3o de mem\u00f3ria aonde o usu\u00e1rio pode salvar textos em formato DAISY, MP3, TXT, HTML, XML. Permite navega\u00e7\u00e3o simples pelo texto, podendo explorar o conte\u00fado por par\u00e1grafo, linha ou por palavra. Ainda \u00e9 poss\u00edvel gravar \u00e1udiosAinda \u00e9 poss\u00edvel fazer marca\u00e7\u00f5es no texto para que seja retomada a leitura do ponto que parou, voc\u00ea poder\u00e1 gravar a\u00fadios e muito mais.\" \/>\n<meta property=\"og:url\" content=\"https:\/\/tecnovisao.net\/es\/produtos\/senseplayer-ocr\/\" \/>\n<meta property=\"og:site_name\" content=\"Tecnovis&atilde;o\" \/>\n<meta property=\"article:publisher\" content=\"https:\/\/facebook.com\/tecnovisao\" \/>\n<meta property=\"article:modified_time\" content=\"2023-10-22T20:17:22+00:00\" \/>\n<meta property=\"og:image\" content=\"https:\/\/tecnovisao.net\/wp-content\/uploads\/2023\/07\/T90-400x400-web-product-image.png\" \/>\n\t<meta property=\"og:image:width\" content=\"400\" \/>\n\t<meta property=\"og:image:height\" content=\"400\" \/>\n\t<meta property=\"og:image:type\" content=\"image\/png\" \/>\n<meta name=\"twitter:card\" content=\"summary_large_image\" \/>\n<meta name=\"twitter:site\" content=\"@tecnovisao\" \/>\n<meta name=\"twitter:label1\" content=\"Tiempo de lectura\" \/>\n\t<meta name=\"twitter:data1\" content=\"1 minuto\" \/>\n<script type=\"application\/ld+json\" class=\"yoast-schema-graph\">{\"@context\":\"https:\/\/schema.org\",\"@graph\":[{\"@type\":\"WebPage\",\"@id\":\"https:\/\/tecnovisao.net\/produtos\/senseplayer-ocr\/\",\"url\":\"https:\/\/tecnovisao.net\/produtos\/senseplayer-ocr\/\",\"name\":\"SensePlayer OCR - Tecnovis&atilde;o\",\"isPartOf\":{\"@id\":\"https:\/\/tecnovisao.net\/#website\"},\"primaryImageOfPage\":{\"@id\":\"https:\/\/tecnovisao.net\/produtos\/senseplayer-ocr\/#primaryimage\"},\"image\":{\"@id\":\"https:\/\/tecnovisao.net\/produtos\/senseplayer-ocr\/#primaryimage\"},\"thumbnailUrl\":\"https:\/\/i0.wp.com\/tecnovisao.net\/wp-content\/uploads\/2023\/07\/T90-400x400-web-product-image.png?fit=400%2C400&ssl=1\",\"datePublished\":\"2023-07-18T12:12:14+00:00\",\"dateModified\":\"2023-10-22T20:17:22+00:00\",\"description\":\"O leitor digital SensePlayer \u00e9 ideal para usu\u00e1rios cegos ou baixa vis\u00e3o severa pois, oferece acesso a livros digitais atrav\u00e9s de um cart\u00e3o de mem\u00f3ria aonde o usu\u00e1rio pode salvar textos em formato DAISY, MP3, TXT, HTML, XML. Permite navega\u00e7\u00e3o simples pelo texto, podendo explorar o conte\u00fado por par\u00e1grafo, linha ou por palavra. Ainda \u00e9 poss\u00edvel gravar \u00e1udiosAinda \u00e9 poss\u00edvel fazer marca\u00e7\u00f5es no texto para que seja retomada a leitura do ponto que parou, voc\u00ea poder\u00e1 gravar a\u00fadios e muito mais.\",\"breadcrumb\":{\"@id\":\"https:\/\/tecnovisao.net\/produtos\/senseplayer-ocr\/#breadcrumb\"},\"inLanguage\":\"es\",\"potentialAction\":[{\"@type\":\"ReadAction\",\"target\":[\"https:\/\/tecnovisao.net\/produtos\/senseplayer-ocr\/\"]}]},{\"@type\":\"ImageObject\",\"inLanguage\":\"es\",\"@id\":\"https:\/\/tecnovisao.net\/produtos\/senseplayer-ocr\/#primaryimage\",\"url\":\"https:\/\/i0.wp.com\/tecnovisao.net\/wp-content\/uploads\/2023\/07\/T90-400x400-web-product-image.png?fit=400%2C400&ssl=1\",\"contentUrl\":\"https:\/\/i0.wp.com\/tecnovisao.net\/wp-content\/uploads\/2023\/07\/T90-400x400-web-product-image.png?fit=400%2C400&ssl=1\",\"width\":400,\"height\":400,\"caption\":\"SensePlayer vis\u00e3o frontal e costas\"},{\"@type\":\"BreadcrumbList\",\"@id\":\"https:\/\/tecnovisao.net\/produtos\/senseplayer-ocr\/#breadcrumb\",\"itemListElement\":[{\"@type\":\"ListItem\",\"position\":1,\"name\":\"In\u00edcio\",\"item\":\"https:\/\/tecnovisao.net\/\"},{\"@type\":\"ListItem\",\"position\":2,\"name\":\"Produtos\",\"item\":\"https:\/\/tecnovisao.net\/produtos\/\"},{\"@type\":\"ListItem\",\"position\":3,\"name\":\"SensePlayer OCR\"}]},{\"@type\":\"WebSite\",\"@id\":\"https:\/\/tecnovisao.net\/#website\",\"url\":\"https:\/\/tecnovisao.net\/\",\"name\":\"Tecnovis&atilde;o\",\"description\":\"Conectando voc\u00ea ao mundo\",\"publisher\":{\"@id\":\"https:\/\/tecnovisao.net\/#organization\"},\"potentialAction\":[{\"@type\":\"SearchAction\",\"target\":{\"@type\":\"EntryPoint\",\"urlTemplate\":\"https:\/\/tecnovisao.net\/?s={search_term_string}\"},\"query-input\":{\"@type\":\"PropertyValueSpecification\",\"valueRequired\":true,\"valueName\":\"search_term_string\"}}],\"inLanguage\":\"es\"},{\"@type\":\"Organization\",\"@id\":\"https:\/\/tecnovisao.net\/#organization\",\"name\":\"Tecnovis\u00e3o\",\"url\":\"https:\/\/tecnovisao.net\/\",\"logo\":{\"@type\":\"ImageObject\",\"inLanguage\":\"es\",\"@id\":\"https:\/\/tecnovisao.net\/#\/schema\/logo\/image\/\",\"url\":\"https:\/\/tecnovisao.net\/wp-content\/uploads\/2021\/01\/logo-site.png\",\"contentUrl\":\"https:\/\/tecnovisao.net\/wp-content\/uploads\/2021\/01\/logo-site.png\",\"width\":356,\"height\":80,\"caption\":\"Tecnovis\u00e3o\"},\"image\":{\"@id\":\"https:\/\/tecnovisao.net\/#\/schema\/logo\/image\/\"},\"sameAs\":[\"https:\/\/facebook.com\/tecnovisao\",\"https:\/\/x.com\/tecnovisao\",\"https:\/\/instagram.com\/tecnovisao\",\"https:\/\/www.linkedin.com\/company\/tecnovisao\/\",\"https:\/\/www.youtube.com\/user\/Tecnovisao\"]}]}<\/script>\n<!-- \/ Yoast SEO plugin. -->","yoast_head_json":{"title":"SensePlayer OCR - Tecnovis&atilde;o","description":"O leitor digital SensePlayer \u00e9 ideal para usu\u00e1rios cegos ou baixa vis\u00e3o severa pois, oferece acesso a livros digitais atrav\u00e9s de um cart\u00e3o de mem\u00f3ria aonde o usu\u00e1rio pode salvar textos em formato DAISY, MP3, TXT, HTML, XML. Permite navega\u00e7\u00e3o simples pelo texto, podendo explorar o conte\u00fado por par\u00e1grafo, linha ou por palavra. Ainda \u00e9 poss\u00edvel gravar \u00e1udiosAinda \u00e9 poss\u00edvel fazer marca\u00e7\u00f5es no texto para que seja retomada a leitura do ponto que parou, voc\u00ea poder\u00e1 gravar a\u00fadios e muito mais.","robots":{"index":"index","follow":"follow","max-snippet":"max-snippet:-1","max-image-preview":"max-image-preview:large","max-video-preview":"max-video-preview:-1"},"canonical":"https:\/\/tecnovisao.net\/es\/produtos\/senseplayer-ocr\/","og_locale":"es_ES","og_type":"article","og_title":"SensePlayer OCR - Tecnovis&atilde;o","og_description":"O leitor digital SensePlayer \u00e9 ideal para usu\u00e1rios cegos ou baixa vis\u00e3o severa pois, oferece acesso a livros digitais atrav\u00e9s de um cart\u00e3o de mem\u00f3ria aonde o usu\u00e1rio pode salvar textos em formato DAISY, MP3, TXT, HTML, XML. Permite navega\u00e7\u00e3o simples pelo texto, podendo explorar o conte\u00fado por par\u00e1grafo, linha ou por palavra. Ainda \u00e9 poss\u00edvel gravar \u00e1udiosAinda \u00e9 poss\u00edvel fazer marca\u00e7\u00f5es no texto para que seja retomada a leitura do ponto que parou, voc\u00ea poder\u00e1 gravar a\u00fadios e muito mais.","og_url":"https:\/\/tecnovisao.net\/es\/produtos\/senseplayer-ocr\/","og_site_name":"Tecnovis&atilde;o","article_publisher":"https:\/\/facebook.com\/tecnovisao","article_modified_time":"2023-10-22T20:17:22+00:00","og_image":[{"width":400,"height":400,"url":"https:\/\/tecnovisao.net\/wp-content\/uploads\/2023\/07\/T90-400x400-web-product-image.png","type":"image\/png"}],"twitter_card":"summary_large_image","twitter_site":"@tecnovisao","twitter_misc":{"Tiempo de lectura":"1 minuto"},"schema":{"@context":"https:\/\/schema.org","@graph":[{"@type":"WebPage","@id":"https:\/\/tecnovisao.net\/produtos\/senseplayer-ocr\/","url":"https:\/\/tecnovisao.net\/produtos\/senseplayer-ocr\/","name":"SensePlayer OCR - Tecnovis&atilde;o","isPartOf":{"@id":"https:\/\/tecnovisao.net\/#website"},"primaryImageOfPage":{"@id":"https:\/\/tecnovisao.net\/produtos\/senseplayer-ocr\/#primaryimage"},"image":{"@id":"https:\/\/tecnovisao.net\/produtos\/senseplayer-ocr\/#primaryimage"},"thumbnailUrl":"https:\/\/i0.wp.com\/tecnovisao.net\/wp-content\/uploads\/2023\/07\/T90-400x400-web-product-image.png?fit=400%2C400&ssl=1","datePublished":"2023-07-18T12:12:14+00:00","dateModified":"2023-10-22T20:17:22+00:00","description":"O leitor digital SensePlayer \u00e9 ideal para usu\u00e1rios cegos ou baixa vis\u00e3o severa pois, oferece acesso a livros digitais atrav\u00e9s de um cart\u00e3o de mem\u00f3ria aonde o usu\u00e1rio pode salvar textos em formato DAISY, MP3, TXT, HTML, XML. Permite navega\u00e7\u00e3o simples pelo texto, podendo explorar o conte\u00fado por par\u00e1grafo, linha ou por palavra. Ainda \u00e9 poss\u00edvel gravar \u00e1udiosAinda \u00e9 poss\u00edvel fazer marca\u00e7\u00f5es no texto para que seja retomada a leitura do ponto que parou, voc\u00ea poder\u00e1 gravar a\u00fadios e muito mais.","breadcrumb":{"@id":"https:\/\/tecnovisao.net\/produtos\/senseplayer-ocr\/#breadcrumb"},"inLanguage":"es","potentialAction":[{"@type":"ReadAction","target":["https:\/\/tecnovisao.net\/produtos\/senseplayer-ocr\/"]}]},{"@type":"ImageObject","inLanguage":"es","@id":"https:\/\/tecnovisao.net\/produtos\/senseplayer-ocr\/#primaryimage","url":"https:\/\/i0.wp.com\/tecnovisao.net\/wp-content\/uploads\/2023\/07\/T90-400x400-web-product-image.png?fit=400%2C400&ssl=1","contentUrl":"https:\/\/i0.wp.com\/tecnovisao.net\/wp-content\/uploads\/2023\/07\/T90-400x400-web-product-image.png?fit=400%2C400&ssl=1","width":400,"height":400,"caption":"SensePlayer vis\u00e3o frontal e costas"},{"@type":"BreadcrumbList","@id":"https:\/\/tecnovisao.net\/produtos\/senseplayer-ocr\/#breadcrumb","itemListElement":[{"@type":"ListItem","position":1,"name":"In\u00edcio","item":"https:\/\/tecnovisao.net\/"},{"@type":"ListItem","position":2,"name":"Produtos","item":"https:\/\/tecnovisao.net\/produtos\/"},{"@type":"ListItem","position":3,"name":"SensePlayer OCR"}]},{"@type":"WebSite","@id":"https:\/\/tecnovisao.net\/#website","url":"https:\/\/tecnovisao.net\/","name":"Tecnovis&atilde;o","description":"Conectando voc\u00ea ao mundo","publisher":{"@id":"https:\/\/tecnovisao.net\/#organization"},"potentialAction":[{"@type":"SearchAction","target":{"@type":"EntryPoint","urlTemplate":"https:\/\/tecnovisao.net\/?s={search_term_string}"},"query-input":{"@type":"PropertyValueSpecification","valueRequired":true,"valueName":"search_term_string"}}],"inLanguage":"es"},{"@type":"Organization","@id":"https:\/\/tecnovisao.net\/#organization","name":"Tecnovis\u00e3o","url":"https:\/\/tecnovisao.net\/","logo":{"@type":"ImageObject","inLanguage":"es","@id":"https:\/\/tecnovisao.net\/#\/schema\/logo\/image\/","url":"https:\/\/tecnovisao.net\/wp-content\/uploads\/2021\/01\/logo-site.png","contentUrl":"https:\/\/tecnovisao.net\/wp-content\/uploads\/2021\/01\/logo-site.png","width":356,"height":80,"caption":"Tecnovis\u00e3o"},"image":{"@id":"https:\/\/tecnovisao.net\/#\/schema\/logo\/image\/"},"sameAs":["https:\/\/facebook.com\/tecnovisao","https:\/\/x.com\/tecnovisao","https:\/\/instagram.com\/tecnovisao","https:\/\/www.linkedin.com\/company\/tecnovisao\/","https:\/\/www.youtube.com\/user\/Tecnovisao"]}]}},"jetpack_sharing_enabled":true,"_links":{"self":[{"href":"https:\/\/tecnovisao.net\/es\/wp-json\/wp\/v2\/product\/6790","targetHints":{"allow":["GET"]}}],"collection":[{"href":"https:\/\/tecnovisao.net\/es\/wp-json\/wp\/v2\/product"}],"about":[{"href":"https:\/\/tecnovisao.net\/es\/wp-json\/wp\/v2\/types\/product"}],"author":[{"embeddable":true,"href":"https:\/\/tecnovisao.net\/es\/wp-json\/wp\/v2\/users\/3"}],"wp:featuredmedia":[{"embeddable":true,"href":"https:\/\/tecnovisao.net\/es\/wp-json\/wp\/v2\/media\/6789"}],"wp:attachment":[{"href":"https:\/\/tecnovisao.net\/es\/wp-json\/wp\/v2\/media?parent=6790"}],"wp:term":[{"taxonomy":"product_brand","embeddable":true,"href":"https:\/\/tecnovisao.net\/es\/wp-json\/wp\/v2\/product_brand?post=6790"},{"taxonomy":"product_cat","embeddable":true,"href":"https:\/\/tecnovisao.net\/es\/wp-json\/wp\/v2\/product_cat?post=6790"},{"taxonomy":"product_tag","embeddable":true,"href":"https:\/\/tecnovisao.net\/es\/wp-json\/wp\/v2\/product_tag?post=6790"}],"curies":[{"name":"wp","href":"https:\/\/api.w.org\/{rel}","templated":true}]}}