{"id":6930,"date":"2023-08-18T17:14:28","date_gmt":"2023-08-18T20:14:28","guid":{"rendered":"https:\/\/tecnovisao.net\/?post_type=product&#038;p=6930"},"modified":"2026-03-09T11:18:23","modified_gmt":"2026-03-09T14:18:23","slug":"umx-7","status":"publish","type":"product","link":"https:\/\/tecnovisao.net\/es\/produtos\/umx-7\/","title":{"rendered":"UMX 7"},"content":{"rendered":"<p><b>Caracter\u00edsticas:<\/b><\/p>\n<ul>\n<li>Tela : \u00a0LCD de 7 Polegadas<\/li>\n<li>Amplia\u00e7\u00e3o: 2x a 32x, cont\u00ednuo;<\/li>\n<li>Ajuste de brilho;<\/li>\n<li>Possui LED;<\/li>\n<li>26 combina\u00e7\u00f5es de cor \/ contraste;<\/li>\n<li>Bateria: recarreg\u00e1vel com autonomia de 4 horas de uso cont\u00ednuo;<\/li>\n<li>Conex\u00e3o a TV via AV e HDMI;<\/li>\n<li>Congelamento de imagem com a op\u00e7\u00e3o de armazenar as imagens fotografadas;<\/li>\n<li>Leitura r\u00e1pida: Auto-foco e foco manual;<\/li>\n<li>Duas c\u00e2meras, sendo uma para curta dist\u00e2ncia e uma para m\u00e9dia\/longa dist\u00e2ncia;<\/li>\n<li>M\u00e1scara de leitura: Linha horizontal \/ vertical na tela, para auxiliar na leitura\u201d;<\/li>\n<li>Permite movimenta\u00e7\u00e3o de imagem congelada;<\/li>\n<li>Mem\u00f3ria interna de 4GB para armazenamento das imagens fotografadas com a lupa;<\/li>\n<li>Conex\u00e3o USB-C para transferir as imagens armazenadas na lupa para um<br \/>\nPC;<\/li>\n<li>Acess\u00f3rios: Carregador e case para transporte;<\/li>\n<li>Autodesliga para economia de energia ap\u00f3s 15 minutos sem uso.<\/li>\n<li>Dimens\u00f5es:150mm x 84mm x 30mm;<\/li>\n<li>Peso:395g;<\/li>\n<\/ul>\n<div class=\"epyt-video-wrapper\"><iframe  id=\"_ytid_64791\"  width=\"800\" height=\"450\"  data-origwidth=\"800\" data-origheight=\"450\" src=\"https:\/\/www.youtube.com\/embed\/9tSHc77fSPs?enablejsapi=1&#038;autoplay=0&#038;cc_load_policy=0&#038;cc_lang_pref=&#038;iv_load_policy=1&#038;loop=0&#038;rel=0&#038;fs=1&#038;playsinline=0&#038;autohide=2&#038;theme=dark&#038;color=red&#038;controls=1&#038;disablekb=0&#038;\" class=\"__youtube_prefs__  epyt-is-override  no-lazyload\" title=\"YouTube player\"  allow=\"fullscreen; accelerometer; autoplay; clipboard-write; encrypted-media; gyroscope; picture-in-picture; web-share\" referrerpolicy=\"strict-origin-when-cross-origin\" allowfullscreen data-no-lazy=\"1\" data-skipgform_ajax_framebjll=\"\"><\/iframe><\/div>","protected":false},"excerpt":{"rendered":"<p>A UMX desenvolveu a lupa eletr\u00f4nica ideal para pessoas com baixa vis\u00e3o.A UMX 7&#8243;possui um design compacto, leve e f\u00e1cil de usar. Amplia at\u00e9 32x com v\u00e1rios modos de contraste. Possui 2 c\u00e2meras para que voc\u00ea possa ampliar no modo pr\u00f5ximo e distante com mais autonomia e independ\u00eancia.<\/p>","protected":false},"author":3,"featured_media":6931,"template":"","meta":{"site-sidebar-layout":"default","site-content-layout":"default","ast-site-content-layout":"default","site-content-style":"default","site-sidebar-style":"default","ast-global-header-display":"","ast-banner-title-visibility":"","ast-main-header-display":"","ast-hfb-above-header-display":"","ast-hfb-below-header-display":"","ast-hfb-mobile-header-display":"","site-post-title":"","ast-breadcrumbs-content":"","ast-featured-img":"","footer-sml-layout":"","ast-disable-related-posts":"","theme-transparent-header-meta":"default","adv-header-id-meta":"","stick-header-meta":"default","header-above-stick-meta":"","header-main-stick-meta":"","header-below-stick-meta":"","astra-migrate-meta-layouts":"set","ast-page-background-enabled":"default","ast-page-background-meta":{"desktop":{"background-color":"","background-image":"","background-repeat":"repeat","background-position":"center center","background-size":"auto","background-attachment":"scroll","background-type":"","background-media":"","overlay-type":"","overlay-color":"","overlay-opacity":"","overlay-gradient":""},"tablet":{"background-color":"","background-image":"","background-repeat":"repeat","background-position":"center center","background-size":"auto","background-attachment":"scroll","background-type":"","background-media":"","overlay-type":"","overlay-color":"","overlay-opacity":"","overlay-gradient":""},"mobile":{"background-color":"","background-image":"","background-repeat":"repeat","background-position":"center center","background-size":"auto","background-attachment":"scroll","background-type":"","background-media":"","overlay-type":"","overlay-color":"","overlay-opacity":"","overlay-gradient":""}},"ast-content-background-meta":{"desktop":{"background-color":"var(--ast-global-color-5)","background-image":"","background-repeat":"repeat","background-position":"center center","background-size":"auto","background-attachment":"scroll","background-type":"","background-media":"","overlay-type":"","overlay-color":"","overlay-opacity":"","overlay-gradient":""},"tablet":{"background-color":"var(--ast-global-color-5)","background-image":"","background-repeat":"repeat","background-position":"center center","background-size":"auto","background-attachment":"scroll","background-type":"","background-media":"","overlay-type":"","overlay-color":"","overlay-opacity":"","overlay-gradient":""},"mobile":{"background-color":"var(--ast-global-color-5)","background-image":"","background-repeat":"repeat","background-position":"center center","background-size":"auto","background-attachment":"scroll","background-type":"","background-media":"","overlay-type":"","overlay-color":"","overlay-opacity":"","overlay-gradient":""}}},"product_brand":[],"product_cat":[29],"product_tag":[54,193],"class_list":{"0":"post-6930","1":"product","2":"type-product","3":"status-publish","4":"has-post-thumbnail","6":"product_cat-lupa-eletronica","7":"product_tag-lupa-eletronica","8":"product_tag-umx","9":"pa_tipo-equipamentos","10":"desktop-align-left","11":"tablet-align-left","12":"mobile-align-left","13":"ast-product-gallery-layout-horizontal","14":"ast-product-tabs-layout-vertical","16":"first","17":"instock","18":"featured","19":"shipping-taxable","20":"product-type-simple"},"yoast_head":"<!-- This site is optimized with the Yoast SEO plugin v27.2 - https:\/\/yoast.com\/product\/yoast-seo-wordpress\/ -->\n<title>UMX 7 - Tecnovis&atilde;o<\/title>\n<meta name=\"description\" content=\"A UMX desenvolveu a lupa eletr\u00f4nica ideal para pessoas com baixa vis\u00e3o. A UMX 7&quot;possui um design compacto, leve e f\u00e1cil de usar. Amplia at\u00e9 32x com v\u00e1rios modos de contraste. Possui 2 c\u00e2meras para que voc\u00ea possa ampliar no modo pr\u00f5ximo e distante com mais autonomia e independ\u00eancia.\" \/>\n<meta name=\"robots\" content=\"index, follow, max-snippet:-1, max-image-preview:large, max-video-preview:-1\" \/>\n<link rel=\"canonical\" href=\"https:\/\/tecnovisao.net\/es\/produtos\/umx-7\/\" \/>\n<meta property=\"og:locale\" content=\"es_ES\" \/>\n<meta property=\"og:type\" content=\"article\" \/>\n<meta property=\"og:title\" content=\"UMX 7 - Tecnovis&atilde;o\" \/>\n<meta property=\"og:description\" content=\"A UMX desenvolveu a lupa eletr\u00f4nica ideal para pessoas com baixa vis\u00e3o. A UMX 7&quot;possui um design compacto, leve e f\u00e1cil de usar. Amplia at\u00e9 32x com v\u00e1rios modos de contraste. Possui 2 c\u00e2meras para que voc\u00ea possa ampliar no modo pr\u00f5ximo e distante com mais autonomia e independ\u00eancia.\" \/>\n<meta property=\"og:url\" content=\"https:\/\/tecnovisao.net\/es\/produtos\/umx-7\/\" \/>\n<meta property=\"og:site_name\" content=\"Tecnovis&atilde;o\" \/>\n<meta property=\"article:publisher\" content=\"https:\/\/facebook.com\/tecnovisao\" \/>\n<meta property=\"article:modified_time\" content=\"2026-03-09T14:18:23+00:00\" \/>\n<meta property=\"og:image\" content=\"https:\/\/tecnovisao.net\/wp-content\/uploads\/2023\/08\/Lupa-UEMAX-7-polegadas.webp\" \/>\n\t<meta property=\"og:image:width\" content=\"1000\" \/>\n\t<meta property=\"og:image:height\" content=\"1000\" \/>\n\t<meta property=\"og:image:type\" content=\"image\/webp\" \/>\n<meta name=\"twitter:card\" content=\"summary_large_image\" \/>\n<meta name=\"twitter:site\" content=\"@tecnovisao\" \/>\n<meta name=\"twitter:label1\" content=\"Tiempo de lectura\" \/>\n\t<meta name=\"twitter:data1\" content=\"1 minuto\" \/>\n<script type=\"application\/ld+json\" class=\"yoast-schema-graph\">{\"@context\":\"https:\/\/schema.org\",\"@graph\":[{\"@type\":\"WebPage\",\"@id\":\"https:\/\/tecnovisao.net\/produtos\/umx-7\/\",\"url\":\"https:\/\/tecnovisao.net\/produtos\/umx-7\/\",\"name\":\"UMX 7 - Tecnovis&atilde;o\",\"isPartOf\":{\"@id\":\"https:\/\/tecnovisao.net\/#website\"},\"primaryImageOfPage\":{\"@id\":\"https:\/\/tecnovisao.net\/produtos\/umx-7\/#primaryimage\"},\"image\":{\"@id\":\"https:\/\/tecnovisao.net\/produtos\/umx-7\/#primaryimage\"},\"thumbnailUrl\":\"https:\/\/i0.wp.com\/tecnovisao.net\/wp-content\/uploads\/2023\/08\/Lupa-UEMAX-7-polegadas.webp?fit=1000%2C1000&ssl=1\",\"datePublished\":\"2023-08-18T20:14:28+00:00\",\"dateModified\":\"2026-03-09T14:18:23+00:00\",\"description\":\"A UMX desenvolveu a lupa eletr\u00f4nica ideal para pessoas com baixa vis\u00e3o. A UMX 7\\\"possui um design compacto, leve e f\u00e1cil de usar. Amplia at\u00e9 32x com v\u00e1rios modos de contraste. Possui 2 c\u00e2meras para que voc\u00ea possa ampliar no modo pr\u00f5ximo e distante com mais autonomia e independ\u00eancia.\",\"breadcrumb\":{\"@id\":\"https:\/\/tecnovisao.net\/produtos\/umx-7\/#breadcrumb\"},\"inLanguage\":\"es\",\"potentialAction\":[{\"@type\":\"ReadAction\",\"target\":[\"https:\/\/tecnovisao.net\/produtos\/umx-7\/\"]}]},{\"@type\":\"ImageObject\",\"inLanguage\":\"es\",\"@id\":\"https:\/\/tecnovisao.net\/produtos\/umx-7\/#primaryimage\",\"url\":\"https:\/\/i0.wp.com\/tecnovisao.net\/wp-content\/uploads\/2023\/08\/Lupa-UEMAX-7-polegadas.webp?fit=1000%2C1000&ssl=1\",\"contentUrl\":\"https:\/\/i0.wp.com\/tecnovisao.net\/wp-content\/uploads\/2023\/08\/Lupa-UEMAX-7-polegadas.webp?fit=1000%2C1000&ssl=1\",\"width\":1000,\"height\":1000,\"caption\":\"imagem frontal da lupa eletronica 7 polegadas\"},{\"@type\":\"BreadcrumbList\",\"@id\":\"https:\/\/tecnovisao.net\/produtos\/umx-7\/#breadcrumb\",\"itemListElement\":[{\"@type\":\"ListItem\",\"position\":1,\"name\":\"In\u00edcio\",\"item\":\"https:\/\/tecnovisao.net\/\"},{\"@type\":\"ListItem\",\"position\":2,\"name\":\"Produtos\",\"item\":\"https:\/\/tecnovisao.net\/produtos\/\"},{\"@type\":\"ListItem\",\"position\":3,\"name\":\"UMX 7\"}]},{\"@type\":\"WebSite\",\"@id\":\"https:\/\/tecnovisao.net\/#website\",\"url\":\"https:\/\/tecnovisao.net\/\",\"name\":\"Tecnovis&atilde;o\",\"description\":\"Conectando voc\u00ea ao mundo\",\"publisher\":{\"@id\":\"https:\/\/tecnovisao.net\/#organization\"},\"potentialAction\":[{\"@type\":\"SearchAction\",\"target\":{\"@type\":\"EntryPoint\",\"urlTemplate\":\"https:\/\/tecnovisao.net\/?s={search_term_string}\"},\"query-input\":{\"@type\":\"PropertyValueSpecification\",\"valueRequired\":true,\"valueName\":\"search_term_string\"}}],\"inLanguage\":\"es\"},{\"@type\":\"Organization\",\"@id\":\"https:\/\/tecnovisao.net\/#organization\",\"name\":\"Tecnovis\u00e3o\",\"url\":\"https:\/\/tecnovisao.net\/\",\"logo\":{\"@type\":\"ImageObject\",\"inLanguage\":\"es\",\"@id\":\"https:\/\/tecnovisao.net\/#\/schema\/logo\/image\/\",\"url\":\"https:\/\/tecnovisao.net\/wp-content\/uploads\/2021\/01\/logo-site.png\",\"contentUrl\":\"https:\/\/tecnovisao.net\/wp-content\/uploads\/2021\/01\/logo-site.png\",\"width\":356,\"height\":80,\"caption\":\"Tecnovis\u00e3o\"},\"image\":{\"@id\":\"https:\/\/tecnovisao.net\/#\/schema\/logo\/image\/\"},\"sameAs\":[\"https:\/\/facebook.com\/tecnovisao\",\"https:\/\/x.com\/tecnovisao\",\"https:\/\/instagram.com\/tecnovisao\",\"https:\/\/www.linkedin.com\/company\/tecnovisao\/\",\"https:\/\/www.youtube.com\/user\/Tecnovisao\"]}]}<\/script>\n<!-- \/ Yoast SEO plugin. -->","yoast_head_json":{"title":"UMX 7 - Tecnovis&atilde;o","description":"A UMX desenvolveu a lupa eletr\u00f4nica ideal para pessoas com baixa vis\u00e3o. A UMX 7\"possui um design compacto, leve e f\u00e1cil de usar. Amplia at\u00e9 32x com v\u00e1rios modos de contraste. Possui 2 c\u00e2meras para que voc\u00ea possa ampliar no modo pr\u00f5ximo e distante com mais autonomia e independ\u00eancia.","robots":{"index":"index","follow":"follow","max-snippet":"max-snippet:-1","max-image-preview":"max-image-preview:large","max-video-preview":"max-video-preview:-1"},"canonical":"https:\/\/tecnovisao.net\/es\/produtos\/umx-7\/","og_locale":"es_ES","og_type":"article","og_title":"UMX 7 - Tecnovis&atilde;o","og_description":"A UMX desenvolveu a lupa eletr\u00f4nica ideal para pessoas com baixa vis\u00e3o. A UMX 7\"possui um design compacto, leve e f\u00e1cil de usar. Amplia at\u00e9 32x com v\u00e1rios modos de contraste. Possui 2 c\u00e2meras para que voc\u00ea possa ampliar no modo pr\u00f5ximo e distante com mais autonomia e independ\u00eancia.","og_url":"https:\/\/tecnovisao.net\/es\/produtos\/umx-7\/","og_site_name":"Tecnovis&atilde;o","article_publisher":"https:\/\/facebook.com\/tecnovisao","article_modified_time":"2026-03-09T14:18:23+00:00","og_image":[{"width":1000,"height":1000,"url":"https:\/\/tecnovisao.net\/wp-content\/uploads\/2023\/08\/Lupa-UEMAX-7-polegadas.webp","type":"image\/webp"}],"twitter_card":"summary_large_image","twitter_site":"@tecnovisao","twitter_misc":{"Tiempo de lectura":"1 minuto"},"schema":{"@context":"https:\/\/schema.org","@graph":[{"@type":"WebPage","@id":"https:\/\/tecnovisao.net\/produtos\/umx-7\/","url":"https:\/\/tecnovisao.net\/produtos\/umx-7\/","name":"UMX 7 - Tecnovis&atilde;o","isPartOf":{"@id":"https:\/\/tecnovisao.net\/#website"},"primaryImageOfPage":{"@id":"https:\/\/tecnovisao.net\/produtos\/umx-7\/#primaryimage"},"image":{"@id":"https:\/\/tecnovisao.net\/produtos\/umx-7\/#primaryimage"},"thumbnailUrl":"https:\/\/i0.wp.com\/tecnovisao.net\/wp-content\/uploads\/2023\/08\/Lupa-UEMAX-7-polegadas.webp?fit=1000%2C1000&ssl=1","datePublished":"2023-08-18T20:14:28+00:00","dateModified":"2026-03-09T14:18:23+00:00","description":"A UMX desenvolveu a lupa eletr\u00f4nica ideal para pessoas com baixa vis\u00e3o. A UMX 7\"possui um design compacto, leve e f\u00e1cil de usar. Amplia at\u00e9 32x com v\u00e1rios modos de contraste. Possui 2 c\u00e2meras para que voc\u00ea possa ampliar no modo pr\u00f5ximo e distante com mais autonomia e independ\u00eancia.","breadcrumb":{"@id":"https:\/\/tecnovisao.net\/produtos\/umx-7\/#breadcrumb"},"inLanguage":"es","potentialAction":[{"@type":"ReadAction","target":["https:\/\/tecnovisao.net\/produtos\/umx-7\/"]}]},{"@type":"ImageObject","inLanguage":"es","@id":"https:\/\/tecnovisao.net\/produtos\/umx-7\/#primaryimage","url":"https:\/\/i0.wp.com\/tecnovisao.net\/wp-content\/uploads\/2023\/08\/Lupa-UEMAX-7-polegadas.webp?fit=1000%2C1000&ssl=1","contentUrl":"https:\/\/i0.wp.com\/tecnovisao.net\/wp-content\/uploads\/2023\/08\/Lupa-UEMAX-7-polegadas.webp?fit=1000%2C1000&ssl=1","width":1000,"height":1000,"caption":"imagem frontal da lupa eletronica 7 polegadas"},{"@type":"BreadcrumbList","@id":"https:\/\/tecnovisao.net\/produtos\/umx-7\/#breadcrumb","itemListElement":[{"@type":"ListItem","position":1,"name":"In\u00edcio","item":"https:\/\/tecnovisao.net\/"},{"@type":"ListItem","position":2,"name":"Produtos","item":"https:\/\/tecnovisao.net\/produtos\/"},{"@type":"ListItem","position":3,"name":"UMX 7"}]},{"@type":"WebSite","@id":"https:\/\/tecnovisao.net\/#website","url":"https:\/\/tecnovisao.net\/","name":"Tecnovis&atilde;o","description":"Conectando voc\u00ea ao mundo","publisher":{"@id":"https:\/\/tecnovisao.net\/#organization"},"potentialAction":[{"@type":"SearchAction","target":{"@type":"EntryPoint","urlTemplate":"https:\/\/tecnovisao.net\/?s={search_term_string}"},"query-input":{"@type":"PropertyValueSpecification","valueRequired":true,"valueName":"search_term_string"}}],"inLanguage":"es"},{"@type":"Organization","@id":"https:\/\/tecnovisao.net\/#organization","name":"Tecnovis\u00e3o","url":"https:\/\/tecnovisao.net\/","logo":{"@type":"ImageObject","inLanguage":"es","@id":"https:\/\/tecnovisao.net\/#\/schema\/logo\/image\/","url":"https:\/\/tecnovisao.net\/wp-content\/uploads\/2021\/01\/logo-site.png","contentUrl":"https:\/\/tecnovisao.net\/wp-content\/uploads\/2021\/01\/logo-site.png","width":356,"height":80,"caption":"Tecnovis\u00e3o"},"image":{"@id":"https:\/\/tecnovisao.net\/#\/schema\/logo\/image\/"},"sameAs":["https:\/\/facebook.com\/tecnovisao","https:\/\/x.com\/tecnovisao","https:\/\/instagram.com\/tecnovisao","https:\/\/www.linkedin.com\/company\/tecnovisao\/","https:\/\/www.youtube.com\/user\/Tecnovisao"]}]}},"jetpack_sharing_enabled":true,"_links":{"self":[{"href":"https:\/\/tecnovisao.net\/es\/wp-json\/wp\/v2\/product\/6930","targetHints":{"allow":["GET"]}}],"collection":[{"href":"https:\/\/tecnovisao.net\/es\/wp-json\/wp\/v2\/product"}],"about":[{"href":"https:\/\/tecnovisao.net\/es\/wp-json\/wp\/v2\/types\/product"}],"author":[{"embeddable":true,"href":"https:\/\/tecnovisao.net\/es\/wp-json\/wp\/v2\/users\/3"}],"wp:featuredmedia":[{"embeddable":true,"href":"https:\/\/tecnovisao.net\/es\/wp-json\/wp\/v2\/media\/6931"}],"wp:attachment":[{"href":"https:\/\/tecnovisao.net\/es\/wp-json\/wp\/v2\/media?parent=6930"}],"wp:term":[{"taxonomy":"product_brand","embeddable":true,"href":"https:\/\/tecnovisao.net\/es\/wp-json\/wp\/v2\/product_brand?post=6930"},{"taxonomy":"product_cat","embeddable":true,"href":"https:\/\/tecnovisao.net\/es\/wp-json\/wp\/v2\/product_cat?post=6930"},{"taxonomy":"product_tag","embeddable":true,"href":"https:\/\/tecnovisao.net\/es\/wp-json\/wp\/v2\/product_tag?post=6930"}],"curies":[{"name":"wp","href":"https:\/\/api.w.org\/{rel}","templated":true}]}}