{"id":7810,"date":"2024-04-01T12:16:58","date_gmt":"2024-04-01T15:16:58","guid":{"rendered":"https:\/\/tecnovisao.net\/?post_type=product&#038;p=7810"},"modified":"2024-05-14T11:01:15","modified_gmt":"2024-05-14T14:01:15","slug":"luna-8","status":"publish","type":"product","link":"https:\/\/tecnovisao.net\/es\/produtos\/luna-8\/","title":{"rendered":"Luna 8"},"content":{"rendered":"<h3>Caracter\u00edsticas:<\/h3>\n<ul>\n<li>Tela full HD de 8 polegadas;<\/li>\n<li>Resolu\u00e7\u00e3o da tela 1280 x 800p;<\/li>\n<li>Amplia\u00e7\u00e3o at\u00e9 19x;<\/li>\n<li>Resolu\u00e7\u00e3o da c\u00e2mera 13M pixels;<span class=\"Apple-converted-space\">\u00a0<\/span><\/li>\n<li>Foco autom\u00e1tico;<\/li>\n<li>Congelamento de imagem;<\/li>\n<li>Armazena mais de 200 imagens;<\/li>\n<li>Mascara para leitura vertical e horizontal:<\/li>\n<li>Mais de 10 combina\u00e7\u00f5es de cores de contraste;<\/li>\n<li>Visualiza\u00e7\u00e3o pr\u00f3ximo e distante;<\/li>\n<li>Entrada USB e HDMI;<\/li>\n<li>Possui sistema stand-by;<\/li>\n<li>Conex\u00e3o com PC, TV e monitor;<\/li>\n<li>Bateria aproximada de 4h;<\/li>\n<li>Tamanho: 21,8 x 14,3 x 1,1cm;<\/li>\n<li>Peso: 500g.<\/li>\n<\/ul>\n<div class=\"epyt-video-wrapper\"><iframe  id=\"_ytid_51750\"  width=\"800\" height=\"450\"  data-origwidth=\"800\" data-origheight=\"450\" src=\"https:\/\/www.youtube.com\/embed\/GIJtAFPmVYI?enablejsapi=1&#038;autoplay=0&#038;cc_load_policy=0&#038;cc_lang_pref=&#038;iv_load_policy=1&#038;loop=0&#038;rel=0&#038;fs=1&#038;playsinline=0&#038;autohide=2&#038;theme=dark&#038;color=red&#038;controls=1&#038;disablekb=0&#038;\" class=\"__youtube_prefs__  epyt-is-override  no-lazyload\" title=\"YouTube player\"  allow=\"fullscreen; accelerometer; autoplay; clipboard-write; encrypted-media; gyroscope; picture-in-picture; web-share\" referrerpolicy=\"strict-origin-when-cross-origin\" allowfullscreen data-no-lazy=\"1\" data-skipgform_ajax_framebjll=\"\"><\/iframe><\/div>","protected":false},"excerpt":{"rendered":"<p>A lupa eletr\u00f4nica Luna 8 foi cuidadosamente projetada para oferecer suporte a pessoas com baixa vis\u00e3o, fornecendo tecnologias avan\u00e7adas em um design compacto e leve. Seja em casa, na escola ou no trabalho, a Luna 8 \u00e9 sua aliada confi\u00e1vel para ampliar o mundo ao seu redor. Experimente a liberdade de ver com clareza, onde quer que voc\u00ea v\u00e1.<\/p>","protected":false},"author":2,"featured_media":7818,"template":"","meta":{"site-sidebar-layout":"default","site-content-layout":"default","ast-site-content-layout":"default","site-content-style":"default","site-sidebar-style":"default","ast-global-header-display":"","ast-banner-title-visibility":"","ast-main-header-display":"","ast-hfb-above-header-display":"","ast-hfb-below-header-display":"","ast-hfb-mobile-header-display":"","site-post-title":"","ast-breadcrumbs-content":"","ast-featured-img":"","footer-sml-layout":"","ast-disable-related-posts":"","theme-transparent-header-meta":"default","adv-header-id-meta":"","stick-header-meta":"default","header-above-stick-meta":"","header-main-stick-meta":"","header-below-stick-meta":"","astra-migrate-meta-layouts":"set","ast-page-background-enabled":"default","ast-page-background-meta":{"desktop":{"background-color":"","background-image":"","background-repeat":"repeat","background-position":"center center","background-size":"auto","background-attachment":"scroll","background-type":"","background-media":"","overlay-type":"","overlay-color":"","overlay-opacity":"","overlay-gradient":""},"tablet":{"background-color":"","background-image":"","background-repeat":"repeat","background-position":"center center","background-size":"auto","background-attachment":"scroll","background-type":"","background-media":"","overlay-type":"","overlay-color":"","overlay-opacity":"","overlay-gradient":""},"mobile":{"background-color":"","background-image":"","background-repeat":"repeat","background-position":"center center","background-size":"auto","background-attachment":"scroll","background-type":"","background-media":"","overlay-type":"","overlay-color":"","overlay-opacity":"","overlay-gradient":""}},"ast-content-background-meta":{"desktop":{"background-color":"var(--ast-global-color-5)","background-image":"","background-repeat":"repeat","background-position":"center center","background-size":"auto","background-attachment":"scroll","background-type":"","background-media":"","overlay-type":"","overlay-color":"","overlay-opacity":"","overlay-gradient":""},"tablet":{"background-color":"var(--ast-global-color-5)","background-image":"","background-repeat":"repeat","background-position":"center center","background-size":"auto","background-attachment":"scroll","background-type":"","background-media":"","overlay-type":"","overlay-color":"","overlay-opacity":"","overlay-gradient":""},"mobile":{"background-color":"var(--ast-global-color-5)","background-image":"","background-repeat":"repeat","background-position":"center center","background-size":"auto","background-attachment":"scroll","background-type":"","background-media":"","overlay-type":"","overlay-color":"","overlay-opacity":"","overlay-gradient":""}}},"product_brand":[],"product_cat":[29],"product_tag":[63,192,54],"class_list":{"0":"post-7810","1":"product","2":"type-product","3":"status-publish","4":"has-post-thumbnail","6":"product_cat-lupa-eletronica","7":"product_tag-ampliador_lupa","8":"product_tag-lupa","9":"product_tag-lupa-eletronica","10":"pa_tipo-equipamentos","11":"desktop-align-left","12":"tablet-align-left","13":"mobile-align-left","14":"ast-product-gallery-layout-horizontal","15":"ast-product-tabs-layout-vertical","17":"first","18":"instock","19":"shipping-taxable","20":"product-type-simple"},"yoast_head":"<!-- This site is optimized with the Yoast SEO plugin v27.2 - https:\/\/yoast.com\/product\/yoast-seo-wordpress\/ -->\n<title>Luna 8 - Tecnovis&atilde;o<\/title>\n<meta name=\"description\" content=\"A lupa eletr\u00f4nica Luna 8 foi cuidadosamente projetada para oferecer suporte a pessoas com baixa vis\u00e3o, fornecendo tecnologias avan\u00e7adas em um design compacto e leve. Seja em casa, na escola ou no trabalho, a Luna 8 \u00e9 sua aliada confi\u00e1vel para ampliar o mundo ao seu redor. Experimente a liberdade de ver com clareza, onde quer que voc\u00ea v\u00e1.\" \/>\n<meta name=\"robots\" content=\"index, follow, max-snippet:-1, max-image-preview:large, max-video-preview:-1\" \/>\n<link rel=\"canonical\" href=\"https:\/\/tecnovisao.net\/es\/produtos\/luna-8\/\" \/>\n<meta property=\"og:locale\" content=\"es_ES\" \/>\n<meta property=\"og:type\" content=\"article\" \/>\n<meta property=\"og:title\" content=\"Luna 8 - Tecnovis&atilde;o\" \/>\n<meta property=\"og:description\" content=\"A lupa eletr\u00f4nica Luna 8 foi cuidadosamente projetada para oferecer suporte a pessoas com baixa vis\u00e3o, fornecendo tecnologias avan\u00e7adas em um design compacto e leve. Seja em casa, na escola ou no trabalho, a Luna 8 \u00e9 sua aliada confi\u00e1vel para ampliar o mundo ao seu redor. Experimente a liberdade de ver com clareza, onde quer que voc\u00ea v\u00e1.\" \/>\n<meta property=\"og:url\" content=\"https:\/\/tecnovisao.net\/es\/produtos\/luna-8\/\" \/>\n<meta property=\"og:site_name\" content=\"Tecnovis&atilde;o\" \/>\n<meta property=\"article:publisher\" content=\"https:\/\/facebook.com\/tecnovisao\" \/>\n<meta property=\"article:modified_time\" content=\"2024-05-14T14:01:15+00:00\" \/>\n<meta property=\"og:image\" content=\"https:\/\/tecnovisao.net\/wp-content\/uploads\/2024\/03\/READIN1.jpe\" \/>\n\t<meta property=\"og:image:width\" content=\"1200\" \/>\n\t<meta property=\"og:image:height\" content=\"600\" \/>\n\t<meta property=\"og:image:type\" content=\"image\/jpeg\" \/>\n<meta name=\"twitter:card\" content=\"summary_large_image\" \/>\n<meta name=\"twitter:site\" content=\"@tecnovisao\" \/>\n<script type=\"application\/ld+json\" class=\"yoast-schema-graph\">{\"@context\":\"https:\/\/schema.org\",\"@graph\":[{\"@type\":\"WebPage\",\"@id\":\"https:\/\/tecnovisao.net\/produtos\/luna-8\/\",\"url\":\"https:\/\/tecnovisao.net\/produtos\/luna-8\/\",\"name\":\"Luna 8 - Tecnovis&atilde;o\",\"isPartOf\":{\"@id\":\"https:\/\/tecnovisao.net\/#website\"},\"primaryImageOfPage\":{\"@id\":\"https:\/\/tecnovisao.net\/produtos\/luna-8\/#primaryimage\"},\"image\":{\"@id\":\"https:\/\/tecnovisao.net\/produtos\/luna-8\/#primaryimage\"},\"thumbnailUrl\":\"https:\/\/tecnovisao.net\/wp-content\/uploads\/2024\/03\/READIN1.jpe\",\"datePublished\":\"2024-04-01T15:16:58+00:00\",\"dateModified\":\"2024-05-14T14:01:15+00:00\",\"description\":\"A lupa eletr\u00f4nica Luna 8 foi cuidadosamente projetada para oferecer suporte a pessoas com baixa vis\u00e3o, fornecendo tecnologias avan\u00e7adas em um design compacto e leve. Seja em casa, na escola ou no trabalho, a Luna 8 \u00e9 sua aliada confi\u00e1vel para ampliar o mundo ao seu redor. Experimente a liberdade de ver com clareza, onde quer que voc\u00ea v\u00e1.\",\"breadcrumb\":{\"@id\":\"https:\/\/tecnovisao.net\/produtos\/luna-8\/#breadcrumb\"},\"inLanguage\":\"es\",\"potentialAction\":[{\"@type\":\"ReadAction\",\"target\":[\"https:\/\/tecnovisao.net\/produtos\/luna-8\/\"]}]},{\"@type\":\"ImageObject\",\"inLanguage\":\"es\",\"@id\":\"https:\/\/tecnovisao.net\/produtos\/luna-8\/#primaryimage\",\"url\":\"https:\/\/tecnovisao.net\/wp-content\/uploads\/2024\/03\/READIN1.jpe\",\"contentUrl\":\"https:\/\/tecnovisao.net\/wp-content\/uploads\/2024\/03\/READIN1.jpe\",\"width\":1200,\"height\":600,\"caption\":\"luna 8 com foto da imagem ampliada na lupa\"},{\"@type\":\"BreadcrumbList\",\"@id\":\"https:\/\/tecnovisao.net\/produtos\/luna-8\/#breadcrumb\",\"itemListElement\":[{\"@type\":\"ListItem\",\"position\":1,\"name\":\"In\u00edcio\",\"item\":\"https:\/\/tecnovisao.net\/\"},{\"@type\":\"ListItem\",\"position\":2,\"name\":\"Produtos\",\"item\":\"https:\/\/tecnovisao.net\/produtos\/\"},{\"@type\":\"ListItem\",\"position\":3,\"name\":\"Luna 8\"}]},{\"@type\":\"WebSite\",\"@id\":\"https:\/\/tecnovisao.net\/#website\",\"url\":\"https:\/\/tecnovisao.net\/\",\"name\":\"Tecnovis&atilde;o\",\"description\":\"Conectando voc\u00ea ao mundo\",\"publisher\":{\"@id\":\"https:\/\/tecnovisao.net\/#organization\"},\"potentialAction\":[{\"@type\":\"SearchAction\",\"target\":{\"@type\":\"EntryPoint\",\"urlTemplate\":\"https:\/\/tecnovisao.net\/?s={search_term_string}\"},\"query-input\":{\"@type\":\"PropertyValueSpecification\",\"valueRequired\":true,\"valueName\":\"search_term_string\"}}],\"inLanguage\":\"es\"},{\"@type\":\"Organization\",\"@id\":\"https:\/\/tecnovisao.net\/#organization\",\"name\":\"Tecnovis\u00e3o\",\"url\":\"https:\/\/tecnovisao.net\/\",\"logo\":{\"@type\":\"ImageObject\",\"inLanguage\":\"es\",\"@id\":\"https:\/\/tecnovisao.net\/#\/schema\/logo\/image\/\",\"url\":\"https:\/\/tecnovisao.net\/wp-content\/uploads\/2021\/01\/logo-site.png\",\"contentUrl\":\"https:\/\/tecnovisao.net\/wp-content\/uploads\/2021\/01\/logo-site.png\",\"width\":356,\"height\":80,\"caption\":\"Tecnovis\u00e3o\"},\"image\":{\"@id\":\"https:\/\/tecnovisao.net\/#\/schema\/logo\/image\/\"},\"sameAs\":[\"https:\/\/facebook.com\/tecnovisao\",\"https:\/\/x.com\/tecnovisao\",\"https:\/\/instagram.com\/tecnovisao\",\"https:\/\/www.linkedin.com\/company\/tecnovisao\/\",\"https:\/\/www.youtube.com\/user\/Tecnovisao\"]}]}<\/script>\n<!-- \/ Yoast SEO plugin. -->","yoast_head_json":{"title":"Luna 8 - Tecnovis&atilde;o","description":"A lupa eletr\u00f4nica Luna 8 foi cuidadosamente projetada para oferecer suporte a pessoas com baixa vis\u00e3o, fornecendo tecnologias avan\u00e7adas em um design compacto e leve. Seja em casa, na escola ou no trabalho, a Luna 8 \u00e9 sua aliada confi\u00e1vel para ampliar o mundo ao seu redor. Experimente a liberdade de ver com clareza, onde quer que voc\u00ea v\u00e1.","robots":{"index":"index","follow":"follow","max-snippet":"max-snippet:-1","max-image-preview":"max-image-preview:large","max-video-preview":"max-video-preview:-1"},"canonical":"https:\/\/tecnovisao.net\/es\/produtos\/luna-8\/","og_locale":"es_ES","og_type":"article","og_title":"Luna 8 - Tecnovis&atilde;o","og_description":"A lupa eletr\u00f4nica Luna 8 foi cuidadosamente projetada para oferecer suporte a pessoas com baixa vis\u00e3o, fornecendo tecnologias avan\u00e7adas em um design compacto e leve. Seja em casa, na escola ou no trabalho, a Luna 8 \u00e9 sua aliada confi\u00e1vel para ampliar o mundo ao seu redor. Experimente a liberdade de ver com clareza, onde quer que voc\u00ea v\u00e1.","og_url":"https:\/\/tecnovisao.net\/es\/produtos\/luna-8\/","og_site_name":"Tecnovis&atilde;o","article_publisher":"https:\/\/facebook.com\/tecnovisao","article_modified_time":"2024-05-14T14:01:15+00:00","og_image":[{"width":1200,"height":600,"url":"https:\/\/tecnovisao.net\/wp-content\/uploads\/2024\/03\/READIN1.jpe","type":"image\/jpeg"}],"twitter_card":"summary_large_image","twitter_site":"@tecnovisao","schema":{"@context":"https:\/\/schema.org","@graph":[{"@type":"WebPage","@id":"https:\/\/tecnovisao.net\/produtos\/luna-8\/","url":"https:\/\/tecnovisao.net\/produtos\/luna-8\/","name":"Luna 8 - Tecnovis&atilde;o","isPartOf":{"@id":"https:\/\/tecnovisao.net\/#website"},"primaryImageOfPage":{"@id":"https:\/\/tecnovisao.net\/produtos\/luna-8\/#primaryimage"},"image":{"@id":"https:\/\/tecnovisao.net\/produtos\/luna-8\/#primaryimage"},"thumbnailUrl":"https:\/\/tecnovisao.net\/wp-content\/uploads\/2024\/03\/READIN1.jpe","datePublished":"2024-04-01T15:16:58+00:00","dateModified":"2024-05-14T14:01:15+00:00","description":"A lupa eletr\u00f4nica Luna 8 foi cuidadosamente projetada para oferecer suporte a pessoas com baixa vis\u00e3o, fornecendo tecnologias avan\u00e7adas em um design compacto e leve. Seja em casa, na escola ou no trabalho, a Luna 8 \u00e9 sua aliada confi\u00e1vel para ampliar o mundo ao seu redor. Experimente a liberdade de ver com clareza, onde quer que voc\u00ea v\u00e1.","breadcrumb":{"@id":"https:\/\/tecnovisao.net\/produtos\/luna-8\/#breadcrumb"},"inLanguage":"es","potentialAction":[{"@type":"ReadAction","target":["https:\/\/tecnovisao.net\/produtos\/luna-8\/"]}]},{"@type":"ImageObject","inLanguage":"es","@id":"https:\/\/tecnovisao.net\/produtos\/luna-8\/#primaryimage","url":"https:\/\/tecnovisao.net\/wp-content\/uploads\/2024\/03\/READIN1.jpe","contentUrl":"https:\/\/tecnovisao.net\/wp-content\/uploads\/2024\/03\/READIN1.jpe","width":1200,"height":600,"caption":"luna 8 com foto da imagem ampliada na lupa"},{"@type":"BreadcrumbList","@id":"https:\/\/tecnovisao.net\/produtos\/luna-8\/#breadcrumb","itemListElement":[{"@type":"ListItem","position":1,"name":"In\u00edcio","item":"https:\/\/tecnovisao.net\/"},{"@type":"ListItem","position":2,"name":"Produtos","item":"https:\/\/tecnovisao.net\/produtos\/"},{"@type":"ListItem","position":3,"name":"Luna 8"}]},{"@type":"WebSite","@id":"https:\/\/tecnovisao.net\/#website","url":"https:\/\/tecnovisao.net\/","name":"Tecnovis&atilde;o","description":"Conectando voc\u00ea ao mundo","publisher":{"@id":"https:\/\/tecnovisao.net\/#organization"},"potentialAction":[{"@type":"SearchAction","target":{"@type":"EntryPoint","urlTemplate":"https:\/\/tecnovisao.net\/?s={search_term_string}"},"query-input":{"@type":"PropertyValueSpecification","valueRequired":true,"valueName":"search_term_string"}}],"inLanguage":"es"},{"@type":"Organization","@id":"https:\/\/tecnovisao.net\/#organization","name":"Tecnovis\u00e3o","url":"https:\/\/tecnovisao.net\/","logo":{"@type":"ImageObject","inLanguage":"es","@id":"https:\/\/tecnovisao.net\/#\/schema\/logo\/image\/","url":"https:\/\/tecnovisao.net\/wp-content\/uploads\/2021\/01\/logo-site.png","contentUrl":"https:\/\/tecnovisao.net\/wp-content\/uploads\/2021\/01\/logo-site.png","width":356,"height":80,"caption":"Tecnovis\u00e3o"},"image":{"@id":"https:\/\/tecnovisao.net\/#\/schema\/logo\/image\/"},"sameAs":["https:\/\/facebook.com\/tecnovisao","https:\/\/x.com\/tecnovisao","https:\/\/instagram.com\/tecnovisao","https:\/\/www.linkedin.com\/company\/tecnovisao\/","https:\/\/www.youtube.com\/user\/Tecnovisao"]}]}},"jetpack_sharing_enabled":true,"_links":{"self":[{"href":"https:\/\/tecnovisao.net\/es\/wp-json\/wp\/v2\/product\/7810","targetHints":{"allow":["GET"]}}],"collection":[{"href":"https:\/\/tecnovisao.net\/es\/wp-json\/wp\/v2\/product"}],"about":[{"href":"https:\/\/tecnovisao.net\/es\/wp-json\/wp\/v2\/types\/product"}],"author":[{"embeddable":true,"href":"https:\/\/tecnovisao.net\/es\/wp-json\/wp\/v2\/users\/2"}],"wp:featuredmedia":[{"embeddable":true,"href":"https:\/\/tecnovisao.net\/es\/wp-json\/wp\/v2\/media\/7818"}],"wp:attachment":[{"href":"https:\/\/tecnovisao.net\/es\/wp-json\/wp\/v2\/media?parent=7810"}],"wp:term":[{"taxonomy":"product_brand","embeddable":true,"href":"https:\/\/tecnovisao.net\/es\/wp-json\/wp\/v2\/product_brand?post=7810"},{"taxonomy":"product_cat","embeddable":true,"href":"https:\/\/tecnovisao.net\/es\/wp-json\/wp\/v2\/product_cat?post=7810"},{"taxonomy":"product_tag","embeddable":true,"href":"https:\/\/tecnovisao.net\/es\/wp-json\/wp\/v2\/product_tag?post=7810"}],"curies":[{"name":"wp","href":"https:\/\/api.w.org\/{rel}","templated":true}]}}