{"id":7884,"date":"2024-04-15T16:03:35","date_gmt":"2024-04-15T19:03:35","guid":{"rendered":"https:\/\/tecnovisao.net\/?post_type=product&#038;p=7884"},"modified":"2024-04-15T16:03:35","modified_gmt":"2024-04-15T19:03:35","slug":"insideone","status":"publish","type":"product","link":"https:\/\/tecnovisao.net\/es\/produtos\/insideone\/","title":{"rendered":"InsideOne +"},"content":{"rendered":"<h3>Caracter\u00edsticas:<\/h3>\n<ul>\n<li>Possui 32 celas Braille;<\/li>\n<li>Posicionamento<span class=\"Apple-converted-space\">\u00a0 <\/span>de cursor touch na parte superior;<\/li>\n<li>Barras laterais de navega\u00e7\u00e3o;<\/li>\n<li>Tablet de 10\u201d touch Gorilla Glass;<\/li>\n<li>Processador Intel Core i7 e mem\u00f3ria RAM de 16GB;<\/li>\n<li>Conex\u00e3o USB C, USB A, mini USB, micro HDMI, Wifi e Bluetooth;<\/li>\n<li>Armazenamento interno de 512gb;<\/li>\n<li>Teclado tipo Perkins definido no vidro do tablet;<\/li>\n<li>2 c\u00e2maras com foco autom\u00e1tico, com sensores HD e 4K e LED integrado;<span class=\"Apple-converted-space\">\u00a0<\/span><\/li>\n<li>Auto-falantes est\u00e9reo embutido;<\/li>\n<li>2 microfones embutidos;<\/li>\n<li>Conex\u00e3o com computador;<\/li>\n<li>Sistema operacional Windows 11;<\/li>\n<li>Compat\u00edvel com leitor de tela NVDA e JAWS;<\/li>\n<li>Estrutura em alum\u00ednio;<\/li>\n<li>Bateria: 6h;<\/li>\n<li>Tamanho: 29 x 20 x 1,78 cm;<\/li>\n<li>Peso: 1,36 Kg.<\/li>\n<\/ul>","protected":false},"excerpt":{"rendered":"<p>O InsideOne + \u00e9 muito mais do que um simples dispositivo &#8211; \u00e9 uma revolu\u00e7\u00e3o na forma como as pessoas cegas interagem com a tecnologia. Imagine combinar toda a pot\u00eancia de processamento e versatilidade de um computador de alta performance com a portabilidade e facilidade de uso de um tablet. Agora, adicione a isso uma linha Braille de 32 c\u00e9lulas e um teclado tipo Perkins de \u00faltima gera\u00e7\u00e3o. O resultado \u00e9 uma experi\u00eancia inovadora e sem precedentes.<\/p>\n<p>Este dispositivo inovador foi projetado para oferecer condi\u00e7\u00f5es excepcionais para aprendizagem, trabalho e independ\u00eancia. Com seu formato de tablet e linha Braille integrada, o InsideOne + n\u00e3o s\u00f3 proporciona um hardware e software poderosos, mas tamb\u00e9m combina perfeitamente design, desempenho e ergonomia t\u00e1til.<\/p>\n<p>Desenvolvido para capacitar as pessoas cegas, o InsideOne + coloca o poder da tecnologia e produtividade de um computador de ponta diretamente em suas m\u00e3os. \u00c9 mais do que um dispositivo &#8211; \u00e9 uma ferramenta para a autonomia, permitindo que os usu\u00e1rios explorem novas fronteiras da independ\u00eancia digital.<\/p>","protected":false},"author":2,"featured_media":7886,"template":"","meta":{"site-sidebar-layout":"default","site-content-layout":"default","ast-site-content-layout":"default","site-content-style":"default","site-sidebar-style":"default","ast-global-header-display":"","ast-banner-title-visibility":"","ast-main-header-display":"","ast-hfb-above-header-display":"","ast-hfb-below-header-display":"","ast-hfb-mobile-header-display":"","site-post-title":"","ast-breadcrumbs-content":"","ast-featured-img":"","footer-sml-layout":"","ast-disable-related-posts":"","theme-transparent-header-meta":"default","adv-header-id-meta":"","stick-header-meta":"default","header-above-stick-meta":"","header-main-stick-meta":"","header-below-stick-meta":"","astra-migrate-meta-layouts":"default","ast-page-background-enabled":"default","ast-page-background-meta":{"desktop":{"background-color":"","background-image":"","background-repeat":"repeat","background-position":"center center","background-size":"auto","background-attachment":"scroll","background-type":"","background-media":"","overlay-type":"","overlay-color":"","overlay-opacity":"","overlay-gradient":""},"tablet":{"background-color":"","background-image":"","background-repeat":"repeat","background-position":"center center","background-size":"auto","background-attachment":"scroll","background-type":"","background-media":"","overlay-type":"","overlay-color":"","overlay-opacity":"","overlay-gradient":""},"mobile":{"background-color":"","background-image":"","background-repeat":"repeat","background-position":"center center","background-size":"auto","background-attachment":"scroll","background-type":"","background-media":"","overlay-type":"","overlay-color":"","overlay-opacity":"","overlay-gradient":""}},"ast-content-background-meta":{"desktop":{"background-color":"var(--ast-global-color-5)","background-image":"","background-repeat":"repeat","background-position":"center center","background-size":"auto","background-attachment":"scroll","background-type":"","background-media":"","overlay-type":"","overlay-color":"","overlay-opacity":"","overlay-gradient":""},"tablet":{"background-color":"var(--ast-global-color-5)","background-image":"","background-repeat":"repeat","background-position":"center center","background-size":"auto","background-attachment":"scroll","background-type":"","background-media":"","overlay-type":"","overlay-color":"","overlay-opacity":"","overlay-gradient":""},"mobile":{"background-color":"var(--ast-global-color-5)","background-image":"","background-repeat":"repeat","background-position":"center center","background-size":"auto","background-attachment":"scroll","background-type":"","background-media":"","overlay-type":"","overlay-color":"","overlay-opacity":"","overlay-gradient":""}}},"product_brand":[],"product_cat":[18],"product_tag":[67,223,222,68],"class_list":{"0":"post-7884","1":"product","2":"type-product","3":"status-publish","4":"has-post-thumbnail","6":"product_cat-computador-braille","7":"product_tag-braille","8":"product_tag-computador-braille","9":"product_tag-insideone","10":"product_tag-tatil","11":"desktop-align-left","12":"tablet-align-left","13":"mobile-align-left","14":"ast-product-gallery-layout-horizontal","15":"ast-product-gallery-with-no-image","16":"ast-product-tabs-layout-vertical","18":"first","19":"instock","20":"shipping-taxable","21":"product-type-simple"},"yoast_head":"<!-- This site is optimized with the Yoast SEO plugin v27.2 - https:\/\/yoast.com\/product\/yoast-seo-wordpress\/ -->\n<title>InsideOne + - Tecnovis&atilde;o<\/title>\n<meta name=\"description\" content=\"O InsideOne + \u00e9 muito mais do que um simples dispositivo - \u00e9 uma revolu\u00e7\u00e3o na forma como as pessoas cegas interagem com a tecnologia. Imagine combinar toda a pot\u00eancia de processamento e versatilidade de um computador de alta performance com a portabilidade e facilidade de uso de um tablet. Agora, adicione a isso uma linha Braille de 32 c\u00e9lulas e um teclado tipo Perkins de \u00faltima gera\u00e7\u00e3o. O resultado \u00e9 uma experi\u00eancia inovadora e sem precedentes.\" \/>\n<meta name=\"robots\" content=\"index, follow, max-snippet:-1, max-image-preview:large, max-video-preview:-1\" \/>\n<link rel=\"canonical\" href=\"https:\/\/tecnovisao.net\/es\/produtos\/insideone\/\" \/>\n<meta property=\"og:locale\" content=\"es_ES\" \/>\n<meta property=\"og:type\" content=\"article\" \/>\n<meta property=\"og:title\" content=\"InsideOne + - Tecnovis&atilde;o\" \/>\n<meta property=\"og:description\" content=\"O InsideOne + \u00e9 muito mais do que um simples dispositivo - \u00e9 uma revolu\u00e7\u00e3o na forma como as pessoas cegas interagem com a tecnologia. Imagine combinar toda a pot\u00eancia de processamento e versatilidade de um computador de alta performance com a portabilidade e facilidade de uso de um tablet. Agora, adicione a isso uma linha Braille de 32 c\u00e9lulas e um teclado tipo Perkins de \u00faltima gera\u00e7\u00e3o. O resultado \u00e9 uma experi\u00eancia inovadora e sem precedentes.\" \/>\n<meta property=\"og:url\" content=\"https:\/\/tecnovisao.net\/es\/produtos\/insideone\/\" \/>\n<meta property=\"og:site_name\" content=\"Tecnovis&atilde;o\" \/>\n<meta property=\"article:publisher\" content=\"https:\/\/facebook.com\/tecnovisao\" \/>\n<meta property=\"og:image\" content=\"https:\/\/tecnovisao.net\/wp-content\/uploads\/2024\/04\/23354018-BE9D-43F6-A84E-4F9F65A6C503.jpg\" \/>\n\t<meta property=\"og:image:width\" content=\"1536\" \/>\n\t<meta property=\"og:image:height\" content=\"2048\" \/>\n\t<meta property=\"og:image:type\" content=\"image\/jpeg\" \/>\n<meta name=\"twitter:card\" content=\"summary_large_image\" \/>\n<meta name=\"twitter:site\" content=\"@tecnovisao\" \/>\n<meta name=\"twitter:label1\" content=\"Tiempo de lectura\" \/>\n\t<meta name=\"twitter:data1\" content=\"1 minuto\" \/>\n<script type=\"application\/ld+json\" class=\"yoast-schema-graph\">{\"@context\":\"https:\/\/schema.org\",\"@graph\":[{\"@type\":\"WebPage\",\"@id\":\"https:\/\/tecnovisao.net\/produtos\/insideone\/\",\"url\":\"https:\/\/tecnovisao.net\/produtos\/insideone\/\",\"name\":\"InsideOne + - Tecnovis&atilde;o\",\"isPartOf\":{\"@id\":\"https:\/\/tecnovisao.net\/#website\"},\"primaryImageOfPage\":{\"@id\":\"https:\/\/tecnovisao.net\/produtos\/insideone\/#primaryimage\"},\"image\":{\"@id\":\"https:\/\/tecnovisao.net\/produtos\/insideone\/#primaryimage\"},\"thumbnailUrl\":\"https:\/\/i0.wp.com\/tecnovisao.net\/wp-content\/uploads\/2024\/04\/23354018-BE9D-43F6-A84E-4F9F65A6C503.jpg?fit=1536%2C2048&ssl=1\",\"datePublished\":\"2024-04-15T19:03:35+00:00\",\"description\":\"O InsideOne + \u00e9 muito mais do que um simples dispositivo - \u00e9 uma revolu\u00e7\u00e3o na forma como as pessoas cegas interagem com a tecnologia. Imagine combinar toda a pot\u00eancia de processamento e versatilidade de um computador de alta performance com a portabilidade e facilidade de uso de um tablet. Agora, adicione a isso uma linha Braille de 32 c\u00e9lulas e um teclado tipo Perkins de \u00faltima gera\u00e7\u00e3o. O resultado \u00e9 uma experi\u00eancia inovadora e sem precedentes.\",\"breadcrumb\":{\"@id\":\"https:\/\/tecnovisao.net\/produtos\/insideone\/#breadcrumb\"},\"inLanguage\":\"es\",\"potentialAction\":[{\"@type\":\"ReadAction\",\"target\":[\"https:\/\/tecnovisao.net\/produtos\/insideone\/\"]}]},{\"@type\":\"ImageObject\",\"inLanguage\":\"es\",\"@id\":\"https:\/\/tecnovisao.net\/produtos\/insideone\/#primaryimage\",\"url\":\"https:\/\/i0.wp.com\/tecnovisao.net\/wp-content\/uploads\/2024\/04\/23354018-BE9D-43F6-A84E-4F9F65A6C503.jpg?fit=1536%2C2048&ssl=1\",\"contentUrl\":\"https:\/\/i0.wp.com\/tecnovisao.net\/wp-content\/uploads\/2024\/04\/23354018-BE9D-43F6-A84E-4F9F65A6C503.jpg?fit=1536%2C2048&ssl=1\",\"width\":1536,\"height\":2048,\"caption\":\"imagem frontal do InsideOne\"},{\"@type\":\"BreadcrumbList\",\"@id\":\"https:\/\/tecnovisao.net\/produtos\/insideone\/#breadcrumb\",\"itemListElement\":[{\"@type\":\"ListItem\",\"position\":1,\"name\":\"In\u00edcio\",\"item\":\"https:\/\/tecnovisao.net\/\"},{\"@type\":\"ListItem\",\"position\":2,\"name\":\"Produtos\",\"item\":\"https:\/\/tecnovisao.net\/produtos\/\"},{\"@type\":\"ListItem\",\"position\":3,\"name\":\"InsideOne +\"}]},{\"@type\":\"WebSite\",\"@id\":\"https:\/\/tecnovisao.net\/#website\",\"url\":\"https:\/\/tecnovisao.net\/\",\"name\":\"Tecnovis&atilde;o\",\"description\":\"Conectando voc\u00ea ao mundo\",\"publisher\":{\"@id\":\"https:\/\/tecnovisao.net\/#organization\"},\"potentialAction\":[{\"@type\":\"SearchAction\",\"target\":{\"@type\":\"EntryPoint\",\"urlTemplate\":\"https:\/\/tecnovisao.net\/?s={search_term_string}\"},\"query-input\":{\"@type\":\"PropertyValueSpecification\",\"valueRequired\":true,\"valueName\":\"search_term_string\"}}],\"inLanguage\":\"es\"},{\"@type\":\"Organization\",\"@id\":\"https:\/\/tecnovisao.net\/#organization\",\"name\":\"Tecnovis\u00e3o\",\"url\":\"https:\/\/tecnovisao.net\/\",\"logo\":{\"@type\":\"ImageObject\",\"inLanguage\":\"es\",\"@id\":\"https:\/\/tecnovisao.net\/#\/schema\/logo\/image\/\",\"url\":\"https:\/\/tecnovisao.net\/wp-content\/uploads\/2021\/01\/logo-site.png\",\"contentUrl\":\"https:\/\/tecnovisao.net\/wp-content\/uploads\/2021\/01\/logo-site.png\",\"width\":356,\"height\":80,\"caption\":\"Tecnovis\u00e3o\"},\"image\":{\"@id\":\"https:\/\/tecnovisao.net\/#\/schema\/logo\/image\/\"},\"sameAs\":[\"https:\/\/facebook.com\/tecnovisao\",\"https:\/\/x.com\/tecnovisao\",\"https:\/\/instagram.com\/tecnovisao\",\"https:\/\/www.linkedin.com\/company\/tecnovisao\/\",\"https:\/\/www.youtube.com\/user\/Tecnovisao\"]}]}<\/script>\n<!-- \/ Yoast SEO plugin. -->","yoast_head_json":{"title":"InsideOne + - Tecnovis&atilde;o","description":"O InsideOne + \u00e9 muito mais do que um simples dispositivo - \u00e9 uma revolu\u00e7\u00e3o na forma como as pessoas cegas interagem com a tecnologia. Imagine combinar toda a pot\u00eancia de processamento e versatilidade de um computador de alta performance com a portabilidade e facilidade de uso de um tablet. Agora, adicione a isso uma linha Braille de 32 c\u00e9lulas e um teclado tipo Perkins de \u00faltima gera\u00e7\u00e3o. O resultado \u00e9 uma experi\u00eancia inovadora e sem precedentes.","robots":{"index":"index","follow":"follow","max-snippet":"max-snippet:-1","max-image-preview":"max-image-preview:large","max-video-preview":"max-video-preview:-1"},"canonical":"https:\/\/tecnovisao.net\/es\/produtos\/insideone\/","og_locale":"es_ES","og_type":"article","og_title":"InsideOne + - Tecnovis&atilde;o","og_description":"O InsideOne + \u00e9 muito mais do que um simples dispositivo - \u00e9 uma revolu\u00e7\u00e3o na forma como as pessoas cegas interagem com a tecnologia. Imagine combinar toda a pot\u00eancia de processamento e versatilidade de um computador de alta performance com a portabilidade e facilidade de uso de um tablet. Agora, adicione a isso uma linha Braille de 32 c\u00e9lulas e um teclado tipo Perkins de \u00faltima gera\u00e7\u00e3o. O resultado \u00e9 uma experi\u00eancia inovadora e sem precedentes.","og_url":"https:\/\/tecnovisao.net\/es\/produtos\/insideone\/","og_site_name":"Tecnovis&atilde;o","article_publisher":"https:\/\/facebook.com\/tecnovisao","og_image":[{"width":1536,"height":2048,"url":"https:\/\/tecnovisao.net\/wp-content\/uploads\/2024\/04\/23354018-BE9D-43F6-A84E-4F9F65A6C503.jpg","type":"image\/jpeg"}],"twitter_card":"summary_large_image","twitter_site":"@tecnovisao","twitter_misc":{"Tiempo de lectura":"1 minuto"},"schema":{"@context":"https:\/\/schema.org","@graph":[{"@type":"WebPage","@id":"https:\/\/tecnovisao.net\/produtos\/insideone\/","url":"https:\/\/tecnovisao.net\/produtos\/insideone\/","name":"InsideOne + - Tecnovis&atilde;o","isPartOf":{"@id":"https:\/\/tecnovisao.net\/#website"},"primaryImageOfPage":{"@id":"https:\/\/tecnovisao.net\/produtos\/insideone\/#primaryimage"},"image":{"@id":"https:\/\/tecnovisao.net\/produtos\/insideone\/#primaryimage"},"thumbnailUrl":"https:\/\/i0.wp.com\/tecnovisao.net\/wp-content\/uploads\/2024\/04\/23354018-BE9D-43F6-A84E-4F9F65A6C503.jpg?fit=1536%2C2048&ssl=1","datePublished":"2024-04-15T19:03:35+00:00","description":"O InsideOne + \u00e9 muito mais do que um simples dispositivo - \u00e9 uma revolu\u00e7\u00e3o na forma como as pessoas cegas interagem com a tecnologia. Imagine combinar toda a pot\u00eancia de processamento e versatilidade de um computador de alta performance com a portabilidade e facilidade de uso de um tablet. Agora, adicione a isso uma linha Braille de 32 c\u00e9lulas e um teclado tipo Perkins de \u00faltima gera\u00e7\u00e3o. O resultado \u00e9 uma experi\u00eancia inovadora e sem precedentes.","breadcrumb":{"@id":"https:\/\/tecnovisao.net\/produtos\/insideone\/#breadcrumb"},"inLanguage":"es","potentialAction":[{"@type":"ReadAction","target":["https:\/\/tecnovisao.net\/produtos\/insideone\/"]}]},{"@type":"ImageObject","inLanguage":"es","@id":"https:\/\/tecnovisao.net\/produtos\/insideone\/#primaryimage","url":"https:\/\/i0.wp.com\/tecnovisao.net\/wp-content\/uploads\/2024\/04\/23354018-BE9D-43F6-A84E-4F9F65A6C503.jpg?fit=1536%2C2048&ssl=1","contentUrl":"https:\/\/i0.wp.com\/tecnovisao.net\/wp-content\/uploads\/2024\/04\/23354018-BE9D-43F6-A84E-4F9F65A6C503.jpg?fit=1536%2C2048&ssl=1","width":1536,"height":2048,"caption":"imagem frontal do InsideOne"},{"@type":"BreadcrumbList","@id":"https:\/\/tecnovisao.net\/produtos\/insideone\/#breadcrumb","itemListElement":[{"@type":"ListItem","position":1,"name":"In\u00edcio","item":"https:\/\/tecnovisao.net\/"},{"@type":"ListItem","position":2,"name":"Produtos","item":"https:\/\/tecnovisao.net\/produtos\/"},{"@type":"ListItem","position":3,"name":"InsideOne +"}]},{"@type":"WebSite","@id":"https:\/\/tecnovisao.net\/#website","url":"https:\/\/tecnovisao.net\/","name":"Tecnovis&atilde;o","description":"Conectando voc\u00ea ao mundo","publisher":{"@id":"https:\/\/tecnovisao.net\/#organization"},"potentialAction":[{"@type":"SearchAction","target":{"@type":"EntryPoint","urlTemplate":"https:\/\/tecnovisao.net\/?s={search_term_string}"},"query-input":{"@type":"PropertyValueSpecification","valueRequired":true,"valueName":"search_term_string"}}],"inLanguage":"es"},{"@type":"Organization","@id":"https:\/\/tecnovisao.net\/#organization","name":"Tecnovis\u00e3o","url":"https:\/\/tecnovisao.net\/","logo":{"@type":"ImageObject","inLanguage":"es","@id":"https:\/\/tecnovisao.net\/#\/schema\/logo\/image\/","url":"https:\/\/tecnovisao.net\/wp-content\/uploads\/2021\/01\/logo-site.png","contentUrl":"https:\/\/tecnovisao.net\/wp-content\/uploads\/2021\/01\/logo-site.png","width":356,"height":80,"caption":"Tecnovis\u00e3o"},"image":{"@id":"https:\/\/tecnovisao.net\/#\/schema\/logo\/image\/"},"sameAs":["https:\/\/facebook.com\/tecnovisao","https:\/\/x.com\/tecnovisao","https:\/\/instagram.com\/tecnovisao","https:\/\/www.linkedin.com\/company\/tecnovisao\/","https:\/\/www.youtube.com\/user\/Tecnovisao"]}]}},"jetpack_sharing_enabled":true,"_links":{"self":[{"href":"https:\/\/tecnovisao.net\/es\/wp-json\/wp\/v2\/product\/7884","targetHints":{"allow":["GET"]}}],"collection":[{"href":"https:\/\/tecnovisao.net\/es\/wp-json\/wp\/v2\/product"}],"about":[{"href":"https:\/\/tecnovisao.net\/es\/wp-json\/wp\/v2\/types\/product"}],"author":[{"embeddable":true,"href":"https:\/\/tecnovisao.net\/es\/wp-json\/wp\/v2\/users\/2"}],"wp:featuredmedia":[{"embeddable":true,"href":"https:\/\/tecnovisao.net\/es\/wp-json\/wp\/v2\/media\/7886"}],"wp:attachment":[{"href":"https:\/\/tecnovisao.net\/es\/wp-json\/wp\/v2\/media?parent=7884"}],"wp:term":[{"taxonomy":"product_brand","embeddable":true,"href":"https:\/\/tecnovisao.net\/es\/wp-json\/wp\/v2\/product_brand?post=7884"},{"taxonomy":"product_cat","embeddable":true,"href":"https:\/\/tecnovisao.net\/es\/wp-json\/wp\/v2\/product_cat?post=7884"},{"taxonomy":"product_tag","embeddable":true,"href":"https:\/\/tecnovisao.net\/es\/wp-json\/wp\/v2\/product_tag?post=7884"}],"curies":[{"name":"wp","href":"https:\/\/api.w.org\/{rel}","templated":true}]}}