{"id":912,"date":"2021-04-08T17:05:32","date_gmt":"2021-04-08T20:05:32","guid":{"rendered":"https:\/\/dev.tecnovisao.net\/?post_type=product&#038;p=912"},"modified":"2021-07-16T10:46:14","modified_gmt":"2021-07-16T13:46:14","slug":"explore-5","status":"publish","type":"product","link":"https:\/\/tecnovisao.net\/es\/produtos\/explore-5\/","title":{"rendered":"Explore 5"},"content":{"rendered":"<p>Caracter\u00edsticas:<\/p>\n<ul>\n<li>Qualidade de imagem HD;<\/li>\n<li>Tela LCD brilhante de 5&#8221;;<\/li>\n<li>C\u00e2mera com autofoco HD;<\/li>\n<li>Amplia\u00e7\u00e3o: 2X-22X;<\/li>\n<li>Nitidez e clareza com o toque de um bot\u00e3o Personaliz\u00e1vel;<\/li>\n<li>Contraste: Mais de 18 modos;<\/li>\n<li>3 modos de uso: direto do bolso, com cabo dobr\u00e1vel ou suporte pr\u00f3prio para uso na mesa;<\/li>\n<li>Bateria: acima de 4 horas;<\/li>\n<li>Sa\u00edda de TV: Exiba imagens ampliadas e texto em sua TV Galeria de imagens:<\/li>\n<li>Pode armazenar milhares de imagens para visualiza\u00e7\u00e3o a qualquer hora;<\/li>\n<li>Dur\u00e1vel: A caixa de liga de alum\u00ednio resiste a manuseio incorreto e a impactos;<\/li>\n<li>Possui autofoco;<\/li>\n<li>Medidas: 140 x 90 x 20mm;<\/li>\n<li>Peso 235g.<\/li>\n<\/ul>\n<div class=\"epyt-video-wrapper\"><iframe  id=\"_ytid_42731\"  width=\"800\" height=\"450\"  data-origwidth=\"800\" data-origheight=\"450\" src=\"https:\/\/www.youtube.com\/embed\/1Set-DWB4Kc?enablejsapi=1&#038;autoplay=0&#038;cc_load_policy=0&#038;cc_lang_pref=&#038;iv_load_policy=1&#038;loop=0&#038;rel=0&#038;fs=1&#038;playsinline=0&#038;autohide=2&#038;theme=dark&#038;color=red&#038;controls=1&#038;disablekb=0&#038;\" class=\"__youtube_prefs__  epyt-is-override  no-lazyload\" title=\"YouTube player\"  allow=\"fullscreen; accelerometer; autoplay; clipboard-write; encrypted-media; gyroscope; picture-in-picture; web-share\" referrerpolicy=\"strict-origin-when-cross-origin\" allowfullscreen data-no-lazy=\"1\" data-skipgform_ajax_framebjll=\"\"><\/iframe><\/div>","protected":false},"excerpt":{"rendered":"<p>A lupa eletr\u00f4nica Explore 5 veio para facilitar sua vida, possui 2 formas de visualiza\u00e7\u00e3o com cabo para que voc\u00ea possa usar para uma leitura r\u00e1pida na farm\u00e1cia, supermercado ou para uma leitura longa com a sua base permitindo que voc\u00ea fique com as m\u00e3os livres enquanto desliza a sua lupa sobre o livro.<\/p>","protected":false},"author":3,"featured_media":914,"template":"","meta":{"site-sidebar-layout":"default","site-content-layout":"default","ast-site-content-layout":"default","site-content-style":"default","site-sidebar-style":"default","ast-global-header-display":"","ast-banner-title-visibility":"","ast-main-header-display":"","ast-hfb-above-header-display":"","ast-hfb-below-header-display":"","ast-hfb-mobile-header-display":"","site-post-title":"","ast-breadcrumbs-content":"","ast-featured-img":"","footer-sml-layout":"","ast-disable-related-posts":"","theme-transparent-header-meta":"default","adv-header-id-meta":"","stick-header-meta":"default","header-above-stick-meta":"","header-main-stick-meta":"","header-below-stick-meta":"","astra-migrate-meta-layouts":"default","ast-page-background-enabled":"default","ast-page-background-meta":{"desktop":{"background-color":"","background-image":"","background-repeat":"repeat","background-position":"center center","background-size":"auto","background-attachment":"scroll","background-type":"","background-media":"","overlay-type":"","overlay-color":"","overlay-opacity":"","overlay-gradient":""},"tablet":{"background-color":"","background-image":"","background-repeat":"repeat","background-position":"center center","background-size":"auto","background-attachment":"scroll","background-type":"","background-media":"","overlay-type":"","overlay-color":"","overlay-opacity":"","overlay-gradient":""},"mobile":{"background-color":"","background-image":"","background-repeat":"repeat","background-position":"center center","background-size":"auto","background-attachment":"scroll","background-type":"","background-media":"","overlay-type":"","overlay-color":"","overlay-opacity":"","overlay-gradient":""}},"ast-content-background-meta":{"desktop":{"background-color":"var(--ast-global-color-5)","background-image":"","background-repeat":"repeat","background-position":"center center","background-size":"auto","background-attachment":"scroll","background-type":"","background-media":"","overlay-type":"","overlay-color":"","overlay-opacity":"","overlay-gradient":""},"tablet":{"background-color":"var(--ast-global-color-5)","background-image":"","background-repeat":"repeat","background-position":"center center","background-size":"auto","background-attachment":"scroll","background-type":"","background-media":"","overlay-type":"","overlay-color":"","overlay-opacity":"","overlay-gradient":""},"mobile":{"background-color":"var(--ast-global-color-5)","background-image":"","background-repeat":"repeat","background-position":"center center","background-size":"auto","background-attachment":"scroll","background-type":"","background-media":"","overlay-type":"","overlay-color":"","overlay-opacity":"","overlay-gradient":""}}},"product_brand":[],"product_cat":[29],"product_tag":[63],"class_list":{"0":"post-912","1":"product","2":"type-product","3":"status-publish","4":"has-post-thumbnail","6":"product_cat-lupa-eletronica","7":"product_tag-ampliador_lupa","8":"pa_tipo-equipamentos","9":"desktop-align-left","10":"tablet-align-left","11":"mobile-align-left","12":"ast-product-gallery-layout-horizontal","13":"ast-product-tabs-layout-vertical","15":"first","16":"instock","17":"shipping-taxable","18":"product-type-simple"},"yoast_head":"<!-- This site is optimized with the Yoast SEO plugin v27.2 - https:\/\/yoast.com\/product\/yoast-seo-wordpress\/ -->\n<title>Explore 5 - Tecnovis&atilde;o<\/title>\n<meta name=\"description\" content=\"A lupa eletr\u00f4nica Explor\u00e9 5 veio para facilitar sua vida, possui 2 formas de visualiza\u00e7\u00e3o com cabo para que voc\u00ea possa usar para uma leitura r\u00e1pida na farm\u00e1cia, supermercado ou para uma leitura longa com a sua base permitindo que voc\u00ea fique com as m\u00e3os livres enquanto desliza a sua lupa sobre o livro.\" \/>\n<meta name=\"robots\" content=\"index, follow, max-snippet:-1, max-image-preview:large, max-video-preview:-1\" \/>\n<link rel=\"canonical\" href=\"https:\/\/tecnovisao.net\/es\/produtos\/explore-5\/\" \/>\n<meta property=\"og:locale\" content=\"es_ES\" \/>\n<meta property=\"og:type\" content=\"article\" \/>\n<meta property=\"og:title\" content=\"Explore 5 - Tecnovis&atilde;o\" \/>\n<meta property=\"og:description\" content=\"A lupa eletr\u00f4nica Explor\u00e9 5 veio para facilitar sua vida, possui 2 formas de visualiza\u00e7\u00e3o com cabo para que voc\u00ea possa usar para uma leitura r\u00e1pida na farm\u00e1cia, supermercado ou para uma leitura longa com a sua base permitindo que voc\u00ea fique com as m\u00e3os livres enquanto desliza a sua lupa sobre o livro.\" \/>\n<meta property=\"og:url\" content=\"https:\/\/tecnovisao.net\/es\/produtos\/explore-5\/\" \/>\n<meta property=\"og:site_name\" content=\"Tecnovis&atilde;o\" \/>\n<meta property=\"article:publisher\" content=\"https:\/\/facebook.com\/tecnovisao\" \/>\n<meta property=\"article:modified_time\" content=\"2021-07-16T13:46:14+00:00\" \/>\n<meta property=\"og:image\" content=\"https:\/\/i1.wp.com\/tecnovisao.net\/wp-content\/uploads\/2021\/04\/Explore-5-_Angle_Image-PLane-Ticket-HR-scaled.jpg?fit=2560%2C1433&ssl=1\" \/>\n\t<meta property=\"og:image:width\" content=\"2560\" \/>\n\t<meta property=\"og:image:height\" content=\"1433\" \/>\n\t<meta property=\"og:image:type\" content=\"image\/jpeg\" \/>\n<meta name=\"twitter:card\" content=\"summary_large_image\" \/>\n<meta name=\"twitter:site\" content=\"@tecnovisao\" \/>\n<meta name=\"twitter:label1\" content=\"Tiempo de lectura\" \/>\n\t<meta name=\"twitter:data1\" content=\"1 minuto\" \/>\n<script type=\"application\/ld+json\" class=\"yoast-schema-graph\">{\"@context\":\"https:\/\/schema.org\",\"@graph\":[{\"@type\":\"WebPage\",\"@id\":\"https:\/\/tecnovisao.net\/es\/produtos\/explore-5\/\",\"url\":\"https:\/\/tecnovisao.net\/es\/produtos\/explore-5\/\",\"name\":\"Explore 5 - Tecnovis&atilde;o\",\"isPartOf\":{\"@id\":\"https:\/\/tecnovisao.net\/#website\"},\"primaryImageOfPage\":{\"@id\":\"https:\/\/tecnovisao.net\/es\/produtos\/explore-5\/#primaryimage\"},\"image\":{\"@id\":\"https:\/\/tecnovisao.net\/es\/produtos\/explore-5\/#primaryimage\"},\"thumbnailUrl\":\"https:\/\/i0.wp.com\/tecnovisao.net\/wp-content\/uploads\/2021\/04\/Explore-5-_Angle_Image-PLane-Ticket-HR-scaled.jpg?fit=2560%2C1433&ssl=1\",\"datePublished\":\"2021-04-08T20:05:32+00:00\",\"dateModified\":\"2021-07-16T13:46:14+00:00\",\"description\":\"A lupa eletr\u00f4nica Explor\u00e9 5 veio para facilitar sua vida, possui 2 formas de visualiza\u00e7\u00e3o com cabo para que voc\u00ea possa usar para uma leitura r\u00e1pida na farm\u00e1cia, supermercado ou para uma leitura longa com a sua base permitindo que voc\u00ea fique com as m\u00e3os livres enquanto desliza a sua lupa sobre o livro.\",\"breadcrumb\":{\"@id\":\"https:\/\/tecnovisao.net\/es\/produtos\/explore-5\/#breadcrumb\"},\"inLanguage\":\"es\",\"potentialAction\":[{\"@type\":\"ReadAction\",\"target\":[\"https:\/\/tecnovisao.net\/es\/produtos\/explore-5\/\"]}]},{\"@type\":\"ImageObject\",\"inLanguage\":\"es\",\"@id\":\"https:\/\/tecnovisao.net\/es\/produtos\/explore-5\/#primaryimage\",\"url\":\"https:\/\/i0.wp.com\/tecnovisao.net\/wp-content\/uploads\/2021\/04\/Explore-5-_Angle_Image-PLane-Ticket-HR-scaled.jpg?fit=2560%2C1433&ssl=1\",\"contentUrl\":\"https:\/\/i0.wp.com\/tecnovisao.net\/wp-content\/uploads\/2021\/04\/Explore-5-_Angle_Image-PLane-Ticket-HR-scaled.jpg?fit=2560%2C1433&ssl=1\",\"width\":2560,\"height\":1433,\"caption\":\"Lupa eletonica explore 5 ampliando um cart\u00e3o a\u00e9reo de embarque\"},{\"@type\":\"BreadcrumbList\",\"@id\":\"https:\/\/tecnovisao.net\/es\/produtos\/explore-5\/#breadcrumb\",\"itemListElement\":[{\"@type\":\"ListItem\",\"position\":1,\"name\":\"In\u00edcio\",\"item\":\"https:\/\/tecnovisao.net\/\"},{\"@type\":\"ListItem\",\"position\":2,\"name\":\"Produtos\",\"item\":\"https:\/\/tecnovisao.net\/produtos\/\"},{\"@type\":\"ListItem\",\"position\":3,\"name\":\"Explore 5\"}]},{\"@type\":\"WebSite\",\"@id\":\"https:\/\/tecnovisao.net\/#website\",\"url\":\"https:\/\/tecnovisao.net\/\",\"name\":\"Tecnovis&atilde;o\",\"description\":\"Conectando voc\u00ea ao mundo\",\"publisher\":{\"@id\":\"https:\/\/tecnovisao.net\/#organization\"},\"potentialAction\":[{\"@type\":\"SearchAction\",\"target\":{\"@type\":\"EntryPoint\",\"urlTemplate\":\"https:\/\/tecnovisao.net\/?s={search_term_string}\"},\"query-input\":{\"@type\":\"PropertyValueSpecification\",\"valueRequired\":true,\"valueName\":\"search_term_string\"}}],\"inLanguage\":\"es\"},{\"@type\":\"Organization\",\"@id\":\"https:\/\/tecnovisao.net\/#organization\",\"name\":\"Tecnovis\u00e3o\",\"url\":\"https:\/\/tecnovisao.net\/\",\"logo\":{\"@type\":\"ImageObject\",\"inLanguage\":\"es\",\"@id\":\"https:\/\/tecnovisao.net\/#\/schema\/logo\/image\/\",\"url\":\"https:\/\/tecnovisao.net\/wp-content\/uploads\/2021\/01\/logo-site.png\",\"contentUrl\":\"https:\/\/tecnovisao.net\/wp-content\/uploads\/2021\/01\/logo-site.png\",\"width\":356,\"height\":80,\"caption\":\"Tecnovis\u00e3o\"},\"image\":{\"@id\":\"https:\/\/tecnovisao.net\/#\/schema\/logo\/image\/\"},\"sameAs\":[\"https:\/\/facebook.com\/tecnovisao\",\"https:\/\/x.com\/tecnovisao\",\"https:\/\/instagram.com\/tecnovisao\",\"https:\/\/www.linkedin.com\/company\/tecnovisao\/\",\"https:\/\/www.youtube.com\/user\/Tecnovisao\"]}]}<\/script>\n<!-- \/ Yoast SEO plugin. -->","yoast_head_json":{"title":"Explore 5 - Tecnovis&atilde;o","description":"A lupa eletr\u00f4nica Explor\u00e9 5 veio para facilitar sua vida, possui 2 formas de visualiza\u00e7\u00e3o com cabo para que voc\u00ea possa usar para uma leitura r\u00e1pida na farm\u00e1cia, supermercado ou para uma leitura longa com a sua base permitindo que voc\u00ea fique com as m\u00e3os livres enquanto desliza a sua lupa sobre o livro.","robots":{"index":"index","follow":"follow","max-snippet":"max-snippet:-1","max-image-preview":"max-image-preview:large","max-video-preview":"max-video-preview:-1"},"canonical":"https:\/\/tecnovisao.net\/es\/produtos\/explore-5\/","og_locale":"es_ES","og_type":"article","og_title":"Explore 5 - Tecnovis&atilde;o","og_description":"A lupa eletr\u00f4nica Explor\u00e9 5 veio para facilitar sua vida, possui 2 formas de visualiza\u00e7\u00e3o com cabo para que voc\u00ea possa usar para uma leitura r\u00e1pida na farm\u00e1cia, supermercado ou para uma leitura longa com a sua base permitindo que voc\u00ea fique com as m\u00e3os livres enquanto desliza a sua lupa sobre o livro.","og_url":"https:\/\/tecnovisao.net\/es\/produtos\/explore-5\/","og_site_name":"Tecnovis&atilde;o","article_publisher":"https:\/\/facebook.com\/tecnovisao","article_modified_time":"2021-07-16T13:46:14+00:00","og_image":[{"width":2560,"height":1433,"url":"https:\/\/i1.wp.com\/tecnovisao.net\/wp-content\/uploads\/2021\/04\/Explore-5-_Angle_Image-PLane-Ticket-HR-scaled.jpg?fit=2560%2C1433&ssl=1","type":"image\/jpeg"}],"twitter_card":"summary_large_image","twitter_site":"@tecnovisao","twitter_misc":{"Tiempo de lectura":"1 minuto"},"schema":{"@context":"https:\/\/schema.org","@graph":[{"@type":"WebPage","@id":"https:\/\/tecnovisao.net\/es\/produtos\/explore-5\/","url":"https:\/\/tecnovisao.net\/es\/produtos\/explore-5\/","name":"Explore 5 - Tecnovis&atilde;o","isPartOf":{"@id":"https:\/\/tecnovisao.net\/#website"},"primaryImageOfPage":{"@id":"https:\/\/tecnovisao.net\/es\/produtos\/explore-5\/#primaryimage"},"image":{"@id":"https:\/\/tecnovisao.net\/es\/produtos\/explore-5\/#primaryimage"},"thumbnailUrl":"https:\/\/i0.wp.com\/tecnovisao.net\/wp-content\/uploads\/2021\/04\/Explore-5-_Angle_Image-PLane-Ticket-HR-scaled.jpg?fit=2560%2C1433&ssl=1","datePublished":"2021-04-08T20:05:32+00:00","dateModified":"2021-07-16T13:46:14+00:00","description":"A lupa eletr\u00f4nica Explor\u00e9 5 veio para facilitar sua vida, possui 2 formas de visualiza\u00e7\u00e3o com cabo para que voc\u00ea possa usar para uma leitura r\u00e1pida na farm\u00e1cia, supermercado ou para uma leitura longa com a sua base permitindo que voc\u00ea fique com as m\u00e3os livres enquanto desliza a sua lupa sobre o livro.","breadcrumb":{"@id":"https:\/\/tecnovisao.net\/es\/produtos\/explore-5\/#breadcrumb"},"inLanguage":"es","potentialAction":[{"@type":"ReadAction","target":["https:\/\/tecnovisao.net\/es\/produtos\/explore-5\/"]}]},{"@type":"ImageObject","inLanguage":"es","@id":"https:\/\/tecnovisao.net\/es\/produtos\/explore-5\/#primaryimage","url":"https:\/\/i0.wp.com\/tecnovisao.net\/wp-content\/uploads\/2021\/04\/Explore-5-_Angle_Image-PLane-Ticket-HR-scaled.jpg?fit=2560%2C1433&ssl=1","contentUrl":"https:\/\/i0.wp.com\/tecnovisao.net\/wp-content\/uploads\/2021\/04\/Explore-5-_Angle_Image-PLane-Ticket-HR-scaled.jpg?fit=2560%2C1433&ssl=1","width":2560,"height":1433,"caption":"Lupa eletonica explore 5 ampliando um cart\u00e3o a\u00e9reo de embarque"},{"@type":"BreadcrumbList","@id":"https:\/\/tecnovisao.net\/es\/produtos\/explore-5\/#breadcrumb","itemListElement":[{"@type":"ListItem","position":1,"name":"In\u00edcio","item":"https:\/\/tecnovisao.net\/"},{"@type":"ListItem","position":2,"name":"Produtos","item":"https:\/\/tecnovisao.net\/produtos\/"},{"@type":"ListItem","position":3,"name":"Explore 5"}]},{"@type":"WebSite","@id":"https:\/\/tecnovisao.net\/#website","url":"https:\/\/tecnovisao.net\/","name":"Tecnovis&atilde;o","description":"Conectando voc\u00ea ao mundo","publisher":{"@id":"https:\/\/tecnovisao.net\/#organization"},"potentialAction":[{"@type":"SearchAction","target":{"@type":"EntryPoint","urlTemplate":"https:\/\/tecnovisao.net\/?s={search_term_string}"},"query-input":{"@type":"PropertyValueSpecification","valueRequired":true,"valueName":"search_term_string"}}],"inLanguage":"es"},{"@type":"Organization","@id":"https:\/\/tecnovisao.net\/#organization","name":"Tecnovis\u00e3o","url":"https:\/\/tecnovisao.net\/","logo":{"@type":"ImageObject","inLanguage":"es","@id":"https:\/\/tecnovisao.net\/#\/schema\/logo\/image\/","url":"https:\/\/tecnovisao.net\/wp-content\/uploads\/2021\/01\/logo-site.png","contentUrl":"https:\/\/tecnovisao.net\/wp-content\/uploads\/2021\/01\/logo-site.png","width":356,"height":80,"caption":"Tecnovis\u00e3o"},"image":{"@id":"https:\/\/tecnovisao.net\/#\/schema\/logo\/image\/"},"sameAs":["https:\/\/facebook.com\/tecnovisao","https:\/\/x.com\/tecnovisao","https:\/\/instagram.com\/tecnovisao","https:\/\/www.linkedin.com\/company\/tecnovisao\/","https:\/\/www.youtube.com\/user\/Tecnovisao"]}]}},"jetpack_sharing_enabled":true,"_links":{"self":[{"href":"https:\/\/tecnovisao.net\/es\/wp-json\/wp\/v2\/product\/912","targetHints":{"allow":["GET"]}}],"collection":[{"href":"https:\/\/tecnovisao.net\/es\/wp-json\/wp\/v2\/product"}],"about":[{"href":"https:\/\/tecnovisao.net\/es\/wp-json\/wp\/v2\/types\/product"}],"author":[{"embeddable":true,"href":"https:\/\/tecnovisao.net\/es\/wp-json\/wp\/v2\/users\/3"}],"wp:featuredmedia":[{"embeddable":true,"href":"https:\/\/tecnovisao.net\/es\/wp-json\/wp\/v2\/media\/914"}],"wp:attachment":[{"href":"https:\/\/tecnovisao.net\/es\/wp-json\/wp\/v2\/media?parent=912"}],"wp:term":[{"taxonomy":"product_brand","embeddable":true,"href":"https:\/\/tecnovisao.net\/es\/wp-json\/wp\/v2\/product_brand?post=912"},{"taxonomy":"product_cat","embeddable":true,"href":"https:\/\/tecnovisao.net\/es\/wp-json\/wp\/v2\/product_cat?post=912"},{"taxonomy":"product_tag","embeddable":true,"href":"https:\/\/tecnovisao.net\/es\/wp-json\/wp\/v2\/product_tag?post=912"}],"curies":[{"name":"wp","href":"https:\/\/api.w.org\/{rel}","templated":true}]}}